{"id":20843,"date":"2020-06-15T13:04:42","date_gmt":"2020-06-15T10:04:42","guid":{"rendered":"https:\/\/soolaladu.ee\/?page_id=20843"},"modified":"2023-09-03T12:19:05","modified_gmt":"2023-09-03T09:19:05","slug":"leiunurk","status":"publish","type":"page","link":"https:\/\/soolaladu.ee\/ru\/leiunurk\/","title":{"rendered":"\u0420\u0430\u0441\u043f\u0440\u043e\u0434\u0430\u0436\u0430"},"content":{"rendered":"<div class=\"fusion-fullwidth fullwidth-box fusion-builder-row-1 nonhundred-percent-fullwidth non-hundred-percent-height-scrolling\" style=\"--awb-border-radius-top-left:0px;--awb-border-radius-top-right:0px;--awb-border-radius-bottom-right:0px;--awb-border-radius-bottom-left:0px;--awb-flex-wrap:wrap;\" ><div class=\"fusion-builder-row fusion-row\"><div class=\"fusion-layout-column fusion_builder_column fusion-builder-column-0 fusion_builder_column_1_4 1_4 fusion-one-fourth fusion-column-first\" style=\"--awb-bg-size:cover;width:25%;width:calc(25% - ( ( 4% ) * 0.25 ) );margin-right: 4%;\"><div class=\"fusion-column-wrapper fusion-column-has-shadow fusion-flex-column-wrapper-legacy\"><div class=\"fusion-image-element in-legacy-container\" style=\"--awb-caption-title-font-family:var(--h2_typography-font-family);--awb-caption-title-font-weight:var(--h2_typography-font-weight);--awb-caption-title-font-style:var(--h2_typography-font-style);--awb-caption-title-size:var(--h2_typography-font-size);--awb-caption-title-transform:var(--h2_typography-text-transform);--awb-caption-title-line-height:var(--h2_typography-line-height);--awb-caption-title-letter-spacing:var(--h2_typography-letter-spacing);\"><span class=\" fusion-imageframe imageframe-none imageframe-1 hover-type-none\"><img decoding=\"async\" width=\"300\" height=\"300\" title=\"Epsom salt K+S\" src=\"https:\/\/soolaladu.ee\/wp-content\/uploads\/2021\/03\/Epsom-salt-KS-300x300.jpg\" alt class=\"img-responsive wp-image-21938\" srcset=\"https:\/\/soolaladu.ee\/wp-content\/uploads\/2021\/03\/Epsom-salt-KS-200x200.jpg 200w, https:\/\/soolaladu.ee\/wp-content\/uploads\/2021\/03\/Epsom-salt-KS.jpg 400w\" sizes=\"(max-width: 800px) 100vw, 300px\" \/><\/span><\/div><div class=\"fusion-clearfix\"><\/div><\/div><\/div><div class=\"fusion-layout-column fusion_builder_column fusion-builder-column-1 fusion_builder_column_3_4 3_4 fusion-three-fourth fusion-column-last\" style=\"--awb-bg-size:cover;width:75%;width:calc(75% - ( ( 4% ) * 0.75 ) );\"><div class=\"fusion-column-wrapper fusion-column-has-shadow fusion-flex-column-wrapper-legacy\"><div class=\"fusion-title title fusion-title-1 fusion-sep-none fusion-title-text fusion-title-size-three\" style=\"--awb-text-color:#051a31;--awb-margin-bottom:0.7em;\"><h3 class=\"fusion-title-heading title-heading-left\" style=\"margin:0;\">\u041a\u0430\u043c\u043f\u0430\u043d\u0438\u044f<\/h3><\/div><div class=\"fusion-text fusion-text-1\"><p>\u0414\u043e 30.09.2023 \u0434\u0435\u0439\u0441\u0442\u0432\u0443\u0435\u0442 \u0441\u043a\u0438\u0434\u043a\u0430 \u0434\u043e -25% \u043f\u0440\u0438 \u0437\u0430\u043a\u0430\u0437\u0435 &#171;\u042d\u043f\u0441\u043e\u043c \u0441\u043e\u043b\u0438&#187;, \u0441 \u0432\u043e\u0437\u043c\u043e\u0436\u043d\u043e\u0441\u0442\u044c\u044e \u0434\u043e\u0441\u0442\u0430\u0432\u043a\u0438.<\/p>\n<p>\u041c\u0438\u043d\u0438\u043c\u0430\u043b\u044c\u043d\u044b\u0439 \u0437\u0430\u043a\u0430\u0437 1 \u043c\u0435\u0448\u043e\u043a \/ 25\u043a\u0433.<\/p>\n<p>\u041f\u0440\u0435\u0434\u043b\u043e\u0436\u0435\u043d\u0438\u0435 \u0434\u0435\u0439\u0441\u0442\u0432\u0438\u0442\u0435\u043b\u044c\u043d\u043e \u0434\u043e \u0442\u0435\u0445 \u043f\u043e\u0440, \u043f\u043e\u043a\u0430 \u0434\u043e\u0441\u0442\u0443\u043f\u0435\u043d \u0442\u043e\u0432\u0430\u0440 \u0441\u043e \u0441\u043a\u0438\u0434\u043a\u043e\u0439.<\/p>\n<p><span style=\"color: var(--body_typography-color); font-family: var(--body_typography-font-family); font-size: var(--body_typography-font-size); font-style: var(--body_typography-font-style,normal); font-weight: var(--body_typography-font-weight); letter-spacing: var(--body_typography-letter-spacing); background-color: rgba(255, 255, 255, 0);\">\u0423\u0441\u043b\u043e\u0432\u0438\u044f \u0441\u043f\u0440\u043e\u0441\u0438 \u0443 <\/span><a style=\"font-family: var(--body_typography-font-family); font-size: var(--body_typography-font-size); font-style: var(--body_typography-font-style,normal); font-weight: var(--body_typography-font-weight); letter-spacing: var(--body_typography-letter-spacing); background-color: rgba(255, 255, 255, 0);\" href=\"https:\/\/soolaladu.ee\/ru\/kontaktid\/\"><u>\u043f\u0440\u043e\u0434\u0430\u0432\u0446\u0430<\/u><\/a><span style=\"color: var(--body_typography-color); font-family: var(--body_typography-font-family); font-size: var(--body_typography-font-size); font-style: var(--body_typography-font-style,normal); font-weight: var(--body_typography-font-weight); letter-spacing: var(--body_typography-letter-spacing); background-color: rgba(255, 255, 255, 0);\">.<\/span><\/p>\n<\/div><div class=\"fusion-clearfix\"><\/div><\/div><\/div><div class=\"fusion-layout-column fusion_builder_column fusion-builder-column-2 fusion_builder_column_1_1 1_1 fusion-one-full fusion-column-first fusion-column-last\" style=\"--awb-bg-size:cover;\"><div class=\"fusion-column-wrapper fusion-column-has-shadow fusion-flex-column-wrapper-legacy\"><div class=\"fusion-sep-clear\"><\/div><div class=\"fusion-separator fusion-full-width-sep\" style=\"margin-left: auto;margin-right: auto;margin-top:1em;margin-bottom:1em;width:100%;\"><div class=\"fusion-separator-border sep-single sep-dotted\" style=\"--awb-height:20px;--awb-amount:20px;--awb-sep-color:#797676;border-color:#797676;border-top-width:1px;\"><\/div><\/div><div class=\"fusion-sep-clear\"><\/div><div class=\"fusion-title title fusion-title-2 fusion-sep-none fusion-title-text fusion-title-size-one\"><h1 class=\"fusion-title-heading title-heading-left\" style=\"margin:0;\">\u0420\u0430\u0441\u043f\u0440\u043e\u0434\u0430\u0436\u0430<\/h1><\/div><div class=\"woocommerce columns-4 \"><ul class=\"products clearfix products-4\">\n<li class=\"product type-product post-21067 status-publish first instock product_cat-518 product_cat-487 has-post-thumbnail featured taxable shipping-taxable product-type-simple product-grid-view\">\n\t<div class=\"fusion-product-wrapper\">\n\n<div class=\"fusion-clean-product-image-wrapper \">\n\t<div  class=\"fusion-image-wrapper fusion-image-size-fixed\" aria-haspopup=\"true\">\n\t\t\t\t<img decoding=\"async\" width=\"300\" height=\"300\" src=\"https:\/\/soolaladu.ee\/wp-content\/uploads\/2020\/05\/Nitritsool-300x300.jpg\" class=\"attachment-woocommerce_thumbnail size-woocommerce_thumbnail wp-post-image\" alt=\"\" srcset=\"https:\/\/soolaladu.ee\/wp-content\/uploads\/2020\/05\/Nitritsool-66x66.jpg 66w, https:\/\/soolaladu.ee\/wp-content\/uploads\/2020\/05\/Nitritsool-100x100.jpg 100w, https:\/\/soolaladu.ee\/wp-content\/uploads\/2020\/05\/Nitritsool-150x150.jpg 150w, https:\/\/soolaladu.ee\/wp-content\/uploads\/2020\/05\/Nitritsool-200x200.jpg 200w, https:\/\/soolaladu.ee\/wp-content\/uploads\/2020\/05\/Nitritsool-300x300.jpg 300w, https:\/\/soolaladu.ee\/wp-content\/uploads\/2020\/05\/Nitritsool-400x400.jpg 400w, https:\/\/soolaladu.ee\/wp-content\/uploads\/2020\/05\/Nitritsool-500x500.jpg 500w, https:\/\/soolaladu.ee\/wp-content\/uploads\/2020\/05\/Nitritsool-600x600.jpg 600w, https:\/\/soolaladu.ee\/wp-content\/uploads\/2020\/05\/Nitritsool-768x768.jpg 768w, https:\/\/soolaladu.ee\/wp-content\/uploads\/2020\/05\/Nitritsool-800x800.jpg 800w, https:\/\/soolaladu.ee\/wp-content\/uploads\/2020\/05\/Nitritsool-1024x1024.jpg 1024w, https:\/\/soolaladu.ee\/wp-content\/uploads\/2020\/05\/Nitritsool.jpg 1200w\" sizes=\"(max-width: 300px) 100vw, 300px\" \/><div class=\"fusion-rollover\">\n\t<div class=\"fusion-rollover-content\">\n\n\t\t\t\t\n\t\t\n\t\t\t\t\t\t\t\t\n\t\t\t\t\t\t\t\t\n\t\t\n\t\t\t\t\t\t\t\t\t\t\t\t\t\t\t\n\t\t\t\t\t\t\n\t\t\t\t\t\t\t\t\t\t<div class=\"fusion-product-buttons\">\n\t\t\t\t\t\n<a href=\"https:\/\/soolaladu.ee\/ru\/toode\/nitrisool\/\" class=\"show_details_button\" style=\"float:none;max-width:none;text-align:center;\">\n\t\u0421\u043c\u043e\u0442\u0440\u0435\u0442\u044c<\/a>\n\n\t\t\t\t<\/div>\n\t\t\t\t\t\t\t\t\t<a class=\"fusion-link-wrapper\" href=\"https:\/\/soolaladu.ee\/ru\/toode\/nitrisool\/\" aria-label=\"\u041f\u0438\u0449\u0435\u0432\u0430\u044f \u043d\u0438\u0442\u0440\u0438\u0442\u043d\u043e-\u043f\u043e\u0441\u043e\u043b\u043e\u0447\u043d\u0430\u044f \u0441\u043c\u0435\u0441\u044c \u0434\u043b\u044f \u043c\u044f\u0441\u043e\u043f\u0440\u043e\u0434\u0443\u043a\u0442\u043e\u0432\"><\/a>\n\t<\/div>\n<\/div>\n<\/div>\n<\/div>\n<div class=\"fusion-product-content\">\n\t<div class=\"product-details\">\n\t\t<div class=\"product-details-container\">\n<h3 class=\"product-title\">\n\t<a href=\"https:\/\/soolaladu.ee\/ru\/toode\/nitrisool\/\">\n\t\t\u041f\u0438\u0449\u0435\u0432\u0430\u044f \u043d\u0438\u0442\u0440\u0438\u0442\u043d\u043e-\u043f\u043e\u0441\u043e\u043b\u043e\u0447\u043d\u0430\u044f \u0441\u043c\u0435\u0441\u044c \u0434\u043b\u044f \u043c\u044f\u0441\u043e\u043f\u0440\u043e\u0434\u0443\u043a\u0442\u043e\u0432\t<\/a>\n<\/h3>\n<div class=\"fusion-price-rating\">\n\n\t\t<\/div>\n\t<\/div>\n<\/div>\n\n\t<\/div> \n\t\t<style type=\"text\/css\">\n\t\t\t\t\t<\/style>\n\t\t\n\n<\/div>\n<\/li>\n<li class=\"product type-product post-21069 status-publish instock product_cat-518 product_cat-487 has-post-thumbnail featured taxable shipping-taxable product-type-simple product-grid-view\">\n\t<div class=\"fusion-product-wrapper\">\n\n<div class=\"fusion-clean-product-image-wrapper \">\n\t<div  class=\"fusion-image-wrapper fusion-image-size-fixed\" aria-haspopup=\"true\">\n\t\t\t\t<img decoding=\"async\" width=\"300\" height=\"300\" src=\"https:\/\/soolaladu.ee\/wp-content\/uploads\/2020\/05\/J\u00e4me-s\u00f6\u00f6gisool-300x300.jpg\" class=\"attachment-woocommerce_thumbnail size-woocommerce_thumbnail wp-post-image\" alt=\"\" srcset=\"https:\/\/soolaladu.ee\/wp-content\/uploads\/2020\/05\/J\u00e4me-s\u00f6\u00f6gisool-66x66.jpg 66w, https:\/\/soolaladu.ee\/wp-content\/uploads\/2020\/05\/J\u00e4me-s\u00f6\u00f6gisool-100x100.jpg 100w, https:\/\/soolaladu.ee\/wp-content\/uploads\/2020\/05\/J\u00e4me-s\u00f6\u00f6gisool-150x150.jpg 150w, https:\/\/soolaladu.ee\/wp-content\/uploads\/2020\/05\/J\u00e4me-s\u00f6\u00f6gisool-200x200.jpg 200w, https:\/\/soolaladu.ee\/wp-content\/uploads\/2020\/05\/J\u00e4me-s\u00f6\u00f6gisool-300x300.jpg 300w, https:\/\/soolaladu.ee\/wp-content\/uploads\/2020\/05\/J\u00e4me-s\u00f6\u00f6gisool-400x400.jpg 400w, https:\/\/soolaladu.ee\/wp-content\/uploads\/2020\/05\/J\u00e4me-s\u00f6\u00f6gisool-500x500.jpg 500w, https:\/\/soolaladu.ee\/wp-content\/uploads\/2020\/05\/J\u00e4me-s\u00f6\u00f6gisool-600x600.jpg 600w, https:\/\/soolaladu.ee\/wp-content\/uploads\/2020\/05\/J\u00e4me-s\u00f6\u00f6gisool-768x768.jpg 768w, https:\/\/soolaladu.ee\/wp-content\/uploads\/2020\/05\/J\u00e4me-s\u00f6\u00f6gisool-800x800.jpg 800w, https:\/\/soolaladu.ee\/wp-content\/uploads\/2020\/05\/J\u00e4me-s\u00f6\u00f6gisool-1024x1024.jpg 1024w, https:\/\/soolaladu.ee\/wp-content\/uploads\/2020\/05\/J\u00e4me-s\u00f6\u00f6gisool.jpg 1200w\" sizes=\"(max-width: 300px) 100vw, 300px\" \/><div class=\"fusion-rollover\">\n\t<div class=\"fusion-rollover-content\">\n\n\t\t\t\t\n\t\t\n\t\t\t\t\t\t\t\t\n\t\t\t\t\t\t\t\t\n\t\t\n\t\t\t\t\t\t\t\t\t\t\t\t\t\t\t\n\t\t\t\t\t\t\n\t\t\t\t\t\t\t\t\t\t<div class=\"fusion-product-buttons\">\n\t\t\t\t\t\n<a href=\"https:\/\/soolaladu.ee\/ru\/toode\/jame-soogisool\/\" class=\"show_details_button\" style=\"float:none;max-width:none;text-align:center;\">\n\t\u0421\u043c\u043e\u0442\u0440\u0435\u0442\u044c<\/a>\n\n\t\t\t\t<\/div>\n\t\t\t\t\t\t\t\t\t<a class=\"fusion-link-wrapper\" href=\"https:\/\/soolaladu.ee\/ru\/toode\/jame-soogisool\/\" aria-label=\"\u041f\u0438\u0449\u0435\u0432\u0430\u044f \u043a\u0430\u043c\u0435\u043d\u043d\u0430\u044f \u0441\u043e\u043b\u044c\"><\/a>\n\t<\/div>\n<\/div>\n<\/div>\n<\/div>\n<div class=\"fusion-product-content\">\n\t<div class=\"product-details\">\n\t\t<div class=\"product-details-container\">\n<h3 class=\"product-title\">\n\t<a href=\"https:\/\/soolaladu.ee\/ru\/toode\/jame-soogisool\/\">\n\t\t\u041f\u0438\u0449\u0435\u0432\u0430\u044f \u043a\u0430\u043c\u0435\u043d\u043d\u0430\u044f \u0441\u043e\u043b\u044c\t<\/a>\n<\/h3>\n<div class=\"fusion-price-rating\">\n\n\t\t<\/div>\n\t<\/div>\n<\/div>\n\n\t<\/div> \n\t\t<style type=\"text\/css\">\n\t\t\t\t\t<\/style>\n\t\t\n\n<\/div>\n<\/li>\n<li class=\"product type-product post-21070 status-publish instock product_cat-518 product_cat-487 has-post-thumbnail featured taxable shipping-taxable product-type-simple product-grid-view\">\n\t<div class=\"fusion-product-wrapper\">\n\n<div class=\"fusion-clean-product-image-wrapper \">\n\t<div  class=\"fusion-image-wrapper fusion-image-size-fixed\" aria-haspopup=\"true\">\n\t\t\t\t<img decoding=\"async\" width=\"300\" height=\"300\" src=\"https:\/\/soolaladu.ee\/wp-content\/uploads\/2020\/05\/Vaakum-meetodil-peen-s\u00f6\u00f6gisool-300x300.jpg\" class=\"attachment-woocommerce_thumbnail size-woocommerce_thumbnail wp-post-image\" alt=\"\" srcset=\"https:\/\/soolaladu.ee\/wp-content\/uploads\/2020\/05\/Vaakum-meetodil-peen-s\u00f6\u00f6gisool-66x66.jpg 66w, https:\/\/soolaladu.ee\/wp-content\/uploads\/2020\/05\/Vaakum-meetodil-peen-s\u00f6\u00f6gisool-100x100.jpg 100w, https:\/\/soolaladu.ee\/wp-content\/uploads\/2020\/05\/Vaakum-meetodil-peen-s\u00f6\u00f6gisool-150x150.jpg 150w, https:\/\/soolaladu.ee\/wp-content\/uploads\/2020\/05\/Vaakum-meetodil-peen-s\u00f6\u00f6gisool-200x200.jpg 200w, https:\/\/soolaladu.ee\/wp-content\/uploads\/2020\/05\/Vaakum-meetodil-peen-s\u00f6\u00f6gisool-300x300.jpg 300w, https:\/\/soolaladu.ee\/wp-content\/uploads\/2020\/05\/Vaakum-meetodil-peen-s\u00f6\u00f6gisool-400x400.jpg 400w, https:\/\/soolaladu.ee\/wp-content\/uploads\/2020\/05\/Vaakum-meetodil-peen-s\u00f6\u00f6gisool-500x500.jpg 500w, https:\/\/soolaladu.ee\/wp-content\/uploads\/2020\/05\/Vaakum-meetodil-peen-s\u00f6\u00f6gisool-600x600.jpg 600w, https:\/\/soolaladu.ee\/wp-content\/uploads\/2020\/05\/Vaakum-meetodil-peen-s\u00f6\u00f6gisool-768x768.jpg 768w, https:\/\/soolaladu.ee\/wp-content\/uploads\/2020\/05\/Vaakum-meetodil-peen-s\u00f6\u00f6gisool-800x800.jpg 800w, https:\/\/soolaladu.ee\/wp-content\/uploads\/2020\/05\/Vaakum-meetodil-peen-s\u00f6\u00f6gisool-1024x1024.jpg 1024w, https:\/\/soolaladu.ee\/wp-content\/uploads\/2020\/05\/Vaakum-meetodil-peen-s\u00f6\u00f6gisool.jpg 1200w\" sizes=\"(max-width: 300px) 100vw, 300px\" \/><div class=\"fusion-rollover\">\n\t<div class=\"fusion-rollover-content\">\n\n\t\t\t\t\n\t\t\n\t\t\t\t\t\t\t\t\n\t\t\t\t\t\t\t\t\n\t\t\n\t\t\t\t\t\t\t\t\t\t\t\t\t\t\t\n\t\t\t\t\t\t\n\t\t\t\t\t\t\t\t\t\t<div class=\"fusion-product-buttons\">\n\t\t\t\t\t\n<a href=\"https:\/\/soolaladu.ee\/ru\/toode\/vaakummeetodil-soogisool\/\" class=\"show_details_button\" style=\"float:none;max-width:none;text-align:center;\">\n\t\u0421\u043c\u043e\u0442\u0440\u0435\u0442\u044c<\/a>\n\n\t\t\t\t<\/div>\n\t\t\t\t\t\t\t\t\t<a class=\"fusion-link-wrapper\" href=\"https:\/\/soolaladu.ee\/ru\/toode\/vaakummeetodil-soogisool\/\" aria-label=\"\u041f\u0438\u0449\u0435\u0432\u0430\u044f \u0432\u0430\u043a\u0443\u0443\u043c-\u0432\u044b\u0432\u0430\u0440\u043e\u0447\u043d\u0430\u044f \u0441\u043e\u043b\u044c\"><\/a>\n\t<\/div>\n<\/div>\n<\/div>\n<\/div>\n<div class=\"fusion-product-content\">\n\t<div class=\"product-details\">\n\t\t<div class=\"product-details-container\">\n<h3 class=\"product-title\">\n\t<a href=\"https:\/\/soolaladu.ee\/ru\/toode\/vaakummeetodil-soogisool\/\">\n\t\t\u041f\u0438\u0449\u0435\u0432\u0430\u044f \u0432\u0430\u043a\u0443\u0443\u043c-\u0432\u044b\u0432\u0430\u0440\u043e\u0447\u043d\u0430\u044f \u0441\u043e\u043b\u044c\t<\/a>\n<\/h3>\n<div class=\"fusion-price-rating\">\n\n\t\t<\/div>\n\t<\/div>\n<\/div>\n\n\t<\/div> \n\t\t<style type=\"text\/css\">\n\t\t\t\t\t<\/style>\n\t\t\n\n<\/div>\n<\/li>\n<\/ul>\n<\/div><div class=\"fusion-clearfix\"><\/div><\/div><\/div><\/div><\/div>\n","protected":false},"excerpt":{"rendered":"","protected":false},"author":4,"featured_media":0,"parent":0,"menu_order":0,"comment_status":"closed","ping_status":"closed","template":"","meta":{"om_disable_all_campaigns":false,"_monsterinsights_skip_tracking":false,"_monsterinsights_sitenote_active":false,"_monsterinsights_sitenote_note":"","_monsterinsights_sitenote_category":0,"footnotes":""},"class_list":["post-20843","page","type-page","status-publish","hentry"],"yoast_head":"<!-- This site is optimized with the Yoast SEO plugin v24.6 - https:\/\/yoast.com\/wordpress\/plugins\/seo\/ -->\n<title>\u0420\u0430\u0441\u043f\u0440\u043e\u0434\u0430\u0436\u0430 &#8211; Andrese Soolaladu<\/title>\n<meta name=\"robots\" content=\"index, follow, max-snippet:-1, max-image-preview:large, max-video-preview:-1\" \/>\n<link rel=\"canonical\" href=\"https:\/\/soolaladu.ee\/ru\/leiunurk\/\" \/>\n<meta property=\"og:locale\" content=\"ru_RU\" \/>\n<meta property=\"og:type\" content=\"article\" \/>\n<meta property=\"og:title\" content=\"\u0420\u0430\u0441\u043f\u0440\u043e\u0434\u0430\u0436\u0430 &#8211; Andrese Soolaladu\" \/>\n<meta property=\"og:url\" content=\"https:\/\/soolaladu.ee\/ru\/leiunurk\/\" \/>\n<meta property=\"og:site_name\" content=\"Andrese Soolaladu\" \/>\n<meta property=\"article:modified_time\" content=\"2023-09-03T09:19:05+00:00\" \/>\n<meta name=\"twitter:card\" content=\"summary_large_image\" \/>\n<meta name=\"twitter:label1\" content=\"\u041f\u0440\u0438\u043c\u0435\u0440\u043d\u043e\u0435 \u0432\u0440\u0435\u043c\u044f \u0434\u043b\u044f \u0447\u0442\u0435\u043d\u0438\u044f\" \/>\n\t<meta name=\"twitter:data1\" content=\"2 \u043c\u0438\u043d\u0443\u0442\u044b\" \/>\n<script type=\"application\/ld+json\" class=\"yoast-schema-graph\">{\"@context\":\"https:\/\/schema.org\",\"@graph\":[{\"@type\":\"WebPage\",\"@id\":\"https:\/\/soolaladu.ee\/ru\/leiunurk\/\",\"url\":\"https:\/\/soolaladu.ee\/ru\/leiunurk\/\",\"name\":\"\u0420\u0430\u0441\u043f\u0440\u043e\u0434\u0430\u0436\u0430 &#8211; Andrese Soolaladu\",\"isPartOf\":{\"@id\":\"https:\/\/soolaladu.ee\/#website\"},\"datePublished\":\"2020-06-15T10:04:42+00:00\",\"dateModified\":\"2023-09-03T09:19:05+00:00\",\"breadcrumb\":{\"@id\":\"https:\/\/soolaladu.ee\/ru\/leiunurk\/#breadcrumb\"},\"inLanguage\":\"ru-RU\",\"potentialAction\":[{\"@type\":\"ReadAction\",\"target\":[\"https:\/\/soolaladu.ee\/ru\/leiunurk\/\"]}]},{\"@type\":\"BreadcrumbList\",\"@id\":\"https:\/\/soolaladu.ee\/ru\/leiunurk\/#breadcrumb\",\"itemListElement\":[{\"@type\":\"ListItem\",\"position\":1,\"name\":\"\u0413\u043b\u0430\u0432\u043d\u0430\u044f\",\"item\":\"https:\/\/soolaladu.ee\/ru\/\"},{\"@type\":\"ListItem\",\"position\":2,\"name\":\"\u0420\u0430\u0441\u043f\u0440\u043e\u0434\u0430\u0436\u0430\"}]},{\"@type\":\"WebSite\",\"@id\":\"https:\/\/soolaladu.ee\/#website\",\"url\":\"https:\/\/soolaladu.ee\/\",\"name\":\"Andrese Soolaladu\",\"description\":\"Suurim soola tarnija Eestis ja Baltimaades\",\"publisher\":{\"@id\":\"https:\/\/soolaladu.ee\/#organization\"},\"potentialAction\":[{\"@type\":\"SearchAction\",\"target\":{\"@type\":\"EntryPoint\",\"urlTemplate\":\"https:\/\/soolaladu.ee\/?s={search_term_string}\"},\"query-input\":{\"@type\":\"PropertyValueSpecification\",\"valueRequired\":true,\"valueName\":\"search_term_string\"}}],\"inLanguage\":\"ru-RU\"},{\"@type\":\"Organization\",\"@id\":\"https:\/\/soolaladu.ee\/#organization\",\"name\":\"Andrese Soolaladu O\u00dc\",\"url\":\"https:\/\/soolaladu.ee\/\",\"logo\":{\"@type\":\"ImageObject\",\"inLanguage\":\"ru-RU\",\"@id\":\"https:\/\/soolaladu.ee\/#\/schema\/logo\/image\/\",\"url\":\"\",\"contentUrl\":\"\",\"caption\":\"Andrese Soolaladu O\u00dc\"},\"image\":{\"@id\":\"https:\/\/soolaladu.ee\/#\/schema\/logo\/image\/\"},\"sameAs\":[\"https:\/\/www.linkedin.com\/in\/andrei-kirejenkov-414930117\/?originalSubdomain=ee\",\"https:\/\/www.youtube.com\/watch?time_continue=68&amp;amp;v=XC3sMbgpKbk&amp;amp;feature=emb_title\"]}]}<\/script>\n<!-- \/ Yoast SEO plugin. -->","yoast_head_json":{"title":"\u0420\u0430\u0441\u043f\u0440\u043e\u0434\u0430\u0436\u0430 &#8211; Andrese Soolaladu","robots":{"index":"index","follow":"follow","max-snippet":"max-snippet:-1","max-image-preview":"max-image-preview:large","max-video-preview":"max-video-preview:-1"},"canonical":"https:\/\/soolaladu.ee\/ru\/leiunurk\/","og_locale":"ru_RU","og_type":"article","og_title":"\u0420\u0430\u0441\u043f\u0440\u043e\u0434\u0430\u0436\u0430 &#8211; Andrese Soolaladu","og_url":"https:\/\/soolaladu.ee\/ru\/leiunurk\/","og_site_name":"Andrese Soolaladu","article_modified_time":"2023-09-03T09:19:05+00:00","twitter_card":"summary_large_image","twitter_misc":{"\u041f\u0440\u0438\u043c\u0435\u0440\u043d\u043e\u0435 \u0432\u0440\u0435\u043c\u044f \u0434\u043b\u044f \u0447\u0442\u0435\u043d\u0438\u044f":"2 \u043c\u0438\u043d\u0443\u0442\u044b"},"schema":{"@context":"https:\/\/schema.org","@graph":[{"@type":"WebPage","@id":"https:\/\/soolaladu.ee\/ru\/leiunurk\/","url":"https:\/\/soolaladu.ee\/ru\/leiunurk\/","name":"\u0420\u0430\u0441\u043f\u0440\u043e\u0434\u0430\u0436\u0430 &#8211; Andrese Soolaladu","isPartOf":{"@id":"https:\/\/soolaladu.ee\/#website"},"datePublished":"2020-06-15T10:04:42+00:00","dateModified":"2023-09-03T09:19:05+00:00","breadcrumb":{"@id":"https:\/\/soolaladu.ee\/ru\/leiunurk\/#breadcrumb"},"inLanguage":"ru-RU","potentialAction":[{"@type":"ReadAction","target":["https:\/\/soolaladu.ee\/ru\/leiunurk\/"]}]},{"@type":"BreadcrumbList","@id":"https:\/\/soolaladu.ee\/ru\/leiunurk\/#breadcrumb","itemListElement":[{"@type":"ListItem","position":1,"name":"\u0413\u043b\u0430\u0432\u043d\u0430\u044f","item":"https:\/\/soolaladu.ee\/ru\/"},{"@type":"ListItem","position":2,"name":"\u0420\u0430\u0441\u043f\u0440\u043e\u0434\u0430\u0436\u0430"}]},{"@type":"WebSite","@id":"https:\/\/soolaladu.ee\/#website","url":"https:\/\/soolaladu.ee\/","name":"Andrese Soolaladu","description":"Suurim soola tarnija Eestis ja Baltimaades","publisher":{"@id":"https:\/\/soolaladu.ee\/#organization"},"potentialAction":[{"@type":"SearchAction","target":{"@type":"EntryPoint","urlTemplate":"https:\/\/soolaladu.ee\/?s={search_term_string}"},"query-input":{"@type":"PropertyValueSpecification","valueRequired":true,"valueName":"search_term_string"}}],"inLanguage":"ru-RU"},{"@type":"Organization","@id":"https:\/\/soolaladu.ee\/#organization","name":"Andrese Soolaladu O\u00dc","url":"https:\/\/soolaladu.ee\/","logo":{"@type":"ImageObject","inLanguage":"ru-RU","@id":"https:\/\/soolaladu.ee\/#\/schema\/logo\/image\/","url":"","contentUrl":"","caption":"Andrese Soolaladu O\u00dc"},"image":{"@id":"https:\/\/soolaladu.ee\/#\/schema\/logo\/image\/"},"sameAs":["https:\/\/www.linkedin.com\/in\/andrei-kirejenkov-414930117\/?originalSubdomain=ee","https:\/\/www.youtube.com\/watch?time_continue=68&amp;amp;v=XC3sMbgpKbk&amp;amp;feature=emb_title"]}]}},"_links":{"self":[{"href":"https:\/\/soolaladu.ee\/ru\/wp-json\/wp\/v2\/pages\/20843","targetHints":{"allow":["GET"]}}],"collection":[{"href":"https:\/\/soolaladu.ee\/ru\/wp-json\/wp\/v2\/pages"}],"about":[{"href":"https:\/\/soolaladu.ee\/ru\/wp-json\/wp\/v2\/types\/page"}],"author":[{"embeddable":true,"href":"https:\/\/soolaladu.ee\/ru\/wp-json\/wp\/v2\/users\/4"}],"replies":[{"embeddable":true,"href":"https:\/\/soolaladu.ee\/ru\/wp-json\/wp\/v2\/comments?post=20843"}],"version-history":[{"count":40,"href":"https:\/\/soolaladu.ee\/ru\/wp-json\/wp\/v2\/pages\/20843\/revisions"}],"predecessor-version":[{"id":22472,"href":"https:\/\/soolaladu.ee\/ru\/wp-json\/wp\/v2\/pages\/20843\/revisions\/22472"}],"wp:attachment":[{"href":"https:\/\/soolaladu.ee\/ru\/wp-json\/wp\/v2\/media?parent=20843"}],"curies":[{"name":"wp","href":"https:\/\/api.w.org\/{rel}","templated":true}]}}