{"id":21792,"date":"2020-05-15T11:15:01","date_gmt":"2020-05-15T08:15:01","guid":{"rendered":"https:\/\/soolaladu.ee\/?post_type=product&#038;p=21792"},"modified":"2021-02-04T15:33:13","modified_gmt":"2021-02-04T13:33:13","slug":"laizama-sals-brikete-dabiskais-sals","status":"publish","type":"product","link":"https:\/\/soolaladu.ee\/lv\/toode\/laizama-sals-brikete-dabiskais-sals\/","title":{"rendered":"Laiz\u0101m\u0101 s\u0101ls brikete, dabiskais s\u0101ls"},"content":{"rendered":"<p>Sool on loomadele eluliselt vajalik. Looduses lakuvad nad kividele tekkivat soola v\u00f5i s\u00f6\u00f6vad soolakoobastes. Loomakasvatuses on n\u00f5udlus soola j\u00e4rele suur &#8211; seda kasutatakse suuremate ja v\u00e4iksemate kariloomade, kodulindude ja karusloomade s\u00f6\u00f6dalisandina.<\/p>\n<p>Soolaplokid on vajalikud luukoe ja villa n\u00f5uetekohaseks arenguks, suureks piimatootluseks, seedimise stimuleerimiseks, ainevahetuse parandamiseks ja edukaks paljunemiseks. Sellist soola valmistatakse spetsiaalsel pressimismeetodil puhtast kivi- v\u00f5i vaakumsoolast. Soolaplokke kasutatakse ka noorloomadel haiguste ennetamiseks. See on t\u00f5hus viis s\u00f6\u00f6giisu ja s\u00f6\u00f6da imendumise parandamiseks ning kehakaalu languse v\u00e4ltimiseks. Oma talumajapidamisest hoolivad p\u00f5llumehed teavad alati, millist s\u00f6\u00f6dasoola osta. Kui osta s\u00f5merat soola, siis t\u00f5en\u00e4oliselt tallavad suured loomad selle maa sisse. Ja kui kasutada soola loomakasvatuses maitseainena, mis t\u00e4hendab lihtsalt s\u00f6\u00f6da soolamist, siis \u00fcleannustamise korral v\u00f5ib see p\u00f5hjustada loomadel soolade ladestumist liigestesse ning neeruhaigusi. Sel p\u00f5hjusel valmistatakse loomasoola tavaliselt plokkidena.<strong>\u00a0 <\/strong><\/p>\n<p>Plokkideks pressitud soolaplokk on mugav, kuna loomad m\u00e4\u00e4ravad ise oma vajaduse, lakkudes t\u00e4pselt nii palju kui vaja. Soolaplokid pannakse s\u00f6\u00f6turisse v\u00f5i riputatakse &#8211; nii on loomadel neile alati juurdep\u00e4\u00e4s. Pange t\u00e4hele, et soolaplokkide kasutamisel on oluline loomadele piisavalt vett anda. SOLSEL ploki suur tihedus teeb selle temperatuuri k\u00f5ikumistele ja sademetele vastupidavaks. Samal ajal v\u00f5ite soolaplokki osta varuga, sest neid saab pikka aega hoida kuivas kohas, ning kvaliteet sealjuures ei halvene.<\/p>\n<p><u>SOLSEL soolaplokkide eelised: <\/u><\/p>\n<p>&#8211; s\u00e4ilib pikka aega kuivades tingimustes<\/p>\n<p>&#8211; suurep\u00e4rased maitseomadused<\/p>\n<p>&#8211; \u00fchest plokist j\u00e4tkub kauaks<\/p>\n<p>&#8211; puhas toidusool<\/p>\n<p>&#8211; rakendatav karjamaadel ja tallides<\/p>\n<hr \/>\n<p><strong>Kasutamine:<\/strong><\/p>\n<p>Mineraalideta soolaplokke kasutatakse k\u00f5ikide loomade s\u00f6\u00f6tmiseks. Suuruse ja kaalu poolest sobivad soolaplokid eriti p\u00f5llumajandusloomade &#8211; veiste, hobuste, lammaste, kitsede, sigade &#8211; s\u00f6\u00f6tmiseks. Kasutatakse ka looduskaitsealadel ja jahimaadel metsloomade jaoks.<\/p>\n<hr \/>\n<p style=\"text-align: left;\"><strong>Pakend: \u00a0\u00a0\u00a0\u00a0\u00a0\u00a0\u00a0\u00a0\u00a0\u00a0\u00a0\u00a0\u00a0\u00a0\u00a0 <\/strong><\/p>\n<p>&#8211; 5 kg soolaplokid, m\u00f5\u00f5tmed 185x185x86 mm, ava l\u00e4bim\u00f5\u00f5t 30 mm, 196 tk EURO-kaubaalusel<\/p>\n<p>&#8211; 10 kg soolaplokid, m\u00f5\u00f5tmed 185x185x155 mm, ava l\u00e4bim\u00f5\u00f5t 30 mm, 96 tk EURO-kaubaalusel<\/p>\n<p>&#8211; 25 kg soolaplokid, m\u00f5\u00f5tmed 240\u0445240\u0445270 mm, ava l\u00e4bim\u00f5\u00f5t 40 mm, 45 tk EURO-kaubaalusel<\/p>\n<hr \/>\n<p>&nbsp;<\/p>\n<p>&nbsp;<\/p>\n<table width=\"840\">\n<tbody>\n<tr>\n<td><strong>Peamised keemilised n\u00e4itajad:<\/strong><\/td>\n<td><strong>Norm<\/strong><\/td>\n<\/tr>\n<tr>\n<td>Naatriumkloriid (NaCl)<\/td>\n<td>99%<\/td>\n<\/tr>\n<tr>\n<td>Naatrium (Na)<\/td>\n<td>39%<\/td>\n<\/tr>\n<\/tbody>\n<\/table>\n<p>&nbsp;<\/p>\n<p>Rohkem informatsiooni leiate tootja kodulehelt: <a href=\"https:\/\/www.solsel.de\/en\/products\/natural\/\">https:\/\/www.solsel.de\/en\/products\/natural\/<\/a><\/p>\n<p>&nbsp;<\/p>\n<p>&nbsp;<\/p>\n","protected":false},"excerpt":{"rendered":"<p>Sool on loomadele eluliselt vajalik. Looduses lakuvad nad kividele tekkivat soola v\u00f5i s\u00f6\u00f6vad soolakoobastes. Loomakasvatuses on n\u00f5udlus soola j\u00e4rele suur &#8211; seda kasutatakse suuremate ja v\u00e4iksemate kariloomade, kodulindude ja karusloomade  <\/p>\n","protected":false},"featured_media":21794,"template":"","meta":{"om_disable_all_campaigns":false,"_monsterinsights_skip_tracking":false,"_monsterinsights_sitenote_active":false,"_monsterinsights_sitenote_note":"","_monsterinsights_sitenote_category":0},"product_brand":[],"product_cat":[533,537,551],"product_tag":[],"class_list":{"0":"post-21792","1":"product","2":"type-product","3":"status-publish","4":"has-post-thumbnail","6":"product_cat-sals","7":"product_cat-lauksaimniecibas-sals","8":"product_cat-laizamas-sals-briketes","10":"first","11":"instock","12":"taxable","13":"shipping-taxable","14":"product-type-simple"},"yoast_head":"<!-- This site is optimized with the Yoast SEO plugin v24.6 - https:\/\/yoast.com\/wordpress\/plugins\/seo\/ -->\n<title>Laiz\u0101m\u0101 s\u0101ls brikete, dabiskais s\u0101ls &#8211; Andrese Soolaladu<\/title>\n<meta name=\"robots\" content=\"index, follow, max-snippet:-1, max-image-preview:large, max-video-preview:-1\" \/>\n<link rel=\"canonical\" href=\"https:\/\/soolaladu.ee\/toode\/lakukivi-puhas-sool\/\" \/>\n<meta property=\"og:locale\" content=\"lv_LV\" \/>\n<meta property=\"og:type\" content=\"article\" \/>\n<meta property=\"og:title\" content=\"Laiz\u0101m\u0101 s\u0101ls brikete, dabiskais s\u0101ls &#8211; Andrese Soolaladu\" \/>\n<meta property=\"og:description\" content=\"Sool on loomadele eluliselt vajalik. Looduses lakuvad nad kividele tekkivat soola v\u00f5i s\u00f6\u00f6vad soolakoobastes. Loomakasvatuses on n\u00f5udlus soola j\u00e4rele suur &#8211; seda kasutatakse suuremate ja v\u00e4iksemate kariloomade, kodulindude ja karusloomade\" \/>\n<meta property=\"og:url\" content=\"https:\/\/soolaladu.ee\/toode\/lakukivi-puhas-sool\/\" \/>\n<meta property=\"og:site_name\" content=\"Andrese Soolaladu\" \/>\n<meta property=\"article:modified_time\" content=\"2021-02-04T13:33:13+00:00\" \/>\n<meta property=\"og:image\" content=\"https:\/\/soolaladu.ee\/wp-content\/uploads\/2020\/05\/Lakukivi_Natural.jpg\" \/>\n\t<meta property=\"og:image:width\" content=\"1250\" \/>\n\t<meta property=\"og:image:height\" content=\"1250\" \/>\n\t<meta property=\"og:image:type\" content=\"image\/jpeg\" \/>\n<meta name=\"twitter:card\" content=\"summary_large_image\" \/>\n<meta name=\"twitter:label1\" content=\"Est. reading time\" \/>\n\t<meta name=\"twitter:data1\" content=\"2 minutes\" \/>\n<script type=\"application\/ld+json\" class=\"yoast-schema-graph\">{\"@context\":\"https:\/\/schema.org\",\"@graph\":[{\"@type\":\"WebPage\",\"@id\":\"https:\/\/soolaladu.ee\/toode\/lakukivi-puhas-sool\/\",\"url\":\"https:\/\/soolaladu.ee\/toode\/lakukivi-puhas-sool\/\",\"name\":\"Laiz\u0101m\u0101 s\u0101ls brikete, dabiskais s\u0101ls &#8211; Andrese Soolaladu\",\"isPartOf\":{\"@id\":\"https:\/\/soolaladu.ee\/#website\"},\"primaryImageOfPage\":{\"@id\":\"https:\/\/soolaladu.ee\/toode\/lakukivi-puhas-sool\/#primaryimage\"},\"image\":{\"@id\":\"https:\/\/soolaladu.ee\/toode\/lakukivi-puhas-sool\/#primaryimage\"},\"thumbnailUrl\":\"https:\/\/soolaladu.ee\/wp-content\/uploads\/2020\/05\/Lakukivi_Natural.jpg\",\"datePublished\":\"2020-05-15T08:15:01+00:00\",\"dateModified\":\"2021-02-04T13:33:13+00:00\",\"breadcrumb\":{\"@id\":\"https:\/\/soolaladu.ee\/toode\/lakukivi-puhas-sool\/#breadcrumb\"},\"inLanguage\":\"lv-LV\",\"potentialAction\":[{\"@type\":\"ReadAction\",\"target\":[\"https:\/\/soolaladu.ee\/toode\/lakukivi-puhas-sool\/\"]}]},{\"@type\":\"ImageObject\",\"inLanguage\":\"lv-LV\",\"@id\":\"https:\/\/soolaladu.ee\/toode\/lakukivi-puhas-sool\/#primaryimage\",\"url\":\"https:\/\/soolaladu.ee\/wp-content\/uploads\/2020\/05\/Lakukivi_Natural.jpg\",\"contentUrl\":\"https:\/\/soolaladu.ee\/wp-content\/uploads\/2020\/05\/Lakukivi_Natural.jpg\",\"width\":1250,\"height\":1250},{\"@type\":\"BreadcrumbList\",\"@id\":\"https:\/\/soolaladu.ee\/toode\/lakukivi-puhas-sool\/#breadcrumb\",\"itemListElement\":[{\"@type\":\"ListItem\",\"position\":1,\"name\":\"S\u0101kums\",\"item\":\"https:\/\/soolaladu.ee\/lv\/\"},{\"@type\":\"ListItem\",\"position\":2,\"name\":\"Tooted\",\"item\":\"https:\/\/soolaladu.ee\/tooted\/\"},{\"@type\":\"ListItem\",\"position\":3,\"name\":\"Laiz\u0101m\u0101 s\u0101ls brikete, dabiskais s\u0101ls\"}]},{\"@type\":\"WebSite\",\"@id\":\"https:\/\/soolaladu.ee\/#website\",\"url\":\"https:\/\/soolaladu.ee\/\",\"name\":\"Andrese Soolaladu\",\"description\":\"Suurim soola tarnija Eestis ja Baltimaades\",\"publisher\":{\"@id\":\"https:\/\/soolaladu.ee\/#organization\"},\"potentialAction\":[{\"@type\":\"SearchAction\",\"target\":{\"@type\":\"EntryPoint\",\"urlTemplate\":\"https:\/\/soolaladu.ee\/?s={search_term_string}\"},\"query-input\":{\"@type\":\"PropertyValueSpecification\",\"valueRequired\":true,\"valueName\":\"search_term_string\"}}],\"inLanguage\":\"lv-LV\"},{\"@type\":\"Organization\",\"@id\":\"https:\/\/soolaladu.ee\/#organization\",\"name\":\"Andrese Soolaladu O\u00dc\",\"url\":\"https:\/\/soolaladu.ee\/\",\"logo\":{\"@type\":\"ImageObject\",\"inLanguage\":\"lv-LV\",\"@id\":\"https:\/\/soolaladu.ee\/#\/schema\/logo\/image\/\",\"url\":\"\",\"contentUrl\":\"\",\"caption\":\"Andrese Soolaladu O\u00dc\"},\"image\":{\"@id\":\"https:\/\/soolaladu.ee\/#\/schema\/logo\/image\/\"},\"sameAs\":[\"https:\/\/www.linkedin.com\/in\/andrei-kirejenkov-414930117\/?originalSubdomain=ee\",\"https:\/\/www.youtube.com\/watch?time_continue=68&amp;amp;v=XC3sMbgpKbk&amp;amp;feature=emb_title\"]}]}<\/script>\n<!-- \/ Yoast SEO plugin. -->","yoast_head_json":{"title":"Laiz\u0101m\u0101 s\u0101ls brikete, dabiskais s\u0101ls &#8211; Andrese Soolaladu","robots":{"index":"index","follow":"follow","max-snippet":"max-snippet:-1","max-image-preview":"max-image-preview:large","max-video-preview":"max-video-preview:-1"},"canonical":"https:\/\/soolaladu.ee\/toode\/lakukivi-puhas-sool\/","og_locale":"lv_LV","og_type":"article","og_title":"Laiz\u0101m\u0101 s\u0101ls brikete, dabiskais s\u0101ls &#8211; Andrese Soolaladu","og_description":"Sool on loomadele eluliselt vajalik. Looduses lakuvad nad kividele tekkivat soola v\u00f5i s\u00f6\u00f6vad soolakoobastes. Loomakasvatuses on n\u00f5udlus soola j\u00e4rele suur &#8211; seda kasutatakse suuremate ja v\u00e4iksemate kariloomade, kodulindude ja karusloomade","og_url":"https:\/\/soolaladu.ee\/toode\/lakukivi-puhas-sool\/","og_site_name":"Andrese Soolaladu","article_modified_time":"2021-02-04T13:33:13+00:00","og_image":[{"width":1250,"height":1250,"url":"https:\/\/soolaladu.ee\/wp-content\/uploads\/2020\/05\/Lakukivi_Natural.jpg","type":"image\/jpeg"}],"twitter_card":"summary_large_image","twitter_misc":{"Est. reading time":"2 minutes"},"schema":{"@context":"https:\/\/schema.org","@graph":[{"@type":"WebPage","@id":"https:\/\/soolaladu.ee\/toode\/lakukivi-puhas-sool\/","url":"https:\/\/soolaladu.ee\/toode\/lakukivi-puhas-sool\/","name":"Laiz\u0101m\u0101 s\u0101ls brikete, dabiskais s\u0101ls &#8211; Andrese Soolaladu","isPartOf":{"@id":"https:\/\/soolaladu.ee\/#website"},"primaryImageOfPage":{"@id":"https:\/\/soolaladu.ee\/toode\/lakukivi-puhas-sool\/#primaryimage"},"image":{"@id":"https:\/\/soolaladu.ee\/toode\/lakukivi-puhas-sool\/#primaryimage"},"thumbnailUrl":"https:\/\/soolaladu.ee\/wp-content\/uploads\/2020\/05\/Lakukivi_Natural.jpg","datePublished":"2020-05-15T08:15:01+00:00","dateModified":"2021-02-04T13:33:13+00:00","breadcrumb":{"@id":"https:\/\/soolaladu.ee\/toode\/lakukivi-puhas-sool\/#breadcrumb"},"inLanguage":"lv-LV","potentialAction":[{"@type":"ReadAction","target":["https:\/\/soolaladu.ee\/toode\/lakukivi-puhas-sool\/"]}]},{"@type":"ImageObject","inLanguage":"lv-LV","@id":"https:\/\/soolaladu.ee\/toode\/lakukivi-puhas-sool\/#primaryimage","url":"https:\/\/soolaladu.ee\/wp-content\/uploads\/2020\/05\/Lakukivi_Natural.jpg","contentUrl":"https:\/\/soolaladu.ee\/wp-content\/uploads\/2020\/05\/Lakukivi_Natural.jpg","width":1250,"height":1250},{"@type":"BreadcrumbList","@id":"https:\/\/soolaladu.ee\/toode\/lakukivi-puhas-sool\/#breadcrumb","itemListElement":[{"@type":"ListItem","position":1,"name":"S\u0101kums","item":"https:\/\/soolaladu.ee\/lv\/"},{"@type":"ListItem","position":2,"name":"Tooted","item":"https:\/\/soolaladu.ee\/tooted\/"},{"@type":"ListItem","position":3,"name":"Laiz\u0101m\u0101 s\u0101ls brikete, dabiskais s\u0101ls"}]},{"@type":"WebSite","@id":"https:\/\/soolaladu.ee\/#website","url":"https:\/\/soolaladu.ee\/","name":"Andrese Soolaladu","description":"Suurim soola tarnija Eestis ja Baltimaades","publisher":{"@id":"https:\/\/soolaladu.ee\/#organization"},"potentialAction":[{"@type":"SearchAction","target":{"@type":"EntryPoint","urlTemplate":"https:\/\/soolaladu.ee\/?s={search_term_string}"},"query-input":{"@type":"PropertyValueSpecification","valueRequired":true,"valueName":"search_term_string"}}],"inLanguage":"lv-LV"},{"@type":"Organization","@id":"https:\/\/soolaladu.ee\/#organization","name":"Andrese Soolaladu O\u00dc","url":"https:\/\/soolaladu.ee\/","logo":{"@type":"ImageObject","inLanguage":"lv-LV","@id":"https:\/\/soolaladu.ee\/#\/schema\/logo\/image\/","url":"","contentUrl":"","caption":"Andrese Soolaladu O\u00dc"},"image":{"@id":"https:\/\/soolaladu.ee\/#\/schema\/logo\/image\/"},"sameAs":["https:\/\/www.linkedin.com\/in\/andrei-kirejenkov-414930117\/?originalSubdomain=ee","https:\/\/www.youtube.com\/watch?time_continue=68&amp;amp;v=XC3sMbgpKbk&amp;amp;feature=emb_title"]}]}},"_links":{"self":[{"href":"https:\/\/soolaladu.ee\/lv\/wp-json\/wp\/v2\/product\/21792","targetHints":{"allow":["GET"]}}],"collection":[{"href":"https:\/\/soolaladu.ee\/lv\/wp-json\/wp\/v2\/product"}],"about":[{"href":"https:\/\/soolaladu.ee\/lv\/wp-json\/wp\/v2\/types\/product"}],"wp:featuredmedia":[{"embeddable":true,"href":"https:\/\/soolaladu.ee\/lv\/wp-json\/wp\/v2\/media\/21794"}],"wp:attachment":[{"href":"https:\/\/soolaladu.ee\/lv\/wp-json\/wp\/v2\/media?parent=21792"}],"wp:term":[{"taxonomy":"product_brand","embeddable":true,"href":"https:\/\/soolaladu.ee\/lv\/wp-json\/wp\/v2\/product_brand?post=21792"},{"taxonomy":"product_cat","embeddable":true,"href":"https:\/\/soolaladu.ee\/lv\/wp-json\/wp\/v2\/product_cat?post=21792"},{"taxonomy":"product_tag","embeddable":true,"href":"https:\/\/soolaladu.ee\/lv\/wp-json\/wp\/v2\/product_tag?post=21792"}],"curies":[{"name":"wp","href":"https:\/\/api.w.org\/{rel}","templated":true}]}}