{"id":21787,"date":"2020-05-15T11:28:10","date_gmt":"2020-05-15T08:28:10","guid":{"rendered":"https:\/\/soolaladu.ee\/?post_type=product&#038;p=21787"},"modified":"2021-02-04T15:34:28","modified_gmt":"2021-02-04T13:34:28","slug":"laizama-sals-brikete-ekstra","status":"publish","type":"product","link":"https:\/\/soolaladu.ee\/lv\/toode\/laizama-sals-brikete-ekstra\/","title":{"rendered":"Laiz\u0101m\u0101 s\u0101ls brikete, ekstra"},"content":{"rendered":"<p>Loomade k\u00f5rge produktiivsuse tagamiseks on vajalik rohke mineraalide tarbimine. Varustades loomi vajaliku koguse mineraalidega, saab tagada k\u00f5rged tulemused piimatootmises, paljunemises, spordis ja karja nuumamises. SOLSEL Extra 1\/3 mineraalsoolaplokke kasutavad loomaomanikud, kelle jaoks on loomad majanduslikult v\u00e4\u00e4rtuslikud. Teatud piirkondades, n\u00e4iteks m\u00e4gikarjamaadel karjatatavaid noori veiseid, lakteerivaid lehmi, v\u00f5idus\u00f5iduhobuseid v\u00f5i teisi loomi \u00e4hvardab toitainetevaegus kas nende raske t\u00f6\u00f6 v\u00f5i tarbitava toidu madala mineraalainesisalduse t\u00f5ttu.<\/p>\n<p>SOLSEL Extra 1\/3 mineraalsoolaplokk oli spetsiaalselt v\u00e4lja t\u00f6\u00f6tatud s\u00f6\u00f6tmise h\u00f5lbustamiseks. See sool katab 1\/3 loomade p\u00e4evasest vajadusest selliste oluliste mikroelementide j\u00e4rele nagu tsink, mangaan,<br \/>\nraud, jood, vask ja seleen. Tuleb kinni pidada maksimaalsetest soovitatud kogustest.<\/p>\n<hr \/>\n<p><strong>Kasutamine:<\/strong><\/p>\n<p>SOLSEL Extra 1\/3 mineraalsoolaplokke kasutatakse veiste, hobuste, sigade ja muude loomade toitmiseks, kes vajavad oma toidus palju mineraalaineid.<\/p>\n<hr \/>\n<p style=\"text-align: left;\"><strong>Pakend: \u00a0\u00a0\u00a0\u00a0\u00a0\u00a0\u00a0\u00a0\u00a0\u00a0\u00a0\u00a0\u00a0\u00a0\u00a0 <\/strong><\/p>\n<p>\u00a0&#8211; 10 kg soolaplokid, m\u00f5\u00f5tmed 185x185x155 mm, ava l\u00e4bim\u00f5\u00f5t 30 mm, 96 tk EURO kaubaalusel<\/p>\n<hr \/>\n<p>&nbsp;<\/p>\n<table style=\"width: 840px; height: 365px;\">\n<tbody>\n<tr>\n<th>\n<p style=\"text-align: left;\"><strong>Peamised keemilised n\u00e4itajad:<\/strong><\/p>\n<\/th>\n<th style=\"text-align: left;\"><strong>Norm<\/strong><\/th>\n<\/tr>\n<tr>\n<td>Naatriumkloriid (NaCl)<\/td>\n<td>94%<\/td>\n<\/tr>\n<tr>\n<td>Kaltsiumkarbonaat<\/td>\n<td>2,2%<\/td>\n<\/tr>\n<tr>\n<td>Naatrium (Na)<\/td>\n<td>37%<\/td>\n<\/tr>\n<tr>\n<td>Kaltsium<\/td>\n<td>1,2 %<\/td>\n<\/tr>\n<tr>\n<td>Magneesium<\/td>\n<td>0,1%<\/td>\n<\/tr>\n<tr>\n<td>Fosfor<\/td>\n<td>0,0%<\/td>\n<\/tr>\n<tr>\n<td>S\u00f6\u00f6da toidulisandid:<\/td>\n<td><\/td>\n<\/tr>\n<tr>\n<td>Tsink (tsinkoksiid)<\/td>\n<td>8250 mg\/kg<\/td>\n<\/tr>\n<tr>\n<td>Mangaan (mangaan (II) oksiid)<\/td>\n<td>6600 mg\/kg<\/td>\n<\/tr>\n<tr>\n<td>Vask (vaskoksiid)<\/td>\n<td>1100 mg\/kg<\/td>\n<\/tr>\n<tr>\n<td>Raud (raud (III) oksiid)<\/td>\n<td>560 mg\/kg<\/td>\n<\/tr>\n<tr>\n<td>Jood (kaltsiumjodaat)<\/td>\n<td>100 mg\/kg<\/td>\n<\/tr>\n<tr>\n<td>Seleen (naatriumseleniit)<\/td>\n<td>25 mg\/kg<\/td>\n<\/tr>\n<\/tbody>\n<\/table>\n<p>&nbsp;<\/p>\n<p>Rohkem informatsiooni leiate tootja kodulehelt: <a href=\"https:\/\/www.solsel.de\/en\/products\/wild\/\">https:\/\/www.solsel.de\/en\/products\/wild\/<\/a><\/p>\n<p>&nbsp;<\/p>\n<p>&nbsp;<\/p>\n","protected":false},"excerpt":{"rendered":"<p>Loomade k\u00f5rge produktiivsuse tagamiseks on vajalik rohke mineraalide tarbimine. Varustades loomi vajaliku koguse mineraalidega, saab tagada k\u00f5rged tulemused piimatootmises, paljunemises, spordis ja karja nuumamises. SOLSEL Extra 1\/3 mineraalsoolaplokke kasutavad loomaomanikud,  <\/p>\n","protected":false},"featured_media":21789,"template":"","meta":{"om_disable_all_campaigns":false,"_monsterinsights_skip_tracking":false,"_monsterinsights_sitenote_active":false,"_monsterinsights_sitenote_note":"","_monsterinsights_sitenote_category":0},"product_brand":[],"product_cat":[533,537,551],"product_tag":[],"class_list":{"0":"post-21787","1":"product","2":"type-product","3":"status-publish","4":"has-post-thumbnail","6":"product_cat-sals","7":"product_cat-lauksaimniecibas-sals","8":"product_cat-laizamas-sals-briketes","10":"first","11":"instock","12":"taxable","13":"shipping-taxable","14":"product-type-simple"},"yoast_head":"<!-- This site is optimized with the Yoast SEO plugin v24.6 - https:\/\/yoast.com\/wordpress\/plugins\/seo\/ -->\n<title>Laiz\u0101m\u0101 s\u0101ls brikete, ekstra &#8211; Andrese Soolaladu<\/title>\n<meta name=\"robots\" content=\"index, follow, max-snippet:-1, max-image-preview:large, max-video-preview:-1\" \/>\n<link rel=\"canonical\" href=\"https:\/\/soolaladu.ee\/toode\/lakukivi-ekstra\/\" \/>\n<meta property=\"og:locale\" content=\"lv_LV\" \/>\n<meta property=\"og:type\" content=\"article\" \/>\n<meta property=\"og:title\" content=\"Laiz\u0101m\u0101 s\u0101ls brikete, ekstra &#8211; Andrese Soolaladu\" \/>\n<meta property=\"og:description\" content=\"Loomade k\u00f5rge produktiivsuse tagamiseks on vajalik rohke mineraalide tarbimine. Varustades loomi vajaliku koguse mineraalidega, saab tagada k\u00f5rged tulemused piimatootmises, paljunemises, spordis ja karja nuumamises. SOLSEL Extra 1\/3 mineraalsoolaplokke kasutavad loomaomanikud,\" \/>\n<meta property=\"og:url\" content=\"https:\/\/soolaladu.ee\/toode\/lakukivi-ekstra\/\" \/>\n<meta property=\"og:site_name\" content=\"Andrese Soolaladu\" \/>\n<meta property=\"article:modified_time\" content=\"2021-02-04T13:34:28+00:00\" \/>\n<meta property=\"og:image\" content=\"https:\/\/soolaladu.ee\/wp-content\/uploads\/2020\/05\/Lakukivi_Extra.jpg\" \/>\n\t<meta property=\"og:image:width\" content=\"1250\" \/>\n\t<meta property=\"og:image:height\" content=\"1250\" \/>\n\t<meta property=\"og:image:type\" content=\"image\/jpeg\" \/>\n<meta name=\"twitter:card\" content=\"summary_large_image\" \/>\n<meta name=\"twitter:label1\" content=\"Est. reading time\" \/>\n\t<meta name=\"twitter:data1\" content=\"1 minute\" \/>\n<script type=\"application\/ld+json\" class=\"yoast-schema-graph\">{\"@context\":\"https:\/\/schema.org\",\"@graph\":[{\"@type\":\"WebPage\",\"@id\":\"https:\/\/soolaladu.ee\/toode\/lakukivi-ekstra\/\",\"url\":\"https:\/\/soolaladu.ee\/toode\/lakukivi-ekstra\/\",\"name\":\"Laiz\u0101m\u0101 s\u0101ls brikete, ekstra &#8211; Andrese Soolaladu\",\"isPartOf\":{\"@id\":\"https:\/\/soolaladu.ee\/#website\"},\"primaryImageOfPage\":{\"@id\":\"https:\/\/soolaladu.ee\/toode\/lakukivi-ekstra\/#primaryimage\"},\"image\":{\"@id\":\"https:\/\/soolaladu.ee\/toode\/lakukivi-ekstra\/#primaryimage\"},\"thumbnailUrl\":\"https:\/\/soolaladu.ee\/wp-content\/uploads\/2020\/05\/Lakukivi_Extra.jpg\",\"datePublished\":\"2020-05-15T08:28:10+00:00\",\"dateModified\":\"2021-02-04T13:34:28+00:00\",\"breadcrumb\":{\"@id\":\"https:\/\/soolaladu.ee\/toode\/lakukivi-ekstra\/#breadcrumb\"},\"inLanguage\":\"lv-LV\",\"potentialAction\":[{\"@type\":\"ReadAction\",\"target\":[\"https:\/\/soolaladu.ee\/toode\/lakukivi-ekstra\/\"]}]},{\"@type\":\"ImageObject\",\"inLanguage\":\"lv-LV\",\"@id\":\"https:\/\/soolaladu.ee\/toode\/lakukivi-ekstra\/#primaryimage\",\"url\":\"https:\/\/soolaladu.ee\/wp-content\/uploads\/2020\/05\/Lakukivi_Extra.jpg\",\"contentUrl\":\"https:\/\/soolaladu.ee\/wp-content\/uploads\/2020\/05\/Lakukivi_Extra.jpg\",\"width\":1250,\"height\":1250},{\"@type\":\"BreadcrumbList\",\"@id\":\"https:\/\/soolaladu.ee\/toode\/lakukivi-ekstra\/#breadcrumb\",\"itemListElement\":[{\"@type\":\"ListItem\",\"position\":1,\"name\":\"S\u0101kums\",\"item\":\"https:\/\/soolaladu.ee\/lv\/\"},{\"@type\":\"ListItem\",\"position\":2,\"name\":\"Tooted\",\"item\":\"https:\/\/soolaladu.ee\/tooted\/\"},{\"@type\":\"ListItem\",\"position\":3,\"name\":\"Laiz\u0101m\u0101 s\u0101ls brikete, ekstra\"}]},{\"@type\":\"WebSite\",\"@id\":\"https:\/\/soolaladu.ee\/#website\",\"url\":\"https:\/\/soolaladu.ee\/\",\"name\":\"Andrese Soolaladu\",\"description\":\"Suurim soola tarnija Eestis ja Baltimaades\",\"publisher\":{\"@id\":\"https:\/\/soolaladu.ee\/#organization\"},\"potentialAction\":[{\"@type\":\"SearchAction\",\"target\":{\"@type\":\"EntryPoint\",\"urlTemplate\":\"https:\/\/soolaladu.ee\/?s={search_term_string}\"},\"query-input\":{\"@type\":\"PropertyValueSpecification\",\"valueRequired\":true,\"valueName\":\"search_term_string\"}}],\"inLanguage\":\"lv-LV\"},{\"@type\":\"Organization\",\"@id\":\"https:\/\/soolaladu.ee\/#organization\",\"name\":\"Andrese Soolaladu O\u00dc\",\"url\":\"https:\/\/soolaladu.ee\/\",\"logo\":{\"@type\":\"ImageObject\",\"inLanguage\":\"lv-LV\",\"@id\":\"https:\/\/soolaladu.ee\/#\/schema\/logo\/image\/\",\"url\":\"\",\"contentUrl\":\"\",\"caption\":\"Andrese Soolaladu O\u00dc\"},\"image\":{\"@id\":\"https:\/\/soolaladu.ee\/#\/schema\/logo\/image\/\"},\"sameAs\":[\"https:\/\/www.linkedin.com\/in\/andrei-kirejenkov-414930117\/?originalSubdomain=ee\",\"https:\/\/www.youtube.com\/watch?time_continue=68&amp;amp;v=XC3sMbgpKbk&amp;amp;feature=emb_title\"]}]}<\/script>\n<!-- \/ Yoast SEO plugin. -->","yoast_head_json":{"title":"Laiz\u0101m\u0101 s\u0101ls brikete, ekstra &#8211; Andrese Soolaladu","robots":{"index":"index","follow":"follow","max-snippet":"max-snippet:-1","max-image-preview":"max-image-preview:large","max-video-preview":"max-video-preview:-1"},"canonical":"https:\/\/soolaladu.ee\/toode\/lakukivi-ekstra\/","og_locale":"lv_LV","og_type":"article","og_title":"Laiz\u0101m\u0101 s\u0101ls brikete, ekstra &#8211; Andrese Soolaladu","og_description":"Loomade k\u00f5rge produktiivsuse tagamiseks on vajalik rohke mineraalide tarbimine. Varustades loomi vajaliku koguse mineraalidega, saab tagada k\u00f5rged tulemused piimatootmises, paljunemises, spordis ja karja nuumamises. SOLSEL Extra 1\/3 mineraalsoolaplokke kasutavad loomaomanikud,","og_url":"https:\/\/soolaladu.ee\/toode\/lakukivi-ekstra\/","og_site_name":"Andrese Soolaladu","article_modified_time":"2021-02-04T13:34:28+00:00","og_image":[{"width":1250,"height":1250,"url":"https:\/\/soolaladu.ee\/wp-content\/uploads\/2020\/05\/Lakukivi_Extra.jpg","type":"image\/jpeg"}],"twitter_card":"summary_large_image","twitter_misc":{"Est. reading time":"1 minute"},"schema":{"@context":"https:\/\/schema.org","@graph":[{"@type":"WebPage","@id":"https:\/\/soolaladu.ee\/toode\/lakukivi-ekstra\/","url":"https:\/\/soolaladu.ee\/toode\/lakukivi-ekstra\/","name":"Laiz\u0101m\u0101 s\u0101ls brikete, ekstra &#8211; Andrese Soolaladu","isPartOf":{"@id":"https:\/\/soolaladu.ee\/#website"},"primaryImageOfPage":{"@id":"https:\/\/soolaladu.ee\/toode\/lakukivi-ekstra\/#primaryimage"},"image":{"@id":"https:\/\/soolaladu.ee\/toode\/lakukivi-ekstra\/#primaryimage"},"thumbnailUrl":"https:\/\/soolaladu.ee\/wp-content\/uploads\/2020\/05\/Lakukivi_Extra.jpg","datePublished":"2020-05-15T08:28:10+00:00","dateModified":"2021-02-04T13:34:28+00:00","breadcrumb":{"@id":"https:\/\/soolaladu.ee\/toode\/lakukivi-ekstra\/#breadcrumb"},"inLanguage":"lv-LV","potentialAction":[{"@type":"ReadAction","target":["https:\/\/soolaladu.ee\/toode\/lakukivi-ekstra\/"]}]},{"@type":"ImageObject","inLanguage":"lv-LV","@id":"https:\/\/soolaladu.ee\/toode\/lakukivi-ekstra\/#primaryimage","url":"https:\/\/soolaladu.ee\/wp-content\/uploads\/2020\/05\/Lakukivi_Extra.jpg","contentUrl":"https:\/\/soolaladu.ee\/wp-content\/uploads\/2020\/05\/Lakukivi_Extra.jpg","width":1250,"height":1250},{"@type":"BreadcrumbList","@id":"https:\/\/soolaladu.ee\/toode\/lakukivi-ekstra\/#breadcrumb","itemListElement":[{"@type":"ListItem","position":1,"name":"S\u0101kums","item":"https:\/\/soolaladu.ee\/lv\/"},{"@type":"ListItem","position":2,"name":"Tooted","item":"https:\/\/soolaladu.ee\/tooted\/"},{"@type":"ListItem","position":3,"name":"Laiz\u0101m\u0101 s\u0101ls brikete, ekstra"}]},{"@type":"WebSite","@id":"https:\/\/soolaladu.ee\/#website","url":"https:\/\/soolaladu.ee\/","name":"Andrese Soolaladu","description":"Suurim soola tarnija Eestis ja Baltimaades","publisher":{"@id":"https:\/\/soolaladu.ee\/#organization"},"potentialAction":[{"@type":"SearchAction","target":{"@type":"EntryPoint","urlTemplate":"https:\/\/soolaladu.ee\/?s={search_term_string}"},"query-input":{"@type":"PropertyValueSpecification","valueRequired":true,"valueName":"search_term_string"}}],"inLanguage":"lv-LV"},{"@type":"Organization","@id":"https:\/\/soolaladu.ee\/#organization","name":"Andrese Soolaladu O\u00dc","url":"https:\/\/soolaladu.ee\/","logo":{"@type":"ImageObject","inLanguage":"lv-LV","@id":"https:\/\/soolaladu.ee\/#\/schema\/logo\/image\/","url":"","contentUrl":"","caption":"Andrese Soolaladu O\u00dc"},"image":{"@id":"https:\/\/soolaladu.ee\/#\/schema\/logo\/image\/"},"sameAs":["https:\/\/www.linkedin.com\/in\/andrei-kirejenkov-414930117\/?originalSubdomain=ee","https:\/\/www.youtube.com\/watch?time_continue=68&amp;amp;v=XC3sMbgpKbk&amp;amp;feature=emb_title"]}]}},"_links":{"self":[{"href":"https:\/\/soolaladu.ee\/lv\/wp-json\/wp\/v2\/product\/21787","targetHints":{"allow":["GET"]}}],"collection":[{"href":"https:\/\/soolaladu.ee\/lv\/wp-json\/wp\/v2\/product"}],"about":[{"href":"https:\/\/soolaladu.ee\/lv\/wp-json\/wp\/v2\/types\/product"}],"wp:featuredmedia":[{"embeddable":true,"href":"https:\/\/soolaladu.ee\/lv\/wp-json\/wp\/v2\/media\/21789"}],"wp:attachment":[{"href":"https:\/\/soolaladu.ee\/lv\/wp-json\/wp\/v2\/media?parent=21787"}],"wp:term":[{"taxonomy":"product_brand","embeddable":true,"href":"https:\/\/soolaladu.ee\/lv\/wp-json\/wp\/v2\/product_brand?post=21787"},{"taxonomy":"product_cat","embeddable":true,"href":"https:\/\/soolaladu.ee\/lv\/wp-json\/wp\/v2\/product_cat?post=21787"},{"taxonomy":"product_tag","embeddable":true,"href":"https:\/\/soolaladu.ee\/lv\/wp-json\/wp\/v2\/product_tag?post=21787"}],"curies":[{"name":"wp","href":"https:\/\/api.w.org\/{rel}","templated":true}]}}