{"id":21783,"date":"2020-07-01T10:14:30","date_gmt":"2020-07-01T07:14:30","guid":{"rendered":"https:\/\/soolaladu.ee\/?post_type=product&#038;p=21783"},"modified":"2021-02-04T15:35:51","modified_gmt":"2021-02-04T13:35:51","slug":"smalkais-lopbaribas-akmens-sals","status":"publish","type":"product","link":"https:\/\/soolaladu.ee\/lv\/toode\/smalkais-lopbaribas-akmens-sals\/","title":{"rendered":"Smalkais lopbar\u012bbas akmens s\u0101ls"},"content":{"rendered":"<p>K+S kvaliteetset looduslikku kivisoola kasutatakse ja soovitatakse kasutada loomas\u00f6\u00f6das s\u00f6\u00f6danaatriumkloriidina (NaCl). Naatriumkloriidi (NaCl) sisaldus on v\u00e4hemalt 99%.<\/p>\n<p>Granulomeetria j\u00e4rgi on v\u00f5imalik toota j\u00e4rgmist t\u00fc\u00fcpi s\u00f6\u00f6dakivisoola, mis v\u00f5imaldab seda lisada eranditult k\u00f5igile loomadele ja lindudele m\u00f5eldud s\u00f6\u00f6da sisse:<\/p>\n<p><strong>0,7 \u2013 0,16 mm; \u00a0\u00a0 <\/strong>2,3 \u2013 0,4 mm; \u00a0\u00a0\u00a0\u00a0\u00a0 3,5 \u2013 1,5 mm;<\/p>\n<p>1,4 \u2013 0,16 mm;\u00a0\u00a0\u00a0 2,3 \u2013 0,8 mm;<\/p>\n<p>1,4 \u2013 0,4 mm;\u00a0\u00a0\u00a0\u00a0 3,2 \u2013 0,4 mm;<\/p>\n<p>2,3 \u2013 0,2 mm;\u00a0\u00a0\u00a0\u00a0 3,2 \u2013 0,8 mm;<strong>\u00a0\u00a0\u00a0\u00a0\u00a0\u00a0\u00a0\u00a0\u00a0\u00a0\u00a0\u00a0\u00a0\u00a0\u00a0\u00a0\u00a0\u00a0\u00a0\u00a0\u00a0\u00a0 <\/strong><\/p>\n<p>S\u00f6\u00f6gi kivisoola K+S saab valmistada nii koos paakumisvastase lisandiga (E-535) kui ka ilma. K+S s\u00f6\u00f6dasool sobib mahep\u00f5llumajanduseks vastavalt Euroopa Liidu m\u00e4\u00e4rustele 834\/2007 ja 889\/2008. Loomakasvatuseks m\u00f5eldud sool kuulub mineraalsete lisandite hulka, ja seda kasutatakse s\u00f6\u00f6daratsiooni rikastamiseks naatriumi ja klooriga.<\/p>\n<p>Sool on h\u00e4davajalik suure piimatoodangu, hea paljundamise ning luukoe ja villa \u00f5ige arengu jaoks. See peaks sisalduma k\u00f5igi loomade toidus. Sool stimuleerib seedimist ja parandab toitainete imendumist organismi. Sool on vajalik, et s\u00e4ilitada normaalne vere ja l\u00fcmfi osmootne r\u00f5hk, ning samuti osaleb see pH keskkonna (vere, l\u00fcmfi, maomahla) ning vee ja soola tasakaalu reguleerimises.<\/p>\n<p>Kloor on vajalik soolhappe moodustumiseks loomade maos, mis kiirendab valkude paisumist, muudab need seedetrakti ens\u00fc\u00fcmide jaoks k\u00e4ttesaadavamaks, h\u00f5lbustab normaalsetes tingimustes halvasti lahustuvate mineraalide (kaltsiumfosfaadid, raua kompleks\u00fchendid) lahustumist ja m\u00f5jub v\u00f5\u00f5rale mikrofloorale steriliseerivalt.<\/p>\n<p><u>Naatrium <\/u>hoiab rakkudes osmootset r\u00f5hku, reguleerib veetasakaalu ja m\u00e4ngib olulist rolli n\u00e4rviimpulsside \u00fclekandmisel ja lihaskiudude kokkut\u00f5mbumisel.<\/p>\n<p><u>Magneesium <\/u>on h\u00e4davajalik lihaste funktsioneerimiseks ja luude kujunemiseks. Samuti aktiveerib see ens\u00fc\u00fcme, mis on seotud \u00a0energia ainevahetusega.<\/p>\n<p><u>Kaltsium<\/u> on seotud n\u00e4rviimpulsside \u00fclekandega ja on luus\u00fcsteemi moodustumise lahutamatu osa. See piimas sisalduv v\u00e4\u00e4rtuslik mineraalaine on h\u00e4davajalik ka imetamise ajal.<\/p>\n<p><u>Vask,<\/u> mis on paljude valkude ja ens\u00fc\u00fcmide ehitusmaterjaliks, osaleb ka loomade arvukates ainevahetusprotsessides.<\/p>\n<p><u>Tsinki<\/u> kasutatakse valkude, s\u00fcsivesikute ja rasvade ainevahetuses. See stabiliseerib rakumembraane, ning<br \/>\nsamuti on see insuliinihormooni \u00fcheks koostisosaks.<\/p>\n<p>Soolapuudus p\u00f5hjustab s\u00f6\u00f6giisu v\u00e4henemist, mis omakorda viib nuumamise ajal kaaluiibe v\u00e4henemiseni, piima saagikuse ja selle kvaliteedi languseni ning looma immuunsuse halvenemiseni. Loomapidamise valdkonna jaoks on soola olulisteks omadusteks selle pikk ladustamisaeg, v\u00e4ga madal h\u00fcgroskoopsus ja hea rabedus.<\/p>\n<hr \/>\n<p><strong>Kasutamine:<\/strong><\/p>\n<p>Loomakasvatuseks m\u00f5eldud kivisoola kasutatakse veistele, kodulindudele ja karusloomadele mineraalide s\u00f6\u00f6tmiseks, ning samuti t\u00e4is- ja kontsentreeritud s\u00f6\u00f6da koostisosana ning valgu- ja vitamiinilisandite tootmisel.<\/p>\n<hr \/>\n<p style=\"text-align: left;\"><strong>Pakend: \u00a0\u00a0\u00a0\u00a0\u00a0\u00a0\u00a0\u00a0\u00a0\u00a0\u00a0\u00a0\u00a0\u00a0\u00a0 <\/strong><\/p>\n<p>&#8211; kilest kotid, 25 kg<\/p>\n<p>&#8211; pol\u00fcprop\u00fcleenist kotid, 1000 kg (big bag)<\/p>\n<p>&#8211; puistena<\/p>\n<hr \/>\n<p>&nbsp;<\/p>\n<p>&nbsp;<\/p>\n<table width=\"840\">\n<tbody>\n<tr>\n<td><strong>Peamised keemilised n\u00e4itajad:<\/strong><\/td>\n<td><strong>Norm<\/strong><\/td>\n<\/tr>\n<tr>\n<td>Naatriumkloriid (NaCl)<\/td>\n<td>99%<\/td>\n<\/tr>\n<tr>\n<td>Naatrium (Na)<\/td>\n<td>38,9%<\/td>\n<\/tr>\n<tr>\n<td>Kaltsium + magneesium (Ca+Mg)<\/td>\n<td>0,3%<\/td>\n<\/tr>\n<tr>\n<td>Sulfaat (SO<sub>4<\/sub>)<\/td>\n<td>0,7%<\/td>\n<\/tr>\n<\/tbody>\n<\/table>\n<p>&nbsp;<\/p>\n<p>Lisainformatsiooni leiab tootja kodulehelt: <u><a href=\"https:\/\/www.kpluss.com\/en-us\/our-business-products\/industry\/industrial-products\/feed-salt\/\">https:\/\/www.kpluss.com\/en-us\/our-business-products\/industry\/industrial-products\/feed-salt\/<\/a><\/u><\/p>\n","protected":false},"excerpt":{"rendered":"<p>K+S kvaliteetset looduslikku kivisoola kasutatakse ja soovitatakse kasutada loomas\u00f6\u00f6das s\u00f6\u00f6danaatriumkloriidina (NaCl). Naatriumkloriidi (NaCl) sisaldus on v\u00e4hemalt 99%. Granulomeetria j\u00e4rgi on v\u00f5imalik toota j\u00e4rgmist t\u00fc\u00fcpi s\u00f6\u00f6dakivisoola, mis v\u00f5imaldab seda lisada eranditult  <\/p>\n","protected":false},"featured_media":21784,"template":"","meta":{"om_disable_all_campaigns":false,"_monsterinsights_skip_tracking":false,"_monsterinsights_sitenote_active":false,"_monsterinsights_sitenote_note":"","_monsterinsights_sitenote_category":0},"product_brand":[],"product_cat":[533,537,550],"product_tag":[],"class_list":{"0":"post-21783","1":"product","2":"type-product","3":"status-publish","4":"has-post-thumbnail","6":"product_cat-sals","7":"product_cat-lauksaimniecibas-sals","8":"product_cat-dabiskais-lopbaribas-akmens-sals","10":"first","11":"instock","12":"taxable","13":"shipping-taxable","14":"product-type-simple"},"yoast_head":"<!-- This site is optimized with the Yoast SEO plugin v24.6 - https:\/\/yoast.com\/wordpress\/plugins\/seo\/ -->\n<title>Smalkais lopbar\u012bbas akmens s\u0101ls &#8211; Andrese Soolaladu<\/title>\n<meta name=\"robots\" content=\"index, follow, max-snippet:-1, max-image-preview:large, max-video-preview:-1\" \/>\n<link rel=\"canonical\" href=\"https:\/\/soolaladu.ee\/toode\/peeneteraline-looma-kivisool\/\" \/>\n<meta property=\"og:locale\" content=\"lv_LV\" \/>\n<meta property=\"og:type\" content=\"article\" \/>\n<meta property=\"og:title\" content=\"Smalkais lopbar\u012bbas akmens s\u0101ls &#8211; Andrese Soolaladu\" \/>\n<meta property=\"og:description\" content=\"K+S kvaliteetset looduslikku kivisoola kasutatakse ja soovitatakse kasutada loomas\u00f6\u00f6das s\u00f6\u00f6danaatriumkloriidina (NaCl). Naatriumkloriidi (NaCl) sisaldus on v\u00e4hemalt 99%. Granulomeetria j\u00e4rgi on v\u00f5imalik toota j\u00e4rgmist t\u00fc\u00fcpi s\u00f6\u00f6dakivisoola, mis v\u00f5imaldab seda lisada eranditult\" \/>\n<meta property=\"og:url\" content=\"https:\/\/soolaladu.ee\/toode\/peeneteraline-looma-kivisool\/\" \/>\n<meta property=\"og:site_name\" content=\"Andrese Soolaladu\" \/>\n<meta property=\"article:modified_time\" content=\"2021-02-04T13:35:51+00:00\" \/>\n<meta property=\"og:image\" content=\"https:\/\/soolaladu.ee\/wp-content\/uploads\/2020\/07\/IMG_1756.jpg\" \/>\n\t<meta property=\"og:image:width\" content=\"2016\" \/>\n\t<meta property=\"og:image:height\" content=\"1512\" \/>\n\t<meta property=\"og:image:type\" content=\"image\/jpeg\" \/>\n<meta name=\"twitter:card\" content=\"summary_large_image\" \/>\n<meta name=\"twitter:label1\" content=\"Est. reading time\" \/>\n\t<meta name=\"twitter:data1\" content=\"2 minutes\" \/>\n<script type=\"application\/ld+json\" class=\"yoast-schema-graph\">{\"@context\":\"https:\/\/schema.org\",\"@graph\":[{\"@type\":\"WebPage\",\"@id\":\"https:\/\/soolaladu.ee\/toode\/peeneteraline-looma-kivisool\/\",\"url\":\"https:\/\/soolaladu.ee\/toode\/peeneteraline-looma-kivisool\/\",\"name\":\"Smalkais lopbar\u012bbas akmens s\u0101ls &#8211; Andrese Soolaladu\",\"isPartOf\":{\"@id\":\"https:\/\/soolaladu.ee\/#website\"},\"primaryImageOfPage\":{\"@id\":\"https:\/\/soolaladu.ee\/toode\/peeneteraline-looma-kivisool\/#primaryimage\"},\"image\":{\"@id\":\"https:\/\/soolaladu.ee\/toode\/peeneteraline-looma-kivisool\/#primaryimage\"},\"thumbnailUrl\":\"https:\/\/soolaladu.ee\/wp-content\/uploads\/2020\/07\/IMG_1756.jpg\",\"datePublished\":\"2020-07-01T07:14:30+00:00\",\"dateModified\":\"2021-02-04T13:35:51+00:00\",\"breadcrumb\":{\"@id\":\"https:\/\/soolaladu.ee\/toode\/peeneteraline-looma-kivisool\/#breadcrumb\"},\"inLanguage\":\"lv-LV\",\"potentialAction\":[{\"@type\":\"ReadAction\",\"target\":[\"https:\/\/soolaladu.ee\/toode\/peeneteraline-looma-kivisool\/\"]}]},{\"@type\":\"ImageObject\",\"inLanguage\":\"lv-LV\",\"@id\":\"https:\/\/soolaladu.ee\/toode\/peeneteraline-looma-kivisool\/#primaryimage\",\"url\":\"https:\/\/soolaladu.ee\/wp-content\/uploads\/2020\/07\/IMG_1756.jpg\",\"contentUrl\":\"https:\/\/soolaladu.ee\/wp-content\/uploads\/2020\/07\/IMG_1756.jpg\",\"width\":2016,\"height\":1512},{\"@type\":\"BreadcrumbList\",\"@id\":\"https:\/\/soolaladu.ee\/toode\/peeneteraline-looma-kivisool\/#breadcrumb\",\"itemListElement\":[{\"@type\":\"ListItem\",\"position\":1,\"name\":\"S\u0101kums\",\"item\":\"https:\/\/soolaladu.ee\/lv\/\"},{\"@type\":\"ListItem\",\"position\":2,\"name\":\"Tooted\",\"item\":\"https:\/\/soolaladu.ee\/tooted\/\"},{\"@type\":\"ListItem\",\"position\":3,\"name\":\"Smalkais lopbar\u012bbas akmens s\u0101ls\"}]},{\"@type\":\"WebSite\",\"@id\":\"https:\/\/soolaladu.ee\/#website\",\"url\":\"https:\/\/soolaladu.ee\/\",\"name\":\"Andrese Soolaladu\",\"description\":\"Suurim soola tarnija Eestis ja Baltimaades\",\"publisher\":{\"@id\":\"https:\/\/soolaladu.ee\/#organization\"},\"potentialAction\":[{\"@type\":\"SearchAction\",\"target\":{\"@type\":\"EntryPoint\",\"urlTemplate\":\"https:\/\/soolaladu.ee\/?s={search_term_string}\"},\"query-input\":{\"@type\":\"PropertyValueSpecification\",\"valueRequired\":true,\"valueName\":\"search_term_string\"}}],\"inLanguage\":\"lv-LV\"},{\"@type\":\"Organization\",\"@id\":\"https:\/\/soolaladu.ee\/#organization\",\"name\":\"Andrese Soolaladu O\u00dc\",\"url\":\"https:\/\/soolaladu.ee\/\",\"logo\":{\"@type\":\"ImageObject\",\"inLanguage\":\"lv-LV\",\"@id\":\"https:\/\/soolaladu.ee\/#\/schema\/logo\/image\/\",\"url\":\"\",\"contentUrl\":\"\",\"caption\":\"Andrese Soolaladu O\u00dc\"},\"image\":{\"@id\":\"https:\/\/soolaladu.ee\/#\/schema\/logo\/image\/\"},\"sameAs\":[\"https:\/\/www.linkedin.com\/in\/andrei-kirejenkov-414930117\/?originalSubdomain=ee\",\"https:\/\/www.youtube.com\/watch?time_continue=68&amp;amp;v=XC3sMbgpKbk&amp;amp;feature=emb_title\"]}]}<\/script>\n<!-- \/ Yoast SEO plugin. -->","yoast_head_json":{"title":"Smalkais lopbar\u012bbas akmens s\u0101ls &#8211; Andrese Soolaladu","robots":{"index":"index","follow":"follow","max-snippet":"max-snippet:-1","max-image-preview":"max-image-preview:large","max-video-preview":"max-video-preview:-1"},"canonical":"https:\/\/soolaladu.ee\/toode\/peeneteraline-looma-kivisool\/","og_locale":"lv_LV","og_type":"article","og_title":"Smalkais lopbar\u012bbas akmens s\u0101ls &#8211; Andrese Soolaladu","og_description":"K+S kvaliteetset looduslikku kivisoola kasutatakse ja soovitatakse kasutada loomas\u00f6\u00f6das s\u00f6\u00f6danaatriumkloriidina (NaCl). Naatriumkloriidi (NaCl) sisaldus on v\u00e4hemalt 99%. Granulomeetria j\u00e4rgi on v\u00f5imalik toota j\u00e4rgmist t\u00fc\u00fcpi s\u00f6\u00f6dakivisoola, mis v\u00f5imaldab seda lisada eranditult","og_url":"https:\/\/soolaladu.ee\/toode\/peeneteraline-looma-kivisool\/","og_site_name":"Andrese Soolaladu","article_modified_time":"2021-02-04T13:35:51+00:00","og_image":[{"width":2016,"height":1512,"url":"https:\/\/soolaladu.ee\/wp-content\/uploads\/2020\/07\/IMG_1756.jpg","type":"image\/jpeg"}],"twitter_card":"summary_large_image","twitter_misc":{"Est. reading time":"2 minutes"},"schema":{"@context":"https:\/\/schema.org","@graph":[{"@type":"WebPage","@id":"https:\/\/soolaladu.ee\/toode\/peeneteraline-looma-kivisool\/","url":"https:\/\/soolaladu.ee\/toode\/peeneteraline-looma-kivisool\/","name":"Smalkais lopbar\u012bbas akmens s\u0101ls &#8211; Andrese Soolaladu","isPartOf":{"@id":"https:\/\/soolaladu.ee\/#website"},"primaryImageOfPage":{"@id":"https:\/\/soolaladu.ee\/toode\/peeneteraline-looma-kivisool\/#primaryimage"},"image":{"@id":"https:\/\/soolaladu.ee\/toode\/peeneteraline-looma-kivisool\/#primaryimage"},"thumbnailUrl":"https:\/\/soolaladu.ee\/wp-content\/uploads\/2020\/07\/IMG_1756.jpg","datePublished":"2020-07-01T07:14:30+00:00","dateModified":"2021-02-04T13:35:51+00:00","breadcrumb":{"@id":"https:\/\/soolaladu.ee\/toode\/peeneteraline-looma-kivisool\/#breadcrumb"},"inLanguage":"lv-LV","potentialAction":[{"@type":"ReadAction","target":["https:\/\/soolaladu.ee\/toode\/peeneteraline-looma-kivisool\/"]}]},{"@type":"ImageObject","inLanguage":"lv-LV","@id":"https:\/\/soolaladu.ee\/toode\/peeneteraline-looma-kivisool\/#primaryimage","url":"https:\/\/soolaladu.ee\/wp-content\/uploads\/2020\/07\/IMG_1756.jpg","contentUrl":"https:\/\/soolaladu.ee\/wp-content\/uploads\/2020\/07\/IMG_1756.jpg","width":2016,"height":1512},{"@type":"BreadcrumbList","@id":"https:\/\/soolaladu.ee\/toode\/peeneteraline-looma-kivisool\/#breadcrumb","itemListElement":[{"@type":"ListItem","position":1,"name":"S\u0101kums","item":"https:\/\/soolaladu.ee\/lv\/"},{"@type":"ListItem","position":2,"name":"Tooted","item":"https:\/\/soolaladu.ee\/tooted\/"},{"@type":"ListItem","position":3,"name":"Smalkais lopbar\u012bbas akmens s\u0101ls"}]},{"@type":"WebSite","@id":"https:\/\/soolaladu.ee\/#website","url":"https:\/\/soolaladu.ee\/","name":"Andrese Soolaladu","description":"Suurim soola tarnija Eestis ja Baltimaades","publisher":{"@id":"https:\/\/soolaladu.ee\/#organization"},"potentialAction":[{"@type":"SearchAction","target":{"@type":"EntryPoint","urlTemplate":"https:\/\/soolaladu.ee\/?s={search_term_string}"},"query-input":{"@type":"PropertyValueSpecification","valueRequired":true,"valueName":"search_term_string"}}],"inLanguage":"lv-LV"},{"@type":"Organization","@id":"https:\/\/soolaladu.ee\/#organization","name":"Andrese Soolaladu O\u00dc","url":"https:\/\/soolaladu.ee\/","logo":{"@type":"ImageObject","inLanguage":"lv-LV","@id":"https:\/\/soolaladu.ee\/#\/schema\/logo\/image\/","url":"","contentUrl":"","caption":"Andrese Soolaladu O\u00dc"},"image":{"@id":"https:\/\/soolaladu.ee\/#\/schema\/logo\/image\/"},"sameAs":["https:\/\/www.linkedin.com\/in\/andrei-kirejenkov-414930117\/?originalSubdomain=ee","https:\/\/www.youtube.com\/watch?time_continue=68&amp;amp;v=XC3sMbgpKbk&amp;amp;feature=emb_title"]}]}},"_links":{"self":[{"href":"https:\/\/soolaladu.ee\/lv\/wp-json\/wp\/v2\/product\/21783","targetHints":{"allow":["GET"]}}],"collection":[{"href":"https:\/\/soolaladu.ee\/lv\/wp-json\/wp\/v2\/product"}],"about":[{"href":"https:\/\/soolaladu.ee\/lv\/wp-json\/wp\/v2\/types\/product"}],"wp:featuredmedia":[{"embeddable":true,"href":"https:\/\/soolaladu.ee\/lv\/wp-json\/wp\/v2\/media\/21784"}],"wp:attachment":[{"href":"https:\/\/soolaladu.ee\/lv\/wp-json\/wp\/v2\/media?parent=21783"}],"wp:term":[{"taxonomy":"product_brand","embeddable":true,"href":"https:\/\/soolaladu.ee\/lv\/wp-json\/wp\/v2\/product_brand?post=21783"},{"taxonomy":"product_cat","embeddable":true,"href":"https:\/\/soolaladu.ee\/lv\/wp-json\/wp\/v2\/product_cat?post=21783"},{"taxonomy":"product_tag","embeddable":true,"href":"https:\/\/soolaladu.ee\/lv\/wp-json\/wp\/v2\/product_tag?post=21783"}],"curies":[{"name":"wp","href":"https:\/\/api.w.org\/{rel}","templated":true}]}}