{"id":21736,"date":"2020-07-01T10:31:21","date_gmt":"2020-07-01T07:31:21","guid":{"rendered":"https:\/\/soolaladu.ee\/?post_type=product&#038;p=21736"},"modified":"2021-02-04T15:57:03","modified_gmt":"2021-02-04T13:57:03","slug":"lauksaimniecibas-mineralpiedeva-kalija-hlorids-kcl","status":"publish","type":"product","link":"https:\/\/soolaladu.ee\/lv\/toode\/lauksaimniecibas-mineralpiedeva-kalija-hlorids-kcl\/","title":{"rendered":"Lauksaimniec\u012bbas miner\u0101lpiedeva, k\u0101lija hlor\u012bds (KCl)"},"content":{"rendered":"<div>\n<p>Lorem ipsum dolor sit amet, usu integre equidem elaboraret at. Ex mediocrem definiebas mei. Bonorum salutandi et mei. Has dicit nemore persius eu, sea te tota velit dicant.<\/p>\n<p>At his labore officiis adolescens, eos ea molestie iudicabit liberavisse, cu vis illud tacimates. Ad congue quaestio sententiae has, feugait accusam necessitatibus ex vis. Id nec tacimates comprehensam, usu quem tritani aliquam at. Mel movet invidunt apeirian et, sed postea lucilius erroribus ut, noster aliquam eu eam.<\/p>\n<p>Quando deterruisset ut per, ea mei nihil offendit expetendis. Aeterno maluisset no est, at prima comprehensam eam. Quodsi officiis temporibus ne vis. Ex sed vocibus euripidis, id hinc commodo constituam vis. Verear nusquam interpretaris et mea.<\/p>\n<p>Augue nominati qui ei, ius quot mundi percipitur ad, alia mediocrem ullamcorper an sea. Aliquam delenit persecuti eu eam, putent minimum qualisque sea ut. Qui commune deseruisse quaerendum ex. Graeci percipit nec id. Vis cu epicuri mandamus mnesarchum, mea ut verear fuisset. Ei sed nostrum definitiones.<\/p>\n<p>Sit ex purto congue liberavisse, oratio expetenda vix an. An dicunt sadipscing quo. No ius aliquip interpretaris. Id est facer viris philosophia. His offendit tincidunt at.<\/p>\n<\/div>\n<div>\n<p><img decoding=\"async\" src=\"http:\/\/www.soolaladu.ee\/public\/razdelitel.jpg\" alt=\"\" width=\"507\" height=\"2\" border=\"0\" hspace=\"0\" vspace=\"0\" \/><\/p>\n<\/div>\n<div><strong>Kasutusala:<\/strong><\/div>\n<div><\/div>\n<div>Lorem ipsum dolor sit amet, at deserunt repudiandae eos. Mea volutpat scripserit at, per quaeque abhorreant et. Suavitate sententiae temporibus eam ad, nihil voluptatibus pri eu. Eruditi placerat has ei. Epicuri aliquando necessitatibus pri ex, te vidisse platonem eum.<\/div>\n","protected":false},"excerpt":{"rendered":"<p>Lorem ipsum dolor sit amet, usu integre equidem elaboraret at. Ex mediocrem definiebas mei. Bonorum salutandi et mei. Has dicit nemore persius eu, sea te tota velit dicant. At his  <\/p>\n","protected":false},"featured_media":21737,"template":"","meta":{"om_disable_all_campaigns":false,"_monsterinsights_skip_tracking":false,"_monsterinsights_sitenote_active":false,"_monsterinsights_sitenote_note":"","_monsterinsights_sitenote_category":0},"product_brand":[],"product_cat":[541,544],"product_tag":[],"class_list":{"0":"post-21736","1":"product","2":"type-product","3":"status-publish","4":"has-post-thumbnail","6":"product_cat-mineralpiedevas","7":"product_cat-lauksaimniecibas-mineralpiedevas","9":"first","10":"instock","11":"taxable","12":"shipping-taxable","13":"product-type-simple"},"yoast_head":"<!-- This site is optimized with the Yoast SEO plugin v24.6 - https:\/\/yoast.com\/wordpress\/plugins\/seo\/ -->\n<title>Lauksaimniec\u012bbas miner\u0101lpiedeva, k\u0101lija hlor\u012bds (KCl) &#8211; Andrese Soolaladu<\/title>\n<meta name=\"robots\" content=\"index, follow, max-snippet:-1, max-image-preview:large, max-video-preview:-1\" \/>\n<link rel=\"canonical\" href=\"https:\/\/soolaladu.ee\/toode\/toitaine-kaaliumkloriid-kcl\/\" \/>\n<meta property=\"og:locale\" content=\"lv_LV\" \/>\n<meta property=\"og:type\" content=\"article\" \/>\n<meta property=\"og:title\" content=\"Lauksaimniec\u012bbas miner\u0101lpiedeva, k\u0101lija hlor\u012bds (KCl) &#8211; Andrese Soolaladu\" \/>\n<meta property=\"og:description\" content=\"Lorem ipsum dolor sit amet, usu integre equidem elaboraret at. Ex mediocrem definiebas mei. Bonorum salutandi et mei. Has dicit nemore persius eu, sea te tota velit dicant. At his\" \/>\n<meta property=\"og:url\" content=\"https:\/\/soolaladu.ee\/toode\/toitaine-kaaliumkloriid-kcl\/\" \/>\n<meta property=\"og:site_name\" content=\"Andrese Soolaladu\" \/>\n<meta property=\"article:modified_time\" content=\"2021-02-04T13:57:03+00:00\" \/>\n<meta property=\"og:image\" content=\"https:\/\/soolaladu.ee\/wp-content\/uploads\/2020\/07\/pollumajanduse-mineraallisandid-ikoon.png\" \/>\n\t<meta property=\"og:image:width\" content=\"500\" \/>\n\t<meta property=\"og:image:height\" content=\"500\" \/>\n\t<meta property=\"og:image:type\" content=\"image\/png\" \/>\n<meta name=\"twitter:card\" content=\"summary_large_image\" \/>\n<meta name=\"twitter:label1\" content=\"Est. reading time\" \/>\n\t<meta name=\"twitter:data1\" content=\"2 minutes\" \/>\n<script type=\"application\/ld+json\" class=\"yoast-schema-graph\">{\"@context\":\"https:\/\/schema.org\",\"@graph\":[{\"@type\":\"WebPage\",\"@id\":\"https:\/\/soolaladu.ee\/toode\/toitaine-kaaliumkloriid-kcl\/\",\"url\":\"https:\/\/soolaladu.ee\/toode\/toitaine-kaaliumkloriid-kcl\/\",\"name\":\"Lauksaimniec\u012bbas miner\u0101lpiedeva, k\u0101lija hlor\u012bds (KCl) &#8211; Andrese Soolaladu\",\"isPartOf\":{\"@id\":\"https:\/\/soolaladu.ee\/#website\"},\"primaryImageOfPage\":{\"@id\":\"https:\/\/soolaladu.ee\/toode\/toitaine-kaaliumkloriid-kcl\/#primaryimage\"},\"image\":{\"@id\":\"https:\/\/soolaladu.ee\/toode\/toitaine-kaaliumkloriid-kcl\/#primaryimage\"},\"thumbnailUrl\":\"https:\/\/soolaladu.ee\/wp-content\/uploads\/2020\/07\/pollumajanduse-mineraallisandid-ikoon.png\",\"datePublished\":\"2020-07-01T07:31:21+00:00\",\"dateModified\":\"2021-02-04T13:57:03+00:00\",\"breadcrumb\":{\"@id\":\"https:\/\/soolaladu.ee\/toode\/toitaine-kaaliumkloriid-kcl\/#breadcrumb\"},\"inLanguage\":\"lv-LV\",\"potentialAction\":[{\"@type\":\"ReadAction\",\"target\":[\"https:\/\/soolaladu.ee\/toode\/toitaine-kaaliumkloriid-kcl\/\"]}]},{\"@type\":\"ImageObject\",\"inLanguage\":\"lv-LV\",\"@id\":\"https:\/\/soolaladu.ee\/toode\/toitaine-kaaliumkloriid-kcl\/#primaryimage\",\"url\":\"https:\/\/soolaladu.ee\/wp-content\/uploads\/2020\/07\/pollumajanduse-mineraallisandid-ikoon.png\",\"contentUrl\":\"https:\/\/soolaladu.ee\/wp-content\/uploads\/2020\/07\/pollumajanduse-mineraallisandid-ikoon.png\",\"width\":500,\"height\":500},{\"@type\":\"BreadcrumbList\",\"@id\":\"https:\/\/soolaladu.ee\/toode\/toitaine-kaaliumkloriid-kcl\/#breadcrumb\",\"itemListElement\":[{\"@type\":\"ListItem\",\"position\":1,\"name\":\"S\u0101kums\",\"item\":\"https:\/\/soolaladu.ee\/lv\/\"},{\"@type\":\"ListItem\",\"position\":2,\"name\":\"Tooted\",\"item\":\"https:\/\/soolaladu.ee\/tooted\/\"},{\"@type\":\"ListItem\",\"position\":3,\"name\":\"Lauksaimniec\u012bbas miner\u0101lpiedeva, k\u0101lija hlor\u012bds (KCl)\"}]},{\"@type\":\"WebSite\",\"@id\":\"https:\/\/soolaladu.ee\/#website\",\"url\":\"https:\/\/soolaladu.ee\/\",\"name\":\"Andrese Soolaladu\",\"description\":\"Suurim soola tarnija Eestis ja Baltimaades\",\"publisher\":{\"@id\":\"https:\/\/soolaladu.ee\/#organization\"},\"potentialAction\":[{\"@type\":\"SearchAction\",\"target\":{\"@type\":\"EntryPoint\",\"urlTemplate\":\"https:\/\/soolaladu.ee\/?s={search_term_string}\"},\"query-input\":{\"@type\":\"PropertyValueSpecification\",\"valueRequired\":true,\"valueName\":\"search_term_string\"}}],\"inLanguage\":\"lv-LV\"},{\"@type\":\"Organization\",\"@id\":\"https:\/\/soolaladu.ee\/#organization\",\"name\":\"Andrese Soolaladu O\u00dc\",\"url\":\"https:\/\/soolaladu.ee\/\",\"logo\":{\"@type\":\"ImageObject\",\"inLanguage\":\"lv-LV\",\"@id\":\"https:\/\/soolaladu.ee\/#\/schema\/logo\/image\/\",\"url\":\"\",\"contentUrl\":\"\",\"caption\":\"Andrese Soolaladu O\u00dc\"},\"image\":{\"@id\":\"https:\/\/soolaladu.ee\/#\/schema\/logo\/image\/\"},\"sameAs\":[\"https:\/\/www.linkedin.com\/in\/andrei-kirejenkov-414930117\/?originalSubdomain=ee\",\"https:\/\/www.youtube.com\/watch?time_continue=68&amp;amp;v=XC3sMbgpKbk&amp;amp;feature=emb_title\"]}]}<\/script>\n<!-- \/ Yoast SEO plugin. -->","yoast_head_json":{"title":"Lauksaimniec\u012bbas miner\u0101lpiedeva, k\u0101lija hlor\u012bds (KCl) &#8211; Andrese Soolaladu","robots":{"index":"index","follow":"follow","max-snippet":"max-snippet:-1","max-image-preview":"max-image-preview:large","max-video-preview":"max-video-preview:-1"},"canonical":"https:\/\/soolaladu.ee\/toode\/toitaine-kaaliumkloriid-kcl\/","og_locale":"lv_LV","og_type":"article","og_title":"Lauksaimniec\u012bbas miner\u0101lpiedeva, k\u0101lija hlor\u012bds (KCl) &#8211; Andrese Soolaladu","og_description":"Lorem ipsum dolor sit amet, usu integre equidem elaboraret at. Ex mediocrem definiebas mei. Bonorum salutandi et mei. Has dicit nemore persius eu, sea te tota velit dicant. At his","og_url":"https:\/\/soolaladu.ee\/toode\/toitaine-kaaliumkloriid-kcl\/","og_site_name":"Andrese Soolaladu","article_modified_time":"2021-02-04T13:57:03+00:00","og_image":[{"width":500,"height":500,"url":"https:\/\/soolaladu.ee\/wp-content\/uploads\/2020\/07\/pollumajanduse-mineraallisandid-ikoon.png","type":"image\/png"}],"twitter_card":"summary_large_image","twitter_misc":{"Est. reading time":"2 minutes"},"schema":{"@context":"https:\/\/schema.org","@graph":[{"@type":"WebPage","@id":"https:\/\/soolaladu.ee\/toode\/toitaine-kaaliumkloriid-kcl\/","url":"https:\/\/soolaladu.ee\/toode\/toitaine-kaaliumkloriid-kcl\/","name":"Lauksaimniec\u012bbas miner\u0101lpiedeva, k\u0101lija hlor\u012bds (KCl) &#8211; Andrese Soolaladu","isPartOf":{"@id":"https:\/\/soolaladu.ee\/#website"},"primaryImageOfPage":{"@id":"https:\/\/soolaladu.ee\/toode\/toitaine-kaaliumkloriid-kcl\/#primaryimage"},"image":{"@id":"https:\/\/soolaladu.ee\/toode\/toitaine-kaaliumkloriid-kcl\/#primaryimage"},"thumbnailUrl":"https:\/\/soolaladu.ee\/wp-content\/uploads\/2020\/07\/pollumajanduse-mineraallisandid-ikoon.png","datePublished":"2020-07-01T07:31:21+00:00","dateModified":"2021-02-04T13:57:03+00:00","breadcrumb":{"@id":"https:\/\/soolaladu.ee\/toode\/toitaine-kaaliumkloriid-kcl\/#breadcrumb"},"inLanguage":"lv-LV","potentialAction":[{"@type":"ReadAction","target":["https:\/\/soolaladu.ee\/toode\/toitaine-kaaliumkloriid-kcl\/"]}]},{"@type":"ImageObject","inLanguage":"lv-LV","@id":"https:\/\/soolaladu.ee\/toode\/toitaine-kaaliumkloriid-kcl\/#primaryimage","url":"https:\/\/soolaladu.ee\/wp-content\/uploads\/2020\/07\/pollumajanduse-mineraallisandid-ikoon.png","contentUrl":"https:\/\/soolaladu.ee\/wp-content\/uploads\/2020\/07\/pollumajanduse-mineraallisandid-ikoon.png","width":500,"height":500},{"@type":"BreadcrumbList","@id":"https:\/\/soolaladu.ee\/toode\/toitaine-kaaliumkloriid-kcl\/#breadcrumb","itemListElement":[{"@type":"ListItem","position":1,"name":"S\u0101kums","item":"https:\/\/soolaladu.ee\/lv\/"},{"@type":"ListItem","position":2,"name":"Tooted","item":"https:\/\/soolaladu.ee\/tooted\/"},{"@type":"ListItem","position":3,"name":"Lauksaimniec\u012bbas miner\u0101lpiedeva, k\u0101lija hlor\u012bds (KCl)"}]},{"@type":"WebSite","@id":"https:\/\/soolaladu.ee\/#website","url":"https:\/\/soolaladu.ee\/","name":"Andrese Soolaladu","description":"Suurim soola tarnija Eestis ja Baltimaades","publisher":{"@id":"https:\/\/soolaladu.ee\/#organization"},"potentialAction":[{"@type":"SearchAction","target":{"@type":"EntryPoint","urlTemplate":"https:\/\/soolaladu.ee\/?s={search_term_string}"},"query-input":{"@type":"PropertyValueSpecification","valueRequired":true,"valueName":"search_term_string"}}],"inLanguage":"lv-LV"},{"@type":"Organization","@id":"https:\/\/soolaladu.ee\/#organization","name":"Andrese Soolaladu O\u00dc","url":"https:\/\/soolaladu.ee\/","logo":{"@type":"ImageObject","inLanguage":"lv-LV","@id":"https:\/\/soolaladu.ee\/#\/schema\/logo\/image\/","url":"","contentUrl":"","caption":"Andrese Soolaladu O\u00dc"},"image":{"@id":"https:\/\/soolaladu.ee\/#\/schema\/logo\/image\/"},"sameAs":["https:\/\/www.linkedin.com\/in\/andrei-kirejenkov-414930117\/?originalSubdomain=ee","https:\/\/www.youtube.com\/watch?time_continue=68&amp;amp;v=XC3sMbgpKbk&amp;amp;feature=emb_title"]}]}},"_links":{"self":[{"href":"https:\/\/soolaladu.ee\/lv\/wp-json\/wp\/v2\/product\/21736","targetHints":{"allow":["GET"]}}],"collection":[{"href":"https:\/\/soolaladu.ee\/lv\/wp-json\/wp\/v2\/product"}],"about":[{"href":"https:\/\/soolaladu.ee\/lv\/wp-json\/wp\/v2\/types\/product"}],"wp:featuredmedia":[{"embeddable":true,"href":"https:\/\/soolaladu.ee\/lv\/wp-json\/wp\/v2\/media\/21737"}],"wp:attachment":[{"href":"https:\/\/soolaladu.ee\/lv\/wp-json\/wp\/v2\/media?parent=21736"}],"wp:term":[{"taxonomy":"product_brand","embeddable":true,"href":"https:\/\/soolaladu.ee\/lv\/wp-json\/wp\/v2\/product_brand?post=21736"},{"taxonomy":"product_cat","embeddable":true,"href":"https:\/\/soolaladu.ee\/lv\/wp-json\/wp\/v2\/product_cat?post=21736"},{"taxonomy":"product_tag","embeddable":true,"href":"https:\/\/soolaladu.ee\/lv\/wp-json\/wp\/v2\/product_tag?post=21736"}],"curies":[{"name":"wp","href":"https:\/\/api.w.org\/{rel}","templated":true}]}}