{"id":21854,"date":"2021-01-28T15:43:35","date_gmt":"2021-01-28T13:43:35","guid":{"rendered":"https:\/\/soolaladu.ee\/?page_id=21854"},"modified":"2021-03-22T10:12:08","modified_gmt":"2021-03-22T08:12:08","slug":"soola-liigid-tootmine","status":"publish","type":"page","link":"https:\/\/soolaladu.ee\/lv\/soola-liigid-tootmine\/","title":{"rendered":"S\u0101ls tipi, ra\u017eo\u0161ana"},"content":{"rendered":"<div class=\"fusion-fullwidth fullwidth-box fusion-builder-row-1 nonhundred-percent-fullwidth non-hundred-percent-height-scrolling\" style=\"--awb-border-radius-top-left:0px;--awb-border-radius-top-right:0px;--awb-border-radius-bottom-right:0px;--awb-border-radius-bottom-left:0px;--awb-flex-wrap:wrap;\" ><div class=\"fusion-builder-row fusion-row\"><div class=\"fusion-layout-column fusion_builder_column fusion-builder-column-0 fusion_builder_column_1_1 1_1 fusion-one-full fusion-column-first fusion-column-last\" style=\"--awb-bg-size:cover;\"><div class=\"fusion-column-wrapper fusion-column-has-shadow fusion-flex-column-wrapper-legacy\"><div class=\"fusion-text fusion-text-1\"><h2 class=\"fusion-responsive-typography-calculated\" style=\"--fontsize: 26; line-height: 1.5;\" data-fontsize=\"26\" data-lineheight=\"39px\">Soolat\u00fc\u00fcp<\/h2>\n<p>Olenevalt kaevandamismeetodist eristatakse j\u00e4rgmisi soola liike:<\/p>\n<p><strong>kivisool <\/strong>&#8211; kaevandatakse settekivimitest kaevandus- v\u00f5i karj\u00e4\u00e4rmeetodil;<br \/>\n<strong style=\"background-color: rgba(255, 255, 255, 0); color: var(--body_typography-color); font-family: var(--body_typography-font-family); font-size: var(--body_typography-font-size); font-style: var(--body_typography-font-style,normal); letter-spacing: var(--body_typography-letter-spacing);\">vaakumsool <\/strong><span style=\"background-color: rgba(255, 255, 255, 0); color: var(--body_typography-color); font-family: var(--body_typography-font-family); font-size: var(--body_typography-font-size); font-style: var(--body_typography-font-style,normal); letter-spacing: var(--body_typography-letter-spacing);\"><span style=\"font-weight: var(--body_typography-font-weight);\">&#8211; saadakse loodusliku v\u00f5i kunstliku soolvee v\u00e4ljakeetmisel;<\/span><br \/>\n<\/span><strong style=\"background-color: rgba(255, 255, 255, 0); color: var(--body_typography-color); font-family: var(--body_typography-font-family); font-size: var(--body_typography-font-size); font-style: var(--body_typography-font-style,normal); letter-spacing: var(--body_typography-letter-spacing);\">aurusool <\/strong><span style=\"background-color: rgba(255, 255, 255, 0); color: var(--body_typography-color); font-family: var(--body_typography-font-family); font-size: var(--body_typography-font-size); font-style: var(--body_typography-font-style,normal); letter-spacing: var(--body_typography-letter-spacing);\"><span style=\"font-weight: var(--body_typography-font-weight);\">&#8211; aurutatakse spetsiaalsetes j\u00e4rve- v\u00f5i mereveega basseinides;<\/span><br \/>\n<\/span><strong style=\"background-color: rgba(255, 255, 255, 0); color: var(--body_typography-color); font-family: var(--body_typography-font-family); font-size: var(--body_typography-font-size); font-style: var(--body_typography-font-style,normal); letter-spacing: var(--body_typography-letter-spacing);\">settesool <\/strong><span style=\"background-color: rgba(255, 255, 255, 0); color: var(--body_typography-color); font-family: var(--body_typography-font-family); font-size: var(--body_typography-font-size); font-style: var(--body_typography-font-style,normal); font-weight: var(--body_typography-font-weight); letter-spacing: var(--body_typography-letter-spacing);\">\u2013 ladestub ise, see kogutakse spetsiaalse pumbaga j\u00e4rve p\u00f5hjast.<\/span><\/p>\n<p>\u00dcle 60% maailmas saadavast naatriumkloriidist on sette- ja kivisool.<\/p>\n<p>Erinevused tehnilise, toidu- ja s\u00f6\u00f6dasoola tootmistehnoloogiates:<\/p>\n<p><span style=\"background-color: rgba(255, 255, 255, 0); color: var(--body_typography-color); font-family: var(--body_typography-font-family); font-size: var(--body_typography-font-size); font-weight: var(--body_typography-font-weight); letter-spacing: var(--body_typography-letter-spacing);\"><u>Tehnilise soola saamine<\/u><\/span><\/p>\n<p><span style=\"background-color: rgba(255, 255, 255, 0); color: var(--body_typography-color); font-family: var(--body_typography-font-family); font-size: var(--body_typography-font-size); font-weight: var(--body_typography-font-weight); letter-spacing: var(--body_typography-letter-spacing);\"><span style=\"font-style: var(--body_typography-font-style,normal);\">See sool tarnitakse ladestusest, puhastatakse metallp\u00fc\u00fcnisel tahketest haliidij\u00e4\u00e4tmetest ja purustatakse soovitud suuruseks. Vajadusel t\u00f6\u00f6deldakse tooteid paakumisvastase ainega.<\/span><\/span><\/p>\n<p><span style=\"background-color: rgba(255, 255, 255, 0); color: var(--body_typography-color); font-family: var(--body_typography-font-family); font-size: var(--body_typography-font-size); font-weight: var(--body_typography-font-weight); letter-spacing: var(--body_typography-letter-spacing);\"><u>Toidusoola tootmine<\/u><\/span><\/p>\n<p><span style=\"background-color: rgba(255, 255, 255, 0); color: var(--body_typography-color); font-family: var(--body_typography-font-family); font-size: var(--body_typography-font-size); font-style: var(--body_typography-font-style,normal); font-weight: var(--body_typography-font-weight); letter-spacing: var(--body_typography-letter-spacing);\">Koosneb j\u00e4rgmistest etappidest:<\/span><\/p>\n<p><strong>Puhastamine<\/strong>. Haliit l\u00e4bib mitu puhastusastet, seej\u00e4rel seda purustatakse ja eemaldatakse spetsiaalse separaatoriga mittevajalikud metalllisandid.<br \/>\n<strong style=\"background-color: rgba(255, 255, 255, 0); color: var(--body_typography-color); font-family: var(--body_typography-font-family); font-size: var(--body_typography-font-size); font-style: var(--body_typography-font-style,normal); letter-spacing: var(--body_typography-letter-spacing);\">Kuivatamine <\/strong><span style=\"background-color: rgba(255, 255, 255, 0); color: var(--body_typography-color); font-family: var(--body_typography-font-family); font-size: var(--body_typography-font-size); font-style: var(--body_typography-font-style,normal); letter-spacing: var(--body_typography-letter-spacing);\"><span style=\"font-weight: var(--body_typography-font-weight);\">toimub t\u00f6\u00f6stusliku tsentrifuugi abil.<\/span><br \/>\n<\/span><strong style=\"background-color: rgba(255, 255, 255, 0); color: var(--body_typography-color); font-family: var(--body_typography-font-family); font-size: var(--body_typography-font-size); font-style: var(--body_typography-font-style,normal); letter-spacing: var(--body_typography-letter-spacing);\">Purustamine<\/strong><span style=\"background-color: rgba(255, 255, 255, 0); color: var(--body_typography-color); font-family: var(--body_typography-font-family); font-size: var(--body_typography-font-size); font-style: var(--body_typography-font-style,normal); font-weight: var(--body_typography-font-weight); letter-spacing: var(--body_typography-letter-spacing);\">. Sool suunatakse vibreerivale konveierile, kus graanulid saavutavad vajaliku suuruse.<br \/>\n<\/span><span style=\"background-color: rgba(255, 255, 255, 0); color: var(--body_typography-color); font-family: var(--body_typography-font-family); font-size: var(--body_typography-font-size); font-style: var(--body_typography-font-style,normal); font-weight: var(--body_typography-font-weight); letter-spacing: var(--body_typography-letter-spacing);\">L\u00f5plik <\/span><strong style=\"background-color: rgba(255, 255, 255, 0); color: var(--body_typography-color); font-family: var(--body_typography-font-family); font-size: var(--body_typography-font-size); font-style: var(--body_typography-font-style,normal); letter-spacing: var(--body_typography-letter-spacing);\">kuivatamine <\/strong><span style=\"background-color: rgba(255, 255, 255, 0); color: var(--body_typography-color); font-family: var(--body_typography-font-family); font-size: var(--body_typography-font-size); font-style: var(--body_typography-font-style,normal); font-weight: var(--body_typography-font-weight); letter-spacing: var(--body_typography-letter-spacing);\">toimub ahjus, kus t\u00f6\u00f6stusliku ventilaatori abil puhutakse sisse kuum \u00f5hk.<\/span><\/p>\n<p><u>S\u00f6\u00f6dasoola tootmise protsess<\/u><\/p>\n<p>Soolaplokke valmistatakse puhtast settesoolast spetsiaalsete masinate abil. Kristalliline naatriumkloriid valatakse vormidesse, kus need muutuvad r\u00f5hu all briketiks, mis on tiheduse poolest sarnased kiviga. Teine v\u00f5imalus brikettide valmistamiseks on vibrolaua kasutamine.<\/p>\n<p><u>Tablettsoola valmistamine<\/u><\/p>\n<p>Tablettide valmistamiseks kasutatakse k\u00f5rge puhtusastmega tooraineid. Naatriumkloriidi sisaldus ulatub 99,7%-ni. Toode saadakse aurustamise teel spetsiaalsetel seadmetel ning doseerimise ja tablettideks pressimise teel.<\/p>\n<\/div><div class=\"fusion-clearfix\"><\/div><\/div><\/div><\/div><\/div>\n","protected":false},"excerpt":{"rendered":"","protected":false},"author":4,"featured_media":0,"parent":0,"menu_order":0,"comment_status":"closed","ping_status":"closed","template":"","meta":{"om_disable_all_campaigns":false,"_monsterinsights_skip_tracking":false,"_monsterinsights_sitenote_active":false,"_monsterinsights_sitenote_note":"","_monsterinsights_sitenote_category":0,"footnotes":""},"class_list":["post-21854","page","type-page","status-publish","hentry"],"yoast_head":"<!-- This site is optimized with the Yoast SEO plugin v24.6 - https:\/\/yoast.com\/wordpress\/plugins\/seo\/ -->\n<title>S\u0101ls tipi, ra\u017eo\u0161ana &#8211; Andrese Soolaladu<\/title>\n<meta name=\"robots\" content=\"index, follow, max-snippet:-1, max-image-preview:large, max-video-preview:-1\" \/>\n<link rel=\"canonical\" href=\"https:\/\/soolaladu.ee\/soola-liigid-tootmine\/\" \/>\n<meta property=\"og:locale\" content=\"lv_LV\" \/>\n<meta property=\"og:type\" content=\"article\" \/>\n<meta property=\"og:title\" content=\"S\u0101ls tipi, ra\u017eo\u0161ana &#8211; Andrese Soolaladu\" \/>\n<meta property=\"og:url\" content=\"https:\/\/soolaladu.ee\/soola-liigid-tootmine\/\" \/>\n<meta property=\"og:site_name\" content=\"Andrese Soolaladu\" \/>\n<meta property=\"article:modified_time\" content=\"2021-03-22T08:12:08+00:00\" \/>\n<meta name=\"twitter:card\" content=\"summary_large_image\" \/>\n<meta name=\"twitter:label1\" content=\"Est. reading time\" \/>\n\t<meta name=\"twitter:data1\" content=\"2 minutes\" \/>\n<script type=\"application\/ld+json\" class=\"yoast-schema-graph\">{\"@context\":\"https:\/\/schema.org\",\"@graph\":[{\"@type\":\"WebPage\",\"@id\":\"https:\/\/soolaladu.ee\/soola-liigid-tootmine\/\",\"url\":\"https:\/\/soolaladu.ee\/soola-liigid-tootmine\/\",\"name\":\"S\u0101ls tipi, ra\u017eo\u0161ana &#8211; Andrese Soolaladu\",\"isPartOf\":{\"@id\":\"https:\/\/soolaladu.ee\/#website\"},\"datePublished\":\"2021-01-28T13:43:35+00:00\",\"dateModified\":\"2021-03-22T08:12:08+00:00\",\"breadcrumb\":{\"@id\":\"https:\/\/soolaladu.ee\/soola-liigid-tootmine\/#breadcrumb\"},\"inLanguage\":\"lv-LV\",\"potentialAction\":[{\"@type\":\"ReadAction\",\"target\":[\"https:\/\/soolaladu.ee\/soola-liigid-tootmine\/\"]}]},{\"@type\":\"BreadcrumbList\",\"@id\":\"https:\/\/soolaladu.ee\/soola-liigid-tootmine\/#breadcrumb\",\"itemListElement\":[{\"@type\":\"ListItem\",\"position\":1,\"name\":\"S\u0101kums\",\"item\":\"https:\/\/soolaladu.ee\/lv\/\"},{\"@type\":\"ListItem\",\"position\":2,\"name\":\"S\u0101ls tipi, ra\u017eo\u0161ana\"}]},{\"@type\":\"WebSite\",\"@id\":\"https:\/\/soolaladu.ee\/#website\",\"url\":\"https:\/\/soolaladu.ee\/\",\"name\":\"Andrese Soolaladu\",\"description\":\"Suurim soola tarnija Eestis ja Baltimaades\",\"publisher\":{\"@id\":\"https:\/\/soolaladu.ee\/#organization\"},\"potentialAction\":[{\"@type\":\"SearchAction\",\"target\":{\"@type\":\"EntryPoint\",\"urlTemplate\":\"https:\/\/soolaladu.ee\/?s={search_term_string}\"},\"query-input\":{\"@type\":\"PropertyValueSpecification\",\"valueRequired\":true,\"valueName\":\"search_term_string\"}}],\"inLanguage\":\"lv-LV\"},{\"@type\":\"Organization\",\"@id\":\"https:\/\/soolaladu.ee\/#organization\",\"name\":\"Andrese Soolaladu O\u00dc\",\"url\":\"https:\/\/soolaladu.ee\/\",\"logo\":{\"@type\":\"ImageObject\",\"inLanguage\":\"lv-LV\",\"@id\":\"https:\/\/soolaladu.ee\/#\/schema\/logo\/image\/\",\"url\":\"\",\"contentUrl\":\"\",\"caption\":\"Andrese Soolaladu O\u00dc\"},\"image\":{\"@id\":\"https:\/\/soolaladu.ee\/#\/schema\/logo\/image\/\"},\"sameAs\":[\"https:\/\/www.linkedin.com\/in\/andrei-kirejenkov-414930117\/?originalSubdomain=ee\",\"https:\/\/www.youtube.com\/watch?time_continue=68&amp;amp;v=XC3sMbgpKbk&amp;amp;feature=emb_title\"]}]}<\/script>\n<!-- \/ Yoast SEO plugin. -->","yoast_head_json":{"title":"S\u0101ls tipi, ra\u017eo\u0161ana &#8211; Andrese Soolaladu","robots":{"index":"index","follow":"follow","max-snippet":"max-snippet:-1","max-image-preview":"max-image-preview:large","max-video-preview":"max-video-preview:-1"},"canonical":"https:\/\/soolaladu.ee\/soola-liigid-tootmine\/","og_locale":"lv_LV","og_type":"article","og_title":"S\u0101ls tipi, ra\u017eo\u0161ana &#8211; Andrese Soolaladu","og_url":"https:\/\/soolaladu.ee\/soola-liigid-tootmine\/","og_site_name":"Andrese Soolaladu","article_modified_time":"2021-03-22T08:12:08+00:00","twitter_card":"summary_large_image","twitter_misc":{"Est. reading time":"2 minutes"},"schema":{"@context":"https:\/\/schema.org","@graph":[{"@type":"WebPage","@id":"https:\/\/soolaladu.ee\/soola-liigid-tootmine\/","url":"https:\/\/soolaladu.ee\/soola-liigid-tootmine\/","name":"S\u0101ls tipi, ra\u017eo\u0161ana &#8211; Andrese Soolaladu","isPartOf":{"@id":"https:\/\/soolaladu.ee\/#website"},"datePublished":"2021-01-28T13:43:35+00:00","dateModified":"2021-03-22T08:12:08+00:00","breadcrumb":{"@id":"https:\/\/soolaladu.ee\/soola-liigid-tootmine\/#breadcrumb"},"inLanguage":"lv-LV","potentialAction":[{"@type":"ReadAction","target":["https:\/\/soolaladu.ee\/soola-liigid-tootmine\/"]}]},{"@type":"BreadcrumbList","@id":"https:\/\/soolaladu.ee\/soola-liigid-tootmine\/#breadcrumb","itemListElement":[{"@type":"ListItem","position":1,"name":"S\u0101kums","item":"https:\/\/soolaladu.ee\/lv\/"},{"@type":"ListItem","position":2,"name":"S\u0101ls tipi, ra\u017eo\u0161ana"}]},{"@type":"WebSite","@id":"https:\/\/soolaladu.ee\/#website","url":"https:\/\/soolaladu.ee\/","name":"Andrese Soolaladu","description":"Suurim soola tarnija Eestis ja Baltimaades","publisher":{"@id":"https:\/\/soolaladu.ee\/#organization"},"potentialAction":[{"@type":"SearchAction","target":{"@type":"EntryPoint","urlTemplate":"https:\/\/soolaladu.ee\/?s={search_term_string}"},"query-input":{"@type":"PropertyValueSpecification","valueRequired":true,"valueName":"search_term_string"}}],"inLanguage":"lv-LV"},{"@type":"Organization","@id":"https:\/\/soolaladu.ee\/#organization","name":"Andrese Soolaladu O\u00dc","url":"https:\/\/soolaladu.ee\/","logo":{"@type":"ImageObject","inLanguage":"lv-LV","@id":"https:\/\/soolaladu.ee\/#\/schema\/logo\/image\/","url":"","contentUrl":"","caption":"Andrese Soolaladu O\u00dc"},"image":{"@id":"https:\/\/soolaladu.ee\/#\/schema\/logo\/image\/"},"sameAs":["https:\/\/www.linkedin.com\/in\/andrei-kirejenkov-414930117\/?originalSubdomain=ee","https:\/\/www.youtube.com\/watch?time_continue=68&amp;amp;v=XC3sMbgpKbk&amp;amp;feature=emb_title"]}]}},"_links":{"self":[{"href":"https:\/\/soolaladu.ee\/lv\/wp-json\/wp\/v2\/pages\/21854","targetHints":{"allow":["GET"]}}],"collection":[{"href":"https:\/\/soolaladu.ee\/lv\/wp-json\/wp\/v2\/pages"}],"about":[{"href":"https:\/\/soolaladu.ee\/lv\/wp-json\/wp\/v2\/types\/page"}],"author":[{"embeddable":true,"href":"https:\/\/soolaladu.ee\/lv\/wp-json\/wp\/v2\/users\/4"}],"replies":[{"embeddable":true,"href":"https:\/\/soolaladu.ee\/lv\/wp-json\/wp\/v2\/comments?post=21854"}],"version-history":[{"count":3,"href":"https:\/\/soolaladu.ee\/lv\/wp-json\/wp\/v2\/pages\/21854\/revisions"}],"predecessor-version":[{"id":22049,"href":"https:\/\/soolaladu.ee\/lv\/wp-json\/wp\/v2\/pages\/21854\/revisions\/22049"}],"wp:attachment":[{"href":"https:\/\/soolaladu.ee\/lv\/wp-json\/wp\/v2\/media?parent=21854"}],"curies":[{"name":"wp","href":"https:\/\/api.w.org\/{rel}","templated":true}]}}