{"id":21853,"date":"2021-01-28T15:43:30","date_gmt":"2021-01-28T13:43:30","guid":{"rendered":"https:\/\/soolaladu.ee\/?page_id=21853"},"modified":"2021-03-22T10:11:57","modified_gmt":"2021-03-22T08:11:57","slug":"soola-koostis","status":"publish","type":"page","link":"https:\/\/soolaladu.ee\/lv\/soola-koostis\/","title":{"rendered":"S\u0101ls sast\u0101vs"},"content":{"rendered":"<div class=\"fusion-fullwidth fullwidth-box fusion-builder-row-1 nonhundred-percent-fullwidth non-hundred-percent-height-scrolling\" style=\"--awb-border-radius-top-left:0px;--awb-border-radius-top-right:0px;--awb-border-radius-bottom-right:0px;--awb-border-radius-bottom-left:0px;--awb-flex-wrap:wrap;\" ><div class=\"fusion-builder-row fusion-row\"><div class=\"fusion-layout-column fusion_builder_column fusion-builder-column-0 fusion_builder_column_1_1 1_1 fusion-one-full fusion-column-first fusion-column-last\" style=\"--awb-bg-size:cover;\"><div class=\"fusion-column-wrapper fusion-column-has-shadow fusion-flex-column-wrapper-legacy\"><div class=\"fusion-text fusion-text-1\"><h1 class=\"fusion-responsive-typography-calculated\" data-fontsize=\"28\" data-lineheight=\"39.2px\">Soola koostis<\/h1>\n<p><strong>V\u00e4limus. <\/strong>Aine on vabalt voolav kristalne produkt, millel pole muid n\u00e4htavaid lisandeid kui need, mis v\u00f5ivad olla seotud selle p\u00e4ritoluga.<\/p>\n<p><strong>Maitse. <\/strong>Soolane, t\u00e4iendavaid maitseid pole.<\/p>\n<p><strong>V\u00e4rvus.<\/strong> \u00dcldjuhul on sool valge, eriti kui tegemist on &#8220;ekstra&#8221; ja &#8220;k\u00f5rge&#8221; klassidega. Esimese ja teise klassi sool v\u00f5ib olla hallika varjundiga.<\/p>\n<p><strong>L\u00f5hn.<\/strong> Puudub, v\u00e4lja arvatud jodeeritud sool, mille puhul on n\u00f5rk joodil\u00f5hn lubatud<\/p>\n<\/div><div class=\"fusion-clearfix\"><\/div><\/div><\/div><\/div><\/div>\n","protected":false},"excerpt":{"rendered":"","protected":false},"author":4,"featured_media":0,"parent":0,"menu_order":0,"comment_status":"closed","ping_status":"closed","template":"","meta":{"om_disable_all_campaigns":false,"_monsterinsights_skip_tracking":false,"_monsterinsights_sitenote_active":false,"_monsterinsights_sitenote_note":"","_monsterinsights_sitenote_category":0,"footnotes":""},"class_list":["post-21853","page","type-page","status-publish","hentry"],"yoast_head":"<!-- This site is optimized with the Yoast SEO plugin v24.6 - https:\/\/yoast.com\/wordpress\/plugins\/seo\/ -->\n<title>S\u0101ls sast\u0101vs &#8211; Andrese Soolaladu<\/title>\n<meta name=\"robots\" content=\"index, follow, max-snippet:-1, max-image-preview:large, max-video-preview:-1\" \/>\n<link rel=\"canonical\" href=\"https:\/\/soolaladu.ee\/soola-koostis\/\" \/>\n<meta property=\"og:locale\" content=\"lv_LV\" \/>\n<meta property=\"og:type\" content=\"article\" \/>\n<meta property=\"og:title\" content=\"S\u0101ls sast\u0101vs &#8211; Andrese Soolaladu\" \/>\n<meta property=\"og:url\" content=\"https:\/\/soolaladu.ee\/soola-koostis\/\" \/>\n<meta property=\"og:site_name\" content=\"Andrese Soolaladu\" \/>\n<meta property=\"article:modified_time\" content=\"2021-03-22T08:11:57+00:00\" \/>\n<meta name=\"twitter:card\" content=\"summary_large_image\" \/>\n<meta name=\"twitter:label1\" content=\"Est. reading time\" \/>\n\t<meta name=\"twitter:data1\" content=\"1 minute\" \/>\n<script type=\"application\/ld+json\" class=\"yoast-schema-graph\">{\"@context\":\"https:\/\/schema.org\",\"@graph\":[{\"@type\":\"WebPage\",\"@id\":\"https:\/\/soolaladu.ee\/soola-koostis\/\",\"url\":\"https:\/\/soolaladu.ee\/soola-koostis\/\",\"name\":\"S\u0101ls sast\u0101vs &#8211; Andrese Soolaladu\",\"isPartOf\":{\"@id\":\"https:\/\/soolaladu.ee\/#website\"},\"datePublished\":\"2021-01-28T13:43:30+00:00\",\"dateModified\":\"2021-03-22T08:11:57+00:00\",\"breadcrumb\":{\"@id\":\"https:\/\/soolaladu.ee\/soola-koostis\/#breadcrumb\"},\"inLanguage\":\"lv-LV\",\"potentialAction\":[{\"@type\":\"ReadAction\",\"target\":[\"https:\/\/soolaladu.ee\/soola-koostis\/\"]}]},{\"@type\":\"BreadcrumbList\",\"@id\":\"https:\/\/soolaladu.ee\/soola-koostis\/#breadcrumb\",\"itemListElement\":[{\"@type\":\"ListItem\",\"position\":1,\"name\":\"S\u0101kums\",\"item\":\"https:\/\/soolaladu.ee\/lv\/\"},{\"@type\":\"ListItem\",\"position\":2,\"name\":\"S\u0101ls sast\u0101vs\"}]},{\"@type\":\"WebSite\",\"@id\":\"https:\/\/soolaladu.ee\/#website\",\"url\":\"https:\/\/soolaladu.ee\/\",\"name\":\"Andrese Soolaladu\",\"description\":\"Suurim soola tarnija Eestis ja Baltimaades\",\"publisher\":{\"@id\":\"https:\/\/soolaladu.ee\/#organization\"},\"potentialAction\":[{\"@type\":\"SearchAction\",\"target\":{\"@type\":\"EntryPoint\",\"urlTemplate\":\"https:\/\/soolaladu.ee\/?s={search_term_string}\"},\"query-input\":{\"@type\":\"PropertyValueSpecification\",\"valueRequired\":true,\"valueName\":\"search_term_string\"}}],\"inLanguage\":\"lv-LV\"},{\"@type\":\"Organization\",\"@id\":\"https:\/\/soolaladu.ee\/#organization\",\"name\":\"Andrese Soolaladu O\u00dc\",\"url\":\"https:\/\/soolaladu.ee\/\",\"logo\":{\"@type\":\"ImageObject\",\"inLanguage\":\"lv-LV\",\"@id\":\"https:\/\/soolaladu.ee\/#\/schema\/logo\/image\/\",\"url\":\"\",\"contentUrl\":\"\",\"caption\":\"Andrese Soolaladu O\u00dc\"},\"image\":{\"@id\":\"https:\/\/soolaladu.ee\/#\/schema\/logo\/image\/\"},\"sameAs\":[\"https:\/\/www.linkedin.com\/in\/andrei-kirejenkov-414930117\/?originalSubdomain=ee\",\"https:\/\/www.youtube.com\/watch?time_continue=68&amp;amp;v=XC3sMbgpKbk&amp;amp;feature=emb_title\"]}]}<\/script>\n<!-- \/ Yoast SEO plugin. -->","yoast_head_json":{"title":"S\u0101ls sast\u0101vs &#8211; Andrese Soolaladu","robots":{"index":"index","follow":"follow","max-snippet":"max-snippet:-1","max-image-preview":"max-image-preview:large","max-video-preview":"max-video-preview:-1"},"canonical":"https:\/\/soolaladu.ee\/soola-koostis\/","og_locale":"lv_LV","og_type":"article","og_title":"S\u0101ls sast\u0101vs &#8211; Andrese Soolaladu","og_url":"https:\/\/soolaladu.ee\/soola-koostis\/","og_site_name":"Andrese Soolaladu","article_modified_time":"2021-03-22T08:11:57+00:00","twitter_card":"summary_large_image","twitter_misc":{"Est. reading time":"1 minute"},"schema":{"@context":"https:\/\/schema.org","@graph":[{"@type":"WebPage","@id":"https:\/\/soolaladu.ee\/soola-koostis\/","url":"https:\/\/soolaladu.ee\/soola-koostis\/","name":"S\u0101ls sast\u0101vs &#8211; Andrese Soolaladu","isPartOf":{"@id":"https:\/\/soolaladu.ee\/#website"},"datePublished":"2021-01-28T13:43:30+00:00","dateModified":"2021-03-22T08:11:57+00:00","breadcrumb":{"@id":"https:\/\/soolaladu.ee\/soola-koostis\/#breadcrumb"},"inLanguage":"lv-LV","potentialAction":[{"@type":"ReadAction","target":["https:\/\/soolaladu.ee\/soola-koostis\/"]}]},{"@type":"BreadcrumbList","@id":"https:\/\/soolaladu.ee\/soola-koostis\/#breadcrumb","itemListElement":[{"@type":"ListItem","position":1,"name":"S\u0101kums","item":"https:\/\/soolaladu.ee\/lv\/"},{"@type":"ListItem","position":2,"name":"S\u0101ls sast\u0101vs"}]},{"@type":"WebSite","@id":"https:\/\/soolaladu.ee\/#website","url":"https:\/\/soolaladu.ee\/","name":"Andrese Soolaladu","description":"Suurim soola tarnija Eestis ja Baltimaades","publisher":{"@id":"https:\/\/soolaladu.ee\/#organization"},"potentialAction":[{"@type":"SearchAction","target":{"@type":"EntryPoint","urlTemplate":"https:\/\/soolaladu.ee\/?s={search_term_string}"},"query-input":{"@type":"PropertyValueSpecification","valueRequired":true,"valueName":"search_term_string"}}],"inLanguage":"lv-LV"},{"@type":"Organization","@id":"https:\/\/soolaladu.ee\/#organization","name":"Andrese Soolaladu O\u00dc","url":"https:\/\/soolaladu.ee\/","logo":{"@type":"ImageObject","inLanguage":"lv-LV","@id":"https:\/\/soolaladu.ee\/#\/schema\/logo\/image\/","url":"","contentUrl":"","caption":"Andrese Soolaladu O\u00dc"},"image":{"@id":"https:\/\/soolaladu.ee\/#\/schema\/logo\/image\/"},"sameAs":["https:\/\/www.linkedin.com\/in\/andrei-kirejenkov-414930117\/?originalSubdomain=ee","https:\/\/www.youtube.com\/watch?time_continue=68&amp;amp;v=XC3sMbgpKbk&amp;amp;feature=emb_title"]}]}},"_links":{"self":[{"href":"https:\/\/soolaladu.ee\/lv\/wp-json\/wp\/v2\/pages\/21853","targetHints":{"allow":["GET"]}}],"collection":[{"href":"https:\/\/soolaladu.ee\/lv\/wp-json\/wp\/v2\/pages"}],"about":[{"href":"https:\/\/soolaladu.ee\/lv\/wp-json\/wp\/v2\/types\/page"}],"author":[{"embeddable":true,"href":"https:\/\/soolaladu.ee\/lv\/wp-json\/wp\/v2\/users\/4"}],"replies":[{"embeddable":true,"href":"https:\/\/soolaladu.ee\/lv\/wp-json\/wp\/v2\/comments?post=21853"}],"version-history":[{"count":3,"href":"https:\/\/soolaladu.ee\/lv\/wp-json\/wp\/v2\/pages\/21853\/revisions"}],"predecessor-version":[{"id":22048,"href":"https:\/\/soolaladu.ee\/lv\/wp-json\/wp\/v2\/pages\/21853\/revisions\/22048"}],"wp:attachment":[{"href":"https:\/\/soolaladu.ee\/lv\/wp-json\/wp\/v2\/media?parent=21853"}],"curies":[{"name":"wp","href":"https:\/\/api.w.org\/{rel}","templated":true}]}}