{"id":21849,"date":"2021-01-28T15:42:27","date_gmt":"2021-01-28T13:42:27","guid":{"rendered":"https:\/\/soolaladu.ee\/?page_id=21849"},"modified":"2021-03-22T10:10:54","modified_gmt":"2021-03-22T08:10:54","slug":"soola-ajalugu","status":"publish","type":"page","link":"https:\/\/soolaladu.ee\/lv\/soola-ajalugu\/","title":{"rendered":"S\u0101ls v\u0113sture"},"content":{"rendered":"<div class=\"fusion-fullwidth fullwidth-box fusion-builder-row-1 nonhundred-percent-fullwidth non-hundred-percent-height-scrolling\" style=\"--awb-border-radius-top-left:0px;--awb-border-radius-top-right:0px;--awb-border-radius-bottom-right:0px;--awb-border-radius-bottom-left:0px;--awb-flex-wrap:wrap;\" ><div class=\"fusion-builder-row fusion-row\"><div class=\"fusion-layout-column fusion_builder_column fusion-builder-column-0 fusion_builder_column_1_1 1_1 fusion-one-full fusion-column-first fusion-column-last\" style=\"--awb-bg-size:cover;\"><div class=\"fusion-column-wrapper fusion-column-has-shadow fusion-flex-column-wrapper-legacy\"><div class=\"fusion-text fusion-text-1\"><h1 class=\"fusion-responsive-typography-calculated\" style=\"--fontsize: 28; line-height: 1.4;\" data-fontsize=\"28\" data-lineheight=\"39.2px\">Soola ajalugu<\/h1>\n<p>K\u00f5ik Maal eksisteerivad soolaladestused on p\u00e4rit merest. Need moodustusid 250 miljonit aastat tagasi iidsete merede kuivamise protsessi ajal. Kuna Euroopa kliima oli sarnaselt t\u00e4nap\u00e4evasele rannikukliimale kuiv ja kuum, siis merevesi tihenes ja j\u00e4rk-j\u00e4rgult tekkisid kivisoola kristallid. Maapind langes maakoore tektooniliste liikumiste t\u00f5ttu j\u00e4rk-j\u00e4rgult, tekitades v\u00f5imsaid naatriumkloriidi ladestusi. Aja jooksul vajus sool tihedasti kokku paksudeks kihtideks.<\/p>\n<p>Sool v\u00f5i naatriumkloriid on looduses esinev valge kristalne mineraal. mis lahustub vees; samuti \u00fcks v\u00e4heseid mineraale, mida inimesed s\u00f6\u00f6vad. Sool on maailma vanim v\u00fcrts.<\/p>\n<p>Juba iidsetest aegadest on sool olnud v\u00e4\u00e4rtuslik kaup. N\u00e4iteks t\u00fcrgi keeles t\u00e4histatakse soola s\u00f5naga &#8220;\u00e4ss&#8221;, olles teiste kaupade ja toodete hulgas t\u00f5eline \u00e4ss. Naturaalp\u00f5llumajanduses oli see ainukeseks tooteks, mida sai osta ja m\u00fc\u00fca. Pole ime, et meie esivanemad asusid elama selle allikate l\u00e4hedusse.<\/p>\n<p>Paljud rahvad, r\u00f5hutades soola elulist t\u00e4htsust, panid sellele mitmesuguseid nimesid: &#8220;valge kuld&#8221;, &#8220;tervendavad kristallid&#8221;, &#8220;elu ja surma valitsejanna&#8221;. Soola kohta on olemas palju vanas\u00f5nu ja \u00fctlusi: &#8220;Ilma soolata leiba ei saa s\u00fc\u00fca, ilma soolata laud on viltu&#8221;, &#8220;Leiva, soola ja hea s\u00f5naga&#8221;, &#8220;Ilma soola ja leivata on vestlus vilets.&#8221; Eksisteeris ka erinevaid rituaale, kus sool ei j\u00e4\u00e4nud just viimasele kohale. Iidsetel aegadel peeti soola kalliks kaubaks ja seda hinnati m\u00f5nikord kallimaks kui kulda.<\/p>\n<p>Muistsetel aegadel L\u00e4his-Idas, kus sool oli v\u00e4\u00e4rtuslik ja oluline kaup, oli see k\u00fclalislahkuse ja s\u00f5pruse peamiseks s\u00fcmboliks. Kuna seda kasutati s\u00e4ilitusaine ja v\u00fcrtsina, t\u00e4hendas &#8220;leiva ja soola jagamine&#8221; pikaajaliste suhete s\u00e4ilitamist.<\/p>\n<p>Vanad kreeklased ja roomlased omistasid soolale kaitsvaid omadusi. Siit ka veendumus, et soola mahapillamine t\u00e4hendab halba \u00f5nne, ja \u00f5nnetuste v\u00e4ltimiseks tuleb visata n\u00e4puotsat\u00e4is soola \u00fcle vasaku \u00f5la.<\/p>\n<p>Selle mineraali ravivad omadused on teada juba iidsetest aegadest. Soola kasutati peavalude, vesit\u00f5ve, nahal\u00f6\u00f6be, podagra ravis ja ka m\u00fcrgistuste puhul detoksifitseeriva ainena. Vanad roomlased kasutasid mineraalallikate soola ainevahetuse normaliseerimiseks ja immuuns\u00fcsteemi tugevdamiseks. Viimasel ajal on soola kasulike omadustega hakatud arvestama ka kosmeetikatoodete valmistamisel.<\/p>\n<p>Lauasool on populaarne toidulisand, mis mitte ainult ei muuda toitu maitsvamaks, vaid aitab ka kehal korralikult toimida. Sellega v\u00fcrtsitatakse peaaegu igat rooga ja lisatakse isegi lemmikloomatoidu sisse, kuna tavalistes toodetes pole piisavalt soola. See aine on vajalik vee- ja happe-aluse tasakaalu s\u00e4ilitamiseks. See aitab kaasa lihaste ning n\u00e4rvi- ja seedes\u00fcsteemi \u00f5igele toimimisele.<\/p>\n<\/div><div class=\"fusion-clearfix\"><\/div><\/div><\/div><\/div><\/div>\n","protected":false},"excerpt":{"rendered":"","protected":false},"author":4,"featured_media":0,"parent":0,"menu_order":0,"comment_status":"closed","ping_status":"closed","template":"","meta":{"om_disable_all_campaigns":false,"_monsterinsights_skip_tracking":false,"_monsterinsights_sitenote_active":false,"_monsterinsights_sitenote_note":"","_monsterinsights_sitenote_category":0,"footnotes":""},"class_list":["post-21849","page","type-page","status-publish","hentry"],"yoast_head":"<!-- This site is optimized with the Yoast SEO plugin v24.6 - https:\/\/yoast.com\/wordpress\/plugins\/seo\/ -->\n<title>S\u0101ls v\u0113sture &#8211; Andrese Soolaladu<\/title>\n<meta name=\"robots\" content=\"index, follow, max-snippet:-1, max-image-preview:large, max-video-preview:-1\" \/>\n<link rel=\"canonical\" href=\"https:\/\/soolaladu.ee\/soola-ajalugu\/\" \/>\n<meta property=\"og:locale\" content=\"lv_LV\" \/>\n<meta property=\"og:type\" content=\"article\" \/>\n<meta property=\"og:title\" content=\"S\u0101ls v\u0113sture &#8211; Andrese Soolaladu\" \/>\n<meta property=\"og:url\" content=\"https:\/\/soolaladu.ee\/soola-ajalugu\/\" \/>\n<meta property=\"og:site_name\" content=\"Andrese Soolaladu\" \/>\n<meta property=\"article:modified_time\" content=\"2021-03-22T08:10:54+00:00\" \/>\n<meta name=\"twitter:card\" content=\"summary_large_image\" \/>\n<meta name=\"twitter:label1\" content=\"Est. reading time\" \/>\n\t<meta name=\"twitter:data1\" content=\"3 minutes\" \/>\n<script type=\"application\/ld+json\" class=\"yoast-schema-graph\">{\"@context\":\"https:\/\/schema.org\",\"@graph\":[{\"@type\":\"WebPage\",\"@id\":\"https:\/\/soolaladu.ee\/soola-ajalugu\/\",\"url\":\"https:\/\/soolaladu.ee\/soola-ajalugu\/\",\"name\":\"S\u0101ls v\u0113sture &#8211; Andrese Soolaladu\",\"isPartOf\":{\"@id\":\"https:\/\/soolaladu.ee\/#website\"},\"datePublished\":\"2021-01-28T13:42:27+00:00\",\"dateModified\":\"2021-03-22T08:10:54+00:00\",\"breadcrumb\":{\"@id\":\"https:\/\/soolaladu.ee\/soola-ajalugu\/#breadcrumb\"},\"inLanguage\":\"lv-LV\",\"potentialAction\":[{\"@type\":\"ReadAction\",\"target\":[\"https:\/\/soolaladu.ee\/soola-ajalugu\/\"]}]},{\"@type\":\"BreadcrumbList\",\"@id\":\"https:\/\/soolaladu.ee\/soola-ajalugu\/#breadcrumb\",\"itemListElement\":[{\"@type\":\"ListItem\",\"position\":1,\"name\":\"S\u0101kums\",\"item\":\"https:\/\/soolaladu.ee\/lv\/\"},{\"@type\":\"ListItem\",\"position\":2,\"name\":\"S\u0101ls v\u0113sture\"}]},{\"@type\":\"WebSite\",\"@id\":\"https:\/\/soolaladu.ee\/#website\",\"url\":\"https:\/\/soolaladu.ee\/\",\"name\":\"Andrese Soolaladu\",\"description\":\"Suurim soola tarnija Eestis ja Baltimaades\",\"publisher\":{\"@id\":\"https:\/\/soolaladu.ee\/#organization\"},\"potentialAction\":[{\"@type\":\"SearchAction\",\"target\":{\"@type\":\"EntryPoint\",\"urlTemplate\":\"https:\/\/soolaladu.ee\/?s={search_term_string}\"},\"query-input\":{\"@type\":\"PropertyValueSpecification\",\"valueRequired\":true,\"valueName\":\"search_term_string\"}}],\"inLanguage\":\"lv-LV\"},{\"@type\":\"Organization\",\"@id\":\"https:\/\/soolaladu.ee\/#organization\",\"name\":\"Andrese Soolaladu O\u00dc\",\"url\":\"https:\/\/soolaladu.ee\/\",\"logo\":{\"@type\":\"ImageObject\",\"inLanguage\":\"lv-LV\",\"@id\":\"https:\/\/soolaladu.ee\/#\/schema\/logo\/image\/\",\"url\":\"\",\"contentUrl\":\"\",\"caption\":\"Andrese Soolaladu O\u00dc\"},\"image\":{\"@id\":\"https:\/\/soolaladu.ee\/#\/schema\/logo\/image\/\"},\"sameAs\":[\"https:\/\/www.linkedin.com\/in\/andrei-kirejenkov-414930117\/?originalSubdomain=ee\",\"https:\/\/www.youtube.com\/watch?time_continue=68&amp;amp;v=XC3sMbgpKbk&amp;amp;feature=emb_title\"]}]}<\/script>\n<!-- \/ Yoast SEO plugin. -->","yoast_head_json":{"title":"S\u0101ls v\u0113sture &#8211; Andrese Soolaladu","robots":{"index":"index","follow":"follow","max-snippet":"max-snippet:-1","max-image-preview":"max-image-preview:large","max-video-preview":"max-video-preview:-1"},"canonical":"https:\/\/soolaladu.ee\/soola-ajalugu\/","og_locale":"lv_LV","og_type":"article","og_title":"S\u0101ls v\u0113sture &#8211; Andrese Soolaladu","og_url":"https:\/\/soolaladu.ee\/soola-ajalugu\/","og_site_name":"Andrese Soolaladu","article_modified_time":"2021-03-22T08:10:54+00:00","twitter_card":"summary_large_image","twitter_misc":{"Est. reading time":"3 minutes"},"schema":{"@context":"https:\/\/schema.org","@graph":[{"@type":"WebPage","@id":"https:\/\/soolaladu.ee\/soola-ajalugu\/","url":"https:\/\/soolaladu.ee\/soola-ajalugu\/","name":"S\u0101ls v\u0113sture &#8211; Andrese Soolaladu","isPartOf":{"@id":"https:\/\/soolaladu.ee\/#website"},"datePublished":"2021-01-28T13:42:27+00:00","dateModified":"2021-03-22T08:10:54+00:00","breadcrumb":{"@id":"https:\/\/soolaladu.ee\/soola-ajalugu\/#breadcrumb"},"inLanguage":"lv-LV","potentialAction":[{"@type":"ReadAction","target":["https:\/\/soolaladu.ee\/soola-ajalugu\/"]}]},{"@type":"BreadcrumbList","@id":"https:\/\/soolaladu.ee\/soola-ajalugu\/#breadcrumb","itemListElement":[{"@type":"ListItem","position":1,"name":"S\u0101kums","item":"https:\/\/soolaladu.ee\/lv\/"},{"@type":"ListItem","position":2,"name":"S\u0101ls v\u0113sture"}]},{"@type":"WebSite","@id":"https:\/\/soolaladu.ee\/#website","url":"https:\/\/soolaladu.ee\/","name":"Andrese Soolaladu","description":"Suurim soola tarnija Eestis ja Baltimaades","publisher":{"@id":"https:\/\/soolaladu.ee\/#organization"},"potentialAction":[{"@type":"SearchAction","target":{"@type":"EntryPoint","urlTemplate":"https:\/\/soolaladu.ee\/?s={search_term_string}"},"query-input":{"@type":"PropertyValueSpecification","valueRequired":true,"valueName":"search_term_string"}}],"inLanguage":"lv-LV"},{"@type":"Organization","@id":"https:\/\/soolaladu.ee\/#organization","name":"Andrese Soolaladu O\u00dc","url":"https:\/\/soolaladu.ee\/","logo":{"@type":"ImageObject","inLanguage":"lv-LV","@id":"https:\/\/soolaladu.ee\/#\/schema\/logo\/image\/","url":"","contentUrl":"","caption":"Andrese Soolaladu O\u00dc"},"image":{"@id":"https:\/\/soolaladu.ee\/#\/schema\/logo\/image\/"},"sameAs":["https:\/\/www.linkedin.com\/in\/andrei-kirejenkov-414930117\/?originalSubdomain=ee","https:\/\/www.youtube.com\/watch?time_continue=68&amp;amp;v=XC3sMbgpKbk&amp;amp;feature=emb_title"]}]}},"_links":{"self":[{"href":"https:\/\/soolaladu.ee\/lv\/wp-json\/wp\/v2\/pages\/21849","targetHints":{"allow":["GET"]}}],"collection":[{"href":"https:\/\/soolaladu.ee\/lv\/wp-json\/wp\/v2\/pages"}],"about":[{"href":"https:\/\/soolaladu.ee\/lv\/wp-json\/wp\/v2\/types\/page"}],"author":[{"embeddable":true,"href":"https:\/\/soolaladu.ee\/lv\/wp-json\/wp\/v2\/users\/4"}],"replies":[{"embeddable":true,"href":"https:\/\/soolaladu.ee\/lv\/wp-json\/wp\/v2\/comments?post=21849"}],"version-history":[{"count":3,"href":"https:\/\/soolaladu.ee\/lv\/wp-json\/wp\/v2\/pages\/21849\/revisions"}],"predecessor-version":[{"id":22044,"href":"https:\/\/soolaladu.ee\/lv\/wp-json\/wp\/v2\/pages\/21849\/revisions\/22044"}],"wp:attachment":[{"href":"https:\/\/soolaladu.ee\/lv\/wp-json\/wp\/v2\/media?parent=21849"}],"curies":[{"name":"wp","href":"https:\/\/api.w.org\/{rel}","templated":true}]}}