{"id":21693,"date":"2021-01-28T11:30:16","date_gmt":"2021-01-28T09:30:16","guid":{"rendered":"https:\/\/soolaladu.ee\/?page_id=21693"},"modified":"2024-07-23T08:07:06","modified_gmt":"2024-07-23T05:07:06","slug":"sakums","status":"publish","type":"page","link":"https:\/\/soolaladu.ee\/lv\/","title":{"rendered":"S\u0101kums"},"content":{"rendered":"<p><div class=\"fusion-fullwidth fullwidth-box fusion-builder-row-1 nonhundred-percent-fullwidth non-hundred-percent-height-scrolling\" style=\"--awb-border-radius-top-left:0px;--awb-border-radius-top-right:0px;--awb-border-radius-bottom-right:0px;--awb-border-radius-bottom-left:0px;--awb-padding-top:30px;--awb-padding-bottom:50px;--awb-flex-wrap:wrap;\" ><div class=\"fusion-builder-row fusion-row\"><div class=\"fusion-layout-column fusion_builder_column fusion-builder-column-0 fusion_builder_column_1_3 1_3 fusion-one-third fusion-column-first\" style=\"--awb-bg-size:cover;width:33.333333333333%;width:calc(33.333333333333% - ( ( 4% + 4% ) * 0.33333333333333 ) );margin-right: 4%;\"><div class=\"fusion-column-wrapper fusion-column-has-shadow fusion-flex-column-wrapper-legacy\"><div class=\"fusion-fa-align-center\"><i class=\"fb-icon-element-1 fb-icon-element fontawesome-icon fa-building fas circle-yes icon-hover-animation-slide\" style=\"--awb-iconcolor:#092f57;--awb-iconcolor-hover:#1d4f83;--awb-circlecolor:rgba(9,47,87,0);--awb-circlecolor-hover:rgba(29,79,131,0);--awb-circlebordercolor:#092f57;--awb-circlebordercolor-hover:#1d4f83;--awb-circlebordersize:2px;--awb-font-size:28.16px;--awb-width:56.32px;--awb-height:56.32px;--awb-line-height:52.32px;--awb-margin-bottom:15px;\"><\/i><\/div><div class=\"fusion-text fusion-text-1\"><h6 style=\"text-align: center;\"><strong>Uz\u0146\u0113muma dev\u012bze:<\/strong> \u0101trs un kvalitat\u012bvs serviss + kvalitat\u012bvs produkts = apmierin\u0101ts klients!.<\/h6>\n<\/div><div class=\"fusion-clearfix\"><\/div><\/div><\/div><div class=\"fusion-layout-column fusion_builder_column fusion-builder-column-1 fusion_builder_column_1_3 1_3 fusion-one-third\" style=\"--awb-bg-size:cover;width:33.333333333333%;width:calc(33.333333333333% - ( ( 4% + 4% ) * 0.33333333333333 ) );margin-right: 4%;\"><div class=\"fusion-column-wrapper fusion-column-has-shadow fusion-flex-column-wrapper-legacy\"><div class=\"fusion-fa-align-center\"><i class=\"fb-icon-element-2 fb-icon-element fontawesome-icon fa-coins fas circle-yes icon-hover-animation-slide\" style=\"--awb-iconcolor:#092f57;--awb-iconcolor-hover:#1d4f83;--awb-circlecolor:rgba(9,47,87,0);--awb-circlecolor-hover:rgba(29,79,131,0);--awb-circlebordercolor:#092f57;--awb-circlebordercolor-hover:#1d4f83;--awb-circlebordersize:2px;--awb-font-size:28.16px;--awb-width:56.32px;--awb-height:56.32px;--awb-line-height:52.32px;--awb-margin-bottom:15px;\"><\/i><\/div><div class=\"fusion-text fusion-text-2\"><h6 style=\"text-align: center;\"><strong>Uz\u0146\u0113muma politika:<\/strong> sapr\u0101t\u012bgas cenas, pla\u0161s kvalitat\u012bvas produkcijas sortiments un individu\u0101la pieeja katram klientam.<\/h6>\n<\/div><div class=\"fusion-clearfix\"><\/div><\/div><\/div><div class=\"fusion-layout-column fusion_builder_column fusion-builder-column-2 fusion_builder_column_1_3 1_3 fusion-one-third fusion-column-last\" style=\"--awb-bg-size:cover;width:33.333333333333%;width:calc(33.333333333333% - ( ( 4% + 4% ) * 0.33333333333333 ) );\"><div class=\"fusion-column-wrapper fusion-column-has-shadow fusion-flex-column-wrapper-legacy\"><div class=\"fusion-fa-align-center\"><i class=\"fb-icon-element-3 fb-icon-element fontawesome-icon fa-handshake fas circle-yes icon-hover-animation-slide\" style=\"--awb-iconcolor:#092f57;--awb-iconcolor-hover:#1d4f83;--awb-circlecolor:rgba(9,47,87,0);--awb-circlecolor-hover:rgba(29,79,131,0);--awb-circlebordercolor:#092f57;--awb-circlebordercolor-hover:#1d4f83;--awb-circlebordersize:2px;--awb-font-size:28.16px;--awb-width:56.32px;--awb-height:56.32px;--awb-line-height:52.32px;--awb-margin-bottom:15px;\"><\/i><\/div><div class=\"fusion-text fusion-text-3\"><h6 style=\"text-align: center;\"><strong>Savstarp\u0113ji izdev\u012bgi sadarb\u012bbas nosac\u012bjumi<\/strong> un <strong>elast\u012bg\u0101 atlai\u017eu sist\u0113ma<\/strong> \u013cauj mums b\u016bt lab\u0101kam pieg\u0101d\u0101t\u0101jam, kur\u0161 ar\u012b jums ir bijis!<\/h6>\n<\/div><div class=\"fusion-clearfix\"><\/div><\/div><\/div><\/div><\/div><div class=\"fusion-fullwidth fullwidth-box fusion-builder-row-2 nonhundred-percent-fullwidth non-hundred-percent-height-scrolling\" style=\"--awb-border-radius-top-left:0px;--awb-border-radius-top-right:0px;--awb-border-radius-bottom-right:0px;--awb-border-radius-bottom-left:0px;--awb-flex-wrap:wrap;\" ><div class=\"fusion-builder-row fusion-row\"><div class=\"fusion-layout-column fusion_builder_column fusion-builder-column-3 fusion_builder_column_1_2 1_2 fusion-one-half fusion-column-first\" style=\"--awb-bg-size:cover;width:50%;width:calc(50% - ( ( 4% ) * 0.5 ) );margin-right: 4%;\"><div class=\"fusion-column-wrapper fusion-column-has-shadow fusion-flex-column-wrapper-legacy\"><iframe width=\"100%\" height=\"320\" src=\"https:\/\/www.youtube.com\/embed\/dpDUUvflBmg?si=7Hd1qnx9Ssh4QUuE?rel=0\" frameborder=\"0\" allow=\"accelerometer; autoplay; clipboard-write; encrypted-media; gyroscope; picture-in-picture\" allowfullscreen><\/iframe><div class=\"fusion-clearfix\"><\/div><\/div><\/div><div class=\"fusion-layout-column fusion_builder_column fusion-builder-column-4 fusion_builder_column_1_2 1_2 fusion-one-half fusion-column-last\" style=\"--awb-bg-blend:overlay;--awb-bg-size:cover;width:50%;width:calc(50% - ( ( 4% ) * 0.5 ) );\"><div class=\"fusion-column-wrapper fusion-flex-column-wrapper-legacy\"><div class=\"fusion-text fusion-text-4\"><h2><strong>Andrese Soolaladu \u2013 liel\u0101kais s\u0101ls pieg\u0101d\u0101t\u0101js Igaunij\u0101 un Baltijas valst\u012bs.<\/strong><\/h2>\n<p>Komp\u0101nija Andrese Soolaladu tika dibin\u0101ta 1991. gad\u0101 par 100% Igaunijas kapit\u0101l\u0101 k\u0101 liel\u0101k\u0101 starptautisk\u0101 koncerna Andrese Grupi. Andrese Soolaladu pamatdarb\u012bba ir da\u017e\u0101du veidu s\u0101ls vairumtirdzniec\u012bba Baltijas valstu teritorij\u0101.<\/p>\n<p>Ilggad\u012bga darba pieredze un liels skaits past\u0101v\u012bgu klientu \u013cauj mums b\u016bt stabiliem jau 30 gadus. Uz\u0146\u0113muma gada apgroz\u012bjums p\u0101rsniedz 55 000 tonnu s\u0101ls.<\/p>\n<p>Komp\u0101nija Andrese Soolaladu sadarbojas ar daudziem lieliem transporta uz\u0146\u0113mumiem, t\u0101p\u0113c nav atkar\u012bb\u0101s no j\u016bsu atra\u0161an\u0101s vietas &#8211; m\u0113s pieg\u0101d\u0101sim j\u016bsu pas\u016bt\u012bjumu vis\u012bs\u0101kajos termi\u0146os. M\u016bsu uz\u0146\u0113muma klienti ir daudzi &#8211; zivis, &#8211; ga\u013cas p\u0101rstr\u0101des kombin\u0101ti, maizes ceptuves, vairumb\u0101zes, elektrostacijas, k\u0101 ar\u012b citi r\u016bpniec\u012bbas uz\u0146\u0113mumi<\/p>\n<p>Komp\u0101nija Andrese Soolaladu str\u0101d\u0101 ar lieliem starptautiskiem s\u0101ls ra\u017eot\u0101jiem, piem\u0113ram, V\u0101ciju, Be\u013c\u0123ija, Ukrainu, Poliju, Turciju un Kipra. <span style=\"background-color: rgba(255, 255, 255, 0); color: var(--body_typography-color); font-family: var(--body_typography-font-family); font-size: var(--body_typography-font-size); font-style: var(--body_typography-font-style,normal); font-weight: var(--body_typography-font-weight); letter-spacing: var(--body_typography-letter-spacing);\">Andrese Soolaladu r\u012bc\u012bb\u0101 ir noliktavas telpas ar kop\u0113jo plat\u012bbu virs 7000 m2, kas \u013cauj izvietot iev\u0113rojamus pre\u010du kr\u0101jumu daudzumus.<\/span><\/p>\n<\/div><div class=\"fusion-clearfix\"><\/div><\/div><\/div><\/div><\/div><div class=\"fusion-fullwidth fullwidth-box fusion-builder-row-3 nonhundred-percent-fullwidth non-hundred-percent-height-scrolling\" style=\"--awb-border-radius-top-left:0px;--awb-border-radius-top-right:0px;--awb-border-radius-bottom-right:0px;--awb-border-radius-bottom-left:0px;--awb-padding-top:25px;--awb-flex-wrap:wrap;\" ><div class=\"fusion-builder-row fusion-row\"><div class=\"fusion-layout-column fusion_builder_column fusion-builder-column-5 fusion_builder_column_1_1 1_1 fusion-one-full fusion-column-first fusion-column-last\" style=\"--awb-bg-size:cover;\"><div class=\"fusion-column-wrapper fusion-column-has-shadow fusion-flex-column-wrapper-legacy\"><div class=\"fusion-text fusion-text-5\"><h1 style=\"text-align: center;\"><strong>Produktu kategorijas<\/strong><\/h1>\n<\/div><div class=\"fusion-clearfix\"><\/div><\/div><\/div><\/div><\/div><div class=\"fusion-fullwidth fullwidth-box fusion-builder-row-4 nonhundred-percent-fullwidth non-hundred-percent-height-scrolling\" style=\"--awb-border-radius-top-left:0px;--awb-border-radius-top-right:0px;--awb-border-radius-bottom-right:0px;--awb-border-radius-bottom-left:0px;--awb-padding-bottom:25px;--awb-flex-wrap:wrap;\" ><div class=\"fusion-builder-row fusion-row\"><div class=\"fusion-layout-column fusion_builder_column fusion-builder-column-6 fusion_builder_column_1_3 1_3 fusion-one-third fusion-column-first\" style=\"--awb-bg-size:cover;width:33.333333333333%;width:calc(33.333333333333% - ( ( 4% + 4% ) * 0.33333333333333 ) );margin-right: 4%;\"><div class=\"fusion-column-wrapper fusion-column-has-shadow fusion-flex-column-wrapper-legacy\"><div class=\"fusion-fa-align-center\"><a class=\"fb-icon-element-4 fb-icon-element fontawesome-icon fa-balance-scale fas circle-yes fusion-link icon-hover-animation-slide\" style=\"--awb-iconcolor:#797676;--awb-iconcolor-hover:#092f57;--awb-circlecolor:rgba(51,51,51,0);--awb-circlecolor-hover:rgba(51,51,51,0);--awb-circlebordercolor:#797676;--awb-circlebordercolor-hover:#092f57;--awb-circlebordersize:1px;--awb-font-size:56.32px;--awb-width:112.64px;--awb-height:112.64px;--awb-line-height:110.64px;\" href=\"https:\/\/soolaladu.ee\/lv\/sakums\/soola-kategooriad\/\" aria-label=\"Link to https:\/\/soolaladu.ee\/lv\/sakums\/soola-kategooriad\/\" target=\"_self\"><\/a><\/div><div class=\"fusion-text fusion-text-6\"><h3 style=\"text-align: center;\">S\u0101ls<\/h3>\n<p style=\"text-align: center;\"><strong>S\u0101ls<\/strong> tiek izmantota gan m\u0101jsaimniec\u012bb\u0101, un da\u017e\u0101d\u0101s r\u016bpniec\u012bbas nozar\u0113s.<\/p>\n<\/div><div class=\"fusion-clearfix\"><\/div><\/div><\/div><div class=\"fusion-layout-column fusion_builder_column fusion-builder-column-7 fusion_builder_column_1_3 1_3 fusion-one-third\" style=\"--awb-bg-size:cover;width:33.333333333333%;width:calc(33.333333333333% - ( ( 4% + 4% ) * 0.33333333333333 ) );margin-right: 4%;\"><div class=\"fusion-column-wrapper fusion-column-has-shadow fusion-flex-column-wrapper-legacy\"><div class=\"fusion-fa-align-center\"><a class=\"fb-icon-element-5 fb-icon-element fontawesome-icon fa-bread-slice fas circle-yes fusion-link icon-hover-animation-slide\" style=\"--awb-iconcolor:#797676;--awb-iconcolor-hover:#092f57;--awb-circlecolor:rgba(51,51,51,0);--awb-circlecolor-hover:rgba(51,51,51,0);--awb-circlebordercolor:#797676;--awb-circlebordercolor-hover:#092f57;--awb-circlebordersize:1px;--awb-font-size:56.32px;--awb-width:112.64px;--awb-height:112.64px;--awb-line-height:110.64px;\" href=\"https:\/\/soolaladu.ee\/lv\/sakums\/sooda-kategooriad\/\" aria-label=\"Link to https:\/\/soolaladu.ee\/lv\/sakums\/sooda-kategooriad\/\" target=\"_self\"><\/a><\/div><div class=\"fusion-text fusion-text-7\"><h3 style=\"text-align: center;\">Soda<\/h3>\n<p style=\"text-align: center;\"><strong>Soda<\/strong> tiek izmantota p\u0101rtikas r\u016bpniec\u012bb\u0101 un ar\u012b k\u0101 univers\u0101ls t\u012br\u012b\u0161anas l\u012bdzeklis.<\/p>\n<\/div><div class=\"fusion-clearfix\"><\/div><\/div><\/div><div class=\"fusion-layout-column fusion_builder_column fusion-builder-column-8 fusion_builder_column_1_3 1_3 fusion-one-third fusion-column-last\" style=\"--awb-bg-size:cover;width:33.333333333333%;width:calc(33.333333333333% - ( ( 4% + 4% ) * 0.33333333333333 ) );\"><div class=\"fusion-column-wrapper fusion-column-has-shadow fusion-flex-column-wrapper-legacy\"><div class=\"fusion-fa-align-center\"><a class=\"fb-icon-element-6 fb-icon-element fontawesome-icon fa-seedling fas circle-yes fusion-link icon-hover-animation-slide\" style=\"--awb-iconcolor:#797676;--awb-iconcolor-hover:#092f57;--awb-circlecolor:rgba(51,51,51,0);--awb-circlecolor-hover:rgba(51,51,51,0);--awb-circlebordercolor:#797676;--awb-circlebordercolor-hover:#092f57;--awb-circlebordersize:1px;--awb-font-size:56.32px;--awb-width:112.64px;--awb-height:112.64px;--awb-line-height:110.64px;\" href=\"https:\/\/soolaladu.ee\/lv\/sakums\/mineraallisandite-kategooriad\/\" aria-label=\"Link to https:\/\/soolaladu.ee\/lv\/sakums\/mineraallisandite-kategooriad\/\" target=\"_self\"><\/a><\/div><div class=\"fusion-text fusion-text-8\"><h3 style=\"text-align: center;\">Miner\u0101lpiedevas<\/h3>\n<p style=\"text-align: center;\"><strong>Miner\u0101lu piedevas<\/strong> tiek izmantotas gan lauksaimniec\u012bb\u0101, un k\u0101 piedevas p\u0101rtikas r\u016bpniec\u012bbai.<\/p>\n<\/div><div class=\"fusion-clearfix\"><\/div><\/div><\/div><\/div><\/div><\/p>\n","protected":false},"excerpt":{"rendered":"","protected":false},"author":4,"featured_media":0,"parent":0,"menu_order":0,"comment_status":"closed","ping_status":"closed","template":"100-width.php","meta":{"om_disable_all_campaigns":false,"_monsterinsights_skip_tracking":false,"_monsterinsights_sitenote_active":false,"_monsterinsights_sitenote_note":"","_monsterinsights_sitenote_category":0,"footnotes":""},"class_list":["post-21693","page","type-page","status-publish","hentry"],"yoast_head":"<!-- This site is optimized with the Yoast SEO plugin v24.6 - https:\/\/yoast.com\/wordpress\/plugins\/seo\/ -->\n<title>S\u0101kums &#8211; Andrese Soolaladu<\/title>\n<meta name=\"robots\" content=\"index, follow, max-snippet:-1, max-image-preview:large, max-video-preview:-1\" \/>\n<link rel=\"canonical\" href=\"https:\/\/soolaladu.ee\/lv\/\" \/>\n<meta property=\"og:locale\" content=\"lv_LV\" \/>\n<meta property=\"og:type\" content=\"article\" \/>\n<meta property=\"og:title\" content=\"S\u0101kums &#8211; Andrese Soolaladu\" \/>\n<meta property=\"og:url\" content=\"https:\/\/soolaladu.ee\/lv\/\" \/>\n<meta property=\"og:site_name\" content=\"Andrese Soolaladu\" \/>\n<meta property=\"article:modified_time\" content=\"2024-07-23T05:07:06+00:00\" \/>\n<meta name=\"twitter:card\" content=\"summary_large_image\" \/>\n<meta name=\"twitter:label1\" content=\"Est. reading time\" \/>\n\t<meta name=\"twitter:data1\" content=\"2 minutes\" \/>\n<script type=\"application\/ld+json\" class=\"yoast-schema-graph\">{\"@context\":\"https:\/\/schema.org\",\"@graph\":[{\"@type\":\"WebPage\",\"@id\":\"https:\/\/soolaladu.ee\/lv\/\",\"url\":\"https:\/\/soolaladu.ee\/lv\/\",\"name\":\"S\u0101kums &#8211; Andrese Soolaladu\",\"isPartOf\":{\"@id\":\"https:\/\/soolaladu.ee\/#website\"},\"datePublished\":\"2021-01-28T09:30:16+00:00\",\"dateModified\":\"2024-07-23T05:07:06+00:00\",\"breadcrumb\":{\"@id\":\"https:\/\/soolaladu.ee\/lv\/#breadcrumb\"},\"inLanguage\":\"lv-LV\",\"potentialAction\":[{\"@type\":\"ReadAction\",\"target\":[\"https:\/\/soolaladu.ee\/lv\/\"]}]},{\"@type\":\"BreadcrumbList\",\"@id\":\"https:\/\/soolaladu.ee\/lv\/#breadcrumb\",\"itemListElement\":[{\"@type\":\"ListItem\",\"position\":1,\"name\":\"S\u0101kums\",\"item\":\"https:\/\/soolaladu.ee\/lv\/\"},{\"@type\":\"ListItem\",\"position\":2,\"name\":\"S\u0101kums\"}]},{\"@type\":\"WebSite\",\"@id\":\"https:\/\/soolaladu.ee\/#website\",\"url\":\"https:\/\/soolaladu.ee\/\",\"name\":\"Andrese Soolaladu\",\"description\":\"Suurim soola tarnija Eestis ja Baltimaades\",\"publisher\":{\"@id\":\"https:\/\/soolaladu.ee\/#organization\"},\"potentialAction\":[{\"@type\":\"SearchAction\",\"target\":{\"@type\":\"EntryPoint\",\"urlTemplate\":\"https:\/\/soolaladu.ee\/?s={search_term_string}\"},\"query-input\":{\"@type\":\"PropertyValueSpecification\",\"valueRequired\":true,\"valueName\":\"search_term_string\"}}],\"inLanguage\":\"lv-LV\"},{\"@type\":\"Organization\",\"@id\":\"https:\/\/soolaladu.ee\/#organization\",\"name\":\"Andrese Soolaladu O\u00dc\",\"url\":\"https:\/\/soolaladu.ee\/\",\"logo\":{\"@type\":\"ImageObject\",\"inLanguage\":\"lv-LV\",\"@id\":\"https:\/\/soolaladu.ee\/#\/schema\/logo\/image\/\",\"url\":\"\",\"contentUrl\":\"\",\"caption\":\"Andrese Soolaladu O\u00dc\"},\"image\":{\"@id\":\"https:\/\/soolaladu.ee\/#\/schema\/logo\/image\/\"},\"sameAs\":[\"https:\/\/www.linkedin.com\/in\/andrei-kirejenkov-414930117\/?originalSubdomain=ee\",\"https:\/\/www.youtube.com\/watch?time_continue=68&amp;amp;v=XC3sMbgpKbk&amp;amp;feature=emb_title\"]}]}<\/script>\n<!-- \/ Yoast SEO plugin. -->","yoast_head_json":{"title":"S\u0101kums &#8211; Andrese Soolaladu","robots":{"index":"index","follow":"follow","max-snippet":"max-snippet:-1","max-image-preview":"max-image-preview:large","max-video-preview":"max-video-preview:-1"},"canonical":"https:\/\/soolaladu.ee\/lv\/","og_locale":"lv_LV","og_type":"article","og_title":"S\u0101kums &#8211; Andrese Soolaladu","og_url":"https:\/\/soolaladu.ee\/lv\/","og_site_name":"Andrese Soolaladu","article_modified_time":"2024-07-23T05:07:06+00:00","twitter_card":"summary_large_image","twitter_misc":{"Est. reading time":"2 minutes"},"schema":{"@context":"https:\/\/schema.org","@graph":[{"@type":"WebPage","@id":"https:\/\/soolaladu.ee\/lv\/","url":"https:\/\/soolaladu.ee\/lv\/","name":"S\u0101kums &#8211; Andrese Soolaladu","isPartOf":{"@id":"https:\/\/soolaladu.ee\/#website"},"datePublished":"2021-01-28T09:30:16+00:00","dateModified":"2024-07-23T05:07:06+00:00","breadcrumb":{"@id":"https:\/\/soolaladu.ee\/lv\/#breadcrumb"},"inLanguage":"lv-LV","potentialAction":[{"@type":"ReadAction","target":["https:\/\/soolaladu.ee\/lv\/"]}]},{"@type":"BreadcrumbList","@id":"https:\/\/soolaladu.ee\/lv\/#breadcrumb","itemListElement":[{"@type":"ListItem","position":1,"name":"S\u0101kums","item":"https:\/\/soolaladu.ee\/lv\/"},{"@type":"ListItem","position":2,"name":"S\u0101kums"}]},{"@type":"WebSite","@id":"https:\/\/soolaladu.ee\/#website","url":"https:\/\/soolaladu.ee\/","name":"Andrese Soolaladu","description":"Suurim soola tarnija Eestis ja Baltimaades","publisher":{"@id":"https:\/\/soolaladu.ee\/#organization"},"potentialAction":[{"@type":"SearchAction","target":{"@type":"EntryPoint","urlTemplate":"https:\/\/soolaladu.ee\/?s={search_term_string}"},"query-input":{"@type":"PropertyValueSpecification","valueRequired":true,"valueName":"search_term_string"}}],"inLanguage":"lv-LV"},{"@type":"Organization","@id":"https:\/\/soolaladu.ee\/#organization","name":"Andrese Soolaladu O\u00dc","url":"https:\/\/soolaladu.ee\/","logo":{"@type":"ImageObject","inLanguage":"lv-LV","@id":"https:\/\/soolaladu.ee\/#\/schema\/logo\/image\/","url":"","contentUrl":"","caption":"Andrese Soolaladu O\u00dc"},"image":{"@id":"https:\/\/soolaladu.ee\/#\/schema\/logo\/image\/"},"sameAs":["https:\/\/www.linkedin.com\/in\/andrei-kirejenkov-414930117\/?originalSubdomain=ee","https:\/\/www.youtube.com\/watch?time_continue=68&amp;amp;v=XC3sMbgpKbk&amp;amp;feature=emb_title"]}]}},"_links":{"self":[{"href":"https:\/\/soolaladu.ee\/lv\/wp-json\/wp\/v2\/pages\/21693","targetHints":{"allow":["GET"]}}],"collection":[{"href":"https:\/\/soolaladu.ee\/lv\/wp-json\/wp\/v2\/pages"}],"about":[{"href":"https:\/\/soolaladu.ee\/lv\/wp-json\/wp\/v2\/types\/page"}],"author":[{"embeddable":true,"href":"https:\/\/soolaladu.ee\/lv\/wp-json\/wp\/v2\/users\/4"}],"replies":[{"embeddable":true,"href":"https:\/\/soolaladu.ee\/lv\/wp-json\/wp\/v2\/comments?post=21693"}],"version-history":[{"count":17,"href":"https:\/\/soolaladu.ee\/lv\/wp-json\/wp\/v2\/pages\/21693\/revisions"}],"predecessor-version":[{"id":22635,"href":"https:\/\/soolaladu.ee\/lv\/wp-json\/wp\/v2\/pages\/21693\/revisions\/22635"}],"wp:attachment":[{"href":"https:\/\/soolaladu.ee\/lv\/wp-json\/wp\/v2\/media?parent=21693"}],"curies":[{"name":"wp","href":"https:\/\/api.w.org\/{rel}","templated":true}]}}