{"id":21687,"date":"2021-01-28T11:19:15","date_gmt":"2021-01-28T09:19:15","guid":{"rendered":"https:\/\/soolaladu.ee\/?page_id=21687"},"modified":"2024-07-03T15:56:51","modified_gmt":"2024-07-03T12:56:51","slug":"firmast","status":"publish","type":"page","link":"https:\/\/soolaladu.ee\/lv\/firmast\/","title":{"rendered":"Par mums"},"content":{"rendered":"<div class=\"fusion-fullwidth fullwidth-box fusion-builder-row-1 nonhundred-percent-fullwidth non-hundred-percent-height-scrolling\" style=\"--awb-border-radius-top-left:0px;--awb-border-radius-top-right:0px;--awb-border-radius-bottom-right:0px;--awb-border-radius-bottom-left:0px;--awb-flex-wrap:wrap;\" ><div class=\"fusion-builder-row fusion-row\"><div class=\"fusion-layout-column fusion_builder_column fusion-builder-column-0 fusion_builder_column_1_2 1_2 fusion-one-half fusion-column-first\" style=\"--awb-bg-size:cover;width:50%;width:calc(50% - ( ( 4% ) * 0.5 ) );margin-right: 4%;\"><div class=\"fusion-column-wrapper fusion-column-has-shadow fusion-flex-column-wrapper-legacy\"><div class=\"fusion-text fusion-text-1\"><h2><strong>Andrese Soolaladu \u2013 liel\u0101kais s\u0101ls pieg\u0101d\u0101t\u0101js Igaunij\u0101 un Baltijas valst\u012bs.<\/strong><\/h2>\n<p>Komp\u0101nija Andrese Soolaladu tika dibin\u0101ta 1991. gad\u0101 par 100% Igaunijas kapit\u0101l\u0101 k\u0101 liel\u0101k\u0101 starptautisk\u0101 koncerna Andrese Grupi. <span style=\"background-color: rgba(255, 255, 255, 0); color: var(--body_typography-color); font-family: var(--body_typography-font-family); font-size: var(--body_typography-font-size); font-style: var(--body_typography-font-style,normal); letter-spacing: var(--body_typography-letter-spacing);\">Andrese Soolaladu pamatdarb\u012bba ir da\u017e\u0101du veidu s\u0101ls vairumtirdzniec\u012bba Baltijas valstu teritorij\u0101.<\/span><\/p>\n<p>Ilggad\u012bga darba pieredze un liels skaits past\u0101v\u012bgu klientu \u013cauj mums b\u016bt stabiliem jau 30 gadus. Uz\u0146\u0113muma gada apgroz\u012bjums p\u0101rsniedz 55 000 tonnu s\u0101ls.<\/p>\n<p>Komp\u0101nija Andrese Soolaladu sadarbojas ar daudziem lieliem transporta uz\u0146\u0113mumiem, t\u0101p\u0113c nav atkar\u012bb\u0101s no j\u016bsu atra\u0161an\u0101s vietas &#8211; m\u0113s pieg\u0101d\u0101sim j\u016bsu pas\u016bt\u012bjumu vis\u012bs\u0101kajos termi\u0146os. <span style=\"background-color: rgba(255, 255, 255, 0); color: var(--body_typography-color); font-family: var(--body_typography-font-family); font-size: var(--body_typography-font-size); font-style: var(--body_typography-font-style,normal); font-weight: var(--body_typography-font-weight); letter-spacing: var(--body_typography-letter-spacing);\">M\u016bsu uz\u0146\u0113muma klienti ir daudzi &#8211; zivis, &#8211; ga\u013cas p\u0101rstr\u0101des kombin\u0101ti, maizes ceptuves, vairumb\u0101zes, elektrostacijas, k\u0101 ar\u012b citi r\u016bpniec\u012bbas uz\u0146\u0113mumi.<\/span><\/p>\n<p>Komp\u0101nija Andrese Soolaladu str\u0101d\u0101 ar lieliem starptautiskiem s\u0101ls ra\u017eot\u0101jiem, piem\u0113ram, V\u0101ciju, Be\u013c\u0123ija, Ukrainu, Poliju, Turciju un Kipra. Andrese Soolaladu r\u012bc\u012bb\u0101 ir noliktavas telpas ar kop\u0113jo plat\u012bbu virs 7000 m2, kas \u013cauj izvietot iev\u0113rojamus pre\u010du kr\u0101jumu daudzumus.<\/p>\n<\/div><div class=\"fusion-clearfix\"><\/div><\/div><\/div><div class=\"fusion-layout-column fusion_builder_column fusion-builder-column-1 fusion_builder_column_1_2 1_2 fusion-one-half fusion-column-last\" style=\"--awb-bg-size:cover;width:50%;width:calc(50% - ( ( 4% ) * 0.5 ) );\"><div class=\"fusion-column-wrapper fusion-column-has-shadow fusion-flex-column-wrapper-legacy\"><div class=\"fusion-image-element in-legacy-container\" style=\"--awb-caption-title-font-family:var(--h2_typography-font-family);--awb-caption-title-font-weight:var(--h2_typography-font-weight);--awb-caption-title-font-style:var(--h2_typography-font-style);--awb-caption-title-size:var(--h2_typography-font-size);--awb-caption-title-transform:var(--h2_typography-text-transform);--awb-caption-title-line-height:var(--h2_typography-line-height);--awb-caption-title-letter-spacing:var(--h2_typography-letter-spacing);\"><span class=\" fusion-imageframe imageframe-none imageframe-1 hover-type-none\"><img decoding=\"async\" width=\"2560\" height=\"1550\" title=\"default\" src=\"https:\/\/soolaladu.ee\/wp-content\/uploads\/2024\/07\/dji4-scaled.jpg\" alt class=\"img-responsive wp-image-22606\" srcset=\"https:\/\/soolaladu.ee\/wp-content\/uploads\/2024\/07\/dji4-200x121.jpg 200w, https:\/\/soolaladu.ee\/wp-content\/uploads\/2024\/07\/dji4-400x242.jpg 400w, https:\/\/soolaladu.ee\/wp-content\/uploads\/2024\/07\/dji4-600x363.jpg 600w, https:\/\/soolaladu.ee\/wp-content\/uploads\/2024\/07\/dji4-800x484.jpg 800w, https:\/\/soolaladu.ee\/wp-content\/uploads\/2024\/07\/dji4-1200x727.jpg 1200w, https:\/\/soolaladu.ee\/wp-content\/uploads\/2024\/07\/dji4-scaled.jpg 2560w\" sizes=\"(max-width: 800px) 100vw, 600px\" \/><\/span><\/div><div class=\"fusion-clearfix\"><\/div><\/div><\/div><\/div><\/div>\n","protected":false},"excerpt":{"rendered":"","protected":false},"author":4,"featured_media":0,"parent":0,"menu_order":0,"comment_status":"closed","ping_status":"closed","template":"","meta":{"om_disable_all_campaigns":false,"_monsterinsights_skip_tracking":false,"_monsterinsights_sitenote_active":false,"_monsterinsights_sitenote_note":"","_monsterinsights_sitenote_category":0,"footnotes":""},"class_list":["post-21687","page","type-page","status-publish","hentry"],"yoast_head":"<!-- This site is optimized with the Yoast SEO plugin v24.6 - https:\/\/yoast.com\/wordpress\/plugins\/seo\/ -->\n<title>Par mums &#8211; Andrese Soolaladu<\/title>\n<meta name=\"robots\" content=\"index, follow, max-snippet:-1, max-image-preview:large, max-video-preview:-1\" \/>\n<link rel=\"canonical\" href=\"https:\/\/soolaladu.ee\/lv\/firmast\/\" \/>\n<meta property=\"og:locale\" content=\"lv_LV\" \/>\n<meta property=\"og:type\" content=\"article\" \/>\n<meta property=\"og:title\" content=\"Par mums &#8211; Andrese Soolaladu\" \/>\n<meta property=\"og:url\" content=\"https:\/\/soolaladu.ee\/lv\/firmast\/\" \/>\n<meta property=\"og:site_name\" content=\"Andrese Soolaladu\" \/>\n<meta property=\"article:modified_time\" content=\"2024-07-03T12:56:51+00:00\" \/>\n<meta name=\"twitter:card\" content=\"summary_large_image\" \/>\n<meta name=\"twitter:label1\" content=\"Est. reading time\" \/>\n\t<meta name=\"twitter:data1\" content=\"2 minutes\" \/>\n<script type=\"application\/ld+json\" class=\"yoast-schema-graph\">{\"@context\":\"https:\/\/schema.org\",\"@graph\":[{\"@type\":\"WebPage\",\"@id\":\"https:\/\/soolaladu.ee\/lv\/firmast\/\",\"url\":\"https:\/\/soolaladu.ee\/lv\/firmast\/\",\"name\":\"Par mums &#8211; Andrese Soolaladu\",\"isPartOf\":{\"@id\":\"https:\/\/soolaladu.ee\/#website\"},\"datePublished\":\"2021-01-28T09:19:15+00:00\",\"dateModified\":\"2024-07-03T12:56:51+00:00\",\"breadcrumb\":{\"@id\":\"https:\/\/soolaladu.ee\/lv\/firmast\/#breadcrumb\"},\"inLanguage\":\"lv-LV\",\"potentialAction\":[{\"@type\":\"ReadAction\",\"target\":[\"https:\/\/soolaladu.ee\/lv\/firmast\/\"]}]},{\"@type\":\"BreadcrumbList\",\"@id\":\"https:\/\/soolaladu.ee\/lv\/firmast\/#breadcrumb\",\"itemListElement\":[{\"@type\":\"ListItem\",\"position\":1,\"name\":\"S\u0101kums\",\"item\":\"https:\/\/soolaladu.ee\/lv\/\"},{\"@type\":\"ListItem\",\"position\":2,\"name\":\"Par mums\"}]},{\"@type\":\"WebSite\",\"@id\":\"https:\/\/soolaladu.ee\/#website\",\"url\":\"https:\/\/soolaladu.ee\/\",\"name\":\"Andrese Soolaladu\",\"description\":\"Suurim soola tarnija Eestis ja Baltimaades\",\"publisher\":{\"@id\":\"https:\/\/soolaladu.ee\/#organization\"},\"potentialAction\":[{\"@type\":\"SearchAction\",\"target\":{\"@type\":\"EntryPoint\",\"urlTemplate\":\"https:\/\/soolaladu.ee\/?s={search_term_string}\"},\"query-input\":{\"@type\":\"PropertyValueSpecification\",\"valueRequired\":true,\"valueName\":\"search_term_string\"}}],\"inLanguage\":\"lv-LV\"},{\"@type\":\"Organization\",\"@id\":\"https:\/\/soolaladu.ee\/#organization\",\"name\":\"Andrese Soolaladu O\u00dc\",\"url\":\"https:\/\/soolaladu.ee\/\",\"logo\":{\"@type\":\"ImageObject\",\"inLanguage\":\"lv-LV\",\"@id\":\"https:\/\/soolaladu.ee\/#\/schema\/logo\/image\/\",\"url\":\"\",\"contentUrl\":\"\",\"caption\":\"Andrese Soolaladu O\u00dc\"},\"image\":{\"@id\":\"https:\/\/soolaladu.ee\/#\/schema\/logo\/image\/\"},\"sameAs\":[\"https:\/\/www.linkedin.com\/in\/andrei-kirejenkov-414930117\/?originalSubdomain=ee\",\"https:\/\/www.youtube.com\/watch?time_continue=68&amp;amp;v=XC3sMbgpKbk&amp;amp;feature=emb_title\"]}]}<\/script>\n<!-- \/ Yoast SEO plugin. -->","yoast_head_json":{"title":"Par mums &#8211; Andrese Soolaladu","robots":{"index":"index","follow":"follow","max-snippet":"max-snippet:-1","max-image-preview":"max-image-preview:large","max-video-preview":"max-video-preview:-1"},"canonical":"https:\/\/soolaladu.ee\/lv\/firmast\/","og_locale":"lv_LV","og_type":"article","og_title":"Par mums &#8211; Andrese Soolaladu","og_url":"https:\/\/soolaladu.ee\/lv\/firmast\/","og_site_name":"Andrese Soolaladu","article_modified_time":"2024-07-03T12:56:51+00:00","twitter_card":"summary_large_image","twitter_misc":{"Est. reading time":"2 minutes"},"schema":{"@context":"https:\/\/schema.org","@graph":[{"@type":"WebPage","@id":"https:\/\/soolaladu.ee\/lv\/firmast\/","url":"https:\/\/soolaladu.ee\/lv\/firmast\/","name":"Par mums &#8211; Andrese Soolaladu","isPartOf":{"@id":"https:\/\/soolaladu.ee\/#website"},"datePublished":"2021-01-28T09:19:15+00:00","dateModified":"2024-07-03T12:56:51+00:00","breadcrumb":{"@id":"https:\/\/soolaladu.ee\/lv\/firmast\/#breadcrumb"},"inLanguage":"lv-LV","potentialAction":[{"@type":"ReadAction","target":["https:\/\/soolaladu.ee\/lv\/firmast\/"]}]},{"@type":"BreadcrumbList","@id":"https:\/\/soolaladu.ee\/lv\/firmast\/#breadcrumb","itemListElement":[{"@type":"ListItem","position":1,"name":"S\u0101kums","item":"https:\/\/soolaladu.ee\/lv\/"},{"@type":"ListItem","position":2,"name":"Par mums"}]},{"@type":"WebSite","@id":"https:\/\/soolaladu.ee\/#website","url":"https:\/\/soolaladu.ee\/","name":"Andrese Soolaladu","description":"Suurim soola tarnija Eestis ja Baltimaades","publisher":{"@id":"https:\/\/soolaladu.ee\/#organization"},"potentialAction":[{"@type":"SearchAction","target":{"@type":"EntryPoint","urlTemplate":"https:\/\/soolaladu.ee\/?s={search_term_string}"},"query-input":{"@type":"PropertyValueSpecification","valueRequired":true,"valueName":"search_term_string"}}],"inLanguage":"lv-LV"},{"@type":"Organization","@id":"https:\/\/soolaladu.ee\/#organization","name":"Andrese Soolaladu O\u00dc","url":"https:\/\/soolaladu.ee\/","logo":{"@type":"ImageObject","inLanguage":"lv-LV","@id":"https:\/\/soolaladu.ee\/#\/schema\/logo\/image\/","url":"","contentUrl":"","caption":"Andrese Soolaladu O\u00dc"},"image":{"@id":"https:\/\/soolaladu.ee\/#\/schema\/logo\/image\/"},"sameAs":["https:\/\/www.linkedin.com\/in\/andrei-kirejenkov-414930117\/?originalSubdomain=ee","https:\/\/www.youtube.com\/watch?time_continue=68&amp;amp;v=XC3sMbgpKbk&amp;amp;feature=emb_title"]}]}},"_links":{"self":[{"href":"https:\/\/soolaladu.ee\/lv\/wp-json\/wp\/v2\/pages\/21687","targetHints":{"allow":["GET"]}}],"collection":[{"href":"https:\/\/soolaladu.ee\/lv\/wp-json\/wp\/v2\/pages"}],"about":[{"href":"https:\/\/soolaladu.ee\/lv\/wp-json\/wp\/v2\/types\/page"}],"author":[{"embeddable":true,"href":"https:\/\/soolaladu.ee\/lv\/wp-json\/wp\/v2\/users\/4"}],"replies":[{"embeddable":true,"href":"https:\/\/soolaladu.ee\/lv\/wp-json\/wp\/v2\/comments?post=21687"}],"version-history":[{"count":14,"href":"https:\/\/soolaladu.ee\/lv\/wp-json\/wp\/v2\/pages\/21687\/revisions"}],"predecessor-version":[{"id":22615,"href":"https:\/\/soolaladu.ee\/lv\/wp-json\/wp\/v2\/pages\/21687\/revisions\/22615"}],"wp:attachment":[{"href":"https:\/\/soolaladu.ee\/lv\/wp-json\/wp\/v2\/media?parent=21687"}],"curies":[{"name":"wp","href":"https:\/\/api.w.org\/{rel}","templated":true}]}}