{"id":22164,"date":"2020-05-15T10:37:53","date_gmt":"2020-05-15T07:37:53","guid":{"rendered":"https:\/\/soolaladu.ee\/?post_type=product&#038;p=22164"},"modified":"2021-03-22T12:17:16","modified_gmt":"2021-03-22T10:17:16","slug":"kivi-soogisool","status":"publish","type":"product","link":"https:\/\/soolaladu.ee\/lt\/toode\/kivi-soogisool\/","title":{"rendered":"Maistin\u0117 akmens druska"},"content":{"rendered":"<p>See sool tekkis kuivas ja kuumas kliimas maailmamere soolvee loodusliku kristallumise tulemusel. Sool saadakse maa-aluse kaevandamise teel. Kivisool purustatakse graanuliteks suurusega 0,16 kuni 5,0 mm. Naatriumkloriidi (NaCl) sisaldus on v\u00e4hemalt 99%.\u00a0 T\u00e4nu granulomeetria mitmekesisusele ja joodi lisamise v\u00f5imalusele, saab K+S kivi toidusoola kasutada erinevates toiduainetet\u00f6\u00f6stuse sektorites. Granulomeetria j\u00e4rgi on v\u00f5imalik j\u00e4rgmiste kivi toidusoola liikide tootmine:<\/p>\n<p>0,7 \u2013 0,16 mm<\/p>\n<p>1,4 \u2013 0,4 mm<\/p>\n<p>2,3 \u2013 0,2 mm<\/p>\n<p>2,3 \u2013 0,4 mm<\/p>\n<p>3,2 \u2013 0,2 mm<\/p>\n<p>3,2 \u2013 0,4 mm<\/p>\n<p>3,5 \u2013 1,5 mm<\/p>\n<p>5,0 \u2013 0,2 mm<\/p>\n<p>K+S kivi toidusoola saab valmistada nii koos paakumisvastase lisandiga (E-535) kui ka ilma. Kivi s\u00f6\u00f6gisoola kasutatakse toidu valmistamisel ja t\u00f6\u00f6tlemisel l\u00f5hna- ja s\u00e4ilitusainena.<\/p>\n<p>K+S kivi s\u00f6\u00f6gisool on l\u00e4binud ISO 9001: 2008 sertifitseerimise ja vastab HACCP sertifikaadi n\u00f5uetele.<\/p>\n<hr \/>\n<p><strong>Kasutamine:<\/strong><\/p>\n<p>K+S kivi s\u00f6\u00f6gisool on \u00fclipuhas toode, mis sisaldab palju inimorganismi \u00f5igeks toimimiseks vajalikke mikroelemente. Kivisoola, nii nagu ka vaakumsoola, kasutatakse pagari-, liha- ja kalat\u00f6\u00f6stuses, marinaadide valmistamisel t\u00f6\u00f6stuses ja kodus, ning samuti toidu soolamiseks.<\/p>\n<hr \/>\n<p style=\"text-align: left;\"><strong>Pakend: \u00a0\u00a0\u00a0\u00a0\u00a0\u00a0\u00a0\u00a0\u00a0\u00a0\u00a0\u00a0\u00a0\u00a0\u00a0 <\/strong><\/p>\n<p>&#8211; pappkarbid, 0,5 kg<\/p>\n<p>&#8211; pappkarbid, 1,0 kg<\/p>\n<p>&#8211; kilest kotid, 1 kg<\/p>\n<p>&#8211; kilest kotid, 25 kg; 50 kg<\/p>\n<p>&#8211; pol\u00fcprop\u00fcleenist kotid, 1000 kg (big bag)<\/p>\n<p>&#8211; puistesool<\/p>\n<hr \/>\n<p>&nbsp;<\/p>\n<table width=\"840\">\n<tbody>\n<tr>\n<td><strong>Peamised keemilised n\u00e4itajad:<\/strong><\/td>\n<td><strong>Norm<\/strong><\/td>\n<\/tr>\n<tr>\n<td>Naatriumkloriid (NaCl)<\/td>\n<td>99%<\/td>\n<\/tr>\n<tr>\n<td>Niiskusesisaldus (H<sub>2<\/sub>O)<\/td>\n<td>0,1%<\/td>\n<\/tr>\n<tr>\n<td>Vees lahustamatute ainete sisaldus<\/td>\n<td>0,15%<\/td>\n<\/tr>\n<tr>\n<td>Kaltsium + magneesium (Ca+Mg)<\/td>\n<td>0,3 %<\/td>\n<\/tr>\n<tr>\n<td>Sulfaat (SO<sub>4<\/sub>)<\/td>\n<td>0,7%<\/td>\n<\/tr>\n<\/tbody>\n<\/table>\n<p>&nbsp;<\/p>\n<p>Lisainformatsiooni leiab tootja kodulehel: <a href=\"https:\/\/www.kpluss.com\/en-us\/our-business-products\/industry\/food-processing\/\">https:\/\/www.kpluss.com\/en-us\/our-business-products\/industry\/food-processing\/<\/a><\/p>\n","protected":false},"excerpt":{"rendered":"<p>See sool tekkis kuivas ja kuumas kliimas maailmamere soolvee loodusliku kristallumise tulemusel. Sool saadakse maa-aluse kaevandamise teel. Kivisool purustatakse graanuliteks suurusega 0,16 kuni 5,0 mm. Naatriumkloriidi (NaCl) sisaldus on v\u00e4hemalt  <\/p>\n","protected":false},"featured_media":22195,"template":"","meta":{"om_disable_all_campaigns":false,"_monsterinsights_skip_tracking":false,"_monsterinsights_sitenote_active":false,"_monsterinsights_sitenote_note":"","_monsterinsights_sitenote_category":0},"product_brand":[],"product_cat":[561,567],"product_tag":[],"class_list":{"0":"post-22164","1":"product","2":"type-product","3":"status-publish","4":"has-post-thumbnail","6":"product_cat-druska","7":"product_cat-maistine-druska","9":"first","10":"instock","11":"taxable","12":"shipping-taxable","13":"product-type-simple"},"yoast_head":"<!-- This site is optimized with the Yoast SEO plugin v24.6 - https:\/\/yoast.com\/wordpress\/plugins\/seo\/ -->\n<title>Maistin\u0117 akmens druska &#8211; Andrese Soolaladu<\/title>\n<meta name=\"robots\" content=\"index, follow, max-snippet:-1, max-image-preview:large, max-video-preview:-1\" \/>\n<link rel=\"canonical\" href=\"https:\/\/soolaladu.ee\/toode\/kivi-soogisool\/\" \/>\n<meta property=\"og:locale\" content=\"lt_LT\" \/>\n<meta property=\"og:type\" content=\"article\" \/>\n<meta property=\"og:title\" content=\"Maistin\u0117 akmens druska &#8211; Andrese Soolaladu\" \/>\n<meta property=\"og:description\" content=\"See sool tekkis kuivas ja kuumas kliimas maailmamere soolvee loodusliku kristallumise tulemusel. Sool saadakse maa-aluse kaevandamise teel. Kivisool purustatakse graanuliteks suurusega 0,16 kuni 5,0 mm. Naatriumkloriidi (NaCl) sisaldus on v\u00e4hemalt\" \/>\n<meta property=\"og:url\" content=\"https:\/\/soolaladu.ee\/toode\/kivi-soogisool\/\" \/>\n<meta property=\"og:site_name\" content=\"Andrese Soolaladu\" \/>\n<meta property=\"article:modified_time\" content=\"2021-03-22T10:17:16+00:00\" \/>\n<meta property=\"og:image\" content=\"https:\/\/soolaladu.ee\/wp-content\/uploads\/2021\/01\/Jame-soogisool.jpg\" \/>\n\t<meta property=\"og:image:width\" content=\"1200\" \/>\n\t<meta property=\"og:image:height\" content=\"1200\" \/>\n\t<meta property=\"og:image:type\" content=\"image\/jpeg\" \/>\n<meta name=\"twitter:card\" content=\"summary_large_image\" \/>\n<meta name=\"twitter:label1\" content=\"Est. reading time\" \/>\n\t<meta name=\"twitter:data1\" content=\"1 minut\u0117\" \/>\n<script type=\"application\/ld+json\" class=\"yoast-schema-graph\">{\"@context\":\"https:\/\/schema.org\",\"@graph\":[{\"@type\":\"WebPage\",\"@id\":\"https:\/\/soolaladu.ee\/toode\/kivi-soogisool\/\",\"url\":\"https:\/\/soolaladu.ee\/toode\/kivi-soogisool\/\",\"name\":\"Maistin\u0117 akmens druska &#8211; Andrese Soolaladu\",\"isPartOf\":{\"@id\":\"https:\/\/soolaladu.ee\/#website\"},\"primaryImageOfPage\":{\"@id\":\"https:\/\/soolaladu.ee\/toode\/kivi-soogisool\/#primaryimage\"},\"image\":{\"@id\":\"https:\/\/soolaladu.ee\/toode\/kivi-soogisool\/#primaryimage\"},\"thumbnailUrl\":\"https:\/\/soolaladu.ee\/wp-content\/uploads\/2021\/01\/Jame-soogisool.jpg\",\"datePublished\":\"2020-05-15T07:37:53+00:00\",\"dateModified\":\"2021-03-22T10:17:16+00:00\",\"breadcrumb\":{\"@id\":\"https:\/\/soolaladu.ee\/toode\/kivi-soogisool\/#breadcrumb\"},\"inLanguage\":\"lt-LT\",\"potentialAction\":[{\"@type\":\"ReadAction\",\"target\":[\"https:\/\/soolaladu.ee\/toode\/kivi-soogisool\/\"]}]},{\"@type\":\"ImageObject\",\"inLanguage\":\"lt-LT\",\"@id\":\"https:\/\/soolaladu.ee\/toode\/kivi-soogisool\/#primaryimage\",\"url\":\"https:\/\/soolaladu.ee\/wp-content\/uploads\/2021\/01\/Jame-soogisool.jpg\",\"contentUrl\":\"https:\/\/soolaladu.ee\/wp-content\/uploads\/2021\/01\/Jame-soogisool.jpg\",\"width\":1200,\"height\":1200},{\"@type\":\"BreadcrumbList\",\"@id\":\"https:\/\/soolaladu.ee\/toode\/kivi-soogisool\/#breadcrumb\",\"itemListElement\":[{\"@type\":\"ListItem\",\"position\":1,\"name\":\"Pagrindinis\",\"item\":\"https:\/\/soolaladu.ee\/lt\/\"},{\"@type\":\"ListItem\",\"position\":2,\"name\":\"Tooted\",\"item\":\"https:\/\/soolaladu.ee\/tooted\/\"},{\"@type\":\"ListItem\",\"position\":3,\"name\":\"Maistin\u0117 akmens druska\"}]},{\"@type\":\"WebSite\",\"@id\":\"https:\/\/soolaladu.ee\/#website\",\"url\":\"https:\/\/soolaladu.ee\/\",\"name\":\"Andrese Soolaladu\",\"description\":\"Suurim soola tarnija Eestis ja Baltimaades\",\"publisher\":{\"@id\":\"https:\/\/soolaladu.ee\/#organization\"},\"potentialAction\":[{\"@type\":\"SearchAction\",\"target\":{\"@type\":\"EntryPoint\",\"urlTemplate\":\"https:\/\/soolaladu.ee\/?s={search_term_string}\"},\"query-input\":{\"@type\":\"PropertyValueSpecification\",\"valueRequired\":true,\"valueName\":\"search_term_string\"}}],\"inLanguage\":\"lt-LT\"},{\"@type\":\"Organization\",\"@id\":\"https:\/\/soolaladu.ee\/#organization\",\"name\":\"Andrese Soolaladu O\u00dc\",\"url\":\"https:\/\/soolaladu.ee\/\",\"logo\":{\"@type\":\"ImageObject\",\"inLanguage\":\"lt-LT\",\"@id\":\"https:\/\/soolaladu.ee\/#\/schema\/logo\/image\/\",\"url\":\"\",\"contentUrl\":\"\",\"caption\":\"Andrese Soolaladu O\u00dc\"},\"image\":{\"@id\":\"https:\/\/soolaladu.ee\/#\/schema\/logo\/image\/\"},\"sameAs\":[\"https:\/\/www.linkedin.com\/in\/andrei-kirejenkov-414930117\/?originalSubdomain=ee\",\"https:\/\/www.youtube.com\/watch?time_continue=68&amp;amp;v=XC3sMbgpKbk&amp;amp;feature=emb_title\"]}]}<\/script>\n<!-- \/ Yoast SEO plugin. -->","yoast_head_json":{"title":"Maistin\u0117 akmens druska &#8211; Andrese Soolaladu","robots":{"index":"index","follow":"follow","max-snippet":"max-snippet:-1","max-image-preview":"max-image-preview:large","max-video-preview":"max-video-preview:-1"},"canonical":"https:\/\/soolaladu.ee\/toode\/kivi-soogisool\/","og_locale":"lt_LT","og_type":"article","og_title":"Maistin\u0117 akmens druska &#8211; Andrese Soolaladu","og_description":"See sool tekkis kuivas ja kuumas kliimas maailmamere soolvee loodusliku kristallumise tulemusel. Sool saadakse maa-aluse kaevandamise teel. Kivisool purustatakse graanuliteks suurusega 0,16 kuni 5,0 mm. Naatriumkloriidi (NaCl) sisaldus on v\u00e4hemalt","og_url":"https:\/\/soolaladu.ee\/toode\/kivi-soogisool\/","og_site_name":"Andrese Soolaladu","article_modified_time":"2021-03-22T10:17:16+00:00","og_image":[{"width":1200,"height":1200,"url":"https:\/\/soolaladu.ee\/wp-content\/uploads\/2021\/01\/Jame-soogisool.jpg","type":"image\/jpeg"}],"twitter_card":"summary_large_image","twitter_misc":{"Est. reading time":"1 minut\u0117"},"schema":{"@context":"https:\/\/schema.org","@graph":[{"@type":"WebPage","@id":"https:\/\/soolaladu.ee\/toode\/kivi-soogisool\/","url":"https:\/\/soolaladu.ee\/toode\/kivi-soogisool\/","name":"Maistin\u0117 akmens druska &#8211; Andrese Soolaladu","isPartOf":{"@id":"https:\/\/soolaladu.ee\/#website"},"primaryImageOfPage":{"@id":"https:\/\/soolaladu.ee\/toode\/kivi-soogisool\/#primaryimage"},"image":{"@id":"https:\/\/soolaladu.ee\/toode\/kivi-soogisool\/#primaryimage"},"thumbnailUrl":"https:\/\/soolaladu.ee\/wp-content\/uploads\/2021\/01\/Jame-soogisool.jpg","datePublished":"2020-05-15T07:37:53+00:00","dateModified":"2021-03-22T10:17:16+00:00","breadcrumb":{"@id":"https:\/\/soolaladu.ee\/toode\/kivi-soogisool\/#breadcrumb"},"inLanguage":"lt-LT","potentialAction":[{"@type":"ReadAction","target":["https:\/\/soolaladu.ee\/toode\/kivi-soogisool\/"]}]},{"@type":"ImageObject","inLanguage":"lt-LT","@id":"https:\/\/soolaladu.ee\/toode\/kivi-soogisool\/#primaryimage","url":"https:\/\/soolaladu.ee\/wp-content\/uploads\/2021\/01\/Jame-soogisool.jpg","contentUrl":"https:\/\/soolaladu.ee\/wp-content\/uploads\/2021\/01\/Jame-soogisool.jpg","width":1200,"height":1200},{"@type":"BreadcrumbList","@id":"https:\/\/soolaladu.ee\/toode\/kivi-soogisool\/#breadcrumb","itemListElement":[{"@type":"ListItem","position":1,"name":"Pagrindinis","item":"https:\/\/soolaladu.ee\/lt\/"},{"@type":"ListItem","position":2,"name":"Tooted","item":"https:\/\/soolaladu.ee\/tooted\/"},{"@type":"ListItem","position":3,"name":"Maistin\u0117 akmens druska"}]},{"@type":"WebSite","@id":"https:\/\/soolaladu.ee\/#website","url":"https:\/\/soolaladu.ee\/","name":"Andrese Soolaladu","description":"Suurim soola tarnija Eestis ja Baltimaades","publisher":{"@id":"https:\/\/soolaladu.ee\/#organization"},"potentialAction":[{"@type":"SearchAction","target":{"@type":"EntryPoint","urlTemplate":"https:\/\/soolaladu.ee\/?s={search_term_string}"},"query-input":{"@type":"PropertyValueSpecification","valueRequired":true,"valueName":"search_term_string"}}],"inLanguage":"lt-LT"},{"@type":"Organization","@id":"https:\/\/soolaladu.ee\/#organization","name":"Andrese Soolaladu O\u00dc","url":"https:\/\/soolaladu.ee\/","logo":{"@type":"ImageObject","inLanguage":"lt-LT","@id":"https:\/\/soolaladu.ee\/#\/schema\/logo\/image\/","url":"","contentUrl":"","caption":"Andrese Soolaladu O\u00dc"},"image":{"@id":"https:\/\/soolaladu.ee\/#\/schema\/logo\/image\/"},"sameAs":["https:\/\/www.linkedin.com\/in\/andrei-kirejenkov-414930117\/?originalSubdomain=ee","https:\/\/www.youtube.com\/watch?time_continue=68&amp;amp;v=XC3sMbgpKbk&amp;amp;feature=emb_title"]}]}},"_links":{"self":[{"href":"https:\/\/soolaladu.ee\/lt\/wp-json\/wp\/v2\/product\/22164","targetHints":{"allow":["GET"]}}],"collection":[{"href":"https:\/\/soolaladu.ee\/lt\/wp-json\/wp\/v2\/product"}],"about":[{"href":"https:\/\/soolaladu.ee\/lt\/wp-json\/wp\/v2\/types\/product"}],"wp:featuredmedia":[{"embeddable":true,"href":"https:\/\/soolaladu.ee\/lt\/wp-json\/wp\/v2\/media\/22195"}],"wp:attachment":[{"href":"https:\/\/soolaladu.ee\/lt\/wp-json\/wp\/v2\/media?parent=22164"}],"wp:term":[{"taxonomy":"product_brand","embeddable":true,"href":"https:\/\/soolaladu.ee\/lt\/wp-json\/wp\/v2\/product_brand?post=22164"},{"taxonomy":"product_cat","embeddable":true,"href":"https:\/\/soolaladu.ee\/lt\/wp-json\/wp\/v2\/product_cat?post=22164"},{"taxonomy":"product_tag","embeddable":true,"href":"https:\/\/soolaladu.ee\/lt\/wp-json\/wp\/v2\/product_tag?post=22164"}],"curies":[{"name":"wp","href":"https:\/\/api.w.org\/{rel}","templated":true}]}}