{"id":22163,"date":"2020-05-15T10:43:46","date_gmt":"2020-05-15T07:43:46","guid":{"rendered":"https:\/\/soolaladu.ee\/?post_type=product&#038;p=22163"},"modified":"2021-03-22T12:16:59","modified_gmt":"2021-03-22T10:16:59","slug":"meresool","status":"publish","type":"product","link":"https:\/\/soolaladu.ee\/lt\/toode\/meresool\/","title":{"rendered":"J\u016bros druska"},"content":{"rendered":"<p>Looduslik meresool tekib merevee aurustumisel p\u00e4ikese ja tuule m\u00f5jul, reeglina soojas ja kuivas kliimas. Kogutud sool l\u00e4bib t\u00f6\u00f6tlemisprotsessi &#8211; seda pestakse, kuivatatakse ja purustatakse, et saada erineva suurusega (0,3\u20135,0 mm) kristalle. Selline tehnoloogia v\u00f5imaldab s\u00e4ilitada soolas bioloogiliselt aktiivseid aineid.<\/p>\n<p>Soovi korral on v\u00f5imalik paakumisvastase aine (E-535) ja joodi (KIO<sub>3<\/sub>) lisamine.<\/p>\n<p>Inimesele on k\u00f5ige kasulikum looduslik meresool. Meresoolas on k\u00f5ikide mikro- ja makroelementide kontsentratsioon optimaalne. See sisaldab kaaliumi, naatriumi, kaltsiumi, magneesiumi, seleeni, vaske, r\u00e4ni, joodi, rauda, \u200b\u200btsinki, mangaani &#8211; need ained aitavad reguleerida keharakkude toitumist ja nende puhastamist, moodustavad rakumembraane, parandavad n\u00e4rviimpulsside \u00fclekannet, aitavad kaasa vere h\u00fc\u00fcbimisele, l\u00f5\u00f5gastavad lihaseid, rahustavad n\u00e4rvis\u00fcsteemi ja reguleerivad hormonaalset ainevahetust.<\/p>\n<p>Lisaks on meresoolal nahka <a href=\"http:\/\/www.feelgood.com.ua\/health\/articles\/morskaya-solot-sta-boleznej\/(http:\/www.krupdom.com.ua\/ru\/interest\/health_appeal\/all_in_salt\/interest_385.html\">tervendavad omadused<\/a> ja seet\u00f5ttu kasutatakse seda aktiivselt balneoloogias &#8211; see \u00e4rritab nahka, p\u00f5hjustades vere juurdevoolu, mille tulemusena uuenevad naharakud aktiivsemalt ning \u00e4rrituste ja vigastuste paranemine toimub kiiremini. Meresoola kasutamine aitab v\u00e4ltida s\u00fcdame-veresoonkonna probleeme, ennetada liigesehaigusi, tugevdada immuunsust ja pikendada eluiga.<\/p>\n<hr \/>\n<p><strong>Kasutamine:<\/strong><\/p>\n<p>J\u00e4medat ja keskmist meresoola kasutatakse suppide valmistamisel; k\u00f6\u00f6giviljade, pasta, riisi keetmisel keevasse vette lisamiseks; konserveerimiseks; kala soolamiseks. Peen meresool sobib kasutamiseks valmistoitudes ja laua taga toidule lisamiseks.<\/p>\n<p>Meresool maitseb tavalisest soolast erinevalt, see on soolasem. Seet\u00f5ttu tuleb roa sisse lisada v\u00e4hem soola ja maitsemeel saab rahuldatud v\u00e4iksema soolakogusega.<\/p>\n<p>Meresoola kasutatakse aktiivselt kosmetoloogias. Seda leidub paljudes kreemides, maskides, toonikutes ja emulsioonides. Seda kasutatakse spaahoolduste ja fitoteraapia k\u00e4igus, ning ka vannides.<\/p>\n<hr \/>\n<p style=\"text-align: left;\"><strong>Pakend: \u00a0\u00a0\u00a0\u00a0\u00a0\u00a0\u00a0\u00a0\u00a0\u00a0\u00a0\u00a0\u00a0\u00a0\u00a0 <\/strong><\/p>\n<p>&#8211; papist topsikesed dosaatoriga, 0,35 kg, 0,7 kg<\/p>\n<p>&#8211; kilest kotid, 1,0 kg<\/p>\n<p>&#8211; kilest kotid, 15 kg; 25 kg<\/p>\n<p>&#8211; pol\u00fcprop\u00fcleenist kotid, 1000 kg (big bag)<\/p>\n<hr \/>\n<p>&nbsp;<\/p>\n<table width=\"840\">\n<tbody>\n<tr>\n<td><strong>Peamised keemilised n\u00e4itajad:<\/strong><\/td>\n<td><strong>Norm<\/strong><\/td>\n<\/tr>\n<tr>\n<td>Naatriumkloriid (NaCl)<\/td>\n<td>99,5%<\/td>\n<\/tr>\n<tr>\n<td>Niiskusesisaldus (H<sub>2<\/sub>O)<\/td>\n<td>0,10%<\/td>\n<\/tr>\n<tr>\n<td>Vees lahustamatute ainete sisaldus<\/td>\n<td>0,01%<\/td>\n<\/tr>\n<tr>\n<td>Kaltsium (Ca)<\/td>\n<td>0,04%<\/td>\n<\/tr>\n<tr>\n<td>Magneesium (Mg)<\/td>\n<td>0,04%<\/td>\n<\/tr>\n<tr>\n<td>Magneesium (Mg)<\/td>\n<td>0,10%<\/td>\n<\/tr>\n<\/tbody>\n<\/table>\n<p>&nbsp;<\/p>\n<p>Rohkem informatsiooni leiab tootja kodulehelt:\u00a0 <a href=\"http:\/\/www.theodorousalt.com\/en\/industry\/industrail-packages\/\">http:\/\/www.theodorousalt.com\/en\/industry\/industrail-packages\/<\/a><\/p>\n","protected":false},"excerpt":{"rendered":"<p>Looduslik meresool tekib merevee aurustumisel p\u00e4ikese ja tuule m\u00f5jul, reeglina soojas ja kuivas kliimas. Kogutud sool l\u00e4bib t\u00f6\u00f6tlemisprotsessi &#8211; seda pestakse, kuivatatakse ja purustatakse, et saada erineva suurusega (0,3\u20135,0 mm)  <\/p>\n","protected":false},"featured_media":22209,"template":"","meta":{"om_disable_all_campaigns":false,"_monsterinsights_skip_tracking":false,"_monsterinsights_sitenote_active":false,"_monsterinsights_sitenote_note":"","_monsterinsights_sitenote_category":0},"product_brand":[],"product_cat":[561,567],"product_tag":[],"class_list":{"0":"post-22163","1":"product","2":"type-product","3":"status-publish","4":"has-post-thumbnail","6":"product_cat-druska","7":"product_cat-maistine-druska","9":"first","10":"instock","11":"taxable","12":"shipping-taxable","13":"product-type-simple"},"yoast_head":"<!-- This site is optimized with the Yoast SEO plugin v24.6 - https:\/\/yoast.com\/wordpress\/plugins\/seo\/ -->\n<title>J\u016bros druska &#8211; Andrese Soolaladu<\/title>\n<meta name=\"robots\" content=\"index, follow, max-snippet:-1, max-image-preview:large, max-video-preview:-1\" \/>\n<link rel=\"canonical\" href=\"https:\/\/soolaladu.ee\/toode\/meresool\/\" \/>\n<meta property=\"og:locale\" content=\"lt_LT\" \/>\n<meta property=\"og:type\" content=\"article\" \/>\n<meta property=\"og:title\" content=\"J\u016bros druska &#8211; Andrese Soolaladu\" \/>\n<meta property=\"og:description\" content=\"Looduslik meresool tekib merevee aurustumisel p\u00e4ikese ja tuule m\u00f5jul, reeglina soojas ja kuivas kliimas. Kogutud sool l\u00e4bib t\u00f6\u00f6tlemisprotsessi &#8211; seda pestakse, kuivatatakse ja purustatakse, et saada erineva suurusega (0,3\u20135,0 mm)\" \/>\n<meta property=\"og:url\" content=\"https:\/\/soolaladu.ee\/toode\/meresool\/\" \/>\n<meta property=\"og:site_name\" content=\"Andrese Soolaladu\" \/>\n<meta property=\"article:modified_time\" content=\"2021-03-22T10:16:59+00:00\" \/>\n<meta property=\"og:image\" content=\"https:\/\/soolaladu.ee\/wp-content\/uploads\/2020\/05\/soolalao-meresool.jpg\" \/>\n\t<meta property=\"og:image:width\" content=\"863\" \/>\n\t<meta property=\"og:image:height\" content=\"863\" \/>\n\t<meta property=\"og:image:type\" content=\"image\/jpeg\" \/>\n<meta name=\"twitter:card\" content=\"summary_large_image\" \/>\n<meta name=\"twitter:label1\" content=\"Est. reading time\" \/>\n\t<meta name=\"twitter:data1\" content=\"2 minut\u0117s\" \/>\n<script type=\"application\/ld+json\" class=\"yoast-schema-graph\">{\"@context\":\"https:\/\/schema.org\",\"@graph\":[{\"@type\":\"WebPage\",\"@id\":\"https:\/\/soolaladu.ee\/toode\/meresool\/\",\"url\":\"https:\/\/soolaladu.ee\/toode\/meresool\/\",\"name\":\"J\u016bros druska &#8211; Andrese Soolaladu\",\"isPartOf\":{\"@id\":\"https:\/\/soolaladu.ee\/#website\"},\"primaryImageOfPage\":{\"@id\":\"https:\/\/soolaladu.ee\/toode\/meresool\/#primaryimage\"},\"image\":{\"@id\":\"https:\/\/soolaladu.ee\/toode\/meresool\/#primaryimage\"},\"thumbnailUrl\":\"https:\/\/soolaladu.ee\/wp-content\/uploads\/2020\/05\/soolalao-meresool.jpg\",\"datePublished\":\"2020-05-15T07:43:46+00:00\",\"dateModified\":\"2021-03-22T10:16:59+00:00\",\"breadcrumb\":{\"@id\":\"https:\/\/soolaladu.ee\/toode\/meresool\/#breadcrumb\"},\"inLanguage\":\"lt-LT\",\"potentialAction\":[{\"@type\":\"ReadAction\",\"target\":[\"https:\/\/soolaladu.ee\/toode\/meresool\/\"]}]},{\"@type\":\"ImageObject\",\"inLanguage\":\"lt-LT\",\"@id\":\"https:\/\/soolaladu.ee\/toode\/meresool\/#primaryimage\",\"url\":\"https:\/\/soolaladu.ee\/wp-content\/uploads\/2020\/05\/soolalao-meresool.jpg\",\"contentUrl\":\"https:\/\/soolaladu.ee\/wp-content\/uploads\/2020\/05\/soolalao-meresool.jpg\",\"width\":863,\"height\":863},{\"@type\":\"BreadcrumbList\",\"@id\":\"https:\/\/soolaladu.ee\/toode\/meresool\/#breadcrumb\",\"itemListElement\":[{\"@type\":\"ListItem\",\"position\":1,\"name\":\"Pagrindinis\",\"item\":\"https:\/\/soolaladu.ee\/lt\/\"},{\"@type\":\"ListItem\",\"position\":2,\"name\":\"Tooted\",\"item\":\"https:\/\/soolaladu.ee\/tooted\/\"},{\"@type\":\"ListItem\",\"position\":3,\"name\":\"J\u016bros druska\"}]},{\"@type\":\"WebSite\",\"@id\":\"https:\/\/soolaladu.ee\/#website\",\"url\":\"https:\/\/soolaladu.ee\/\",\"name\":\"Andrese Soolaladu\",\"description\":\"Suurim soola tarnija Eestis ja Baltimaades\",\"publisher\":{\"@id\":\"https:\/\/soolaladu.ee\/#organization\"},\"potentialAction\":[{\"@type\":\"SearchAction\",\"target\":{\"@type\":\"EntryPoint\",\"urlTemplate\":\"https:\/\/soolaladu.ee\/?s={search_term_string}\"},\"query-input\":{\"@type\":\"PropertyValueSpecification\",\"valueRequired\":true,\"valueName\":\"search_term_string\"}}],\"inLanguage\":\"lt-LT\"},{\"@type\":\"Organization\",\"@id\":\"https:\/\/soolaladu.ee\/#organization\",\"name\":\"Andrese Soolaladu O\u00dc\",\"url\":\"https:\/\/soolaladu.ee\/\",\"logo\":{\"@type\":\"ImageObject\",\"inLanguage\":\"lt-LT\",\"@id\":\"https:\/\/soolaladu.ee\/#\/schema\/logo\/image\/\",\"url\":\"\",\"contentUrl\":\"\",\"caption\":\"Andrese Soolaladu O\u00dc\"},\"image\":{\"@id\":\"https:\/\/soolaladu.ee\/#\/schema\/logo\/image\/\"},\"sameAs\":[\"https:\/\/www.linkedin.com\/in\/andrei-kirejenkov-414930117\/?originalSubdomain=ee\",\"https:\/\/www.youtube.com\/watch?time_continue=68&amp;amp;v=XC3sMbgpKbk&amp;amp;feature=emb_title\"]}]}<\/script>\n<!-- \/ Yoast SEO plugin. -->","yoast_head_json":{"title":"J\u016bros druska &#8211; Andrese Soolaladu","robots":{"index":"index","follow":"follow","max-snippet":"max-snippet:-1","max-image-preview":"max-image-preview:large","max-video-preview":"max-video-preview:-1"},"canonical":"https:\/\/soolaladu.ee\/toode\/meresool\/","og_locale":"lt_LT","og_type":"article","og_title":"J\u016bros druska &#8211; Andrese Soolaladu","og_description":"Looduslik meresool tekib merevee aurustumisel p\u00e4ikese ja tuule m\u00f5jul, reeglina soojas ja kuivas kliimas. Kogutud sool l\u00e4bib t\u00f6\u00f6tlemisprotsessi &#8211; seda pestakse, kuivatatakse ja purustatakse, et saada erineva suurusega (0,3\u20135,0 mm)","og_url":"https:\/\/soolaladu.ee\/toode\/meresool\/","og_site_name":"Andrese Soolaladu","article_modified_time":"2021-03-22T10:16:59+00:00","og_image":[{"width":863,"height":863,"url":"https:\/\/soolaladu.ee\/wp-content\/uploads\/2020\/05\/soolalao-meresool.jpg","type":"image\/jpeg"}],"twitter_card":"summary_large_image","twitter_misc":{"Est. reading time":"2 minut\u0117s"},"schema":{"@context":"https:\/\/schema.org","@graph":[{"@type":"WebPage","@id":"https:\/\/soolaladu.ee\/toode\/meresool\/","url":"https:\/\/soolaladu.ee\/toode\/meresool\/","name":"J\u016bros druska &#8211; Andrese Soolaladu","isPartOf":{"@id":"https:\/\/soolaladu.ee\/#website"},"primaryImageOfPage":{"@id":"https:\/\/soolaladu.ee\/toode\/meresool\/#primaryimage"},"image":{"@id":"https:\/\/soolaladu.ee\/toode\/meresool\/#primaryimage"},"thumbnailUrl":"https:\/\/soolaladu.ee\/wp-content\/uploads\/2020\/05\/soolalao-meresool.jpg","datePublished":"2020-05-15T07:43:46+00:00","dateModified":"2021-03-22T10:16:59+00:00","breadcrumb":{"@id":"https:\/\/soolaladu.ee\/toode\/meresool\/#breadcrumb"},"inLanguage":"lt-LT","potentialAction":[{"@type":"ReadAction","target":["https:\/\/soolaladu.ee\/toode\/meresool\/"]}]},{"@type":"ImageObject","inLanguage":"lt-LT","@id":"https:\/\/soolaladu.ee\/toode\/meresool\/#primaryimage","url":"https:\/\/soolaladu.ee\/wp-content\/uploads\/2020\/05\/soolalao-meresool.jpg","contentUrl":"https:\/\/soolaladu.ee\/wp-content\/uploads\/2020\/05\/soolalao-meresool.jpg","width":863,"height":863},{"@type":"BreadcrumbList","@id":"https:\/\/soolaladu.ee\/toode\/meresool\/#breadcrumb","itemListElement":[{"@type":"ListItem","position":1,"name":"Pagrindinis","item":"https:\/\/soolaladu.ee\/lt\/"},{"@type":"ListItem","position":2,"name":"Tooted","item":"https:\/\/soolaladu.ee\/tooted\/"},{"@type":"ListItem","position":3,"name":"J\u016bros druska"}]},{"@type":"WebSite","@id":"https:\/\/soolaladu.ee\/#website","url":"https:\/\/soolaladu.ee\/","name":"Andrese Soolaladu","description":"Suurim soola tarnija Eestis ja Baltimaades","publisher":{"@id":"https:\/\/soolaladu.ee\/#organization"},"potentialAction":[{"@type":"SearchAction","target":{"@type":"EntryPoint","urlTemplate":"https:\/\/soolaladu.ee\/?s={search_term_string}"},"query-input":{"@type":"PropertyValueSpecification","valueRequired":true,"valueName":"search_term_string"}}],"inLanguage":"lt-LT"},{"@type":"Organization","@id":"https:\/\/soolaladu.ee\/#organization","name":"Andrese Soolaladu O\u00dc","url":"https:\/\/soolaladu.ee\/","logo":{"@type":"ImageObject","inLanguage":"lt-LT","@id":"https:\/\/soolaladu.ee\/#\/schema\/logo\/image\/","url":"","contentUrl":"","caption":"Andrese Soolaladu O\u00dc"},"image":{"@id":"https:\/\/soolaladu.ee\/#\/schema\/logo\/image\/"},"sameAs":["https:\/\/www.linkedin.com\/in\/andrei-kirejenkov-414930117\/?originalSubdomain=ee","https:\/\/www.youtube.com\/watch?time_continue=68&amp;amp;v=XC3sMbgpKbk&amp;amp;feature=emb_title"]}]}},"_links":{"self":[{"href":"https:\/\/soolaladu.ee\/lt\/wp-json\/wp\/v2\/product\/22163","targetHints":{"allow":["GET"]}}],"collection":[{"href":"https:\/\/soolaladu.ee\/lt\/wp-json\/wp\/v2\/product"}],"about":[{"href":"https:\/\/soolaladu.ee\/lt\/wp-json\/wp\/v2\/types\/product"}],"wp:featuredmedia":[{"embeddable":true,"href":"https:\/\/soolaladu.ee\/lt\/wp-json\/wp\/v2\/media\/22209"}],"wp:attachment":[{"href":"https:\/\/soolaladu.ee\/lt\/wp-json\/wp\/v2\/media?parent=22163"}],"wp:term":[{"taxonomy":"product_brand","embeddable":true,"href":"https:\/\/soolaladu.ee\/lt\/wp-json\/wp\/v2\/product_brand?post=22163"},{"taxonomy":"product_cat","embeddable":true,"href":"https:\/\/soolaladu.ee\/lt\/wp-json\/wp\/v2\/product_cat?post=22163"},{"taxonomy":"product_tag","embeddable":true,"href":"https:\/\/soolaladu.ee\/lt\/wp-json\/wp\/v2\/product_tag?post=22163"}],"curies":[{"name":"wp","href":"https:\/\/api.w.org\/{rel}","templated":true}]}}