{"id":22142,"date":"2020-05-15T11:54:58","date_gmt":"2020-05-15T08:54:58","guid":{"rendered":"https:\/\/soolaladu.ee\/?post_type=product&#038;p=22142"},"modified":"2021-03-22T12:13:09","modified_gmt":"2021-03-22T10:13:09","slug":"sool-jaa-sulatamiseks-pakitud","status":"publish","type":"product","link":"https:\/\/soolaladu.ee\/lt\/toode\/sool-jaa-sulatamiseks-pakitud\/","title":{"rendered":"Druska nuo u\u017e\u0161alimo, supakuota"},"content":{"rendered":"<p>Talvel kiirteede ja t\u00e4navate puhastamise peamiseks eesm\u00e4rgiks on v\u00e4ltida j\u00e4\u00e4 tekkimist teedel. Talvise mehaniseeritud koristamise p\u00f5hiliseks tehnoloogiliseks operatsiooniks on s\u00f5idutee t\u00f6\u00f6tlemine j\u00e4itevastaste ainetega.\u00a0 Maanteesoola kasutatakse j\u00e4\u00e4, lume ning j\u00e4\u00e4tumisega v\u00f5itlemiseks teedel, ning samuti j\u00e4itevastaste reagentide tootmises. Maanteekivisool K+S on puhas valget v\u00e4rvi aine,kuid lubatud on ka hallide ja mustade mineraalosakeste sisaldus.\u00a0 See on segu peentest ja j\u00e4medatest kristallidest. Peened kristallid sulavad koheselt, kuid j\u00e4medamad m\u00f5jutavad efektiivselt paksu j\u00e4\u00e4d ja lund.<\/p>\n<p>See sool tekkis kuivas ja kuumas kliimas maailmamere soolvee loodusliku kristallumise produktina. K+S kivisoola ladestused asuvad Saksamaa p\u00f5hjaosas.\u00a0 Sool saadakse kaevandamise teel, 400\u2013750 m s\u00fcgavuselt, kasutades maa-alust kaevandamist.<\/p>\n<p>Maantee kivisool purustatakse teradeks suurusega 0,2 kuni 5,0 mm, lisades paakumisvastase lisandi E-535 (Fe (CN) 6) vahemikus 70 kuni 150 mg\/kg.<\/p>\n<hr \/>\n<p><strong>Kasutamine:<\/strong><\/p>\n<p>Maantee kivisoolakasutavad eluaseme- ja kommunaalteenuste ning teehoiuteenuste pakkujad j\u00e4\u00e4tumisvastase materjalina. Maanteesool ehk tehniline sool on odavaim j\u00e4itevastase v\u00f5itluse vahend, mis on saavutanud suure populaarsuse.<\/p>\n<hr \/>\n<p style=\"text-align: left;\"><strong>Pakend: \u00a0\u00a0\u00a0\u00a0\u00a0\u00a0\u00a0\u00a0\u00a0\u00a0\u00a0\u00a0\u00a0\u00a0\u00a0 <\/strong><\/p>\n<p>&#8211; kilest kotid, 12,5 kg; 25 kg<\/p>\n<p>&#8211; pol\u00fcprop\u00fcleenist kotid, 1000 kg (big bag)<\/p>\n<hr \/>\n<p>&nbsp;<\/p>\n<table style=\"width: 840px; height: 365px;\">\n<tbody>\n<tr>\n<th>\n<p style=\"text-align: left;\"><strong>Peamised keemilised n\u00e4itajad:<\/strong><\/p>\n<\/th>\n<th style=\"text-align: left;\"><strong>Norm<\/strong><\/th>\n<\/tr>\n<tr>\n<td>Naatriumkloriid (NaCl)<\/td>\n<td>98,5%<\/td>\n<\/tr>\n<tr>\n<td>Niiskusesisaldus (H<sub>2<\/sub>O)<\/td>\n<td>0,3%<\/td>\n<\/tr>\n<tr>\n<td>Vees lahustamatute ainete sisaldus<\/td>\n<td>0,15%<\/td>\n<\/tr>\n<tr>\n<td>Kaltsium + Magneesium (Ca+Mg)<\/td>\n<td>0,03%<\/td>\n<\/tr>\n<tr>\n<td>Sulfaat (SO<sub>4<\/sub>)<\/td>\n<td>0,7%<\/td>\n<\/tr>\n<tr>\n<td>Granulomeetria:<\/td>\n<td>&lt; 5.0 mm<\/td>\n<td>100%<\/td>\n<\/tr>\n<tr>\n<td><\/td>\n<td>&lt; 3,15 mm<\/td>\n<td>95 \u00b1 5%<\/td>\n<\/tr>\n<tr>\n<td><\/td>\n<td>&lt; 1,6 mm<\/td>\n<td>55 \u00b1 25%<\/td>\n<\/tr>\n<tr>\n<td><\/td>\n<td>&lt; 0,80 mm<\/td>\n<td>25 \u00b1 15%<\/td>\n<\/tr>\n<tr>\n<td><\/td>\n<td>&lt; 0,125 mm<\/td>\n<td>3 \u00b1 2%<\/td>\n<\/tr>\n<\/tbody>\n<\/table>\n<p>&nbsp;<\/p>\n<p>Lisainformatsiooni leiab tootja kodulehel: <a href=\"https:\/\/www.kpluss.com\/en-us\/our-business-products\/communities\/\">https:\/\/www.kpluss.com\/en-us\/our-business-products\/communities\/<\/a><\/p>\n","protected":false},"excerpt":{"rendered":"<p>Talvel kiirteede ja t\u00e4navate puhastamise peamiseks eesm\u00e4rgiks on v\u00e4ltida j\u00e4\u00e4 tekkimist teedel. Talvise mehaniseeritud koristamise p\u00f5hiliseks tehnoloogiliseks operatsiooniks on s\u00f5idutee t\u00f6\u00f6tlemine j\u00e4itevastaste ainetega.\u00a0 Maanteesoola kasutatakse j\u00e4\u00e4, lume ning j\u00e4\u00e4tumisega v\u00f5itlemiseks  <\/p>\n","protected":false},"featured_media":22198,"template":"","meta":{"om_disable_all_campaigns":false,"_monsterinsights_skip_tracking":false,"_monsterinsights_sitenote_active":false,"_monsterinsights_sitenote_note":"","_monsterinsights_sitenote_category":0},"product_brand":[],"product_cat":[561,568],"product_tag":[],"class_list":{"0":"post-22142","1":"product","2":"type-product","3":"status-publish","4":"has-post-thumbnail","6":"product_cat-druska","7":"product_cat-druska-kelininkams","9":"first","10":"instock","11":"taxable","12":"shipping-taxable","13":"product-type-simple"},"yoast_head":"<!-- This site is optimized with the Yoast SEO plugin v24.6 - https:\/\/yoast.com\/wordpress\/plugins\/seo\/ -->\n<title>Druska nuo u\u017e\u0161alimo, supakuota &#8211; Andrese Soolaladu<\/title>\n<meta name=\"robots\" content=\"index, follow, max-snippet:-1, max-image-preview:large, max-video-preview:-1\" \/>\n<link rel=\"canonical\" href=\"https:\/\/soolaladu.ee\/toode\/sool-jaa-sulatamiseks-pakitud\/\" \/>\n<meta property=\"og:locale\" content=\"lt_LT\" \/>\n<meta property=\"og:type\" content=\"article\" \/>\n<meta property=\"og:title\" content=\"Druska nuo u\u017e\u0161alimo, supakuota &#8211; Andrese Soolaladu\" \/>\n<meta property=\"og:description\" content=\"Talvel kiirteede ja t\u00e4navate puhastamise peamiseks eesm\u00e4rgiks on v\u00e4ltida j\u00e4\u00e4 tekkimist teedel. Talvise mehaniseeritud koristamise p\u00f5hiliseks tehnoloogiliseks operatsiooniks on s\u00f5idutee t\u00f6\u00f6tlemine j\u00e4itevastaste ainetega.\u00a0 Maanteesoola kasutatakse j\u00e4\u00e4, lume ning j\u00e4\u00e4tumisega v\u00f5itlemiseks\" \/>\n<meta property=\"og:url\" content=\"https:\/\/soolaladu.ee\/toode\/sool-jaa-sulatamiseks-pakitud\/\" \/>\n<meta property=\"og:site_name\" content=\"Andrese Soolaladu\" \/>\n<meta property=\"article:modified_time\" content=\"2021-03-22T10:13:09+00:00\" \/>\n<meta property=\"og:image\" content=\"https:\/\/soolaladu.ee\/wp-content\/uploads\/2021\/01\/125kg_front-EAN-4003885428002_NEW.jpg\" \/>\n\t<meta property=\"og:image:width\" content=\"1141\" \/>\n\t<meta property=\"og:image:height\" content=\"1141\" \/>\n\t<meta property=\"og:image:type\" content=\"image\/jpeg\" \/>\n<meta name=\"twitter:card\" content=\"summary_large_image\" \/>\n<meta name=\"twitter:label1\" content=\"Est. reading time\" \/>\n\t<meta name=\"twitter:data1\" content=\"1 minut\u0117\" \/>\n<script type=\"application\/ld+json\" class=\"yoast-schema-graph\">{\"@context\":\"https:\/\/schema.org\",\"@graph\":[{\"@type\":\"WebPage\",\"@id\":\"https:\/\/soolaladu.ee\/toode\/sool-jaa-sulatamiseks-pakitud\/\",\"url\":\"https:\/\/soolaladu.ee\/toode\/sool-jaa-sulatamiseks-pakitud\/\",\"name\":\"Druska nuo u\u017e\u0161alimo, supakuota &#8211; Andrese Soolaladu\",\"isPartOf\":{\"@id\":\"https:\/\/soolaladu.ee\/#website\"},\"primaryImageOfPage\":{\"@id\":\"https:\/\/soolaladu.ee\/toode\/sool-jaa-sulatamiseks-pakitud\/#primaryimage\"},\"image\":{\"@id\":\"https:\/\/soolaladu.ee\/toode\/sool-jaa-sulatamiseks-pakitud\/#primaryimage\"},\"thumbnailUrl\":\"https:\/\/soolaladu.ee\/wp-content\/uploads\/2021\/01\/125kg_front-EAN-4003885428002_NEW.jpg\",\"datePublished\":\"2020-05-15T08:54:58+00:00\",\"dateModified\":\"2021-03-22T10:13:09+00:00\",\"breadcrumb\":{\"@id\":\"https:\/\/soolaladu.ee\/toode\/sool-jaa-sulatamiseks-pakitud\/#breadcrumb\"},\"inLanguage\":\"lt-LT\",\"potentialAction\":[{\"@type\":\"ReadAction\",\"target\":[\"https:\/\/soolaladu.ee\/toode\/sool-jaa-sulatamiseks-pakitud\/\"]}]},{\"@type\":\"ImageObject\",\"inLanguage\":\"lt-LT\",\"@id\":\"https:\/\/soolaladu.ee\/toode\/sool-jaa-sulatamiseks-pakitud\/#primaryimage\",\"url\":\"https:\/\/soolaladu.ee\/wp-content\/uploads\/2021\/01\/125kg_front-EAN-4003885428002_NEW.jpg\",\"contentUrl\":\"https:\/\/soolaladu.ee\/wp-content\/uploads\/2021\/01\/125kg_front-EAN-4003885428002_NEW.jpg\",\"width\":1141,\"height\":1141},{\"@type\":\"BreadcrumbList\",\"@id\":\"https:\/\/soolaladu.ee\/toode\/sool-jaa-sulatamiseks-pakitud\/#breadcrumb\",\"itemListElement\":[{\"@type\":\"ListItem\",\"position\":1,\"name\":\"Pagrindinis\",\"item\":\"https:\/\/soolaladu.ee\/lt\/\"},{\"@type\":\"ListItem\",\"position\":2,\"name\":\"Tooted\",\"item\":\"https:\/\/soolaladu.ee\/tooted\/\"},{\"@type\":\"ListItem\",\"position\":3,\"name\":\"Druska nuo u\u017e\u0161alimo, supakuota\"}]},{\"@type\":\"WebSite\",\"@id\":\"https:\/\/soolaladu.ee\/#website\",\"url\":\"https:\/\/soolaladu.ee\/\",\"name\":\"Andrese Soolaladu\",\"description\":\"Suurim soola tarnija Eestis ja Baltimaades\",\"publisher\":{\"@id\":\"https:\/\/soolaladu.ee\/#organization\"},\"potentialAction\":[{\"@type\":\"SearchAction\",\"target\":{\"@type\":\"EntryPoint\",\"urlTemplate\":\"https:\/\/soolaladu.ee\/?s={search_term_string}\"},\"query-input\":{\"@type\":\"PropertyValueSpecification\",\"valueRequired\":true,\"valueName\":\"search_term_string\"}}],\"inLanguage\":\"lt-LT\"},{\"@type\":\"Organization\",\"@id\":\"https:\/\/soolaladu.ee\/#organization\",\"name\":\"Andrese Soolaladu O\u00dc\",\"url\":\"https:\/\/soolaladu.ee\/\",\"logo\":{\"@type\":\"ImageObject\",\"inLanguage\":\"lt-LT\",\"@id\":\"https:\/\/soolaladu.ee\/#\/schema\/logo\/image\/\",\"url\":\"\",\"contentUrl\":\"\",\"caption\":\"Andrese Soolaladu O\u00dc\"},\"image\":{\"@id\":\"https:\/\/soolaladu.ee\/#\/schema\/logo\/image\/\"},\"sameAs\":[\"https:\/\/www.linkedin.com\/in\/andrei-kirejenkov-414930117\/?originalSubdomain=ee\",\"https:\/\/www.youtube.com\/watch?time_continue=68&amp;amp;v=XC3sMbgpKbk&amp;amp;feature=emb_title\"]}]}<\/script>\n<!-- \/ Yoast SEO plugin. -->","yoast_head_json":{"title":"Druska nuo u\u017e\u0161alimo, supakuota &#8211; Andrese Soolaladu","robots":{"index":"index","follow":"follow","max-snippet":"max-snippet:-1","max-image-preview":"max-image-preview:large","max-video-preview":"max-video-preview:-1"},"canonical":"https:\/\/soolaladu.ee\/toode\/sool-jaa-sulatamiseks-pakitud\/","og_locale":"lt_LT","og_type":"article","og_title":"Druska nuo u\u017e\u0161alimo, supakuota &#8211; Andrese Soolaladu","og_description":"Talvel kiirteede ja t\u00e4navate puhastamise peamiseks eesm\u00e4rgiks on v\u00e4ltida j\u00e4\u00e4 tekkimist teedel. Talvise mehaniseeritud koristamise p\u00f5hiliseks tehnoloogiliseks operatsiooniks on s\u00f5idutee t\u00f6\u00f6tlemine j\u00e4itevastaste ainetega.\u00a0 Maanteesoola kasutatakse j\u00e4\u00e4, lume ning j\u00e4\u00e4tumisega v\u00f5itlemiseks","og_url":"https:\/\/soolaladu.ee\/toode\/sool-jaa-sulatamiseks-pakitud\/","og_site_name":"Andrese Soolaladu","article_modified_time":"2021-03-22T10:13:09+00:00","og_image":[{"width":1141,"height":1141,"url":"https:\/\/soolaladu.ee\/wp-content\/uploads\/2021\/01\/125kg_front-EAN-4003885428002_NEW.jpg","type":"image\/jpeg"}],"twitter_card":"summary_large_image","twitter_misc":{"Est. reading time":"1 minut\u0117"},"schema":{"@context":"https:\/\/schema.org","@graph":[{"@type":"WebPage","@id":"https:\/\/soolaladu.ee\/toode\/sool-jaa-sulatamiseks-pakitud\/","url":"https:\/\/soolaladu.ee\/toode\/sool-jaa-sulatamiseks-pakitud\/","name":"Druska nuo u\u017e\u0161alimo, supakuota &#8211; Andrese Soolaladu","isPartOf":{"@id":"https:\/\/soolaladu.ee\/#website"},"primaryImageOfPage":{"@id":"https:\/\/soolaladu.ee\/toode\/sool-jaa-sulatamiseks-pakitud\/#primaryimage"},"image":{"@id":"https:\/\/soolaladu.ee\/toode\/sool-jaa-sulatamiseks-pakitud\/#primaryimage"},"thumbnailUrl":"https:\/\/soolaladu.ee\/wp-content\/uploads\/2021\/01\/125kg_front-EAN-4003885428002_NEW.jpg","datePublished":"2020-05-15T08:54:58+00:00","dateModified":"2021-03-22T10:13:09+00:00","breadcrumb":{"@id":"https:\/\/soolaladu.ee\/toode\/sool-jaa-sulatamiseks-pakitud\/#breadcrumb"},"inLanguage":"lt-LT","potentialAction":[{"@type":"ReadAction","target":["https:\/\/soolaladu.ee\/toode\/sool-jaa-sulatamiseks-pakitud\/"]}]},{"@type":"ImageObject","inLanguage":"lt-LT","@id":"https:\/\/soolaladu.ee\/toode\/sool-jaa-sulatamiseks-pakitud\/#primaryimage","url":"https:\/\/soolaladu.ee\/wp-content\/uploads\/2021\/01\/125kg_front-EAN-4003885428002_NEW.jpg","contentUrl":"https:\/\/soolaladu.ee\/wp-content\/uploads\/2021\/01\/125kg_front-EAN-4003885428002_NEW.jpg","width":1141,"height":1141},{"@type":"BreadcrumbList","@id":"https:\/\/soolaladu.ee\/toode\/sool-jaa-sulatamiseks-pakitud\/#breadcrumb","itemListElement":[{"@type":"ListItem","position":1,"name":"Pagrindinis","item":"https:\/\/soolaladu.ee\/lt\/"},{"@type":"ListItem","position":2,"name":"Tooted","item":"https:\/\/soolaladu.ee\/tooted\/"},{"@type":"ListItem","position":3,"name":"Druska nuo u\u017e\u0161alimo, supakuota"}]},{"@type":"WebSite","@id":"https:\/\/soolaladu.ee\/#website","url":"https:\/\/soolaladu.ee\/","name":"Andrese Soolaladu","description":"Suurim soola tarnija Eestis ja Baltimaades","publisher":{"@id":"https:\/\/soolaladu.ee\/#organization"},"potentialAction":[{"@type":"SearchAction","target":{"@type":"EntryPoint","urlTemplate":"https:\/\/soolaladu.ee\/?s={search_term_string}"},"query-input":{"@type":"PropertyValueSpecification","valueRequired":true,"valueName":"search_term_string"}}],"inLanguage":"lt-LT"},{"@type":"Organization","@id":"https:\/\/soolaladu.ee\/#organization","name":"Andrese Soolaladu O\u00dc","url":"https:\/\/soolaladu.ee\/","logo":{"@type":"ImageObject","inLanguage":"lt-LT","@id":"https:\/\/soolaladu.ee\/#\/schema\/logo\/image\/","url":"","contentUrl":"","caption":"Andrese Soolaladu O\u00dc"},"image":{"@id":"https:\/\/soolaladu.ee\/#\/schema\/logo\/image\/"},"sameAs":["https:\/\/www.linkedin.com\/in\/andrei-kirejenkov-414930117\/?originalSubdomain=ee","https:\/\/www.youtube.com\/watch?time_continue=68&amp;amp;v=XC3sMbgpKbk&amp;amp;feature=emb_title"]}]}},"_links":{"self":[{"href":"https:\/\/soolaladu.ee\/lt\/wp-json\/wp\/v2\/product\/22142","targetHints":{"allow":["GET"]}}],"collection":[{"href":"https:\/\/soolaladu.ee\/lt\/wp-json\/wp\/v2\/product"}],"about":[{"href":"https:\/\/soolaladu.ee\/lt\/wp-json\/wp\/v2\/types\/product"}],"wp:featuredmedia":[{"embeddable":true,"href":"https:\/\/soolaladu.ee\/lt\/wp-json\/wp\/v2\/media\/22198"}],"wp:attachment":[{"href":"https:\/\/soolaladu.ee\/lt\/wp-json\/wp\/v2\/media?parent=22142"}],"wp:term":[{"taxonomy":"product_brand","embeddable":true,"href":"https:\/\/soolaladu.ee\/lt\/wp-json\/wp\/v2\/product_brand?post=22142"},{"taxonomy":"product_cat","embeddable":true,"href":"https:\/\/soolaladu.ee\/lt\/wp-json\/wp\/v2\/product_cat?post=22142"},{"taxonomy":"product_tag","embeddable":true,"href":"https:\/\/soolaladu.ee\/lt\/wp-json\/wp\/v2\/product_tag?post=22142"}],"curies":[{"name":"wp","href":"https:\/\/api.w.org\/{rel}","templated":true}]}}