{"id":22135,"date":"2020-07-01T10:11:06","date_gmt":"2020-07-01T07:11:06","guid":{"rendered":"https:\/\/soolaladu.ee\/?post_type=product&#038;p=22135"},"modified":"2021-03-22T11:20:52","modified_gmt":"2021-03-22T09:20:52","slug":"vahendatud-naatriumisisaldusega-sool","status":"publish","type":"product","link":"https:\/\/soolaladu.ee\/lt\/toode\/vahendatud-naatriumisisaldusega-sool\/","title":{"rendered":"Druska turinti ma\u017eiau natrio"},"content":{"rendered":"<p>K+S v\u00e4hendatud naatriumisisaldusega toidusool on mineraalsool, mis sisaldab 50% naatriumkloriidi ning millele on lisatud kaaliumi, magneesiumi ja kaltsiumi. Sellel soolal on imeline aroom ja see ei erine maitse, soolasuse ja v\u00e4rvi poolest tavalisest soolast. Selline sool on t\u00f5eline leid inimestele, kes hoolivad oma tervisest ja soovivad v\u00e4hendada tarbitava soola hulka, s\u00e4ilitades samal ajal toidu head maitset.<\/p>\n<p>Sool on peamine naatriumiallikas, mis on keha jaoks v\u00e4\u00e4rtuslik ja oluline aine. Naatriumkloriidil on organismis oluline f\u00fcsioloogiline roll osmootse tasakaalu ja soolhappe sekretsiooni s\u00e4ilitamisel maos. Soolaste toitudega liialdamise tagaj\u00e4rjel \u00fcletab naatriumi tarbimine soola kujul sageli soovitatavat kogust. Tarbitava naatriumi kogust soovitatakse piirata, kuna selle \u00fclej\u00e4\u00e4k hoiab kehas vett kinni ning koormab s\u00fcdant ja neere, mis omakorda p\u00f5hjustab verer\u00f5hu t\u00f5usu ja tursete teket. Naatriumi \u00fclej\u00e4\u00e4gi s\u00fcmptomiteks on tugev janu, higistamine, h\u00fcperaktiivsus. Riskir\u00fchma kuuluvad \u00fclekaalulised inimesed, rasedad, eakad ja diabeetikud.<\/p>\n<p>K+S v\u00e4hendatud naatriumisisaldusega toidusoola kasutamine tavap\u00e4rase soola asemel parandab inimese vaimset ja f\u00fc\u00fcsilist v\u00f5imekust, v\u00e4hendab m\u00e4rkimisv\u00e4\u00e4rselt naatriumi tarbimist, mis omakorda aitab v\u00e4hendada h\u00fcpertensiooni tekkimise ohtu ning rikastab dieeti kaaliumi-, magneesiumi- ja kaltsiumisooladega, mis on vajalikud s\u00fcdame-veresoonkonna ja n\u00e4rvis\u00fcsteemi normaalseks t\u00f6\u00f6ks.<\/p>\n<p>Mikroelementide t\u00e4htsus:<\/p>\n<p><u>Kaalium<\/u> on h\u00e4davajalik s\u00fcdame, n\u00e4rvi- ja lihass\u00fcsteemi toimimiseks, kehast liigse niiskuse eemaldamiseks, normaalse verer\u00f5hu s\u00e4ilitamiseks.<\/p>\n<p><u>Magneesium<\/u> v\u00e4hendab h\u00fcpertensiooni ja ateroskleroosi tekke riski, on oluline p\u00e4rgarterite toonuse ja s\u00fcdame l\u00f6\u00f6gisageduse s\u00e4ilitamiseks ning aitab s\u00e4ilitada tugevat luustiku struktuuri.<\/p>\n<p><u>Kaltsium<\/u> kontrollib meie s\u00fcdamel\u00f6\u00f6ke, osaleb vere h\u00fc\u00fcbimisprotsessis, annab meie lihastele k\u00e4sklusi l\u00f5dvestumiseks v\u00f5i kokkut\u00f5mbumiseks, osaleb meie rakkude omavahelises \u00fchendamises ja selle protsessi reguleerimises, osaleb seedimis-, eritumis-, n\u00e4rviprotsessides, m\u00f5jutab immuun- ja reproduktiivs\u00fcsteemi.<\/p>\n<hr \/>\n<p><strong>Kasutamine:<\/strong><\/p>\n<p>Seda kasutatakse toiduainet\u00f6\u00f6stuses, kus on vajalik v\u00e4hendatud naatriumkloriidi sisaldus. Saab kasutada ka kodus toiduvalmistamiseks. Selle soola kasutamine tavap\u00e4rase soola asemel ja lisamine kogu pere toidule, sealhulgas lastele alates esimesest eluaastast, aitab v\u00e4ltida paljusid naatriumkloriidi liigtarbimisega seotud vaevusi.<\/p>\n<p>Soovitatav rasedatele ja imetavatele naistele tursete ennetamiseks, h\u00fcpertensiooni- ja diabeedihaigetele ning rasvumisega ja eakatele patsientidele verer\u00f5hu normaliseerimiseks, s\u00fcdame ja neerude toimimise parandamiseks, kehakaalu langetamiseks, ning samuti k\u00f5igile lastele ja t\u00e4iskasvanutele samade haiguste ennetamiseks.<\/p>\n<hr \/>\n<p style=\"text-align: left;\"><strong>Pakend: \u00a0\u00a0\u00a0\u00a0\u00a0\u00a0\u00a0\u00a0\u00a0\u00a0\u00a0\u00a0\u00a0\u00a0\u00a0 <\/strong><\/p>\n<p>&#8211; papist topsikesed dosaatoriga, 300 g<\/p>\n<p>&#8211; kilest kotid, 25 kg<\/p>\n<hr \/>\n<p>&nbsp;<\/p>\n<p>&nbsp;<\/p>\n<table style=\"width: 840px; height: 365px;\">\n<tbody>\n<tr>\n<th>\n<p style=\"text-align: left;\"><strong>Peamised keemilised n\u00e4itajad:<\/strong><\/p>\n<\/th>\n<th style=\"text-align: left;\"><strong>Norm<\/strong><\/th>\n<\/tr>\n<tr>\n<td>Naatriumkloriid (NaCl)<\/td>\n<td>50%<\/td>\n<\/tr>\n<tr>\n<td>Kaaliumkloriid (KCl)<\/td>\n<td>44,5%<\/td>\n<\/tr>\n<tr>\n<td>Vees lahustamatute ainete sisaldus<\/td>\n<td>1,5%<\/td>\n<\/tr>\n<tr>\n<td>Magneesiumsulfaat (Mg SO<sub>4<\/sub>x7H<sub>2<\/sub>O)<\/td>\n<td>4,0%<\/td>\n<\/tr>\n<tr>\n<td>Kaltsiumkarbonaat<\/td>\n<td>1,0%<\/td>\n<\/tr>\n<tr>\n<td>Magneesiumh\u00fcdroksiidkarbonaat<\/td>\n<td>0,5%<\/td>\n<\/tr>\n<\/tbody>\n<\/table>\n<p>&nbsp;<\/p>\n<p>Lisainformatsiooni leiab tootja kodulehelt: <a href=\"https:\/\/www.kpluss.com\/en-us\/our-business-products\/industry\/food-processing\/\">https:\/\/www.kpluss.com\/en-us\/our-business-products\/industry\/food-processing\/<\/a><\/p>\n","protected":false},"excerpt":{"rendered":"<p>K+S v\u00e4hendatud naatriumisisaldusega toidusool on mineraalsool, mis sisaldab 50% naatriumkloriidi ning millele on lisatud kaaliumi, magneesiumi ja kaltsiumi. Sellel soolal on imeline aroom ja see ei erine maitse, soolasuse ja  <\/p>\n","protected":false},"featured_media":22136,"template":"","meta":{"om_disable_all_campaigns":false,"_monsterinsights_skip_tracking":false,"_monsterinsights_sitenote_active":false,"_monsterinsights_sitenote_note":"","_monsterinsights_sitenote_category":0},"product_brand":[],"product_cat":[561,567],"product_tag":[],"class_list":{"0":"post-22135","1":"product","2":"type-product","3":"status-publish","4":"has-post-thumbnail","6":"product_cat-druska","7":"product_cat-maistine-druska","9":"first","10":"instock","11":"taxable","12":"shipping-taxable","13":"product-type-simple"},"yoast_head":"<!-- This site is optimized with the Yoast SEO plugin v24.6 - https:\/\/yoast.com\/wordpress\/plugins\/seo\/ -->\n<title>Druska turinti ma\u017eiau natrio &#8211; Andrese Soolaladu<\/title>\n<meta name=\"robots\" content=\"index, follow, max-snippet:-1, max-image-preview:large, max-video-preview:-1\" \/>\n<link rel=\"canonical\" href=\"https:\/\/soolaladu.ee\/toode\/vahendatud-naatriumisisaldusega-sool\/\" \/>\n<meta property=\"og:locale\" content=\"lt_LT\" \/>\n<meta property=\"og:type\" content=\"article\" \/>\n<meta property=\"og:title\" content=\"Druska turinti ma\u017eiau natrio &#8211; Andrese Soolaladu\" \/>\n<meta property=\"og:description\" content=\"K+S v\u00e4hendatud naatriumisisaldusega toidusool on mineraalsool, mis sisaldab 50% naatriumkloriidi ning millele on lisatud kaaliumi, magneesiumi ja kaltsiumi. Sellel soolal on imeline aroom ja see ei erine maitse, soolasuse ja\" \/>\n<meta property=\"og:url\" content=\"https:\/\/soolaladu.ee\/toode\/vahendatud-naatriumisisaldusega-sool\/\" \/>\n<meta property=\"og:site_name\" content=\"Andrese Soolaladu\" \/>\n<meta property=\"article:modified_time\" content=\"2021-03-22T09:20:52+00:00\" \/>\n<meta property=\"og:image\" content=\"https:\/\/soolaladu.ee\/wp-content\/uploads\/2020\/07\/Esco_Balance-salt.jpg\" \/>\n\t<meta property=\"og:image:width\" content=\"385\" \/>\n\t<meta property=\"og:image:height\" content=\"385\" \/>\n\t<meta property=\"og:image:type\" content=\"image\/jpeg\" \/>\n<meta name=\"twitter:card\" content=\"summary_large_image\" \/>\n<meta name=\"twitter:label1\" content=\"Est. reading time\" \/>\n\t<meta name=\"twitter:data1\" content=\"2 minut\u0117s\" \/>\n<script type=\"application\/ld+json\" class=\"yoast-schema-graph\">{\"@context\":\"https:\/\/schema.org\",\"@graph\":[{\"@type\":\"WebPage\",\"@id\":\"https:\/\/soolaladu.ee\/toode\/vahendatud-naatriumisisaldusega-sool\/\",\"url\":\"https:\/\/soolaladu.ee\/toode\/vahendatud-naatriumisisaldusega-sool\/\",\"name\":\"Druska turinti ma\u017eiau natrio &#8211; Andrese Soolaladu\",\"isPartOf\":{\"@id\":\"https:\/\/soolaladu.ee\/#website\"},\"primaryImageOfPage\":{\"@id\":\"https:\/\/soolaladu.ee\/toode\/vahendatud-naatriumisisaldusega-sool\/#primaryimage\"},\"image\":{\"@id\":\"https:\/\/soolaladu.ee\/toode\/vahendatud-naatriumisisaldusega-sool\/#primaryimage\"},\"thumbnailUrl\":\"https:\/\/soolaladu.ee\/wp-content\/uploads\/2020\/07\/Esco_Balance-salt.jpg\",\"datePublished\":\"2020-07-01T07:11:06+00:00\",\"dateModified\":\"2021-03-22T09:20:52+00:00\",\"breadcrumb\":{\"@id\":\"https:\/\/soolaladu.ee\/toode\/vahendatud-naatriumisisaldusega-sool\/#breadcrumb\"},\"inLanguage\":\"lt-LT\",\"potentialAction\":[{\"@type\":\"ReadAction\",\"target\":[\"https:\/\/soolaladu.ee\/toode\/vahendatud-naatriumisisaldusega-sool\/\"]}]},{\"@type\":\"ImageObject\",\"inLanguage\":\"lt-LT\",\"@id\":\"https:\/\/soolaladu.ee\/toode\/vahendatud-naatriumisisaldusega-sool\/#primaryimage\",\"url\":\"https:\/\/soolaladu.ee\/wp-content\/uploads\/2020\/07\/Esco_Balance-salt.jpg\",\"contentUrl\":\"https:\/\/soolaladu.ee\/wp-content\/uploads\/2020\/07\/Esco_Balance-salt.jpg\",\"width\":385,\"height\":385},{\"@type\":\"BreadcrumbList\",\"@id\":\"https:\/\/soolaladu.ee\/toode\/vahendatud-naatriumisisaldusega-sool\/#breadcrumb\",\"itemListElement\":[{\"@type\":\"ListItem\",\"position\":1,\"name\":\"Pagrindinis\",\"item\":\"https:\/\/soolaladu.ee\/lt\/\"},{\"@type\":\"ListItem\",\"position\":2,\"name\":\"Tooted\",\"item\":\"https:\/\/soolaladu.ee\/tooted\/\"},{\"@type\":\"ListItem\",\"position\":3,\"name\":\"Druska turinti ma\u017eiau natrio\"}]},{\"@type\":\"WebSite\",\"@id\":\"https:\/\/soolaladu.ee\/#website\",\"url\":\"https:\/\/soolaladu.ee\/\",\"name\":\"Andrese Soolaladu\",\"description\":\"Suurim soola tarnija Eestis ja Baltimaades\",\"publisher\":{\"@id\":\"https:\/\/soolaladu.ee\/#organization\"},\"potentialAction\":[{\"@type\":\"SearchAction\",\"target\":{\"@type\":\"EntryPoint\",\"urlTemplate\":\"https:\/\/soolaladu.ee\/?s={search_term_string}\"},\"query-input\":{\"@type\":\"PropertyValueSpecification\",\"valueRequired\":true,\"valueName\":\"search_term_string\"}}],\"inLanguage\":\"lt-LT\"},{\"@type\":\"Organization\",\"@id\":\"https:\/\/soolaladu.ee\/#organization\",\"name\":\"Andrese Soolaladu O\u00dc\",\"url\":\"https:\/\/soolaladu.ee\/\",\"logo\":{\"@type\":\"ImageObject\",\"inLanguage\":\"lt-LT\",\"@id\":\"https:\/\/soolaladu.ee\/#\/schema\/logo\/image\/\",\"url\":\"\",\"contentUrl\":\"\",\"caption\":\"Andrese Soolaladu O\u00dc\"},\"image\":{\"@id\":\"https:\/\/soolaladu.ee\/#\/schema\/logo\/image\/\"},\"sameAs\":[\"https:\/\/www.linkedin.com\/in\/andrei-kirejenkov-414930117\/?originalSubdomain=ee\",\"https:\/\/www.youtube.com\/watch?time_continue=68&amp;amp;v=XC3sMbgpKbk&amp;amp;feature=emb_title\"]}]}<\/script>\n<!-- \/ Yoast SEO plugin. -->","yoast_head_json":{"title":"Druska turinti ma\u017eiau natrio &#8211; Andrese Soolaladu","robots":{"index":"index","follow":"follow","max-snippet":"max-snippet:-1","max-image-preview":"max-image-preview:large","max-video-preview":"max-video-preview:-1"},"canonical":"https:\/\/soolaladu.ee\/toode\/vahendatud-naatriumisisaldusega-sool\/","og_locale":"lt_LT","og_type":"article","og_title":"Druska turinti ma\u017eiau natrio &#8211; Andrese Soolaladu","og_description":"K+S v\u00e4hendatud naatriumisisaldusega toidusool on mineraalsool, mis sisaldab 50% naatriumkloriidi ning millele on lisatud kaaliumi, magneesiumi ja kaltsiumi. Sellel soolal on imeline aroom ja see ei erine maitse, soolasuse ja","og_url":"https:\/\/soolaladu.ee\/toode\/vahendatud-naatriumisisaldusega-sool\/","og_site_name":"Andrese Soolaladu","article_modified_time":"2021-03-22T09:20:52+00:00","og_image":[{"width":385,"height":385,"url":"https:\/\/soolaladu.ee\/wp-content\/uploads\/2020\/07\/Esco_Balance-salt.jpg","type":"image\/jpeg"}],"twitter_card":"summary_large_image","twitter_misc":{"Est. reading time":"2 minut\u0117s"},"schema":{"@context":"https:\/\/schema.org","@graph":[{"@type":"WebPage","@id":"https:\/\/soolaladu.ee\/toode\/vahendatud-naatriumisisaldusega-sool\/","url":"https:\/\/soolaladu.ee\/toode\/vahendatud-naatriumisisaldusega-sool\/","name":"Druska turinti ma\u017eiau natrio &#8211; Andrese Soolaladu","isPartOf":{"@id":"https:\/\/soolaladu.ee\/#website"},"primaryImageOfPage":{"@id":"https:\/\/soolaladu.ee\/toode\/vahendatud-naatriumisisaldusega-sool\/#primaryimage"},"image":{"@id":"https:\/\/soolaladu.ee\/toode\/vahendatud-naatriumisisaldusega-sool\/#primaryimage"},"thumbnailUrl":"https:\/\/soolaladu.ee\/wp-content\/uploads\/2020\/07\/Esco_Balance-salt.jpg","datePublished":"2020-07-01T07:11:06+00:00","dateModified":"2021-03-22T09:20:52+00:00","breadcrumb":{"@id":"https:\/\/soolaladu.ee\/toode\/vahendatud-naatriumisisaldusega-sool\/#breadcrumb"},"inLanguage":"lt-LT","potentialAction":[{"@type":"ReadAction","target":["https:\/\/soolaladu.ee\/toode\/vahendatud-naatriumisisaldusega-sool\/"]}]},{"@type":"ImageObject","inLanguage":"lt-LT","@id":"https:\/\/soolaladu.ee\/toode\/vahendatud-naatriumisisaldusega-sool\/#primaryimage","url":"https:\/\/soolaladu.ee\/wp-content\/uploads\/2020\/07\/Esco_Balance-salt.jpg","contentUrl":"https:\/\/soolaladu.ee\/wp-content\/uploads\/2020\/07\/Esco_Balance-salt.jpg","width":385,"height":385},{"@type":"BreadcrumbList","@id":"https:\/\/soolaladu.ee\/toode\/vahendatud-naatriumisisaldusega-sool\/#breadcrumb","itemListElement":[{"@type":"ListItem","position":1,"name":"Pagrindinis","item":"https:\/\/soolaladu.ee\/lt\/"},{"@type":"ListItem","position":2,"name":"Tooted","item":"https:\/\/soolaladu.ee\/tooted\/"},{"@type":"ListItem","position":3,"name":"Druska turinti ma\u017eiau natrio"}]},{"@type":"WebSite","@id":"https:\/\/soolaladu.ee\/#website","url":"https:\/\/soolaladu.ee\/","name":"Andrese Soolaladu","description":"Suurim soola tarnija Eestis ja Baltimaades","publisher":{"@id":"https:\/\/soolaladu.ee\/#organization"},"potentialAction":[{"@type":"SearchAction","target":{"@type":"EntryPoint","urlTemplate":"https:\/\/soolaladu.ee\/?s={search_term_string}"},"query-input":{"@type":"PropertyValueSpecification","valueRequired":true,"valueName":"search_term_string"}}],"inLanguage":"lt-LT"},{"@type":"Organization","@id":"https:\/\/soolaladu.ee\/#organization","name":"Andrese Soolaladu O\u00dc","url":"https:\/\/soolaladu.ee\/","logo":{"@type":"ImageObject","inLanguage":"lt-LT","@id":"https:\/\/soolaladu.ee\/#\/schema\/logo\/image\/","url":"","contentUrl":"","caption":"Andrese Soolaladu O\u00dc"},"image":{"@id":"https:\/\/soolaladu.ee\/#\/schema\/logo\/image\/"},"sameAs":["https:\/\/www.linkedin.com\/in\/andrei-kirejenkov-414930117\/?originalSubdomain=ee","https:\/\/www.youtube.com\/watch?time_continue=68&amp;amp;v=XC3sMbgpKbk&amp;amp;feature=emb_title"]}]}},"_links":{"self":[{"href":"https:\/\/soolaladu.ee\/lt\/wp-json\/wp\/v2\/product\/22135","targetHints":{"allow":["GET"]}}],"collection":[{"href":"https:\/\/soolaladu.ee\/lt\/wp-json\/wp\/v2\/product"}],"about":[{"href":"https:\/\/soolaladu.ee\/lt\/wp-json\/wp\/v2\/types\/product"}],"wp:featuredmedia":[{"embeddable":true,"href":"https:\/\/soolaladu.ee\/lt\/wp-json\/wp\/v2\/media\/22136"}],"wp:attachment":[{"href":"https:\/\/soolaladu.ee\/lt\/wp-json\/wp\/v2\/media?parent=22135"}],"wp:term":[{"taxonomy":"product_brand","embeddable":true,"href":"https:\/\/soolaladu.ee\/lt\/wp-json\/wp\/v2\/product_brand?post=22135"},{"taxonomy":"product_cat","embeddable":true,"href":"https:\/\/soolaladu.ee\/lt\/wp-json\/wp\/v2\/product_cat?post=22135"},{"taxonomy":"product_tag","embeddable":true,"href":"https:\/\/soolaladu.ee\/lt\/wp-json\/wp\/v2\/product_tag?post=22135"}],"curies":[{"name":"wp","href":"https:\/\/api.w.org\/{rel}","templated":true}]}}