{"id":22127,"date":"2020-07-01T10:17:44","date_gmt":"2020-07-01T07:17:44","guid":{"rendered":"https:\/\/soolaladu.ee\/?post_type=product&#038;p=22127"},"modified":"2021-03-22T11:15:06","modified_gmt":"2021-03-22T09:15:06","slug":"lakukivi-multi","status":"publish","type":"product","link":"https:\/\/soolaladu.ee\/lt\/toode\/lakukivi-multi\/","title":{"rendered":"Druskos blokeliai \u201eLizunec\u201c, multi"},"content":{"rendered":"<p><strong>Mineraaliderikas vasesisaldusega lakusoola plokk SOLSEL Multi, K+S <\/strong>(ei sobi lammastele)<\/p>\n<p>Lisaks soolale (naatriumkloriid) vajab iga loom veel mitmeid olulisi toitaineid, nagu tsink, mangaan, vask, raud, jood, koobalt, seleen.<br \/>\nTasakaalustamata toitumine v\u00f5ib p\u00f5hjustada nende elementide defitsiidi organismis. Vajadus mikroelementide j\u00e4rele on individuaalne ja v\u00f5ib sama liiki loomadel isegi \u00fches r\u00fchmas erineda. Soolaplokkide lakkumine v\u00f5imaldab loomal ise m\u00e4\u00e4rata oma soolavajaduse ja luua optimaalse soolatasakaalu kehas.<\/p>\n<p>Vask m\u00e4ngib olulist rolli ainevahetusprotsessis. See on oluline aine hemoglobiini moodustumisel. Vask ei kuulu hemoglobiini koostisesse, kuid on punaste vereliblede oluline komponent, mis toetab nende aktiivsust vereringes ning on paljude ens\u00fc\u00fcmide, juuste ja sulgede pigmentide osa; elementi leidub loomorganismi k\u00f5igis rakkudes, kuid eriti maksas, kus selle varud s\u00e4ilivad. Vase puudus loomade toidus p\u00f5hjustab neile aneemiat, kasvu pidurdumist, k\u00f5hulahtisust, karvastiku ja sulgede depigmentatsiooni (v\u00e4rvimuutust), seljaaju n\u00e4rvikere kahjustusi; lehmade vasepuudusega kaasneb jahipidamise puudumine ning pullidel munandite embr\u00fconaalse epiteeli degeneratsioon ja steriilsus.<\/p>\n<p>V\u00e4limuse poolest kujutab selline soolaplokk endast ette halli v\u00e4rvi soolast kokkupressitud plokki. Praktiline, lihtne ja mugav kasutada.<\/p>\n<hr \/>\n<p><strong>Kasutamine:<\/strong><\/p>\n<p>SOLSEL Multi vasesisaldusega mineraalsoolaplokke kasutatakse igat t\u00fc\u00fcpi loomade, v\u00e4lja arvatud lammaste, s\u00f6\u00f6tmiseks. Suuruse ja kaalu poolest sobivad soolaplokid eriti h\u00e4sti veiste, hobuste, sigade, kitsede s\u00f6\u00f6tmiseks. Kasutatakse ka looduskaitsealadel ja jahimajanduses metsloomade jaoks.<\/p>\n<p>Loomadele on vaja tagada vaba juurdep\u00e4\u00e4s plokile, veeallika l\u00e4hedal, v\u00f5imaluse korral fikseerida ja kaitsta niiskuse eest.<\/p>\n<hr \/>\n<p style=\"text-align: left;\"><strong>Pakend: \u00a0\u00a0\u00a0\u00a0\u00a0\u00a0\u00a0\u00a0\u00a0\u00a0\u00a0\u00a0\u00a0\u00a0\u00a0 <\/strong><\/p>\n<p>&#8211; 10 kg soolaplokid, m\u00f5\u00f5tmed 185x185x155 mm, ava l\u00e4bim\u00f5\u00f5t 30 mm, 96 tk EURO-kaubaalusel<\/p>\n<hr \/>\n<p>&nbsp;<\/p>\n<table style=\"width: 840px; height: 365px;\">\n<tbody>\n<tr>\n<th>\n<p style=\"text-align: left;\"><strong>Peamised keemilised n\u00e4itajad:<\/strong><\/p>\n<\/th>\n<th style=\"text-align: left;\"><strong>Norm<\/strong><\/th>\n<\/tr>\n<tr>\n<td>Naatriumkloriid (NaCl)<\/td>\n<td>94%<\/td>\n<\/tr>\n<tr>\n<td>Kaltsiumkarbonaat<\/td>\n<td>4,1%<\/td>\n<\/tr>\n<tr>\n<td>Naatrium (Na)<\/td>\n<td>37%<\/td>\n<\/tr>\n<tr>\n<td>Kaltsium<\/td>\n<td>2,0%<\/td>\n<\/tr>\n<tr>\n<td>Magneesium<\/td>\n<td>0,1%<\/td>\n<\/tr>\n<tr>\n<td>Fosfor<\/td>\n<td>0,0%<\/td>\n<\/tr>\n<tr>\n<td>S\u00f6\u00f6da toidulisandid:<\/td>\n<td><\/td>\n<\/tr>\n<tr>\n<td>Tsink (tsinkoksiid)<\/td>\n<td>1000 mg\/kg<\/td>\n<\/tr>\n<tr>\n<td>Mangaan (mangaan (II) oksiid)<\/td>\n<td>1000 mg\/kg<\/td>\n<\/tr>\n<tr>\n<td>Vask (vaskoksiid)<\/td>\n<td>220 mg\/kg<\/td>\n<\/tr>\n<tr>\n<td>Jood (kaltsiumjodaat)<\/td>\n<td>100 mg\/kg<\/td>\n<\/tr>\n<tr>\n<td>Seleen (naatriumseleniit)<\/td>\n<td>20 mg\/kg<\/td>\n<\/tr>\n<\/tbody>\n<\/table>\n<p>&nbsp;<\/p>\n<p>Rohkem informatsiooni leiate tootja kodulehelt: <a href=\"https:\/\/www.solsel.de\/en\/products\/multi\/\">https:\/\/www.solsel.de\/en\/products\/multi\/<\/a><\/p>\n<p>&nbsp;<\/p>\n","protected":false},"excerpt":{"rendered":"<p>Mineraaliderikas vasesisaldusega lakusoola plokk SOLSEL Multi, K+S (ei sobi lammastele) Lisaks soolale (naatriumkloriid) vajab iga loom veel mitmeid olulisi toitaineid, nagu tsink, mangaan, vask, raud, jood, koobalt, seleen. Tasakaalustamata toitumine  <\/p>\n","protected":false},"featured_media":22128,"template":"","meta":{"om_disable_all_campaigns":false,"_monsterinsights_skip_tracking":false,"_monsterinsights_sitenote_active":false,"_monsterinsights_sitenote_note":"","_monsterinsights_sitenote_category":0},"product_brand":[],"product_cat":[561,571,574],"product_tag":[],"class_list":{"0":"post-22127","1":"product","2":"type-product","3":"status-publish","4":"has-post-thumbnail","6":"product_cat-druska","7":"product_cat-druska-skirta-zemes-ukiui","8":"product_cat-druskos-blokeliai-lizunec-laizomi","10":"first","11":"instock","12":"taxable","13":"shipping-taxable","14":"product-type-simple"},"yoast_head":"<!-- This site is optimized with the Yoast SEO plugin v24.6 - https:\/\/yoast.com\/wordpress\/plugins\/seo\/ -->\n<title>Druskos blokeliai \u201eLizunec\u201c, multi &#8211; Andrese Soolaladu<\/title>\n<meta name=\"robots\" content=\"index, follow, max-snippet:-1, max-image-preview:large, max-video-preview:-1\" \/>\n<link rel=\"canonical\" href=\"https:\/\/soolaladu.ee\/toode\/lakukivi-multi\/\" \/>\n<meta property=\"og:locale\" content=\"lt_LT\" \/>\n<meta property=\"og:type\" content=\"article\" \/>\n<meta property=\"og:title\" content=\"Druskos blokeliai \u201eLizunec\u201c, multi &#8211; Andrese Soolaladu\" \/>\n<meta property=\"og:description\" content=\"Mineraaliderikas vasesisaldusega lakusoola plokk SOLSEL Multi, K+S (ei sobi lammastele) Lisaks soolale (naatriumkloriid) vajab iga loom veel mitmeid olulisi toitaineid, nagu tsink, mangaan, vask, raud, jood, koobalt, seleen. Tasakaalustamata toitumine\" \/>\n<meta property=\"og:url\" content=\"https:\/\/soolaladu.ee\/toode\/lakukivi-multi\/\" \/>\n<meta property=\"og:site_name\" content=\"Andrese Soolaladu\" \/>\n<meta property=\"article:modified_time\" content=\"2021-03-22T09:15:06+00:00\" \/>\n<meta property=\"og:image\" content=\"https:\/\/soolaladu.ee\/wp-content\/uploads\/2020\/07\/Lakukivi_multi.jpg\" \/>\n\t<meta property=\"og:image:width\" content=\"1250\" \/>\n\t<meta property=\"og:image:height\" content=\"1250\" \/>\n\t<meta property=\"og:image:type\" content=\"image\/jpeg\" \/>\n<meta name=\"twitter:card\" content=\"summary_large_image\" \/>\n<meta name=\"twitter:label1\" content=\"Est. reading time\" \/>\n\t<meta name=\"twitter:data1\" content=\"2 minut\u0117s\" \/>\n<script type=\"application\/ld+json\" class=\"yoast-schema-graph\">{\"@context\":\"https:\/\/schema.org\",\"@graph\":[{\"@type\":\"WebPage\",\"@id\":\"https:\/\/soolaladu.ee\/toode\/lakukivi-multi\/\",\"url\":\"https:\/\/soolaladu.ee\/toode\/lakukivi-multi\/\",\"name\":\"Druskos blokeliai \u201eLizunec\u201c, multi &#8211; Andrese Soolaladu\",\"isPartOf\":{\"@id\":\"https:\/\/soolaladu.ee\/#website\"},\"primaryImageOfPage\":{\"@id\":\"https:\/\/soolaladu.ee\/toode\/lakukivi-multi\/#primaryimage\"},\"image\":{\"@id\":\"https:\/\/soolaladu.ee\/toode\/lakukivi-multi\/#primaryimage\"},\"thumbnailUrl\":\"https:\/\/soolaladu.ee\/wp-content\/uploads\/2020\/07\/Lakukivi_multi.jpg\",\"datePublished\":\"2020-07-01T07:17:44+00:00\",\"dateModified\":\"2021-03-22T09:15:06+00:00\",\"breadcrumb\":{\"@id\":\"https:\/\/soolaladu.ee\/toode\/lakukivi-multi\/#breadcrumb\"},\"inLanguage\":\"lt-LT\",\"potentialAction\":[{\"@type\":\"ReadAction\",\"target\":[\"https:\/\/soolaladu.ee\/toode\/lakukivi-multi\/\"]}]},{\"@type\":\"ImageObject\",\"inLanguage\":\"lt-LT\",\"@id\":\"https:\/\/soolaladu.ee\/toode\/lakukivi-multi\/#primaryimage\",\"url\":\"https:\/\/soolaladu.ee\/wp-content\/uploads\/2020\/07\/Lakukivi_multi.jpg\",\"contentUrl\":\"https:\/\/soolaladu.ee\/wp-content\/uploads\/2020\/07\/Lakukivi_multi.jpg\",\"width\":1250,\"height\":1250},{\"@type\":\"BreadcrumbList\",\"@id\":\"https:\/\/soolaladu.ee\/toode\/lakukivi-multi\/#breadcrumb\",\"itemListElement\":[{\"@type\":\"ListItem\",\"position\":1,\"name\":\"Pagrindinis\",\"item\":\"https:\/\/soolaladu.ee\/lt\/\"},{\"@type\":\"ListItem\",\"position\":2,\"name\":\"Tooted\",\"item\":\"https:\/\/soolaladu.ee\/tooted\/\"},{\"@type\":\"ListItem\",\"position\":3,\"name\":\"Druskos blokeliai \u201eLizunec\u201c, multi\"}]},{\"@type\":\"WebSite\",\"@id\":\"https:\/\/soolaladu.ee\/#website\",\"url\":\"https:\/\/soolaladu.ee\/\",\"name\":\"Andrese Soolaladu\",\"description\":\"Suurim soola tarnija Eestis ja Baltimaades\",\"publisher\":{\"@id\":\"https:\/\/soolaladu.ee\/#organization\"},\"potentialAction\":[{\"@type\":\"SearchAction\",\"target\":{\"@type\":\"EntryPoint\",\"urlTemplate\":\"https:\/\/soolaladu.ee\/?s={search_term_string}\"},\"query-input\":{\"@type\":\"PropertyValueSpecification\",\"valueRequired\":true,\"valueName\":\"search_term_string\"}}],\"inLanguage\":\"lt-LT\"},{\"@type\":\"Organization\",\"@id\":\"https:\/\/soolaladu.ee\/#organization\",\"name\":\"Andrese Soolaladu O\u00dc\",\"url\":\"https:\/\/soolaladu.ee\/\",\"logo\":{\"@type\":\"ImageObject\",\"inLanguage\":\"lt-LT\",\"@id\":\"https:\/\/soolaladu.ee\/#\/schema\/logo\/image\/\",\"url\":\"\",\"contentUrl\":\"\",\"caption\":\"Andrese Soolaladu O\u00dc\"},\"image\":{\"@id\":\"https:\/\/soolaladu.ee\/#\/schema\/logo\/image\/\"},\"sameAs\":[\"https:\/\/www.linkedin.com\/in\/andrei-kirejenkov-414930117\/?originalSubdomain=ee\",\"https:\/\/www.youtube.com\/watch?time_continue=68&amp;amp;v=XC3sMbgpKbk&amp;amp;feature=emb_title\"]}]}<\/script>\n<!-- \/ Yoast SEO plugin. -->","yoast_head_json":{"title":"Druskos blokeliai \u201eLizunec\u201c, multi &#8211; Andrese Soolaladu","robots":{"index":"index","follow":"follow","max-snippet":"max-snippet:-1","max-image-preview":"max-image-preview:large","max-video-preview":"max-video-preview:-1"},"canonical":"https:\/\/soolaladu.ee\/toode\/lakukivi-multi\/","og_locale":"lt_LT","og_type":"article","og_title":"Druskos blokeliai \u201eLizunec\u201c, multi &#8211; Andrese Soolaladu","og_description":"Mineraaliderikas vasesisaldusega lakusoola plokk SOLSEL Multi, K+S (ei sobi lammastele) Lisaks soolale (naatriumkloriid) vajab iga loom veel mitmeid olulisi toitaineid, nagu tsink, mangaan, vask, raud, jood, koobalt, seleen. Tasakaalustamata toitumine","og_url":"https:\/\/soolaladu.ee\/toode\/lakukivi-multi\/","og_site_name":"Andrese Soolaladu","article_modified_time":"2021-03-22T09:15:06+00:00","og_image":[{"width":1250,"height":1250,"url":"https:\/\/soolaladu.ee\/wp-content\/uploads\/2020\/07\/Lakukivi_multi.jpg","type":"image\/jpeg"}],"twitter_card":"summary_large_image","twitter_misc":{"Est. reading time":"2 minut\u0117s"},"schema":{"@context":"https:\/\/schema.org","@graph":[{"@type":"WebPage","@id":"https:\/\/soolaladu.ee\/toode\/lakukivi-multi\/","url":"https:\/\/soolaladu.ee\/toode\/lakukivi-multi\/","name":"Druskos blokeliai \u201eLizunec\u201c, multi &#8211; Andrese Soolaladu","isPartOf":{"@id":"https:\/\/soolaladu.ee\/#website"},"primaryImageOfPage":{"@id":"https:\/\/soolaladu.ee\/toode\/lakukivi-multi\/#primaryimage"},"image":{"@id":"https:\/\/soolaladu.ee\/toode\/lakukivi-multi\/#primaryimage"},"thumbnailUrl":"https:\/\/soolaladu.ee\/wp-content\/uploads\/2020\/07\/Lakukivi_multi.jpg","datePublished":"2020-07-01T07:17:44+00:00","dateModified":"2021-03-22T09:15:06+00:00","breadcrumb":{"@id":"https:\/\/soolaladu.ee\/toode\/lakukivi-multi\/#breadcrumb"},"inLanguage":"lt-LT","potentialAction":[{"@type":"ReadAction","target":["https:\/\/soolaladu.ee\/toode\/lakukivi-multi\/"]}]},{"@type":"ImageObject","inLanguage":"lt-LT","@id":"https:\/\/soolaladu.ee\/toode\/lakukivi-multi\/#primaryimage","url":"https:\/\/soolaladu.ee\/wp-content\/uploads\/2020\/07\/Lakukivi_multi.jpg","contentUrl":"https:\/\/soolaladu.ee\/wp-content\/uploads\/2020\/07\/Lakukivi_multi.jpg","width":1250,"height":1250},{"@type":"BreadcrumbList","@id":"https:\/\/soolaladu.ee\/toode\/lakukivi-multi\/#breadcrumb","itemListElement":[{"@type":"ListItem","position":1,"name":"Pagrindinis","item":"https:\/\/soolaladu.ee\/lt\/"},{"@type":"ListItem","position":2,"name":"Tooted","item":"https:\/\/soolaladu.ee\/tooted\/"},{"@type":"ListItem","position":3,"name":"Druskos blokeliai \u201eLizunec\u201c, multi"}]},{"@type":"WebSite","@id":"https:\/\/soolaladu.ee\/#website","url":"https:\/\/soolaladu.ee\/","name":"Andrese Soolaladu","description":"Suurim soola tarnija Eestis ja Baltimaades","publisher":{"@id":"https:\/\/soolaladu.ee\/#organization"},"potentialAction":[{"@type":"SearchAction","target":{"@type":"EntryPoint","urlTemplate":"https:\/\/soolaladu.ee\/?s={search_term_string}"},"query-input":{"@type":"PropertyValueSpecification","valueRequired":true,"valueName":"search_term_string"}}],"inLanguage":"lt-LT"},{"@type":"Organization","@id":"https:\/\/soolaladu.ee\/#organization","name":"Andrese Soolaladu O\u00dc","url":"https:\/\/soolaladu.ee\/","logo":{"@type":"ImageObject","inLanguage":"lt-LT","@id":"https:\/\/soolaladu.ee\/#\/schema\/logo\/image\/","url":"","contentUrl":"","caption":"Andrese Soolaladu O\u00dc"},"image":{"@id":"https:\/\/soolaladu.ee\/#\/schema\/logo\/image\/"},"sameAs":["https:\/\/www.linkedin.com\/in\/andrei-kirejenkov-414930117\/?originalSubdomain=ee","https:\/\/www.youtube.com\/watch?time_continue=68&amp;amp;v=XC3sMbgpKbk&amp;amp;feature=emb_title"]}]}},"_links":{"self":[{"href":"https:\/\/soolaladu.ee\/lt\/wp-json\/wp\/v2\/product\/22127","targetHints":{"allow":["GET"]}}],"collection":[{"href":"https:\/\/soolaladu.ee\/lt\/wp-json\/wp\/v2\/product"}],"about":[{"href":"https:\/\/soolaladu.ee\/lt\/wp-json\/wp\/v2\/types\/product"}],"wp:featuredmedia":[{"embeddable":true,"href":"https:\/\/soolaladu.ee\/lt\/wp-json\/wp\/v2\/media\/22128"}],"wp:attachment":[{"href":"https:\/\/soolaladu.ee\/lt\/wp-json\/wp\/v2\/media?parent=22127"}],"wp:term":[{"taxonomy":"product_brand","embeddable":true,"href":"https:\/\/soolaladu.ee\/lt\/wp-json\/wp\/v2\/product_brand?post=22127"},{"taxonomy":"product_cat","embeddable":true,"href":"https:\/\/soolaladu.ee\/lt\/wp-json\/wp\/v2\/product_cat?post=22127"},{"taxonomy":"product_tag","embeddable":true,"href":"https:\/\/soolaladu.ee\/lt\/wp-json\/wp\/v2\/product_tag?post=22127"}],"curies":[{"name":"wp","href":"https:\/\/api.w.org\/{rel}","templated":true}]}}