{"id":22116,"date":"2020-07-01T10:24:18","date_gmt":"2020-07-01T07:24:18","guid":{"rendered":"https:\/\/soolaladu.ee\/?post_type=product&#038;p=22116"},"modified":"2021-03-22T11:05:39","modified_gmt":"2021-03-22T09:05:39","slug":"surnu-meresool","status":"publish","type":"product","link":"https:\/\/soolaladu.ee\/lt\/toode\/surnu-meresool\/","title":{"rendered":"Negyvosios j\u016bros druska"},"content":{"rendered":"<p><a href=\"http:\/\/guide-israel.ru\/country\/828-myortvoe-more\/\">Surnumerevesi<\/a> sisaldab 29% soola, samas kui ookeanide vees on seda 4%, ja seet\u00f5ttu on Surnumere vesi oluliselt tihedam, v\u00f5imaldades iga\u00fchel vee suurema tiheduse t\u00f5ttu h\u00f5lpsasti selle pinnal ujuda. Ka vee mineraalne koostis erineb ookeani omast, kuna vaid 12-18% Surnumere soolast on naatriumkloriid.<\/p>\n<p><strong>Kirjeldus:<\/strong><\/p>\n<p>P\u00f5hiosa Surnumere sooladest moodustavad 26 elut\u00e4htsat mineraali ja mikroelementi nagu magneesium, naatrium, kaltsium, kaalium, broom, raud, v\u00e4\u00e4vel, fluor, mangaan, seleen, jood ja teised kehale vajalikud mineraalid. Soolade k\u00f5rge mineraliseerumine h\u00fcdroteraapia ajal avaldab soodsat m\u00f5ju ainevahetusele ning tagab elut\u00e4htsate mineraalelementide kiire omastamise organismi poolt. Need soolad on nahale ja kogu kehale v\u00e4ga kasulikud, neil on allergia- ja p\u00f5letikuvastane ning rahustav toime. Soolades sisalduvatel mineraalainetel on erinev terapeutiline toime:<\/p>\n<ul>\n<li><strong>magneesium <\/strong>suurendab rakkude eluj\u00f5udu, aeglustab naha vananemisprotsesse, leevendab stressi ja pingeid;<\/li>\n<li><strong>kaalium <\/strong>tasakaalustab naha niiskustaset, omab allergiavastast toimet;<\/li>\n<li><strong>kaltsium <\/strong>stimuleerib vereringet, tugevdab luid ja k\u00fc\u00fcsi;<\/li>\n<li><strong>naatrium<\/strong> reguleerib rakkude niiskustaset;<\/li>\n<li><strong>broom<\/strong> toimib rahustava antiseptikuna.<\/li>\n<\/ul>\n<hr \/>\n<p><strong>Kasutamine:<\/strong><\/p>\n<p>Juba Vana-Egiptuse aegadest saati on Surnumeres teraapias k\u00e4inud mitmesuguste kultuuride esindajad, et soola kasutada seepide, salvide ja kreemide tootmiseks nahale samamoodi, nagu seda tehakse ka t\u00e4nap\u00e4eval.<\/p>\n<p>Soolade kasutamine aitab leevendada v\u00e4simust, parandada toonust, ning samuti ennetada ja ravida paljusid haigusi. Surnumere soolasid kasutatakse allergia- ja p\u00f5letikuvastase ning rahustava vahendina. Soolavannide regulaarne kasutamine 2-3 korda n\u00e4dalas tervendab kogu keha ja kergelt stimuleerib immuuns\u00fcsteemi. Lisaks soovitatakse soola diateesi p\u00f5devatele lastele ning k\u00f5rge allergilise s\u00f5ltuvusega inimestele (bronhiaalastma, ekseem, n\u00f5gest\u00f5bi, neurodermatiit). Soola kasutatakse vannide, k\u00fclma- ja kuumakompresside, m\u00e4histe, inhalatsioonide, loputuste ja kr\u00fcomassaa\u017ei jaoks.<\/p>\n<p>Surnumere sool esialgsel kujul ei ole s\u00f6\u00f6dav, kuna selle k\u00f5rge mineraalide, eriti magneesiumi, sisaldus annab soolale m\u00f5ru maitse.<\/p>\n<hr \/>\n<p style=\"text-align: left;\"><strong>Pakend: \u00a0\u00a0\u00a0\u00a0\u00a0\u00a0\u00a0\u00a0\u00a0\u00a0\u00a0\u00a0\u00a0\u00a0\u00a0 <\/strong><\/p>\n<p>&#8211; kilest kotid, 12,5 kg; 25 kg<\/p>\n<hr \/>\n<p>&nbsp;<\/p>\n<table style=\"width: 840px; height: 365px;\">\n<tbody>\n<tr>\n<th>\n<p style=\"text-align: left;\"><strong>Peamised keemilised n\u00e4itajad:<\/strong><\/p>\n<\/th>\n<th style=\"text-align: left;\"><strong>Norm<\/strong><\/th>\n<\/tr>\n<tr>\n<td>Naatriumkloriid (NaCl)<\/td>\n<td>5,5 %<\/td>\n<\/tr>\n<tr>\n<td>Kaltsiumkloriid (CaCl<sub>2<\/sub>)<\/td>\n<td>0,2 %<\/td>\n<\/tr>\n<tr>\n<td>Magneesiumkloriid (MgCl<sub>2<\/sub>)<\/td>\n<td>33,3 %<\/td>\n<\/tr>\n<tr>\n<td>Kaltsium + Magneesium (Ca+Mg)<\/td>\n<td>0,15 %<\/td>\n<\/tr>\n<tr>\n<td>Sulfaat (SO<sub>4<\/sub>)<\/td>\n<td>0,5 %<\/td>\n<\/tr>\n<tr>\n<td>Broom (Br)<\/td>\n<td>0,7%<\/td>\n<\/tr>\n<tr>\n<td>Niiskusesisaldus<\/td>\n<td>36,4 %<\/td>\n<\/tr>\n<tr>\n<td>Granulomeetria:<\/td>\n<td>&lt; 1.7 mm<\/td>\n<td>90%<\/td>\n<\/tr>\n<tr>\n<td><\/td>\n<td>1.7 mm<\/td>\n<td>10%<\/td>\n<\/tr>\n<\/tbody>\n<\/table>\n<p>&nbsp;<\/p>\n","protected":false},"excerpt":{"rendered":"<p>Surnumerevesi sisaldab 29% soola, samas kui ookeanide vees on seda 4%, ja seet\u00f5ttu on Surnumere vesi oluliselt tihedam, v\u00f5imaldades iga\u00fchel vee suurema tiheduse t\u00f5ttu h\u00f5lpsasti selle pinnal ujuda. Ka vee  <\/p>\n","protected":false},"featured_media":22358,"template":"","meta":{"om_disable_all_campaigns":false,"_monsterinsights_skip_tracking":false,"_monsterinsights_sitenote_active":false,"_monsterinsights_sitenote_note":"","_monsterinsights_sitenote_category":0},"product_brand":[],"product_cat":[561,563],"product_tag":[],"class_list":{"0":"post-22116","1":"product","2":"type-product","3":"status-publish","4":"has-post-thumbnail","6":"product_cat-druska","7":"product_cat-druska-skirta-sveikatingumo-proceduroms","9":"first","10":"instock","11":"taxable","12":"shipping-taxable","13":"product-type-simple"},"yoast_head":"<!-- This site is optimized with the Yoast SEO plugin v24.6 - https:\/\/yoast.com\/wordpress\/plugins\/seo\/ -->\n<title>Negyvosios j\u016bros druska &#8211; Andrese Soolaladu<\/title>\n<meta name=\"robots\" content=\"index, follow, max-snippet:-1, max-image-preview:large, max-video-preview:-1\" \/>\n<link rel=\"canonical\" href=\"https:\/\/soolaladu.ee\/toode\/surnumere-sool\/\" \/>\n<meta property=\"og:locale\" content=\"lt_LT\" \/>\n<meta property=\"og:type\" content=\"article\" \/>\n<meta property=\"og:title\" content=\"Negyvosios j\u016bros druska &#8211; Andrese Soolaladu\" \/>\n<meta property=\"og:description\" content=\"Surnumerevesi sisaldab 29% soola, samas kui ookeanide vees on seda 4%, ja seet\u00f5ttu on Surnumere vesi oluliselt tihedam, v\u00f5imaldades iga\u00fchel vee suurema tiheduse t\u00f5ttu h\u00f5lpsasti selle pinnal ujuda. Ka vee\" \/>\n<meta property=\"og:url\" content=\"https:\/\/soolaladu.ee\/toode\/surnumere-sool\/\" \/>\n<meta property=\"og:site_name\" content=\"Andrese Soolaladu\" \/>\n<meta property=\"article:modified_time\" content=\"2021-03-22T09:05:39+00:00\" \/>\n<meta property=\"og:image\" content=\"https:\/\/soolaladu.ee\/wp-content\/uploads\/2022\/03\/Surnumeresool.jpg\" \/>\n\t<meta property=\"og:image:width\" content=\"468\" \/>\n\t<meta property=\"og:image:height\" content=\"466\" \/>\n\t<meta property=\"og:image:type\" content=\"image\/jpeg\" \/>\n<meta name=\"twitter:card\" content=\"summary_large_image\" \/>\n<meta name=\"twitter:label1\" content=\"Est. reading time\" \/>\n\t<meta name=\"twitter:data1\" content=\"2 minut\u0117s\" \/>\n<script type=\"application\/ld+json\" class=\"yoast-schema-graph\">{\"@context\":\"https:\/\/schema.org\",\"@graph\":[{\"@type\":\"WebPage\",\"@id\":\"https:\/\/soolaladu.ee\/toode\/surnumere-sool\/\",\"url\":\"https:\/\/soolaladu.ee\/toode\/surnumere-sool\/\",\"name\":\"Negyvosios j\u016bros druska &#8211; Andrese Soolaladu\",\"isPartOf\":{\"@id\":\"https:\/\/soolaladu.ee\/#website\"},\"primaryImageOfPage\":{\"@id\":\"https:\/\/soolaladu.ee\/toode\/surnumere-sool\/#primaryimage\"},\"image\":{\"@id\":\"https:\/\/soolaladu.ee\/toode\/surnumere-sool\/#primaryimage\"},\"thumbnailUrl\":\"https:\/\/soolaladu.ee\/wp-content\/uploads\/2022\/03\/Surnumeresool.jpg\",\"datePublished\":\"2020-07-01T07:24:18+00:00\",\"dateModified\":\"2021-03-22T09:05:39+00:00\",\"breadcrumb\":{\"@id\":\"https:\/\/soolaladu.ee\/toode\/surnumere-sool\/#breadcrumb\"},\"inLanguage\":\"lt-LT\",\"potentialAction\":[{\"@type\":\"ReadAction\",\"target\":[\"https:\/\/soolaladu.ee\/toode\/surnumere-sool\/\"]}]},{\"@type\":\"ImageObject\",\"inLanguage\":\"lt-LT\",\"@id\":\"https:\/\/soolaladu.ee\/toode\/surnumere-sool\/#primaryimage\",\"url\":\"https:\/\/soolaladu.ee\/wp-content\/uploads\/2022\/03\/Surnumeresool.jpg\",\"contentUrl\":\"https:\/\/soolaladu.ee\/wp-content\/uploads\/2022\/03\/Surnumeresool.jpg\",\"width\":468,\"height\":466},{\"@type\":\"BreadcrumbList\",\"@id\":\"https:\/\/soolaladu.ee\/toode\/surnumere-sool\/#breadcrumb\",\"itemListElement\":[{\"@type\":\"ListItem\",\"position\":1,\"name\":\"Pagrindinis\",\"item\":\"https:\/\/soolaladu.ee\/lt\/\"},{\"@type\":\"ListItem\",\"position\":2,\"name\":\"Tooted\",\"item\":\"https:\/\/soolaladu.ee\/tooted\/\"},{\"@type\":\"ListItem\",\"position\":3,\"name\":\"Negyvosios j\u016bros druska\"}]},{\"@type\":\"WebSite\",\"@id\":\"https:\/\/soolaladu.ee\/#website\",\"url\":\"https:\/\/soolaladu.ee\/\",\"name\":\"Andrese Soolaladu\",\"description\":\"Suurim soola tarnija Eestis ja Baltimaades\",\"publisher\":{\"@id\":\"https:\/\/soolaladu.ee\/#organization\"},\"potentialAction\":[{\"@type\":\"SearchAction\",\"target\":{\"@type\":\"EntryPoint\",\"urlTemplate\":\"https:\/\/soolaladu.ee\/?s={search_term_string}\"},\"query-input\":{\"@type\":\"PropertyValueSpecification\",\"valueRequired\":true,\"valueName\":\"search_term_string\"}}],\"inLanguage\":\"lt-LT\"},{\"@type\":\"Organization\",\"@id\":\"https:\/\/soolaladu.ee\/#organization\",\"name\":\"Andrese Soolaladu O\u00dc\",\"url\":\"https:\/\/soolaladu.ee\/\",\"logo\":{\"@type\":\"ImageObject\",\"inLanguage\":\"lt-LT\",\"@id\":\"https:\/\/soolaladu.ee\/#\/schema\/logo\/image\/\",\"url\":\"\",\"contentUrl\":\"\",\"caption\":\"Andrese Soolaladu O\u00dc\"},\"image\":{\"@id\":\"https:\/\/soolaladu.ee\/#\/schema\/logo\/image\/\"},\"sameAs\":[\"https:\/\/www.linkedin.com\/in\/andrei-kirejenkov-414930117\/?originalSubdomain=ee\",\"https:\/\/www.youtube.com\/watch?time_continue=68&amp;amp;v=XC3sMbgpKbk&amp;amp;feature=emb_title\"]}]}<\/script>\n<!-- \/ Yoast SEO plugin. -->","yoast_head_json":{"title":"Negyvosios j\u016bros druska &#8211; Andrese Soolaladu","robots":{"index":"index","follow":"follow","max-snippet":"max-snippet:-1","max-image-preview":"max-image-preview:large","max-video-preview":"max-video-preview:-1"},"canonical":"https:\/\/soolaladu.ee\/toode\/surnumere-sool\/","og_locale":"lt_LT","og_type":"article","og_title":"Negyvosios j\u016bros druska &#8211; Andrese Soolaladu","og_description":"Surnumerevesi sisaldab 29% soola, samas kui ookeanide vees on seda 4%, ja seet\u00f5ttu on Surnumere vesi oluliselt tihedam, v\u00f5imaldades iga\u00fchel vee suurema tiheduse t\u00f5ttu h\u00f5lpsasti selle pinnal ujuda. Ka vee","og_url":"https:\/\/soolaladu.ee\/toode\/surnumere-sool\/","og_site_name":"Andrese Soolaladu","article_modified_time":"2021-03-22T09:05:39+00:00","og_image":[{"width":468,"height":466,"url":"https:\/\/soolaladu.ee\/wp-content\/uploads\/2022\/03\/Surnumeresool.jpg","type":"image\/jpeg"}],"twitter_card":"summary_large_image","twitter_misc":{"Est. reading time":"2 minut\u0117s"},"schema":{"@context":"https:\/\/schema.org","@graph":[{"@type":"WebPage","@id":"https:\/\/soolaladu.ee\/toode\/surnumere-sool\/","url":"https:\/\/soolaladu.ee\/toode\/surnumere-sool\/","name":"Negyvosios j\u016bros druska &#8211; Andrese Soolaladu","isPartOf":{"@id":"https:\/\/soolaladu.ee\/#website"},"primaryImageOfPage":{"@id":"https:\/\/soolaladu.ee\/toode\/surnumere-sool\/#primaryimage"},"image":{"@id":"https:\/\/soolaladu.ee\/toode\/surnumere-sool\/#primaryimage"},"thumbnailUrl":"https:\/\/soolaladu.ee\/wp-content\/uploads\/2022\/03\/Surnumeresool.jpg","datePublished":"2020-07-01T07:24:18+00:00","dateModified":"2021-03-22T09:05:39+00:00","breadcrumb":{"@id":"https:\/\/soolaladu.ee\/toode\/surnumere-sool\/#breadcrumb"},"inLanguage":"lt-LT","potentialAction":[{"@type":"ReadAction","target":["https:\/\/soolaladu.ee\/toode\/surnumere-sool\/"]}]},{"@type":"ImageObject","inLanguage":"lt-LT","@id":"https:\/\/soolaladu.ee\/toode\/surnumere-sool\/#primaryimage","url":"https:\/\/soolaladu.ee\/wp-content\/uploads\/2022\/03\/Surnumeresool.jpg","contentUrl":"https:\/\/soolaladu.ee\/wp-content\/uploads\/2022\/03\/Surnumeresool.jpg","width":468,"height":466},{"@type":"BreadcrumbList","@id":"https:\/\/soolaladu.ee\/toode\/surnumere-sool\/#breadcrumb","itemListElement":[{"@type":"ListItem","position":1,"name":"Pagrindinis","item":"https:\/\/soolaladu.ee\/lt\/"},{"@type":"ListItem","position":2,"name":"Tooted","item":"https:\/\/soolaladu.ee\/tooted\/"},{"@type":"ListItem","position":3,"name":"Negyvosios j\u016bros druska"}]},{"@type":"WebSite","@id":"https:\/\/soolaladu.ee\/#website","url":"https:\/\/soolaladu.ee\/","name":"Andrese Soolaladu","description":"Suurim soola tarnija Eestis ja Baltimaades","publisher":{"@id":"https:\/\/soolaladu.ee\/#organization"},"potentialAction":[{"@type":"SearchAction","target":{"@type":"EntryPoint","urlTemplate":"https:\/\/soolaladu.ee\/?s={search_term_string}"},"query-input":{"@type":"PropertyValueSpecification","valueRequired":true,"valueName":"search_term_string"}}],"inLanguage":"lt-LT"},{"@type":"Organization","@id":"https:\/\/soolaladu.ee\/#organization","name":"Andrese Soolaladu O\u00dc","url":"https:\/\/soolaladu.ee\/","logo":{"@type":"ImageObject","inLanguage":"lt-LT","@id":"https:\/\/soolaladu.ee\/#\/schema\/logo\/image\/","url":"","contentUrl":"","caption":"Andrese Soolaladu O\u00dc"},"image":{"@id":"https:\/\/soolaladu.ee\/#\/schema\/logo\/image\/"},"sameAs":["https:\/\/www.linkedin.com\/in\/andrei-kirejenkov-414930117\/?originalSubdomain=ee","https:\/\/www.youtube.com\/watch?time_continue=68&amp;amp;v=XC3sMbgpKbk&amp;amp;feature=emb_title"]}]}},"_links":{"self":[{"href":"https:\/\/soolaladu.ee\/lt\/wp-json\/wp\/v2\/product\/22116","targetHints":{"allow":["GET"]}}],"collection":[{"href":"https:\/\/soolaladu.ee\/lt\/wp-json\/wp\/v2\/product"}],"about":[{"href":"https:\/\/soolaladu.ee\/lt\/wp-json\/wp\/v2\/types\/product"}],"wp:featuredmedia":[{"embeddable":true,"href":"https:\/\/soolaladu.ee\/lt\/wp-json\/wp\/v2\/media\/22358"}],"wp:attachment":[{"href":"https:\/\/soolaladu.ee\/lt\/wp-json\/wp\/v2\/media?parent=22116"}],"wp:term":[{"taxonomy":"product_brand","embeddable":true,"href":"https:\/\/soolaladu.ee\/lt\/wp-json\/wp\/v2\/product_brand?post=22116"},{"taxonomy":"product_cat","embeddable":true,"href":"https:\/\/soolaladu.ee\/lt\/wp-json\/wp\/v2\/product_cat?post=22116"},{"taxonomy":"product_tag","embeddable":true,"href":"https:\/\/soolaladu.ee\/lt\/wp-json\/wp\/v2\/product_tag?post=22116"}],"curies":[{"name":"wp","href":"https:\/\/api.w.org\/{rel}","templated":true}]}}