{"id":22097,"date":"2020-12-07T09:09:28","date_gmt":"2020-12-07T07:09:28","guid":{"rendered":"https:\/\/soolaladu.ee\/?post_type=product&#038;p=22097"},"modified":"2021-03-22T10:49:37","modified_gmt":"2021-03-22T08:49:37","slug":"magneesiumkloriid-mgcl%e2%82%82-x-6h%e2%82%82o","status":"publish","type":"product","link":"https:\/\/soolaladu.ee\/lt\/toode\/magneesiumkloriid-mgcl%e2%82%82-x-6h%e2%82%82o\/","title":{"rendered":"Magnio chloridas (MgCl\u2082 x 6H\u2082O)"},"content":{"rendered":"<p>Magneesiumkloriid on <a href=\"https:\/\/ru.wikipedia.org\/wiki\/%D0%91%D0%B8%D0%BD%D0%B0%D1%80%D0%BD%D0%BE%D0%B5_%D1%81%D0%BE%D0%B5%D0%B4%D0%B8%D0%BD%D0%B5%D0%BD%D0%B8%D0%B5\">binaarne<\/a>\u00a0<a href=\"https:\/\/ru.wikipedia.org\/wiki\/%D0%9D%D0%B5%D0%BE%D1%80%D0%B3%D0%B0%D0%BD%D0%B8%D1%87%D0%B5%D1%81%D0%BA%D0%BE%D0%B5_%D1%81%D0%BE%D0%B5%D0%B4%D0%B8%D0%BD%D0%B5%D0%BD%D0%B8%D0%B5\">anorgaaniline<\/a>\u00a0<a href=\"https:\/\/ru.wikipedia.org\/wiki\/%D0%A5%D0%B8%D0%BC%D0%B8%D1%87%D0%B5%D1%81%D0%BA%D0%BE%D0%B5_%D1%81%D0%BE%D0%B5%D0%B4%D0%B8%D0%BD%D0%B5%D0%BD%D0%B8%D0%B5\">magneesiumi\u00fchend<\/a>\u00a0<a href=\"https:\/\/ru.wikipedia.org\/wiki\/%D0%9C%D0%B0%D0%B3%D0%BD%D0%B8%D0%B9\">klooriga<\/a>, vesinikkloriidhappe <a href=\"https:\/\/ru.wikipedia.org\/wiki\/%D0%A1%D0%BE%D0%BB%D1%8F%D0%BD%D0%B0%D1%8F_%D0%BA%D0%B8%D1%81%D0%BB%D0%BE%D1%82%D0%B0\">magneesiumisool<\/a>. Lahustub <a href=\"https:\/\/ru.wikipedia.org\/wiki\/%D0%92%D0%BE%D0%B4%D0%B0\">vees<\/a>,\u00a0<a href=\"https:\/\/ru.wikipedia.org\/wiki\/%D0%AD%D1%82%D0%B0%D0%BD%D0%BE%D0%BB\">etanoolis<\/a>. Looduses esineb <a href=\"https:\/\/ru.wikipedia.org\/wiki\/%D0%91%D0%B8%D1%88%D0%BE%D1%84%D0%B8%D1%82\">bi\u0161ofiti<\/a> mineraali kujul.<\/p>\n<p>Keemiline valem MgCl<sub>2 <\/sub>\u0445 6H<sub>2<\/sub>O.<\/p>\n<hr \/>\n<p><strong>Kasutamine:<\/strong><\/p>\n<p>Meie pakutav j\u00e4\u00e4t\u00f5rjevahend magneesiumkloriidheksah\u00fcdraat (bi\u0161ofit) on t\u00f5hus \u00f5rnatoimeline j\u00e4\u00e4tumisvastane reagent, mida saab kasutada v\u00e4ga laias miinuskraadide vahemikus. See on \u00f6konoomne ja sobib suurep\u00e4raselt kiireks lumekoristuseks ning j\u00e4\u00e4kooriku v\u00f5i lume eemaldamiseks treppidelt ning k\u00f5nni- ja maanteedelt. Bi\u0161ofitil on teiste j\u00e4\u00e4tumisvastaste ainetega v\u00f5rreldes mitmeid olulisi eeliseid:<\/p>\n<p>&#8211; Toimib temperatuuril kuni -35 \u00b0C. \u00dckski teine j\u00e4\u00e4tumisvastane aine ei toimi nii madalal temperatuuril.<\/p>\n<p>&#8211; Asfaldi pooridesse sattudes see ei k\u00fclmu ega murra asfaltkatet. Bi\u0161ofitiga t\u00f6\u00f6deldud teed ei lagune talvisel ajal peaaegu \u00fcldse.<\/p>\n<p>&#8211; Loodusliku mineraalina on see taimedele t\u00e4iesti kahjutu ja hoopis v\u00e4etab neid.<\/p>\n<p>&#8211; Tungib kiiresti s\u00fcgavale j\u00e4\u00e4kihti ja eemaldab selle asfaldi pinnalt.<\/p>\n<p>&#8211; Ei m\u00e4\u00e4ri jalatseid, ei j\u00e4ta asfaldile ega sillutusplaatidele j\u00e4lgi.<\/p>\n<p>&#8211; Ei riku betoonpindu.<\/p>\n<p>&#8211; V\u00e4iksed tarbimism\u00e4\u00e4rad v\u00e4hendavad kloriidide \u00f6koloogilist koormust v\u00e4liskeskkonnale.<\/p>\n<p>&#8211; Mittetoksiline inimestele ja loomadele.<\/p>\n<p>Suvel kasutatakse seda t\u00f5husa vahendina tolmu ohjamiseks teedel. Erinevalt enamikust tolmuvastastest materjalidest imab bi\u0161ofit \u00f5hust niiskust, mis aitab s\u00e4ilitada teeosakestes optimaalset niiskustaset. Selline niiskuseimavus on tolmu mahasurumisel t\u00f5husam kui vesi ning t\u00f5stab tee tolmu kinnihoidmise v\u00f5imet, suurendamata sealjuures kulusid.<\/p>\n<hr \/>\n<p style=\"text-align: left;\"><strong>Pakend: \u00a0\u00a0\u00a0\u00a0\u00a0\u00a0\u00a0\u00a0\u00a0\u00a0\u00a0\u00a0\u00a0\u00a0\u00a0 <\/strong><\/p>\n<p>&#8211; pol\u00fcprop\u00fcleenist kotid, 25 kg<\/p>\n<p>&#8211; pol\u00fcprop\u00fcleenist kotid, 1000 kg (big bag)<\/p>\n<hr \/>\n<p>&nbsp;<\/p>\n<table style=\"width: 775px; height: 115px;\">\n<tbody>\n<tr>\n<th>\n<p style=\"text-align: left;\"><strong>Peamised keemilised n\u00e4itajad:<\/strong><\/p>\n<\/th>\n<th style=\"text-align: left;\"><strong>Norm<\/strong><\/th>\n<\/tr>\n<tr>\n<td>Magneesiumioonide sisaldus (Mg2+) v\u00e4ljendatuna MgCl<sub>2<\/sub> x 6H<sub>2<\/sub>O, min<\/td>\n<td>97%<\/td>\n<\/tr>\n<tr>\n<td>Magneesiumioonide sisaldus (Mg2+), min<\/td>\n<td>11,8%<\/td>\n<\/tr>\n<tr>\n<td>Kaltsiumkloriidi sisaldus kaltsiumoksiidi (CaO) kujul, max<\/td>\n<td>0,1%<\/td>\n<\/tr>\n<tr>\n<td>Sulfaatide sisaldus sulfaatioonides, max<\/td>\n<td>0,1%<\/td>\n<\/tr>\n<tr>\n<td>Leelismetalli ioonide sisaldus (Na++ K+), max<\/td>\n<td>0,2%<\/td>\n<\/tr>\n<tr>\n<td>Vees lahustumatu j\u00e4\u00e4k, max<\/td>\n<td>0,05%<\/td>\n<\/tr>\n<tr>\n<td>Granulomeetria:<\/td>\n<td>0,8 \u2013 1,0 mm\u00a0\u00a0\u00a0\u00a0\u00a0\u00a0\u00a0 98%<\/td>\n<\/tr>\n<\/tbody>\n<\/table>\n<p>&nbsp;<\/p>\n","protected":false},"excerpt":{"rendered":"<p>Magneesiumkloriid on binaarne\u00a0anorgaaniline\u00a0magneesiumi\u00fchend\u00a0klooriga, vesinikkloriidhappe magneesiumisool. Lahustub vees,\u00a0etanoolis. Looduses esineb bi\u0161ofiti mineraali kujul. Keemiline valem MgCl2 \u0445 6H2O. Kasutamine: Meie pakutav j\u00e4\u00e4t\u00f5rjevahend magneesiumkloriidheksah\u00fcdraat (bi\u0161ofit) on t\u00f5hus \u00f5rnatoimeline j\u00e4\u00e4tumisvastane reagent, mida saab  <\/p>\n","protected":false},"featured_media":22098,"template":"","meta":{"om_disable_all_campaigns":false,"_monsterinsights_skip_tracking":false,"_monsterinsights_sitenote_active":false,"_monsterinsights_sitenote_note":"","_monsterinsights_sitenote_category":0},"product_brand":[],"product_cat":[561,568],"product_tag":[],"class_list":{"0":"post-22097","1":"product","2":"type-product","3":"status-publish","4":"has-post-thumbnail","6":"product_cat-druska","7":"product_cat-druska-kelininkams","9":"first","10":"instock","11":"taxable","12":"shipping-taxable","13":"product-type-simple"},"yoast_head":"<!-- This site is optimized with the Yoast SEO plugin v24.6 - https:\/\/yoast.com\/wordpress\/plugins\/seo\/ -->\n<title>Magnio chloridas (MgCl\u2082 x 6H\u2082O) &#8211; Andrese Soolaladu<\/title>\n<meta name=\"robots\" content=\"index, follow, max-snippet:-1, max-image-preview:large, max-video-preview:-1\" \/>\n<link rel=\"canonical\" href=\"https:\/\/soolaladu.ee\/toode\/magneesiumkloriid\/\" \/>\n<meta property=\"og:locale\" content=\"lt_LT\" \/>\n<meta property=\"og:type\" content=\"article\" \/>\n<meta property=\"og:title\" content=\"Magnio chloridas (MgCl\u2082 x 6H\u2082O) &#8211; Andrese Soolaladu\" \/>\n<meta property=\"og:description\" content=\"Magneesiumkloriid on binaarne\u00a0anorgaaniline\u00a0magneesiumi\u00fchend\u00a0klooriga, vesinikkloriidhappe magneesiumisool. Lahustub vees,\u00a0etanoolis. Looduses esineb bi\u0161ofiti mineraali kujul. Keemiline valem MgCl2 \u0445 6H2O. Kasutamine: Meie pakutav j\u00e4\u00e4t\u00f5rjevahend magneesiumkloriidheksah\u00fcdraat (bi\u0161ofit) on t\u00f5hus \u00f5rnatoimeline j\u00e4\u00e4tumisvastane reagent, mida saab\" \/>\n<meta property=\"og:url\" content=\"https:\/\/soolaladu.ee\/toode\/magneesiumkloriid\/\" \/>\n<meta property=\"og:site_name\" content=\"Andrese Soolaladu\" \/>\n<meta property=\"article:modified_time\" content=\"2021-03-22T08:49:37+00:00\" \/>\n<meta property=\"og:image\" content=\"https:\/\/soolaladu.ee\/wp-content\/uploads\/2020\/12\/FOTO-MgCl-balts-maiss-25kg-PP-bag-granul.jpg\" \/>\n\t<meta property=\"og:image:width\" content=\"768\" \/>\n\t<meta property=\"og:image:height\" content=\"1024\" \/>\n\t<meta property=\"og:image:type\" content=\"image\/jpeg\" \/>\n<meta name=\"twitter:card\" content=\"summary_large_image\" \/>\n<meta name=\"twitter:label1\" content=\"Est. reading time\" \/>\n\t<meta name=\"twitter:data1\" content=\"2 minut\u0117s\" \/>\n<script type=\"application\/ld+json\" class=\"yoast-schema-graph\">{\"@context\":\"https:\/\/schema.org\",\"@graph\":[{\"@type\":\"WebPage\",\"@id\":\"https:\/\/soolaladu.ee\/toode\/magneesiumkloriid\/\",\"url\":\"https:\/\/soolaladu.ee\/toode\/magneesiumkloriid\/\",\"name\":\"Magnio chloridas (MgCl\u2082 x 6H\u2082O) &#8211; Andrese Soolaladu\",\"isPartOf\":{\"@id\":\"https:\/\/soolaladu.ee\/#website\"},\"primaryImageOfPage\":{\"@id\":\"https:\/\/soolaladu.ee\/toode\/magneesiumkloriid\/#primaryimage\"},\"image\":{\"@id\":\"https:\/\/soolaladu.ee\/toode\/magneesiumkloriid\/#primaryimage\"},\"thumbnailUrl\":\"https:\/\/soolaladu.ee\/wp-content\/uploads\/2020\/12\/FOTO-MgCl-balts-maiss-25kg-PP-bag-granul.jpg\",\"datePublished\":\"2020-12-07T07:09:28+00:00\",\"dateModified\":\"2021-03-22T08:49:37+00:00\",\"breadcrumb\":{\"@id\":\"https:\/\/soolaladu.ee\/toode\/magneesiumkloriid\/#breadcrumb\"},\"inLanguage\":\"lt-LT\",\"potentialAction\":[{\"@type\":\"ReadAction\",\"target\":[\"https:\/\/soolaladu.ee\/toode\/magneesiumkloriid\/\"]}]},{\"@type\":\"ImageObject\",\"inLanguage\":\"lt-LT\",\"@id\":\"https:\/\/soolaladu.ee\/toode\/magneesiumkloriid\/#primaryimage\",\"url\":\"https:\/\/soolaladu.ee\/wp-content\/uploads\/2020\/12\/FOTO-MgCl-balts-maiss-25kg-PP-bag-granul.jpg\",\"contentUrl\":\"https:\/\/soolaladu.ee\/wp-content\/uploads\/2020\/12\/FOTO-MgCl-balts-maiss-25kg-PP-bag-granul.jpg\",\"width\":768,\"height\":1024},{\"@type\":\"BreadcrumbList\",\"@id\":\"https:\/\/soolaladu.ee\/toode\/magneesiumkloriid\/#breadcrumb\",\"itemListElement\":[{\"@type\":\"ListItem\",\"position\":1,\"name\":\"Pagrindinis\",\"item\":\"https:\/\/soolaladu.ee\/lt\/\"},{\"@type\":\"ListItem\",\"position\":2,\"name\":\"Tooted\",\"item\":\"https:\/\/soolaladu.ee\/tooted\/\"},{\"@type\":\"ListItem\",\"position\":3,\"name\":\"Magnio chloridas (MgCl\u2082 x 6H\u2082O)\"}]},{\"@type\":\"WebSite\",\"@id\":\"https:\/\/soolaladu.ee\/#website\",\"url\":\"https:\/\/soolaladu.ee\/\",\"name\":\"Andrese Soolaladu\",\"description\":\"Suurim soola tarnija Eestis ja Baltimaades\",\"publisher\":{\"@id\":\"https:\/\/soolaladu.ee\/#organization\"},\"potentialAction\":[{\"@type\":\"SearchAction\",\"target\":{\"@type\":\"EntryPoint\",\"urlTemplate\":\"https:\/\/soolaladu.ee\/?s={search_term_string}\"},\"query-input\":{\"@type\":\"PropertyValueSpecification\",\"valueRequired\":true,\"valueName\":\"search_term_string\"}}],\"inLanguage\":\"lt-LT\"},{\"@type\":\"Organization\",\"@id\":\"https:\/\/soolaladu.ee\/#organization\",\"name\":\"Andrese Soolaladu O\u00dc\",\"url\":\"https:\/\/soolaladu.ee\/\",\"logo\":{\"@type\":\"ImageObject\",\"inLanguage\":\"lt-LT\",\"@id\":\"https:\/\/soolaladu.ee\/#\/schema\/logo\/image\/\",\"url\":\"\",\"contentUrl\":\"\",\"caption\":\"Andrese Soolaladu O\u00dc\"},\"image\":{\"@id\":\"https:\/\/soolaladu.ee\/#\/schema\/logo\/image\/\"},\"sameAs\":[\"https:\/\/www.linkedin.com\/in\/andrei-kirejenkov-414930117\/?originalSubdomain=ee\",\"https:\/\/www.youtube.com\/watch?time_continue=68&amp;amp;v=XC3sMbgpKbk&amp;amp;feature=emb_title\"]}]}<\/script>\n<!-- \/ Yoast SEO plugin. -->","yoast_head_json":{"title":"Magnio chloridas (MgCl\u2082 x 6H\u2082O) &#8211; Andrese Soolaladu","robots":{"index":"index","follow":"follow","max-snippet":"max-snippet:-1","max-image-preview":"max-image-preview:large","max-video-preview":"max-video-preview:-1"},"canonical":"https:\/\/soolaladu.ee\/toode\/magneesiumkloriid\/","og_locale":"lt_LT","og_type":"article","og_title":"Magnio chloridas (MgCl\u2082 x 6H\u2082O) &#8211; Andrese Soolaladu","og_description":"Magneesiumkloriid on binaarne\u00a0anorgaaniline\u00a0magneesiumi\u00fchend\u00a0klooriga, vesinikkloriidhappe magneesiumisool. Lahustub vees,\u00a0etanoolis. Looduses esineb bi\u0161ofiti mineraali kujul. Keemiline valem MgCl2 \u0445 6H2O. Kasutamine: Meie pakutav j\u00e4\u00e4t\u00f5rjevahend magneesiumkloriidheksah\u00fcdraat (bi\u0161ofit) on t\u00f5hus \u00f5rnatoimeline j\u00e4\u00e4tumisvastane reagent, mida saab","og_url":"https:\/\/soolaladu.ee\/toode\/magneesiumkloriid\/","og_site_name":"Andrese Soolaladu","article_modified_time":"2021-03-22T08:49:37+00:00","og_image":[{"width":768,"height":1024,"url":"https:\/\/soolaladu.ee\/wp-content\/uploads\/2020\/12\/FOTO-MgCl-balts-maiss-25kg-PP-bag-granul.jpg","type":"image\/jpeg"}],"twitter_card":"summary_large_image","twitter_misc":{"Est. reading time":"2 minut\u0117s"},"schema":{"@context":"https:\/\/schema.org","@graph":[{"@type":"WebPage","@id":"https:\/\/soolaladu.ee\/toode\/magneesiumkloriid\/","url":"https:\/\/soolaladu.ee\/toode\/magneesiumkloriid\/","name":"Magnio chloridas (MgCl\u2082 x 6H\u2082O) &#8211; Andrese Soolaladu","isPartOf":{"@id":"https:\/\/soolaladu.ee\/#website"},"primaryImageOfPage":{"@id":"https:\/\/soolaladu.ee\/toode\/magneesiumkloriid\/#primaryimage"},"image":{"@id":"https:\/\/soolaladu.ee\/toode\/magneesiumkloriid\/#primaryimage"},"thumbnailUrl":"https:\/\/soolaladu.ee\/wp-content\/uploads\/2020\/12\/FOTO-MgCl-balts-maiss-25kg-PP-bag-granul.jpg","datePublished":"2020-12-07T07:09:28+00:00","dateModified":"2021-03-22T08:49:37+00:00","breadcrumb":{"@id":"https:\/\/soolaladu.ee\/toode\/magneesiumkloriid\/#breadcrumb"},"inLanguage":"lt-LT","potentialAction":[{"@type":"ReadAction","target":["https:\/\/soolaladu.ee\/toode\/magneesiumkloriid\/"]}]},{"@type":"ImageObject","inLanguage":"lt-LT","@id":"https:\/\/soolaladu.ee\/toode\/magneesiumkloriid\/#primaryimage","url":"https:\/\/soolaladu.ee\/wp-content\/uploads\/2020\/12\/FOTO-MgCl-balts-maiss-25kg-PP-bag-granul.jpg","contentUrl":"https:\/\/soolaladu.ee\/wp-content\/uploads\/2020\/12\/FOTO-MgCl-balts-maiss-25kg-PP-bag-granul.jpg","width":768,"height":1024},{"@type":"BreadcrumbList","@id":"https:\/\/soolaladu.ee\/toode\/magneesiumkloriid\/#breadcrumb","itemListElement":[{"@type":"ListItem","position":1,"name":"Pagrindinis","item":"https:\/\/soolaladu.ee\/lt\/"},{"@type":"ListItem","position":2,"name":"Tooted","item":"https:\/\/soolaladu.ee\/tooted\/"},{"@type":"ListItem","position":3,"name":"Magnio chloridas (MgCl\u2082 x 6H\u2082O)"}]},{"@type":"WebSite","@id":"https:\/\/soolaladu.ee\/#website","url":"https:\/\/soolaladu.ee\/","name":"Andrese Soolaladu","description":"Suurim soola tarnija Eestis ja Baltimaades","publisher":{"@id":"https:\/\/soolaladu.ee\/#organization"},"potentialAction":[{"@type":"SearchAction","target":{"@type":"EntryPoint","urlTemplate":"https:\/\/soolaladu.ee\/?s={search_term_string}"},"query-input":{"@type":"PropertyValueSpecification","valueRequired":true,"valueName":"search_term_string"}}],"inLanguage":"lt-LT"},{"@type":"Organization","@id":"https:\/\/soolaladu.ee\/#organization","name":"Andrese Soolaladu O\u00dc","url":"https:\/\/soolaladu.ee\/","logo":{"@type":"ImageObject","inLanguage":"lt-LT","@id":"https:\/\/soolaladu.ee\/#\/schema\/logo\/image\/","url":"","contentUrl":"","caption":"Andrese Soolaladu O\u00dc"},"image":{"@id":"https:\/\/soolaladu.ee\/#\/schema\/logo\/image\/"},"sameAs":["https:\/\/www.linkedin.com\/in\/andrei-kirejenkov-414930117\/?originalSubdomain=ee","https:\/\/www.youtube.com\/watch?time_continue=68&amp;amp;v=XC3sMbgpKbk&amp;amp;feature=emb_title"]}]}},"_links":{"self":[{"href":"https:\/\/soolaladu.ee\/lt\/wp-json\/wp\/v2\/product\/22097","targetHints":{"allow":["GET"]}}],"collection":[{"href":"https:\/\/soolaladu.ee\/lt\/wp-json\/wp\/v2\/product"}],"about":[{"href":"https:\/\/soolaladu.ee\/lt\/wp-json\/wp\/v2\/types\/product"}],"wp:featuredmedia":[{"embeddable":true,"href":"https:\/\/soolaladu.ee\/lt\/wp-json\/wp\/v2\/media\/22098"}],"wp:attachment":[{"href":"https:\/\/soolaladu.ee\/lt\/wp-json\/wp\/v2\/media?parent=22097"}],"wp:term":[{"taxonomy":"product_brand","embeddable":true,"href":"https:\/\/soolaladu.ee\/lt\/wp-json\/wp\/v2\/product_brand?post=22097"},{"taxonomy":"product_cat","embeddable":true,"href":"https:\/\/soolaladu.ee\/lt\/wp-json\/wp\/v2\/product_cat?post=22097"},{"taxonomy":"product_tag","embeddable":true,"href":"https:\/\/soolaladu.ee\/lt\/wp-json\/wp\/v2\/product_tag?post=22097"}],"curies":[{"name":"wp","href":"https:\/\/api.w.org\/{rel}","templated":true}]}}