{"id":22094,"date":"2020-12-07T09:44:57","date_gmt":"2020-12-07T07:44:57","guid":{"rendered":"https:\/\/soolaladu.ee\/?post_type=product&#038;p=22094"},"modified":"2021-03-22T10:47:26","modified_gmt":"2021-03-22T08:47:26","slug":"epsomi-sool","status":"publish","type":"product","link":"https:\/\/soolaladu.ee\/lt\/toode\/epsomi-sool\/","title":{"rendered":"Epsomo druska"},"content":{"rendered":"<p>Ettev\u00f5tte K+S toodetud Epsomi sool (magneesiumsulfaatheptah\u00fcdraat) on kvaliteetne, suurep\u00e4raste omadustega efektiivne toode, mis on t\u00e4nu oma looduslikule p\u00e4ritolule ka keskkonnas\u00f5bralik.<\/p>\n<p><strong>Kirjeldus:<\/strong><\/p>\n<p>Ehkki Epsomi sool n\u00e4eb v\u00e4lja nagu tavaline lauasool, ei ole tegemist tavalise soolaga. Epsomi sool ehk magneesiumsulfaadi heptah\u00fcdraat (<a href=\"https:\/\/ru.wikipedia.org\/wiki\/%D0%9C%D0%B0%D0%B3%D0%BD%D0%B8%D0%B9\">Mg<\/a><a href=\"https:\/\/ru.wikipedia.org\/wiki\/%D0%A1%D0%B5%D1%80%D0%B0\">S<\/a><a href=\"https:\/\/ru.wikipedia.org\/wiki\/%D0%9A%D0%B8%D1%81%D0%BB%D0%BE%D1%80%D0%BE%D0%B4\">O<\/a><sub>4<\/sub>\u00b77<a href=\"https:\/\/ru.wikipedia.org\/wiki\/%D0%92%D0%BE%D0%B4%D0%B0\">H<sub>2<\/sub>O<\/a>) on rombikujuline v\u00e4rvusetu kristall (a = 1,187 nm, b = 1200 nm, c = 0,688 nm, z = 4); tihedus 1,68 g\/cm3; k\u00f5vadus Mohsi skaalal 2-2,5; vees kergesti lahustuv. Teised nimed on: Inglise sool, m\u00f5ru sool, magneesia, m\u00f5ru muld, epsomi sool. Seda nimetatakse ka m\u00f5ruks soolaks, kuna sool on m\u00f5ru maitsega, see on l\u00f5hnatu ning selle pH on nahale neutraalne.<\/p>\n<hr \/>\n<p><strong>Kasutamine:<\/strong><\/p>\n<p>Epsomi sool on magneesiumsulfaadi keemiline \u00fchend ja see koosneb magneesiumist, v\u00e4\u00e4vlist, veest ja hapnikust. Selline keemiliste elementide kombinatsioon avaldab soodsat m\u00f5ju s\u00fcdame-veresoonkonna ja n\u00e4rvis\u00fcsteemi toimimisele, parandab und ja m\u00e4lu, suurendab keskendumisv\u00f5imet, soodustab toitainete imendumist ja t\u00e4iendab organismi magneesiumivarusid.<\/p>\n<p>Epsomi soola lisamine vannivette aitab:<\/p>\n<p>&#8211; v\u00e4hendada stressi;<\/p>\n<p>&#8211; l\u00f5dvestada selga ja j\u00e4semeid ning leevendada valu;<\/p>\n<p>&#8211; taastada nahka;<\/p>\n<p>&#8211; v\u00f5idelda efektiivselt k\u00fclmetusega;<\/p>\n<p>&#8211; viia kehast v\u00e4lja toksiine.<\/p>\n<p>Epsomi soola kasutatakse meditsiinis, kosmetoloogias ja floating-teraapias.<\/p>\n<hr \/>\n<p style=\"text-align: left;\"><strong>Pakend: \u00a0\u00a0\u00a0\u00a0\u00a0\u00a0\u00a0\u00a0\u00a0\u00a0\u00a0\u00a0\u00a0\u00a0\u00a0 <\/strong><\/p>\n<p>&#8211; kilest kotid, 25 kg<\/p>\n<p>&#8211; pol\u00fcprop\u00fcleenist kotid, 1000 kg (big bag)<\/p>\n<hr \/>\n<p>&nbsp;<\/p>\n<table style=\"width: 840px; height: 365px;\">\n<tbody>\n<tr>\n<th>\n<p style=\"text-align: left;\"><strong>Peamised keemilised n\u00e4itajad:<\/strong><\/p>\n<\/th>\n<th style=\"text-align: left;\"><strong>Norm<\/strong><\/th>\n<\/tr>\n<tr>\n<td>Magneesiumsulfaat (MgSO4)<\/td>\n<td>49,2%<\/td>\n<\/tr>\n<tr>\n<td>Niiskusesisaldus (H2O)<\/td>\n<td>50,7%<\/td>\n<\/tr>\n<tr>\n<td>Naatrium (Na)<\/td>\n<td>35 mg\/kg<\/td>\n<\/tr>\n<tr>\n<td>Kaalium (K)<\/td>\n<td>700 mg\/kg<\/td>\n<\/tr>\n<tr>\n<td>Kaltsium (Ca)<\/td>\n<td>10 mg\/kg<\/td>\n<\/tr>\n<tr>\n<td>Kloor (Cl)<\/td>\n<td>60 mg\/kg<\/td>\n<\/tr>\n<tr>\n<td>Granulomeetria:<\/td>\n<td>&lt; 1.0 mm<\/td>\n<td>70%<\/td>\n<\/tr>\n<tr>\n<td><\/td>\n<td>0,75 mm<\/td>\n<td>50%<\/td>\n<\/tr>\n<\/tbody>\n<\/table>\n<p>Lisainformatsiooni leiab tootja kodulehel: <a href=\"https:\/\/www.kpluss.com\/en-us\/our-business-products\/industry\/industrial-products\/epsom-salt-pure-technical\/\">https:\/\/www.kpluss.com\/en-us\/our-business-products\/industry\/industrial-products\/epsom-salt-pure-technical\/<\/a><\/p>\n","protected":false},"excerpt":{"rendered":"<p>Ettev\u00f5tte K+S toodetud Epsomi sool (magneesiumsulfaatheptah\u00fcdraat) on kvaliteetne, suurep\u00e4raste omadustega efektiivne toode, mis on t\u00e4nu oma looduslikule p\u00e4ritolule ka keskkonnas\u00f5bralik. Kirjeldus: Ehkki Epsomi sool n\u00e4eb v\u00e4lja nagu tavaline lauasool, ei  <\/p>\n","protected":false},"featured_media":22096,"template":"","meta":{"om_disable_all_campaigns":false,"_monsterinsights_skip_tracking":false,"_monsterinsights_sitenote_active":false,"_monsterinsights_sitenote_note":"","_monsterinsights_sitenote_category":0},"product_brand":[],"product_cat":[561,563],"product_tag":[],"class_list":{"0":"post-22094","1":"product","2":"type-product","3":"status-publish","4":"has-post-thumbnail","6":"product_cat-druska","7":"product_cat-druska-skirta-sveikatingumo-proceduroms","9":"first","10":"instock","11":"taxable","12":"shipping-taxable","13":"product-type-simple"},"yoast_head":"<!-- This site is optimized with the Yoast SEO plugin v24.6 - https:\/\/yoast.com\/wordpress\/plugins\/seo\/ -->\n<title>Epsomo druska &#8211; Andrese Soolaladu<\/title>\n<meta name=\"robots\" content=\"index, follow, max-snippet:-1, max-image-preview:large, max-video-preview:-1\" \/>\n<link rel=\"canonical\" href=\"https:\/\/soolaladu.ee\/toode\/epsomi-sool\/\" \/>\n<meta property=\"og:locale\" content=\"lt_LT\" \/>\n<meta property=\"og:type\" content=\"article\" \/>\n<meta property=\"og:title\" content=\"Epsomo druska &#8211; Andrese Soolaladu\" \/>\n<meta property=\"og:description\" content=\"Ettev\u00f5tte K+S toodetud Epsomi sool (magneesiumsulfaatheptah\u00fcdraat) on kvaliteetne, suurep\u00e4raste omadustega efektiivne toode, mis on t\u00e4nu oma looduslikule p\u00e4ritolule ka keskkonnas\u00f5bralik. Kirjeldus: Ehkki Epsomi sool n\u00e4eb v\u00e4lja nagu tavaline lauasool, ei\" \/>\n<meta property=\"og:url\" content=\"https:\/\/soolaladu.ee\/toode\/epsomi-sool\/\" \/>\n<meta property=\"og:site_name\" content=\"Andrese Soolaladu\" \/>\n<meta property=\"article:modified_time\" content=\"2021-03-22T08:47:26+00:00\" \/>\n<meta property=\"og:image\" content=\"https:\/\/soolaladu.ee\/wp-content\/uploads\/2021\/03\/Epsom-salt-KS.jpg\" \/>\n\t<meta property=\"og:image:width\" content=\"400\" \/>\n\t<meta property=\"og:image:height\" content=\"400\" \/>\n\t<meta property=\"og:image:type\" content=\"image\/jpeg\" \/>\n<meta name=\"twitter:card\" content=\"summary_large_image\" \/>\n<meta name=\"twitter:label1\" content=\"Est. reading time\" \/>\n\t<meta name=\"twitter:data1\" content=\"1 minut\u0117\" \/>\n<script type=\"application\/ld+json\" class=\"yoast-schema-graph\">{\"@context\":\"https:\/\/schema.org\",\"@graph\":[{\"@type\":\"WebPage\",\"@id\":\"https:\/\/soolaladu.ee\/toode\/epsomi-sool\/\",\"url\":\"https:\/\/soolaladu.ee\/toode\/epsomi-sool\/\",\"name\":\"Epsomo druska &#8211; Andrese Soolaladu\",\"isPartOf\":{\"@id\":\"https:\/\/soolaladu.ee\/#website\"},\"primaryImageOfPage\":{\"@id\":\"https:\/\/soolaladu.ee\/toode\/epsomi-sool\/#primaryimage\"},\"image\":{\"@id\":\"https:\/\/soolaladu.ee\/toode\/epsomi-sool\/#primaryimage\"},\"thumbnailUrl\":\"https:\/\/soolaladu.ee\/wp-content\/uploads\/2021\/03\/Epsom-salt-KS.jpg\",\"datePublished\":\"2020-12-07T07:44:57+00:00\",\"dateModified\":\"2021-03-22T08:47:26+00:00\",\"breadcrumb\":{\"@id\":\"https:\/\/soolaladu.ee\/toode\/epsomi-sool\/#breadcrumb\"},\"inLanguage\":\"lt-LT\",\"potentialAction\":[{\"@type\":\"ReadAction\",\"target\":[\"https:\/\/soolaladu.ee\/toode\/epsomi-sool\/\"]}]},{\"@type\":\"ImageObject\",\"inLanguage\":\"lt-LT\",\"@id\":\"https:\/\/soolaladu.ee\/toode\/epsomi-sool\/#primaryimage\",\"url\":\"https:\/\/soolaladu.ee\/wp-content\/uploads\/2021\/03\/Epsom-salt-KS.jpg\",\"contentUrl\":\"https:\/\/soolaladu.ee\/wp-content\/uploads\/2021\/03\/Epsom-salt-KS.jpg\",\"width\":400,\"height\":400},{\"@type\":\"BreadcrumbList\",\"@id\":\"https:\/\/soolaladu.ee\/toode\/epsomi-sool\/#breadcrumb\",\"itemListElement\":[{\"@type\":\"ListItem\",\"position\":1,\"name\":\"Pagrindinis\",\"item\":\"https:\/\/soolaladu.ee\/lt\/\"},{\"@type\":\"ListItem\",\"position\":2,\"name\":\"Tooted\",\"item\":\"https:\/\/soolaladu.ee\/tooted\/\"},{\"@type\":\"ListItem\",\"position\":3,\"name\":\"Epsomo druska\"}]},{\"@type\":\"WebSite\",\"@id\":\"https:\/\/soolaladu.ee\/#website\",\"url\":\"https:\/\/soolaladu.ee\/\",\"name\":\"Andrese Soolaladu\",\"description\":\"Suurim soola tarnija Eestis ja Baltimaades\",\"publisher\":{\"@id\":\"https:\/\/soolaladu.ee\/#organization\"},\"potentialAction\":[{\"@type\":\"SearchAction\",\"target\":{\"@type\":\"EntryPoint\",\"urlTemplate\":\"https:\/\/soolaladu.ee\/?s={search_term_string}\"},\"query-input\":{\"@type\":\"PropertyValueSpecification\",\"valueRequired\":true,\"valueName\":\"search_term_string\"}}],\"inLanguage\":\"lt-LT\"},{\"@type\":\"Organization\",\"@id\":\"https:\/\/soolaladu.ee\/#organization\",\"name\":\"Andrese Soolaladu O\u00dc\",\"url\":\"https:\/\/soolaladu.ee\/\",\"logo\":{\"@type\":\"ImageObject\",\"inLanguage\":\"lt-LT\",\"@id\":\"https:\/\/soolaladu.ee\/#\/schema\/logo\/image\/\",\"url\":\"\",\"contentUrl\":\"\",\"caption\":\"Andrese Soolaladu O\u00dc\"},\"image\":{\"@id\":\"https:\/\/soolaladu.ee\/#\/schema\/logo\/image\/\"},\"sameAs\":[\"https:\/\/www.linkedin.com\/in\/andrei-kirejenkov-414930117\/?originalSubdomain=ee\",\"https:\/\/www.youtube.com\/watch?time_continue=68&amp;amp;v=XC3sMbgpKbk&amp;amp;feature=emb_title\"]}]}<\/script>\n<!-- \/ Yoast SEO plugin. -->","yoast_head_json":{"title":"Epsomo druska &#8211; Andrese Soolaladu","robots":{"index":"index","follow":"follow","max-snippet":"max-snippet:-1","max-image-preview":"max-image-preview:large","max-video-preview":"max-video-preview:-1"},"canonical":"https:\/\/soolaladu.ee\/toode\/epsomi-sool\/","og_locale":"lt_LT","og_type":"article","og_title":"Epsomo druska &#8211; Andrese Soolaladu","og_description":"Ettev\u00f5tte K+S toodetud Epsomi sool (magneesiumsulfaatheptah\u00fcdraat) on kvaliteetne, suurep\u00e4raste omadustega efektiivne toode, mis on t\u00e4nu oma looduslikule p\u00e4ritolule ka keskkonnas\u00f5bralik. Kirjeldus: Ehkki Epsomi sool n\u00e4eb v\u00e4lja nagu tavaline lauasool, ei","og_url":"https:\/\/soolaladu.ee\/toode\/epsomi-sool\/","og_site_name":"Andrese Soolaladu","article_modified_time":"2021-03-22T08:47:26+00:00","og_image":[{"width":400,"height":400,"url":"https:\/\/soolaladu.ee\/wp-content\/uploads\/2021\/03\/Epsom-salt-KS.jpg","type":"image\/jpeg"}],"twitter_card":"summary_large_image","twitter_misc":{"Est. reading time":"1 minut\u0117"},"schema":{"@context":"https:\/\/schema.org","@graph":[{"@type":"WebPage","@id":"https:\/\/soolaladu.ee\/toode\/epsomi-sool\/","url":"https:\/\/soolaladu.ee\/toode\/epsomi-sool\/","name":"Epsomo druska &#8211; Andrese Soolaladu","isPartOf":{"@id":"https:\/\/soolaladu.ee\/#website"},"primaryImageOfPage":{"@id":"https:\/\/soolaladu.ee\/toode\/epsomi-sool\/#primaryimage"},"image":{"@id":"https:\/\/soolaladu.ee\/toode\/epsomi-sool\/#primaryimage"},"thumbnailUrl":"https:\/\/soolaladu.ee\/wp-content\/uploads\/2021\/03\/Epsom-salt-KS.jpg","datePublished":"2020-12-07T07:44:57+00:00","dateModified":"2021-03-22T08:47:26+00:00","breadcrumb":{"@id":"https:\/\/soolaladu.ee\/toode\/epsomi-sool\/#breadcrumb"},"inLanguage":"lt-LT","potentialAction":[{"@type":"ReadAction","target":["https:\/\/soolaladu.ee\/toode\/epsomi-sool\/"]}]},{"@type":"ImageObject","inLanguage":"lt-LT","@id":"https:\/\/soolaladu.ee\/toode\/epsomi-sool\/#primaryimage","url":"https:\/\/soolaladu.ee\/wp-content\/uploads\/2021\/03\/Epsom-salt-KS.jpg","contentUrl":"https:\/\/soolaladu.ee\/wp-content\/uploads\/2021\/03\/Epsom-salt-KS.jpg","width":400,"height":400},{"@type":"BreadcrumbList","@id":"https:\/\/soolaladu.ee\/toode\/epsomi-sool\/#breadcrumb","itemListElement":[{"@type":"ListItem","position":1,"name":"Pagrindinis","item":"https:\/\/soolaladu.ee\/lt\/"},{"@type":"ListItem","position":2,"name":"Tooted","item":"https:\/\/soolaladu.ee\/tooted\/"},{"@type":"ListItem","position":3,"name":"Epsomo druska"}]},{"@type":"WebSite","@id":"https:\/\/soolaladu.ee\/#website","url":"https:\/\/soolaladu.ee\/","name":"Andrese Soolaladu","description":"Suurim soola tarnija Eestis ja Baltimaades","publisher":{"@id":"https:\/\/soolaladu.ee\/#organization"},"potentialAction":[{"@type":"SearchAction","target":{"@type":"EntryPoint","urlTemplate":"https:\/\/soolaladu.ee\/?s={search_term_string}"},"query-input":{"@type":"PropertyValueSpecification","valueRequired":true,"valueName":"search_term_string"}}],"inLanguage":"lt-LT"},{"@type":"Organization","@id":"https:\/\/soolaladu.ee\/#organization","name":"Andrese Soolaladu O\u00dc","url":"https:\/\/soolaladu.ee\/","logo":{"@type":"ImageObject","inLanguage":"lt-LT","@id":"https:\/\/soolaladu.ee\/#\/schema\/logo\/image\/","url":"","contentUrl":"","caption":"Andrese Soolaladu O\u00dc"},"image":{"@id":"https:\/\/soolaladu.ee\/#\/schema\/logo\/image\/"},"sameAs":["https:\/\/www.linkedin.com\/in\/andrei-kirejenkov-414930117\/?originalSubdomain=ee","https:\/\/www.youtube.com\/watch?time_continue=68&amp;amp;v=XC3sMbgpKbk&amp;amp;feature=emb_title"]}]}},"_links":{"self":[{"href":"https:\/\/soolaladu.ee\/lt\/wp-json\/wp\/v2\/product\/22094","targetHints":{"allow":["GET"]}}],"collection":[{"href":"https:\/\/soolaladu.ee\/lt\/wp-json\/wp\/v2\/product"}],"about":[{"href":"https:\/\/soolaladu.ee\/lt\/wp-json\/wp\/v2\/types\/product"}],"wp:featuredmedia":[{"embeddable":true,"href":"https:\/\/soolaladu.ee\/lt\/wp-json\/wp\/v2\/media\/22096"}],"wp:attachment":[{"href":"https:\/\/soolaladu.ee\/lt\/wp-json\/wp\/v2\/media?parent=22094"}],"wp:term":[{"taxonomy":"product_brand","embeddable":true,"href":"https:\/\/soolaladu.ee\/lt\/wp-json\/wp\/v2\/product_brand?post=22094"},{"taxonomy":"product_cat","embeddable":true,"href":"https:\/\/soolaladu.ee\/lt\/wp-json\/wp\/v2\/product_cat?post=22094"},{"taxonomy":"product_tag","embeddable":true,"href":"https:\/\/soolaladu.ee\/lt\/wp-json\/wp\/v2\/product_tag?post=22094"}],"curies":[{"name":"wp","href":"https:\/\/api.w.org\/{rel}","templated":true}]}}