{"id":21956,"date":"2021-03-22T08:51:17","date_gmt":"2021-03-22T06:51:17","guid":{"rendered":"https:\/\/soolaladu.ee\/?page_id=21956"},"modified":"2024-07-23T08:07:51","modified_gmt":"2024-07-23T05:07:51","slug":"avaleht","status":"publish","type":"page","link":"https:\/\/soolaladu.ee\/lt\/","title":{"rendered":"Pagrindinis"},"content":{"rendered":"<p><div class=\"fusion-fullwidth fullwidth-box fusion-builder-row-1 nonhundred-percent-fullwidth non-hundred-percent-height-scrolling\" style=\"--awb-border-radius-top-left:0px;--awb-border-radius-top-right:0px;--awb-border-radius-bottom-right:0px;--awb-border-radius-bottom-left:0px;--awb-padding-top:30px;--awb-padding-bottom:50px;--awb-flex-wrap:wrap;\" ><div class=\"fusion-builder-row fusion-row\"><div class=\"fusion-layout-column fusion_builder_column fusion-builder-column-0 fusion_builder_column_1_3 1_3 fusion-one-third fusion-column-first\" style=\"--awb-bg-size:cover;width:33.333333333333%;width:calc(33.333333333333% - ( ( 4% + 4% ) * 0.33333333333333 ) );margin-right: 4%;\"><div class=\"fusion-column-wrapper fusion-column-has-shadow fusion-flex-column-wrapper-legacy\"><div class=\"fusion-fa-align-center\"><i class=\"fb-icon-element-1 fb-icon-element fontawesome-icon fa-building fas circle-yes icon-hover-animation-slide\" style=\"--awb-iconcolor:#092f57;--awb-iconcolor-hover:#1d4f83;--awb-circlecolor:rgba(9,47,87,0);--awb-circlecolor-hover:rgba(29,79,131,0);--awb-circlebordercolor:#092f57;--awb-circlebordercolor-hover:#1d4f83;--awb-circlebordersize:2px;--awb-font-size:28.16px;--awb-width:56.32px;--awb-height:56.32px;--awb-line-height:52.32px;--awb-margin-bottom:15px;\"><\/i><\/div><div class=\"fusion-text fusion-text-1\"><h6 style=\"text-align: center;\"><strong>Bendrov\u0117s \u0161\u016bkis:<\/strong> Greitas ir kokybi\u0161kas aptarnavimas + kokybi\u0161kas produktas = patenkintas klientas!<\/h6>\n<\/div><div class=\"fusion-clearfix\"><\/div><\/div><\/div><div class=\"fusion-layout-column fusion_builder_column fusion-builder-column-1 fusion_builder_column_1_3 1_3 fusion-one-third\" style=\"--awb-bg-size:cover;width:33.333333333333%;width:calc(33.333333333333% - ( ( 4% + 4% ) * 0.33333333333333 ) );margin-right: 4%;\"><div class=\"fusion-column-wrapper fusion-column-has-shadow fusion-flex-column-wrapper-legacy\"><div class=\"fusion-fa-align-center\"><i class=\"fb-icon-element-2 fb-icon-element fontawesome-icon fa-coins fas circle-yes icon-hover-animation-slide\" style=\"--awb-iconcolor:#092f57;--awb-iconcolor-hover:#1d4f83;--awb-circlecolor:rgba(9,47,87,0);--awb-circlecolor-hover:rgba(29,79,131,0);--awb-circlebordercolor:#092f57;--awb-circlebordercolor-hover:#1d4f83;--awb-circlebordersize:2px;--awb-font-size:28.16px;--awb-width:56.32px;--awb-height:56.32px;--awb-line-height:52.32px;--awb-margin-bottom:15px;\"><\/i><\/div><div class=\"fusion-text fusion-text-2\"><h6 style=\"text-align: center;\"><strong>\u012emon\u0117s politika:<\/strong> Priimtinos kainos, platus kokybi\u0161k\u0173 produkt\u0173 asortimentas ir individualus po\u017ei\u016bris \u012f kiekvien\u0105 klient\u0105.<\/h6>\n<\/div><div class=\"fusion-clearfix\"><\/div><\/div><\/div><div class=\"fusion-layout-column fusion_builder_column fusion-builder-column-2 fusion_builder_column_1_3 1_3 fusion-one-third fusion-column-last\" style=\"--awb-bg-size:cover;width:33.333333333333%;width:calc(33.333333333333% - ( ( 4% + 4% ) * 0.33333333333333 ) );\"><div class=\"fusion-column-wrapper fusion-column-has-shadow fusion-flex-column-wrapper-legacy\"><div class=\"fusion-fa-align-center\"><i class=\"fb-icon-element-3 fb-icon-element fontawesome-icon fa-handshake fas circle-yes icon-hover-animation-slide\" style=\"--awb-iconcolor:#092f57;--awb-iconcolor-hover:#1d4f83;--awb-circlecolor:rgba(9,47,87,0);--awb-circlecolor-hover:rgba(29,79,131,0);--awb-circlebordercolor:#092f57;--awb-circlebordercolor-hover:#1d4f83;--awb-circlebordersize:2px;--awb-font-size:28.16px;--awb-width:56.32px;--awb-height:56.32px;--awb-line-height:52.32px;--awb-margin-bottom:15px;\"><\/i><\/div><div class=\"fusion-text fusion-text-3\"><h6 style=\"text-align: center;\"><strong>Abipusiai naudingas bendradarbiavimas<\/strong> ir <strong>lanksti nuolaid\u0173 sistema <\/strong> leid\u017eia mums b\u016bti geriausiu tiek\u0117ju, kur\u012f kada nors tur\u0117jote!<\/h6>\n<\/div><div class=\"fusion-clearfix\"><\/div><\/div><\/div><\/div><\/div><div class=\"fusion-fullwidth fullwidth-box fusion-builder-row-2 nonhundred-percent-fullwidth non-hundred-percent-height-scrolling\" style=\"--awb-border-radius-top-left:0px;--awb-border-radius-top-right:0px;--awb-border-radius-bottom-right:0px;--awb-border-radius-bottom-left:0px;--awb-flex-wrap:wrap;\" ><div class=\"fusion-builder-row fusion-row\"><div class=\"fusion-layout-column fusion_builder_column fusion-builder-column-3 fusion_builder_column_1_2 1_2 fusion-one-half fusion-column-first\" style=\"--awb-bg-size:cover;width:50%;width:calc(50% - ( ( 4% ) * 0.5 ) );margin-right: 4%;\"><div class=\"fusion-column-wrapper fusion-column-has-shadow fusion-flex-column-wrapper-legacy\"><iframe width=\"100%\" height=\"320\" src=\"https:\/\/www.youtube.com\/embed\/dpDUUvflBmg?si=7Hd1qnx9Ssh4QUuE?rel=0\" frameborder=\"0\" allow=\"accelerometer; autoplay; clipboard-write; encrypted-media; gyroscope; picture-in-picture\" allowfullscreen><\/iframe><div class=\"fusion-clearfix\"><\/div><\/div><\/div><div class=\"fusion-layout-column fusion_builder_column fusion-builder-column-4 fusion_builder_column_1_2 1_2 fusion-one-half fusion-column-last\" style=\"--awb-bg-blend:overlay;--awb-bg-size:cover;width:50%;width:calc(50% - ( ( 4% ) * 0.5 ) );\"><div class=\"fusion-column-wrapper fusion-flex-column-wrapper-legacy\"><div class=\"fusion-text fusion-text-4\"><h2>Andrese Soolaladu \u2013 did\u017eiausias druskos tiek\u0117jas Estijoje ir Baltijos \u0161alyse.<\/h2>\n<p>Andrese Soolaladu buvo \u012fkurta 1991 metais, 100% Estijos kapitalo, kaip dalis didelio tarptautinio koncerno Andrese Grupi. Pagrindin\u0117 Andrese Soolaladu veikla \u2013 didmenin\u0117 prekyba \u012fvairi\u0173 r\u016b\u0161i\u0173 druska Baltijos \u0161alyse.<\/p>\n<p>Daugiamet\u0117 patirtis ir daug nuolatini\u0173 klient\u0173 leid\u017eia mums i\u0161likti stabiliems jau 30 met\u0173. Metin\u0117 \u012fmon\u0117s\u00a0apyvarta vir\u0161ija 55 000 ton\u0173 druskos.<\/p>\n<p>Andrese Soolaladu bendradarbiauja su daugeliu did\u017ei\u0173j\u0173 transporto kompanij\u0173, tod\u0117l nepriklausomai nuo j\u016bs\u0173 buvimo vietos, mes pristatysime j\u016bs\u0173 u\u017esakym\u0105 kiek \u012fmanoma grei\u010diau. M\u016bs\u0173 \u012fmon\u0117s klientai \u2013 \u017euvies, m\u0117sos perdirbimo \u012fmon\u0117s, kepyklos, didmenin\u0117s baz\u0117s, elektrin\u0117s, taip pat kitos pramon\u0117s \u012fmon\u0117s.<\/p>\n<p>Andrese Soolaladu dirba su pagrindiniais druskos gamintojais tokiose \u0161alyse kaip Vokietija, Belgija, Ukraina, Lenkija, Turkija ir Kipras. Andrese Soolaladu turi daugiau nei 7000 kvadratini\u0173 metr\u0173 sand\u0117liavimo ploto, tai leid\u017eia tur\u0117ti didelias atsargas.<\/p>\n<\/div><div class=\"fusion-clearfix\"><\/div><\/div><\/div><\/div><\/div><div class=\"fusion-fullwidth fullwidth-box fusion-builder-row-3 nonhundred-percent-fullwidth non-hundred-percent-height-scrolling\" style=\"--awb-border-radius-top-left:0px;--awb-border-radius-top-right:0px;--awb-border-radius-bottom-right:0px;--awb-border-radius-bottom-left:0px;--awb-padding-top:25px;--awb-flex-wrap:wrap;\" ><div class=\"fusion-builder-row fusion-row\"><div class=\"fusion-layout-column fusion_builder_column fusion-builder-column-5 fusion_builder_column_1_1 1_1 fusion-one-full fusion-column-first fusion-column-last\" style=\"--awb-bg-size:cover;\"><div class=\"fusion-column-wrapper fusion-column-has-shadow fusion-flex-column-wrapper-legacy\"><div class=\"fusion-text fusion-text-5\"><h1 style=\"text-align: center;\">Produkt\u0173 kategorijos<\/h1>\n<\/div><div class=\"fusion-clearfix\"><\/div><\/div><\/div><\/div><\/div><div class=\"fusion-fullwidth fullwidth-box fusion-builder-row-4 nonhundred-percent-fullwidth non-hundred-percent-height-scrolling\" style=\"--awb-border-radius-top-left:0px;--awb-border-radius-top-right:0px;--awb-border-radius-bottom-right:0px;--awb-border-radius-bottom-left:0px;--awb-padding-bottom:25px;--awb-flex-wrap:wrap;\" ><div class=\"fusion-builder-row fusion-row\"><div class=\"fusion-layout-column fusion_builder_column fusion-builder-column-6 fusion_builder_column_1_3 1_3 fusion-one-third fusion-column-first\" style=\"--awb-bg-size:cover;width:33.333333333333%;width:calc(33.333333333333% - ( ( 4% + 4% ) * 0.33333333333333 ) );margin-right: 4%;\"><div class=\"fusion-column-wrapper fusion-column-has-shadow fusion-flex-column-wrapper-legacy\"><div class=\"fusion-fa-align-center\"><a class=\"fb-icon-element-4 fb-icon-element fontawesome-icon fa-balance-scale fas circle-yes fusion-link icon-hover-animation-slide\" style=\"--awb-iconcolor:#797676;--awb-iconcolor-hover:#092f57;--awb-circlecolor:rgba(51,51,51,0);--awb-circlecolor-hover:rgba(51,51,51,0);--awb-circlebordercolor:#797676;--awb-circlebordercolor-hover:#092f57;--awb-circlebordersize:1px;--awb-font-size:56.32px;--awb-width:112.64px;--awb-height:112.64px;--awb-line-height:110.64px;\" href=\"https:\/\/soolaladu.ee\/lt\/avaleht\/soola-kategooriad\/\" aria-label=\"Link to https:\/\/soolaladu.ee\/lt\/avaleht\/soola-kategooriad\/\" target=\"_self\"><\/a><\/div><div class=\"fusion-text fusion-text-6\"><h3 style=\"text-align: center;\">Druska<\/h3>\n<p style=\"text-align: center;\"><strong>Druska<\/strong> yra naudojamas tiek nam\u0173 \u016bkyje ir \u012fvairiuose pramon\u0117s sektoriuose.<\/p>\n<\/div><div class=\"fusion-clearfix\"><\/div><\/div><\/div><div class=\"fusion-layout-column fusion_builder_column fusion-builder-column-7 fusion_builder_column_1_3 1_3 fusion-one-third\" style=\"--awb-bg-size:cover;width:33.333333333333%;width:calc(33.333333333333% - ( ( 4% + 4% ) * 0.33333333333333 ) );margin-right: 4%;\"><div class=\"fusion-column-wrapper fusion-column-has-shadow fusion-flex-column-wrapper-legacy\"><div class=\"fusion-fa-align-center\"><a class=\"fb-icon-element-5 fb-icon-element fontawesome-icon fa-bread-slice fas circle-yes fusion-link icon-hover-animation-slide\" style=\"--awb-iconcolor:#797676;--awb-iconcolor-hover:#092f57;--awb-circlecolor:rgba(51,51,51,0);--awb-circlecolor-hover:rgba(51,51,51,0);--awb-circlebordercolor:#797676;--awb-circlebordercolor-hover:#092f57;--awb-circlebordersize:1px;--awb-font-size:56.32px;--awb-width:112.64px;--awb-height:112.64px;--awb-line-height:110.64px;\" href=\"https:\/\/soolaladu.ee\/lt\/avaleht\/sooda-kategooriad\/\" aria-label=\"Link to https:\/\/soolaladu.ee\/lt\/avaleht\/sooda-kategooriad\/\" target=\"_self\"><\/a><\/div><div class=\"fusion-text fusion-text-7\"><h3 style=\"text-align: center;\">Soda<\/h3>\n<p style=\"text-align: center;\"><strong>Soda<\/strong> naudojama maisto pramon\u0117je, taip pat kaip universali valymo priemon\u0117.<\/p>\n<\/div><div class=\"fusion-clearfix\"><\/div><\/div><\/div><div class=\"fusion-layout-column fusion_builder_column fusion-builder-column-8 fusion_builder_column_1_3 1_3 fusion-one-third fusion-column-last\" style=\"--awb-bg-size:cover;width:33.333333333333%;width:calc(33.333333333333% - ( ( 4% + 4% ) * 0.33333333333333 ) );\"><div class=\"fusion-column-wrapper fusion-column-has-shadow fusion-flex-column-wrapper-legacy\"><div class=\"fusion-fa-align-center\"><a class=\"fb-icon-element-6 fb-icon-element fontawesome-icon fa-seedling fas circle-yes fusion-link icon-hover-animation-slide\" style=\"--awb-iconcolor:#797676;--awb-iconcolor-hover:#092f57;--awb-circlecolor:rgba(51,51,51,0);--awb-circlecolor-hover:rgba(51,51,51,0);--awb-circlebordercolor:#797676;--awb-circlebordercolor-hover:#092f57;--awb-circlebordersize:1px;--awb-font-size:56.32px;--awb-width:112.64px;--awb-height:112.64px;--awb-line-height:110.64px;\" href=\"https:\/\/soolaladu.ee\/lt\/avaleht\/mineraallisandite-kategooriad\/\" aria-label=\"Link to https:\/\/soolaladu.ee\/lt\/avaleht\/mineraallisandite-kategooriad\/\" target=\"_self\"><\/a><\/div><div class=\"fusion-text fusion-text-8\"><h3 style=\"text-align: center;\">Mineraliniai papildai<\/h3>\n<p style=\"text-align: center;\"><strong>Mineraliniai priedai<\/strong> yra naudojami tiek \u017eem\u0117s \u016bkio ir kaip priedai maisto pramonei.<\/p>\n<\/div><div class=\"fusion-clearfix\"><\/div><\/div><\/div><\/div><\/div><\/p>\n","protected":false},"excerpt":{"rendered":"","protected":false},"author":4,"featured_media":0,"parent":0,"menu_order":0,"comment_status":"closed","ping_status":"closed","template":"100-width.php","meta":{"om_disable_all_campaigns":false,"_monsterinsights_skip_tracking":false,"_monsterinsights_sitenote_active":false,"_monsterinsights_sitenote_note":"","_monsterinsights_sitenote_category":0,"footnotes":""},"class_list":["post-21956","page","type-page","status-publish","hentry"],"yoast_head":"<!-- This site is optimized with the Yoast SEO plugin v24.6 - https:\/\/yoast.com\/wordpress\/plugins\/seo\/ -->\n<title>Pagrindinis &#8211; Andrese Soolaladu<\/title>\n<meta name=\"robots\" content=\"index, follow, max-snippet:-1, max-image-preview:large, max-video-preview:-1\" \/>\n<link rel=\"canonical\" href=\"https:\/\/soolaladu.ee\/lt\/\" \/>\n<meta property=\"og:locale\" content=\"lt_LT\" \/>\n<meta property=\"og:type\" content=\"article\" \/>\n<meta property=\"og:title\" content=\"Pagrindinis &#8211; Andrese Soolaladu\" \/>\n<meta property=\"og:url\" content=\"https:\/\/soolaladu.ee\/lt\/\" \/>\n<meta property=\"og:site_name\" content=\"Andrese Soolaladu\" \/>\n<meta property=\"article:modified_time\" content=\"2024-07-23T05:07:51+00:00\" \/>\n<meta name=\"twitter:card\" content=\"summary_large_image\" \/>\n<meta name=\"twitter:label1\" content=\"Est. reading time\" \/>\n\t<meta name=\"twitter:data1\" content=\"2 minut\u0117s\" \/>\n<script type=\"application\/ld+json\" class=\"yoast-schema-graph\">{\"@context\":\"https:\/\/schema.org\",\"@graph\":[{\"@type\":\"WebPage\",\"@id\":\"https:\/\/soolaladu.ee\/lt\/\",\"url\":\"https:\/\/soolaladu.ee\/lt\/\",\"name\":\"Pagrindinis &#8211; Andrese Soolaladu\",\"isPartOf\":{\"@id\":\"https:\/\/soolaladu.ee\/#website\"},\"datePublished\":\"2021-03-22T06:51:17+00:00\",\"dateModified\":\"2024-07-23T05:07:51+00:00\",\"breadcrumb\":{\"@id\":\"https:\/\/soolaladu.ee\/lt\/#breadcrumb\"},\"inLanguage\":\"lt-LT\",\"potentialAction\":[{\"@type\":\"ReadAction\",\"target\":[\"https:\/\/soolaladu.ee\/lt\/\"]}]},{\"@type\":\"BreadcrumbList\",\"@id\":\"https:\/\/soolaladu.ee\/lt\/#breadcrumb\",\"itemListElement\":[{\"@type\":\"ListItem\",\"position\":1,\"name\":\"Pagrindinis\",\"item\":\"https:\/\/soolaladu.ee\/lt\/\"},{\"@type\":\"ListItem\",\"position\":2,\"name\":\"Pagrindinis\"}]},{\"@type\":\"WebSite\",\"@id\":\"https:\/\/soolaladu.ee\/#website\",\"url\":\"https:\/\/soolaladu.ee\/\",\"name\":\"Andrese Soolaladu\",\"description\":\"Suurim soola tarnija Eestis ja Baltimaades\",\"publisher\":{\"@id\":\"https:\/\/soolaladu.ee\/#organization\"},\"potentialAction\":[{\"@type\":\"SearchAction\",\"target\":{\"@type\":\"EntryPoint\",\"urlTemplate\":\"https:\/\/soolaladu.ee\/?s={search_term_string}\"},\"query-input\":{\"@type\":\"PropertyValueSpecification\",\"valueRequired\":true,\"valueName\":\"search_term_string\"}}],\"inLanguage\":\"lt-LT\"},{\"@type\":\"Organization\",\"@id\":\"https:\/\/soolaladu.ee\/#organization\",\"name\":\"Andrese Soolaladu O\u00dc\",\"url\":\"https:\/\/soolaladu.ee\/\",\"logo\":{\"@type\":\"ImageObject\",\"inLanguage\":\"lt-LT\",\"@id\":\"https:\/\/soolaladu.ee\/#\/schema\/logo\/image\/\",\"url\":\"\",\"contentUrl\":\"\",\"caption\":\"Andrese Soolaladu O\u00dc\"},\"image\":{\"@id\":\"https:\/\/soolaladu.ee\/#\/schema\/logo\/image\/\"},\"sameAs\":[\"https:\/\/www.linkedin.com\/in\/andrei-kirejenkov-414930117\/?originalSubdomain=ee\",\"https:\/\/www.youtube.com\/watch?time_continue=68&amp;amp;v=XC3sMbgpKbk&amp;amp;feature=emb_title\"]}]}<\/script>\n<!-- \/ Yoast SEO plugin. -->","yoast_head_json":{"title":"Pagrindinis &#8211; Andrese Soolaladu","robots":{"index":"index","follow":"follow","max-snippet":"max-snippet:-1","max-image-preview":"max-image-preview:large","max-video-preview":"max-video-preview:-1"},"canonical":"https:\/\/soolaladu.ee\/lt\/","og_locale":"lt_LT","og_type":"article","og_title":"Pagrindinis &#8211; Andrese Soolaladu","og_url":"https:\/\/soolaladu.ee\/lt\/","og_site_name":"Andrese Soolaladu","article_modified_time":"2024-07-23T05:07:51+00:00","twitter_card":"summary_large_image","twitter_misc":{"Est. reading time":"2 minut\u0117s"},"schema":{"@context":"https:\/\/schema.org","@graph":[{"@type":"WebPage","@id":"https:\/\/soolaladu.ee\/lt\/","url":"https:\/\/soolaladu.ee\/lt\/","name":"Pagrindinis &#8211; Andrese Soolaladu","isPartOf":{"@id":"https:\/\/soolaladu.ee\/#website"},"datePublished":"2021-03-22T06:51:17+00:00","dateModified":"2024-07-23T05:07:51+00:00","breadcrumb":{"@id":"https:\/\/soolaladu.ee\/lt\/#breadcrumb"},"inLanguage":"lt-LT","potentialAction":[{"@type":"ReadAction","target":["https:\/\/soolaladu.ee\/lt\/"]}]},{"@type":"BreadcrumbList","@id":"https:\/\/soolaladu.ee\/lt\/#breadcrumb","itemListElement":[{"@type":"ListItem","position":1,"name":"Pagrindinis","item":"https:\/\/soolaladu.ee\/lt\/"},{"@type":"ListItem","position":2,"name":"Pagrindinis"}]},{"@type":"WebSite","@id":"https:\/\/soolaladu.ee\/#website","url":"https:\/\/soolaladu.ee\/","name":"Andrese Soolaladu","description":"Suurim soola tarnija Eestis ja Baltimaades","publisher":{"@id":"https:\/\/soolaladu.ee\/#organization"},"potentialAction":[{"@type":"SearchAction","target":{"@type":"EntryPoint","urlTemplate":"https:\/\/soolaladu.ee\/?s={search_term_string}"},"query-input":{"@type":"PropertyValueSpecification","valueRequired":true,"valueName":"search_term_string"}}],"inLanguage":"lt-LT"},{"@type":"Organization","@id":"https:\/\/soolaladu.ee\/#organization","name":"Andrese Soolaladu O\u00dc","url":"https:\/\/soolaladu.ee\/","logo":{"@type":"ImageObject","inLanguage":"lt-LT","@id":"https:\/\/soolaladu.ee\/#\/schema\/logo\/image\/","url":"","contentUrl":"","caption":"Andrese Soolaladu O\u00dc"},"image":{"@id":"https:\/\/soolaladu.ee\/#\/schema\/logo\/image\/"},"sameAs":["https:\/\/www.linkedin.com\/in\/andrei-kirejenkov-414930117\/?originalSubdomain=ee","https:\/\/www.youtube.com\/watch?time_continue=68&amp;amp;v=XC3sMbgpKbk&amp;amp;feature=emb_title"]}]}},"_links":{"self":[{"href":"https:\/\/soolaladu.ee\/lt\/wp-json\/wp\/v2\/pages\/21956","targetHints":{"allow":["GET"]}}],"collection":[{"href":"https:\/\/soolaladu.ee\/lt\/wp-json\/wp\/v2\/pages"}],"about":[{"href":"https:\/\/soolaladu.ee\/lt\/wp-json\/wp\/v2\/types\/page"}],"author":[{"embeddable":true,"href":"https:\/\/soolaladu.ee\/lt\/wp-json\/wp\/v2\/users\/4"}],"replies":[{"embeddable":true,"href":"https:\/\/soolaladu.ee\/lt\/wp-json\/wp\/v2\/comments?post=21956"}],"version-history":[{"count":21,"href":"https:\/\/soolaladu.ee\/lt\/wp-json\/wp\/v2\/pages\/21956\/revisions"}],"predecessor-version":[{"id":22636,"href":"https:\/\/soolaladu.ee\/lt\/wp-json\/wp\/v2\/pages\/21956\/revisions\/22636"}],"wp:attachment":[{"href":"https:\/\/soolaladu.ee\/lt\/wp-json\/wp\/v2\/media?parent=21956"}],"curies":[{"name":"wp","href":"https:\/\/api.w.org\/{rel}","templated":true}]}}