{"id":21620,"date":"2020-09-24T08:10:33","date_gmt":"2020-09-24T05:10:33","guid":{"rendered":"https:\/\/soolaladu.ee\/toode\/tableteeritud-sool-joogivee-desinfektsiooni-ja-ettevalmistamise-jaoks-marina-plus\/"},"modified":"2020-12-14T12:28:15","modified_gmt":"2020-12-14T10:28:15","slug":"tableteeritud-sool-joogivee-desinfektsiooni-ja-ettevalmistamise-jaoks-marina-plus","status":"publish","type":"product","link":"https:\/\/soolaladu.ee\/en\/toode\/tableteeritud-sool-joogivee-desinfektsiooni-ja-ettevalmistamise-jaoks-marina-plus\/","title":{"rendered":"Salt tablets for disinfecting and drinking water purifying MARINA PLUS"},"content":{"rendered":"<p>Desinfektsiooni all m\u00f5istetakse vee puhastamist patogeensetest mikroorganismidest, et s\u00e4ilitada joogivee epideemilist ohutust ja takistada \u00a0nakkustekitajate levimist.<\/p>\n<p>On raske vaidlustada selle protsessi t\u00e4htsust, kuna juba tsivilisatsiooni algus-aegadel olid meie esivanemad m\u00f5istlikud saastunud vee ja epideemiate tekkimise seotust. Muistsed tsivilisatsioonid hoidsid vett h\u00f5bedast kannudes ja keetsid seda, kasutasid \u00a0vaske ja h\u00f5bedat vee puhastamiseks. Juba enne meie ajaarvamist olid kaks peamist vee desinfektsiooni v\u00f5imalust, millega tuleb vett filtreerida: s\u00f6ega ja otsese p\u00e4ikesevalgusega, seitsmekordse keetmisega ja vase t\u00fcki lisamisega vette.<\/p>\n<p>T\u00e4nap\u00e4eval on olemas kaasaegsed meetodid \u00a0vee desinfektsiooniks ja ettevalmistamiseks. \u00dcks neist on spetsiaalse soola kasutamine.<\/p>\n<p>Marina Plus tableteeritud sool joogivee desinfektsiooni ja ettevalmistamise jaoks on puhas vaakumsool, mis on pressitud tablettidesse. On t\u00e4ielikult lahustuv vees. Kasutades membraani elektrol\u00fc\u00fcsi jaoks, aitab tableteeritud sool Marina Plus \u00fclipuhta ja k\u00f5rge stabiilsusega naatriumh\u00fcpokloriidi toota, mis on efektiivse desinfitseeriva omadusega. See tagab joogivee ja ujumisbasseini vee kvaliteedi, mis on vaba patogeensetest mikroorganismidest.<\/p>\n<p>Tablettide servad on kergelt kumerad, et mitte kahjustada pakendit transportimise ja ladustamise ajal. Soolatabletid on ilma l\u00f5hnata, tuleohutud ja mittetoksilised. Madal kaltsiumi, magneesiumi, broomi ja raskemetallide sisaldus.<\/p>\n<hr \/>\n<p><strong>Kasutamine:<\/strong><\/p>\n<p>Marina Plus tableteeritud sool joogivee desinfektsiooni ja ettevalmistamise jaoks on v\u00e4lja t\u00f6\u00f6tatud spetsiaalselt membraantehnoloogia jaoks, mida kasutatakse aktiivse kloori elektrokeemilises tootmises.<\/p>\n<p>Seda soola kasutatakse joogivee ja ujumisbasseinide vee puhastamiseks ja desinfitseerimiseks, n\u00e4iteks sellistes avalikes kohtades nagu hotellid, tervisekeskused ja spaad.<\/p>\n<hr \/>\n<p style=\"text-align: left;\"><strong>Pakend: \u00a0\u00a0\u00a0\u00a0\u00a0\u00a0\u00a0\u00a0\u00a0\u00a0\u00a0\u00a0\u00a0\u00a0\u00a0 <\/strong><\/p>\n<p>&#8211; pol\u00fcet\u00fcleenkotid PE, 25 kg<\/p>\n<p>&#8211; pol\u00fcprop\u00fcleenkotid PP, 1000 kg (Big Bag)<\/p>\n<hr \/>\n<p>&nbsp;<\/p>\n<table style=\"width: 840px; height: 365px;\">\n<tbody>\n<tr>\n<th>\n<p style=\"text-align: left;\"><strong>Peamised keemilised n\u00e4itajad:<\/strong><\/p>\n<\/th>\n<th style=\"text-align: left;\"><strong>Norm<\/strong><\/th>\n<\/tr>\n<tr>\n<td>H2O lahustamatu j\u00e4\u00e4k<\/td>\n<td>0,005 %<\/td>\n<\/tr>\n<tr>\n<td>Niiskuse sisaldus massis<\/td>\n<td>0,05 %<\/td>\n<\/tr>\n<tr>\n<td>Naatriumkloriid<\/td>\n<td>99,9 %<\/td>\n<\/tr>\n<tr>\n<td>Sulfaat<\/td>\n<td>0,04 %<\/td>\n<\/tr>\n<tr>\n<td>Arseen<\/td>\n<td>0,03 mg\/kg<\/td>\n<\/tr>\n<tr>\n<td>Kaadmium<\/td>\n<td>0,03 mg\/kg<\/td>\n<\/tr>\n<tr>\n<td>Kroom<\/td>\n<td>0,03 mg\/kg<\/td>\n<\/tr>\n<tr>\n<td>Elavh\u00f5be<\/td>\n<td>0,03 mg\/kg<\/td>\n<\/tr>\n<tr>\n<td>Plii<\/td>\n<td>0,15 mg\/kg<\/td>\n<\/tr>\n<tr>\n<td>Antimon<\/td>\n<td>0,03 mg\/kg<\/td>\n<\/tr>\n<tr>\n<td>Seleen<\/td>\n<td>0,03 mg\/kg<\/td>\n<\/tr>\n<tr>\n<td>Vask<\/td>\n<td>0,03 mg\/kg<\/td>\n<\/tr>\n<tr>\n<td>Raud<\/td>\n<td>0,5 mg\/kg<\/td>\n<\/tr>\n<tr>\n<td>Mangaan<\/td>\n<td>0,03 mg\/kg<\/td>\n<\/tr>\n<tr>\n<td>Kaltsium<\/td>\n<td>10 mg\/kg<\/td>\n<\/tr>\n<tr>\n<td>Magneesium<\/td>\n<td>10 mg\/kg<\/td>\n<\/tr>\n<tr>\n<td>Broom<\/td>\n<td>50 mg\/kg<\/td>\n<\/tr>\n<\/tbody>\n<\/table>\n<p>&nbsp;<\/p>\n<p>&nbsp;<\/p>\n","protected":false},"excerpt":{"rendered":"<p>Marina Plus tableteeritud sool joogivee desinfektsiooni ja ettevalmistamise jaoks on puhas vaakumsool, mis on pressitud tablettidesse. On t\u00e4ielikult lahustuv vees.<\/p>\n","protected":false},"featured_media":21502,"template":"","meta":{"om_disable_all_campaigns":false,"_monsterinsights_skip_tracking":false,"_monsterinsights_sitenote_active":false,"_monsterinsights_sitenote_note":"","_monsterinsights_sitenote_category":0},"product_brand":[],"product_cat":[501,509],"product_tag":[],"class_list":{"0":"post-21620","1":"product","2":"type-product","3":"status-publish","4":"has-post-thumbnail","6":"product_cat-salt","7":"product_cat-salt-tablets-for-disinfecting-and-purifying-drinking-water","9":"first","10":"instock","11":"taxable","12":"shipping-taxable","13":"product-type-simple"},"yoast_head":"<!-- This site is optimized with the Yoast SEO plugin v24.6 - https:\/\/yoast.com\/wordpress\/plugins\/seo\/ -->\n<title>Salt tablets for disinfecting and drinking water purifying MARINA PLUS &#8211; Andrese Soolaladu<\/title>\n<meta name=\"robots\" content=\"index, follow, max-snippet:-1, max-image-preview:large, max-video-preview:-1\" \/>\n<link rel=\"canonical\" href=\"https:\/\/soolaladu.ee\/toode\/tableteeritud-sool-joogivee-desinfektsiooni-ja-ettevalmistamise-jaoks-marina-plus\/\" \/>\n<meta property=\"og:locale\" content=\"en_US\" \/>\n<meta property=\"og:type\" content=\"article\" \/>\n<meta property=\"og:title\" content=\"Salt tablets for disinfecting and drinking water purifying MARINA PLUS &#8211; Andrese Soolaladu\" \/>\n<meta property=\"og:description\" content=\"Marina Plus tableteeritud sool joogivee desinfektsiooni ja ettevalmistamise jaoks on puhas vaakumsool, mis on pressitud tablettidesse. On t\u00e4ielikult lahustuv vees.\" \/>\n<meta property=\"og:url\" content=\"https:\/\/soolaladu.ee\/toode\/tableteeritud-sool-joogivee-desinfektsiooni-ja-ettevalmistamise-jaoks-marina-plus\/\" \/>\n<meta property=\"og:site_name\" content=\"Andrese Soolaladu\" \/>\n<meta property=\"article:modified_time\" content=\"2020-12-14T10:28:15+00:00\" \/>\n<meta property=\"og:image\" content=\"https:\/\/soolaladu.ee\/wp-content\/uploads\/2020\/09\/marinaz-plus-25kg-water-softener-salt-tablets.jpg\" \/>\n\t<meta property=\"og:image:width\" content=\"1000\" \/>\n\t<meta property=\"og:image:height\" content=\"1000\" \/>\n\t<meta property=\"og:image:type\" content=\"image\/jpeg\" \/>\n<meta name=\"twitter:card\" content=\"summary_large_image\" \/>\n<meta name=\"twitter:label1\" content=\"Est. reading time\" \/>\n\t<meta name=\"twitter:data1\" content=\"2 minutes\" \/>\n<script type=\"application\/ld+json\" class=\"yoast-schema-graph\">{\"@context\":\"https:\/\/schema.org\",\"@graph\":[{\"@type\":\"WebPage\",\"@id\":\"https:\/\/soolaladu.ee\/toode\/tableteeritud-sool-joogivee-desinfektsiooni-ja-ettevalmistamise-jaoks-marina-plus\/\",\"url\":\"https:\/\/soolaladu.ee\/toode\/tableteeritud-sool-joogivee-desinfektsiooni-ja-ettevalmistamise-jaoks-marina-plus\/\",\"name\":\"Salt tablets for disinfecting and drinking water purifying MARINA PLUS &#8211; Andrese Soolaladu\",\"isPartOf\":{\"@id\":\"https:\/\/soolaladu.ee\/#website\"},\"primaryImageOfPage\":{\"@id\":\"https:\/\/soolaladu.ee\/toode\/tableteeritud-sool-joogivee-desinfektsiooni-ja-ettevalmistamise-jaoks-marina-plus\/#primaryimage\"},\"image\":{\"@id\":\"https:\/\/soolaladu.ee\/toode\/tableteeritud-sool-joogivee-desinfektsiooni-ja-ettevalmistamise-jaoks-marina-plus\/#primaryimage\"},\"thumbnailUrl\":\"https:\/\/soolaladu.ee\/wp-content\/uploads\/2020\/09\/marinaz-plus-25kg-water-softener-salt-tablets.jpg\",\"datePublished\":\"2020-09-24T05:10:33+00:00\",\"dateModified\":\"2020-12-14T10:28:15+00:00\",\"breadcrumb\":{\"@id\":\"https:\/\/soolaladu.ee\/toode\/tableteeritud-sool-joogivee-desinfektsiooni-ja-ettevalmistamise-jaoks-marina-plus\/#breadcrumb\"},\"inLanguage\":\"en-US\",\"potentialAction\":[{\"@type\":\"ReadAction\",\"target\":[\"https:\/\/soolaladu.ee\/toode\/tableteeritud-sool-joogivee-desinfektsiooni-ja-ettevalmistamise-jaoks-marina-plus\/\"]}]},{\"@type\":\"ImageObject\",\"inLanguage\":\"en-US\",\"@id\":\"https:\/\/soolaladu.ee\/toode\/tableteeritud-sool-joogivee-desinfektsiooni-ja-ettevalmistamise-jaoks-marina-plus\/#primaryimage\",\"url\":\"https:\/\/soolaladu.ee\/wp-content\/uploads\/2020\/09\/marinaz-plus-25kg-water-softener-salt-tablets.jpg\",\"contentUrl\":\"https:\/\/soolaladu.ee\/wp-content\/uploads\/2020\/09\/marinaz-plus-25kg-water-softener-salt-tablets.jpg\",\"width\":1000,\"height\":1000},{\"@type\":\"BreadcrumbList\",\"@id\":\"https:\/\/soolaladu.ee\/toode\/tableteeritud-sool-joogivee-desinfektsiooni-ja-ettevalmistamise-jaoks-marina-plus\/#breadcrumb\",\"itemListElement\":[{\"@type\":\"ListItem\",\"position\":1,\"name\":\"Home\",\"item\":\"https:\/\/soolaladu.ee\/en\/\"},{\"@type\":\"ListItem\",\"position\":2,\"name\":\"Tooted\",\"item\":\"https:\/\/soolaladu.ee\/tooted\/\"},{\"@type\":\"ListItem\",\"position\":3,\"name\":\"Salt tablets for disinfecting and drinking water purifying MARINA PLUS\"}]},{\"@type\":\"WebSite\",\"@id\":\"https:\/\/soolaladu.ee\/#website\",\"url\":\"https:\/\/soolaladu.ee\/\",\"name\":\"Andrese Soolaladu\",\"description\":\"Suurim soola tarnija Eestis ja Baltimaades\",\"publisher\":{\"@id\":\"https:\/\/soolaladu.ee\/#organization\"},\"potentialAction\":[{\"@type\":\"SearchAction\",\"target\":{\"@type\":\"EntryPoint\",\"urlTemplate\":\"https:\/\/soolaladu.ee\/?s={search_term_string}\"},\"query-input\":{\"@type\":\"PropertyValueSpecification\",\"valueRequired\":true,\"valueName\":\"search_term_string\"}}],\"inLanguage\":\"en-US\"},{\"@type\":\"Organization\",\"@id\":\"https:\/\/soolaladu.ee\/#organization\",\"name\":\"Andrese Soolaladu O\u00dc\",\"url\":\"https:\/\/soolaladu.ee\/\",\"logo\":{\"@type\":\"ImageObject\",\"inLanguage\":\"en-US\",\"@id\":\"https:\/\/soolaladu.ee\/#\/schema\/logo\/image\/\",\"url\":\"\",\"contentUrl\":\"\",\"caption\":\"Andrese Soolaladu O\u00dc\"},\"image\":{\"@id\":\"https:\/\/soolaladu.ee\/#\/schema\/logo\/image\/\"},\"sameAs\":[\"https:\/\/www.linkedin.com\/in\/andrei-kirejenkov-414930117\/?originalSubdomain=ee\",\"https:\/\/www.youtube.com\/watch?time_continue=68&amp;amp;v=XC3sMbgpKbk&amp;amp;feature=emb_title\"]}]}<\/script>\n<!-- \/ Yoast SEO plugin. -->","yoast_head_json":{"title":"Salt tablets for disinfecting and drinking water purifying MARINA PLUS &#8211; Andrese Soolaladu","robots":{"index":"index","follow":"follow","max-snippet":"max-snippet:-1","max-image-preview":"max-image-preview:large","max-video-preview":"max-video-preview:-1"},"canonical":"https:\/\/soolaladu.ee\/toode\/tableteeritud-sool-joogivee-desinfektsiooni-ja-ettevalmistamise-jaoks-marina-plus\/","og_locale":"en_US","og_type":"article","og_title":"Salt tablets for disinfecting and drinking water purifying MARINA PLUS &#8211; Andrese Soolaladu","og_description":"Marina Plus tableteeritud sool joogivee desinfektsiooni ja ettevalmistamise jaoks on puhas vaakumsool, mis on pressitud tablettidesse. On t\u00e4ielikult lahustuv vees.","og_url":"https:\/\/soolaladu.ee\/toode\/tableteeritud-sool-joogivee-desinfektsiooni-ja-ettevalmistamise-jaoks-marina-plus\/","og_site_name":"Andrese Soolaladu","article_modified_time":"2020-12-14T10:28:15+00:00","og_image":[{"width":1000,"height":1000,"url":"https:\/\/soolaladu.ee\/wp-content\/uploads\/2020\/09\/marinaz-plus-25kg-water-softener-salt-tablets.jpg","type":"image\/jpeg"}],"twitter_card":"summary_large_image","twitter_misc":{"Est. reading time":"2 minutes"},"schema":{"@context":"https:\/\/schema.org","@graph":[{"@type":"WebPage","@id":"https:\/\/soolaladu.ee\/toode\/tableteeritud-sool-joogivee-desinfektsiooni-ja-ettevalmistamise-jaoks-marina-plus\/","url":"https:\/\/soolaladu.ee\/toode\/tableteeritud-sool-joogivee-desinfektsiooni-ja-ettevalmistamise-jaoks-marina-plus\/","name":"Salt tablets for disinfecting and drinking water purifying MARINA PLUS &#8211; Andrese Soolaladu","isPartOf":{"@id":"https:\/\/soolaladu.ee\/#website"},"primaryImageOfPage":{"@id":"https:\/\/soolaladu.ee\/toode\/tableteeritud-sool-joogivee-desinfektsiooni-ja-ettevalmistamise-jaoks-marina-plus\/#primaryimage"},"image":{"@id":"https:\/\/soolaladu.ee\/toode\/tableteeritud-sool-joogivee-desinfektsiooni-ja-ettevalmistamise-jaoks-marina-plus\/#primaryimage"},"thumbnailUrl":"https:\/\/soolaladu.ee\/wp-content\/uploads\/2020\/09\/marinaz-plus-25kg-water-softener-salt-tablets.jpg","datePublished":"2020-09-24T05:10:33+00:00","dateModified":"2020-12-14T10:28:15+00:00","breadcrumb":{"@id":"https:\/\/soolaladu.ee\/toode\/tableteeritud-sool-joogivee-desinfektsiooni-ja-ettevalmistamise-jaoks-marina-plus\/#breadcrumb"},"inLanguage":"en-US","potentialAction":[{"@type":"ReadAction","target":["https:\/\/soolaladu.ee\/toode\/tableteeritud-sool-joogivee-desinfektsiooni-ja-ettevalmistamise-jaoks-marina-plus\/"]}]},{"@type":"ImageObject","inLanguage":"en-US","@id":"https:\/\/soolaladu.ee\/toode\/tableteeritud-sool-joogivee-desinfektsiooni-ja-ettevalmistamise-jaoks-marina-plus\/#primaryimage","url":"https:\/\/soolaladu.ee\/wp-content\/uploads\/2020\/09\/marinaz-plus-25kg-water-softener-salt-tablets.jpg","contentUrl":"https:\/\/soolaladu.ee\/wp-content\/uploads\/2020\/09\/marinaz-plus-25kg-water-softener-salt-tablets.jpg","width":1000,"height":1000},{"@type":"BreadcrumbList","@id":"https:\/\/soolaladu.ee\/toode\/tableteeritud-sool-joogivee-desinfektsiooni-ja-ettevalmistamise-jaoks-marina-plus\/#breadcrumb","itemListElement":[{"@type":"ListItem","position":1,"name":"Home","item":"https:\/\/soolaladu.ee\/en\/"},{"@type":"ListItem","position":2,"name":"Tooted","item":"https:\/\/soolaladu.ee\/tooted\/"},{"@type":"ListItem","position":3,"name":"Salt tablets for disinfecting and drinking water purifying MARINA PLUS"}]},{"@type":"WebSite","@id":"https:\/\/soolaladu.ee\/#website","url":"https:\/\/soolaladu.ee\/","name":"Andrese Soolaladu","description":"Suurim soola tarnija Eestis ja Baltimaades","publisher":{"@id":"https:\/\/soolaladu.ee\/#organization"},"potentialAction":[{"@type":"SearchAction","target":{"@type":"EntryPoint","urlTemplate":"https:\/\/soolaladu.ee\/?s={search_term_string}"},"query-input":{"@type":"PropertyValueSpecification","valueRequired":true,"valueName":"search_term_string"}}],"inLanguage":"en-US"},{"@type":"Organization","@id":"https:\/\/soolaladu.ee\/#organization","name":"Andrese Soolaladu O\u00dc","url":"https:\/\/soolaladu.ee\/","logo":{"@type":"ImageObject","inLanguage":"en-US","@id":"https:\/\/soolaladu.ee\/#\/schema\/logo\/image\/","url":"","contentUrl":"","caption":"Andrese Soolaladu O\u00dc"},"image":{"@id":"https:\/\/soolaladu.ee\/#\/schema\/logo\/image\/"},"sameAs":["https:\/\/www.linkedin.com\/in\/andrei-kirejenkov-414930117\/?originalSubdomain=ee","https:\/\/www.youtube.com\/watch?time_continue=68&amp;amp;v=XC3sMbgpKbk&amp;amp;feature=emb_title"]}]}},"_links":{"self":[{"href":"https:\/\/soolaladu.ee\/en\/wp-json\/wp\/v2\/product\/21620","targetHints":{"allow":["GET"]}}],"collection":[{"href":"https:\/\/soolaladu.ee\/en\/wp-json\/wp\/v2\/product"}],"about":[{"href":"https:\/\/soolaladu.ee\/en\/wp-json\/wp\/v2\/types\/product"}],"wp:featuredmedia":[{"embeddable":true,"href":"https:\/\/soolaladu.ee\/en\/wp-json\/wp\/v2\/media\/21502"}],"wp:attachment":[{"href":"https:\/\/soolaladu.ee\/en\/wp-json\/wp\/v2\/media?parent=21620"}],"wp:term":[{"taxonomy":"product_brand","embeddable":true,"href":"https:\/\/soolaladu.ee\/en\/wp-json\/wp\/v2\/product_brand?post=21620"},{"taxonomy":"product_cat","embeddable":true,"href":"https:\/\/soolaladu.ee\/en\/wp-json\/wp\/v2\/product_cat?post=21620"},{"taxonomy":"product_tag","embeddable":true,"href":"https:\/\/soolaladu.ee\/en\/wp-json\/wp\/v2\/product_tag?post=21620"}],"curies":[{"name":"wp","href":"https:\/\/api.w.org\/{rel}","templated":true}]}}