{"id":21184,"date":"2020-05-15T10:32:01","date_gmt":"2020-05-15T07:32:01","guid":{"rendered":"https:\/\/soolaladu.ee\/toode\/vacuum-table-salt\/"},"modified":"2020-12-14T12:32:51","modified_gmt":"2020-12-14T10:32:51","slug":"vaakummeetodil-soogisool","status":"publish","type":"product","link":"https:\/\/soolaladu.ee\/en\/toode\/vaakummeetodil-soogisool\/","title":{"rendered":"Pure dried vacuum salt"},"content":{"rendered":"<p>Vaakum-s\u00f6\u00f6gisoola saadakse naatriumkloriidi k\u00fcllastunud lahustest (soolalahustest) vee aurustamisega spetsiaalsetes aparaatides &#8211; vaakumkristallisaatorites. K\u00fcllastunud lahused saadakse soolaladestuste kunstliku maa-aluse leostamise (lahustamise) teel. See on spetsiaalne kaevandamismeetod soolaladestusteni j\u00f5udmiseks, mis asuvad reeglina 450 m kuni 1300 m s\u00fcgavusel.<\/p>\n<p>Vaakum-s\u00f6\u00f6gisoola kasutatakse toiduainete tootmises l\u00f5hna-, maitse- ja s\u00e4ilitusainena ning ideaalse p\u00f5hjana tervist parandavatele lisanditele, n\u00e4iteks joodile.<\/p>\n<p>Vaakumsoola erip\u00e4raks on selle \u00fchtlane peen jahvatus ja k\u00f5rgeim puhtusaste. Graanulite ideaalne suurus ja t\u00e4ielik lahustuvus on samuti vaakum-s\u00f6\u00f6gisoola tunnusteks. Lisaks ideaalsele v\u00e4limusele on vaakum-s\u00f6\u00f6gisoolale iseloomulik k\u00f5rgeim keemiline puhtus, ning selle NaCl sisaldus on v\u00e4hemalt 99,8%.<\/p>\n<p>Granulomeetria j\u00e4rgi on v\u00f5imalik j\u00e4rgmiste vaakum-s\u00f6\u00f6gisoola liikide tootmine:<\/p>\n<p>&#8211; mikropeen (graanulite suurus ei \u00fcleta 0,16 mm)<\/p>\n<p>&#8211; ultrapeen (graanulite suurus ei \u00fcleta 0,35 mm)<\/p>\n<p>&#8211; standardne (graanulite suurus ei \u00fcleta 0,71 mm)<\/p>\n<p>&#8211; j\u00e4me (graanulite suurus ei \u00fcleta 1,25 mm)<\/p>\n<p>K+S vaakum-s\u00f6\u00f6gisool on l\u00e4binud ISO 9001: 2008 sertifitseerimise ja vastab HACCP sertifikaadi n\u00f5uetele.<\/p>\n<hr \/>\n<p><strong>Kasutamine:<\/strong><\/p>\n<p>K+S vaakum-s\u00f6\u00f6gisool on \u00fclipuhas toode.<\/p>\n<p>Seda soola kasutatakse k\u00f5ige sagedamini protsessides, kus soola rakendatakse lahustunud kujul.<\/p>\n<p>Graanulite erinevad suurused ja joodi lisamine v\u00f5imaldavad seda soola kasutada erinevates valdkondades, n\u00e4iteks piimatoodete, suupistete, v\u00fcrtsisegude ja pagaritoodete tootmises.<\/p>\n<p>Vaakum-s\u00f6\u00f6gisoola kasutatakse ka vorsti- ja lihatoodete, konservide ja valmistoitude valmistamisel.<\/p>\n<hr \/>\n<p style=\"text-align: left;\"><strong>Pakend: \u00a0\u00a0\u00a0\u00a0\u00a0\u00a0\u00a0\u00a0\u00a0\u00a0\u00a0\u00a0\u00a0\u00a0\u00a0 <\/strong><\/p>\n<p>&#8211; pappkarbid, 0,5 kg<\/p>\n<p>&#8211; kilest kotid, 1,0 kg<\/p>\n<p>&#8211; kilest kotid, 25 kg<\/p>\n<p>&#8211; pol\u00fcprop\u00fcleenist kotid, 1000 kg (big bag)<\/p>\n<p>&#8211; puistesool<\/p>\n<hr \/>\n<p>&nbsp;<\/p>\n<table style=\"width: 840px; height: 365px;\">\n<tbody>\n<tr>\n<th>\n<p style=\"text-align: left;\"><strong>Peamised keemilised n\u00e4itajad:<\/strong><\/p>\n<\/th>\n<th style=\"text-align: left;\"><strong>Norm<\/strong><\/th>\n<\/tr>\n<tr>\n<td>Naatriumkloriid (NaCl)<\/td>\n<td>99,9%<\/td>\n<\/tr>\n<tr>\n<td>Niiskusesisaldus (H<sub>2<\/sub>O)<\/td>\n<td>0,02%<\/td>\n<\/tr>\n<tr>\n<td>Vees lahustamatute ainete sisaldus<\/td>\n<td>0,005%<\/td>\n<\/tr>\n<tr>\n<td>Kaltsium (Ca)<\/td>\n<td>50 mg\/kg<\/td>\n<\/tr>\n<tr>\n<td>Magneesium (Mg)<\/td>\n<td>10 mg\/kg<\/td>\n<\/tr>\n<tr>\n<td>Sulfaat (SO<sub>4<\/sub>)<\/td>\n<td>400 mg\/kg<\/td>\n<\/tr>\n<\/tbody>\n<\/table>\n<p>&nbsp;<\/p>\n<p>Lisainformatsiooni leiab tootja kodulehel: <u><a href=\"https:\/\/www.kpluss.com\/en-us\/our-business-products\/industry\/food-processing\/\">https:\/\/www.kpluss.com\/en-us\/our-business-products\/industry\/food-processing\/<\/a><\/u><\/p>\n","protected":false},"excerpt":{"rendered":"<p>Seda soola kasutatakse k\u00f5ige sagedamini protsessides, kus soola rakendatakse lahustunud kujul. Graanulite erinevad suurused ja joodi lisamine v\u00f5imaldavad seda soola kasutada erinevates valdkondades, n\u00e4iteks piimatoodete, suupistete, v\u00fcrtsisegude ja pagaritoodete tootmises. Vaakum-s\u00f6\u00f6gisoola kasutatakse ka vorsti- ja lihatoodete, konservide ja valmistoitude valmistamisel.<\/p>\n","protected":false},"featured_media":21302,"template":"","meta":{"om_disable_all_campaigns":false,"_monsterinsights_skip_tracking":false,"_monsterinsights_sitenote_active":false,"_monsterinsights_sitenote_note":"","_monsterinsights_sitenote_category":0},"product_brand":[],"product_cat":[501,510],"product_tag":[],"class_list":{"0":"post-21184","1":"product","2":"type-product","3":"status-publish","4":"has-post-thumbnail","6":"product_cat-salt","7":"product_cat-food-salt","9":"first","10":"instock","11":"featured","12":"taxable","13":"shipping-taxable","14":"product-type-simple"},"yoast_head":"<!-- This site is optimized with the Yoast SEO plugin v24.6 - https:\/\/yoast.com\/wordpress\/plugins\/seo\/ -->\n<title>Pure dried vacuum salt &#8211; Andrese Soolaladu<\/title>\n<meta name=\"robots\" content=\"index, follow, max-snippet:-1, max-image-preview:large, max-video-preview:-1\" \/>\n<link rel=\"canonical\" href=\"https:\/\/soolaladu.ee\/toode\/vaakummeetodil-soogisool\/\" \/>\n<meta property=\"og:locale\" content=\"en_US\" \/>\n<meta property=\"og:type\" content=\"article\" \/>\n<meta property=\"og:title\" content=\"Pure dried vacuum salt &#8211; Andrese Soolaladu\" \/>\n<meta property=\"og:description\" content=\"Seda soola kasutatakse k\u00f5ige sagedamini protsessides, kus soola rakendatakse lahustunud kujul. Graanulite erinevad suurused ja joodi lisamine v\u00f5imaldavad seda soola kasutada erinevates valdkondades, n\u00e4iteks piimatoodete, suupistete, v\u00fcrtsisegude ja pagaritoodete tootmises. Vaakum-s\u00f6\u00f6gisoola kasutatakse ka vorsti- ja lihatoodete, konservide ja valmistoitude valmistamisel.\" \/>\n<meta property=\"og:url\" content=\"https:\/\/soolaladu.ee\/toode\/vaakummeetodil-soogisool\/\" \/>\n<meta property=\"og:site_name\" content=\"Andrese Soolaladu\" \/>\n<meta property=\"article:modified_time\" content=\"2020-12-14T10:32:51+00:00\" \/>\n<meta property=\"og:image\" content=\"https:\/\/soolaladu.ee\/wp-content\/uploads\/2020\/05\/Vaakum-meetodil-peen-s\u00f6\u00f6gisool.jpg\" \/>\n\t<meta property=\"og:image:width\" content=\"1200\" \/>\n\t<meta property=\"og:image:height\" content=\"1200\" \/>\n\t<meta property=\"og:image:type\" content=\"image\/jpeg\" \/>\n<meta name=\"twitter:card\" content=\"summary_large_image\" \/>\n<meta name=\"twitter:label1\" content=\"Est. reading time\" \/>\n\t<meta name=\"twitter:data1\" content=\"1 minute\" \/>\n<script type=\"application\/ld+json\" class=\"yoast-schema-graph\">{\"@context\":\"https:\/\/schema.org\",\"@graph\":[{\"@type\":\"WebPage\",\"@id\":\"https:\/\/soolaladu.ee\/toode\/vaakummeetodil-soogisool\/\",\"url\":\"https:\/\/soolaladu.ee\/toode\/vaakummeetodil-soogisool\/\",\"name\":\"Pure dried vacuum salt &#8211; Andrese Soolaladu\",\"isPartOf\":{\"@id\":\"https:\/\/soolaladu.ee\/#website\"},\"primaryImageOfPage\":{\"@id\":\"https:\/\/soolaladu.ee\/toode\/vaakummeetodil-soogisool\/#primaryimage\"},\"image\":{\"@id\":\"https:\/\/soolaladu.ee\/toode\/vaakummeetodil-soogisool\/#primaryimage\"},\"thumbnailUrl\":\"https:\/\/soolaladu.ee\/wp-content\/uploads\/2020\/05\/Vaakum-meetodil-peen-s\u00f6\u00f6gisool.jpg\",\"datePublished\":\"2020-05-15T07:32:01+00:00\",\"dateModified\":\"2020-12-14T10:32:51+00:00\",\"breadcrumb\":{\"@id\":\"https:\/\/soolaladu.ee\/toode\/vaakummeetodil-soogisool\/#breadcrumb\"},\"inLanguage\":\"en-US\",\"potentialAction\":[{\"@type\":\"ReadAction\",\"target\":[\"https:\/\/soolaladu.ee\/toode\/vaakummeetodil-soogisool\/\"]}]},{\"@type\":\"ImageObject\",\"inLanguage\":\"en-US\",\"@id\":\"https:\/\/soolaladu.ee\/toode\/vaakummeetodil-soogisool\/#primaryimage\",\"url\":\"https:\/\/soolaladu.ee\/wp-content\/uploads\/2020\/05\/Vaakum-meetodil-peen-s\u00f6\u00f6gisool.jpg\",\"contentUrl\":\"https:\/\/soolaladu.ee\/wp-content\/uploads\/2020\/05\/Vaakum-meetodil-peen-s\u00f6\u00f6gisool.jpg\",\"width\":1200,\"height\":1200},{\"@type\":\"BreadcrumbList\",\"@id\":\"https:\/\/soolaladu.ee\/toode\/vaakummeetodil-soogisool\/#breadcrumb\",\"itemListElement\":[{\"@type\":\"ListItem\",\"position\":1,\"name\":\"Home\",\"item\":\"https:\/\/soolaladu.ee\/en\/\"},{\"@type\":\"ListItem\",\"position\":2,\"name\":\"Tooted\",\"item\":\"https:\/\/soolaladu.ee\/tooted\/\"},{\"@type\":\"ListItem\",\"position\":3,\"name\":\"Pure dried vacuum salt\"}]},{\"@type\":\"WebSite\",\"@id\":\"https:\/\/soolaladu.ee\/#website\",\"url\":\"https:\/\/soolaladu.ee\/\",\"name\":\"Andrese Soolaladu\",\"description\":\"Suurim soola tarnija Eestis ja Baltimaades\",\"publisher\":{\"@id\":\"https:\/\/soolaladu.ee\/#organization\"},\"potentialAction\":[{\"@type\":\"SearchAction\",\"target\":{\"@type\":\"EntryPoint\",\"urlTemplate\":\"https:\/\/soolaladu.ee\/?s={search_term_string}\"},\"query-input\":{\"@type\":\"PropertyValueSpecification\",\"valueRequired\":true,\"valueName\":\"search_term_string\"}}],\"inLanguage\":\"en-US\"},{\"@type\":\"Organization\",\"@id\":\"https:\/\/soolaladu.ee\/#organization\",\"name\":\"Andrese Soolaladu O\u00dc\",\"url\":\"https:\/\/soolaladu.ee\/\",\"logo\":{\"@type\":\"ImageObject\",\"inLanguage\":\"en-US\",\"@id\":\"https:\/\/soolaladu.ee\/#\/schema\/logo\/image\/\",\"url\":\"\",\"contentUrl\":\"\",\"caption\":\"Andrese Soolaladu O\u00dc\"},\"image\":{\"@id\":\"https:\/\/soolaladu.ee\/#\/schema\/logo\/image\/\"},\"sameAs\":[\"https:\/\/www.linkedin.com\/in\/andrei-kirejenkov-414930117\/?originalSubdomain=ee\",\"https:\/\/www.youtube.com\/watch?time_continue=68&amp;amp;v=XC3sMbgpKbk&amp;amp;feature=emb_title\"]}]}<\/script>\n<!-- \/ Yoast SEO plugin. -->","yoast_head_json":{"title":"Pure dried vacuum salt &#8211; Andrese Soolaladu","robots":{"index":"index","follow":"follow","max-snippet":"max-snippet:-1","max-image-preview":"max-image-preview:large","max-video-preview":"max-video-preview:-1"},"canonical":"https:\/\/soolaladu.ee\/toode\/vaakummeetodil-soogisool\/","og_locale":"en_US","og_type":"article","og_title":"Pure dried vacuum salt &#8211; Andrese Soolaladu","og_description":"Seda soola kasutatakse k\u00f5ige sagedamini protsessides, kus soola rakendatakse lahustunud kujul. Graanulite erinevad suurused ja joodi lisamine v\u00f5imaldavad seda soola kasutada erinevates valdkondades, n\u00e4iteks piimatoodete, suupistete, v\u00fcrtsisegude ja pagaritoodete tootmises. Vaakum-s\u00f6\u00f6gisoola kasutatakse ka vorsti- ja lihatoodete, konservide ja valmistoitude valmistamisel.","og_url":"https:\/\/soolaladu.ee\/toode\/vaakummeetodil-soogisool\/","og_site_name":"Andrese Soolaladu","article_modified_time":"2020-12-14T10:32:51+00:00","og_image":[{"width":1200,"height":1200,"url":"https:\/\/soolaladu.ee\/wp-content\/uploads\/2020\/05\/Vaakum-meetodil-peen-s\u00f6\u00f6gisool.jpg","type":"image\/jpeg"}],"twitter_card":"summary_large_image","twitter_misc":{"Est. reading time":"1 minute"},"schema":{"@context":"https:\/\/schema.org","@graph":[{"@type":"WebPage","@id":"https:\/\/soolaladu.ee\/toode\/vaakummeetodil-soogisool\/","url":"https:\/\/soolaladu.ee\/toode\/vaakummeetodil-soogisool\/","name":"Pure dried vacuum salt &#8211; Andrese Soolaladu","isPartOf":{"@id":"https:\/\/soolaladu.ee\/#website"},"primaryImageOfPage":{"@id":"https:\/\/soolaladu.ee\/toode\/vaakummeetodil-soogisool\/#primaryimage"},"image":{"@id":"https:\/\/soolaladu.ee\/toode\/vaakummeetodil-soogisool\/#primaryimage"},"thumbnailUrl":"https:\/\/soolaladu.ee\/wp-content\/uploads\/2020\/05\/Vaakum-meetodil-peen-s\u00f6\u00f6gisool.jpg","datePublished":"2020-05-15T07:32:01+00:00","dateModified":"2020-12-14T10:32:51+00:00","breadcrumb":{"@id":"https:\/\/soolaladu.ee\/toode\/vaakummeetodil-soogisool\/#breadcrumb"},"inLanguage":"en-US","potentialAction":[{"@type":"ReadAction","target":["https:\/\/soolaladu.ee\/toode\/vaakummeetodil-soogisool\/"]}]},{"@type":"ImageObject","inLanguage":"en-US","@id":"https:\/\/soolaladu.ee\/toode\/vaakummeetodil-soogisool\/#primaryimage","url":"https:\/\/soolaladu.ee\/wp-content\/uploads\/2020\/05\/Vaakum-meetodil-peen-s\u00f6\u00f6gisool.jpg","contentUrl":"https:\/\/soolaladu.ee\/wp-content\/uploads\/2020\/05\/Vaakum-meetodil-peen-s\u00f6\u00f6gisool.jpg","width":1200,"height":1200},{"@type":"BreadcrumbList","@id":"https:\/\/soolaladu.ee\/toode\/vaakummeetodil-soogisool\/#breadcrumb","itemListElement":[{"@type":"ListItem","position":1,"name":"Home","item":"https:\/\/soolaladu.ee\/en\/"},{"@type":"ListItem","position":2,"name":"Tooted","item":"https:\/\/soolaladu.ee\/tooted\/"},{"@type":"ListItem","position":3,"name":"Pure dried vacuum salt"}]},{"@type":"WebSite","@id":"https:\/\/soolaladu.ee\/#website","url":"https:\/\/soolaladu.ee\/","name":"Andrese Soolaladu","description":"Suurim soola tarnija Eestis ja Baltimaades","publisher":{"@id":"https:\/\/soolaladu.ee\/#organization"},"potentialAction":[{"@type":"SearchAction","target":{"@type":"EntryPoint","urlTemplate":"https:\/\/soolaladu.ee\/?s={search_term_string}"},"query-input":{"@type":"PropertyValueSpecification","valueRequired":true,"valueName":"search_term_string"}}],"inLanguage":"en-US"},{"@type":"Organization","@id":"https:\/\/soolaladu.ee\/#organization","name":"Andrese Soolaladu O\u00dc","url":"https:\/\/soolaladu.ee\/","logo":{"@type":"ImageObject","inLanguage":"en-US","@id":"https:\/\/soolaladu.ee\/#\/schema\/logo\/image\/","url":"","contentUrl":"","caption":"Andrese Soolaladu O\u00dc"},"image":{"@id":"https:\/\/soolaladu.ee\/#\/schema\/logo\/image\/"},"sameAs":["https:\/\/www.linkedin.com\/in\/andrei-kirejenkov-414930117\/?originalSubdomain=ee","https:\/\/www.youtube.com\/watch?time_continue=68&amp;amp;v=XC3sMbgpKbk&amp;amp;feature=emb_title"]}]}},"_links":{"self":[{"href":"https:\/\/soolaladu.ee\/en\/wp-json\/wp\/v2\/product\/21184","targetHints":{"allow":["GET"]}}],"collection":[{"href":"https:\/\/soolaladu.ee\/en\/wp-json\/wp\/v2\/product"}],"about":[{"href":"https:\/\/soolaladu.ee\/en\/wp-json\/wp\/v2\/types\/product"}],"wp:featuredmedia":[{"embeddable":true,"href":"https:\/\/soolaladu.ee\/en\/wp-json\/wp\/v2\/media\/21302"}],"wp:attachment":[{"href":"https:\/\/soolaladu.ee\/en\/wp-json\/wp\/v2\/media?parent=21184"}],"wp:term":[{"taxonomy":"product_brand","embeddable":true,"href":"https:\/\/soolaladu.ee\/en\/wp-json\/wp\/v2\/product_brand?post=21184"},{"taxonomy":"product_cat","embeddable":true,"href":"https:\/\/soolaladu.ee\/en\/wp-json\/wp\/v2\/product_cat?post=21184"},{"taxonomy":"product_tag","embeddable":true,"href":"https:\/\/soolaladu.ee\/en\/wp-json\/wp\/v2\/product_tag?post=21184"}],"curies":[{"name":"wp","href":"https:\/\/api.w.org\/{rel}","templated":true}]}}