{"id":21181,"date":"2020-05-15T10:55:22","date_gmt":"2020-05-15T07:55:22","guid":{"rendered":"https:\/\/soolaladu.ee\/toode\/nitrile-salt\/"},"modified":"2020-12-14T12:32:22","modified_gmt":"2020-12-14T10:32:22","slug":"nitrisool","status":"publish","type":"product","link":"https:\/\/soolaladu.ee\/en\/toode\/nitrisool\/","title":{"rendered":"Nitrile salt"},"content":{"rendered":"<p>Nitritsool on edasiminek liha t\u00f6\u00f6tlemise valdkonnas. Peaaegu k\u00f5igi toodete tootmine on suuremal v\u00f5i v\u00e4hemal m\u00e4\u00e4ral seotud soola kasutamisega. Samal ajal m\u00e4\u00e4ratakse lihat\u00f6\u00f6stuse s\u00fcsteemides naatriumkloriidi osalusel toimuvate protsesside suund suuresti keemiliste lisandite kvantitatiivse ja kvalitatiivse koostisega, ning samuti kasutatava toidusoola mikrobioloogilise saastatuse tasemega. Toiduainet\u00f6\u00f6stuses kasutamiseks on k\u00f5ige perspektiivsemaks soolaliigiks vaakumsool, mis ei sisalda raskmetalle, ioone ega halofiilseid baktereid.<\/p>\n<p>K+S nitriitsoola segu on \u00fclipuhas vaakumsool, mille naatriumkloriidi sisaldus on v\u00e4hemalt 99,8%. See tulemus saavutatakse t\u00e4nu \u00f5rnale kristallumisprotsessile ja eriti puhta soolvee kasutamisele.<\/p>\n<p>Suurep\u00e4rased voolamisomadused ja ideaalne graanulite suurus (vahemikus 0,10 kuni 0,71 mm) muudavad K+S nitriitsoola segu v\u00e4ga h\u00f5lpsasti kasutatavaks ja tagavad parimad toidu s\u00e4ilitamise tulemused.<br \/>\nV\u00f5imalik on lisada joodi ja paakumisvastast ainet.<\/p>\n<p>Sool on l\u00e4binud ISO 9001: 2008 sertifitseerimise ja vastab HACCP sertifikaadi n\u00f5uetele.<\/p>\n<p><u>Konserveerimine<\/u> Lauasoola kasutamine p\u00e4rsib mikroorganismide arengut ja kasvu, v\u00e4hendades nende jaoks vajaliku vaba niiskuse hulka lihatoodetes. Seega sool vaid p\u00e4rsib baktereid ja hallitusseeni, kuid ei h\u00e4vita neid t\u00e4ielikult. Naatriumnitriit h\u00e4vitab eoselise mikrofloora, tungides l\u00e4bi bakteriraku sees oleva membraani ning takistades selle arengut.<\/p>\n<p><u>\u00a0<\/u><\/p>\n<p><u>V\u00e4rvus<\/u>. Nitriit reageerib liha m\u00fcoglobiiniga, mille k\u00e4igus moodustub nitrosom\u00fcoglobiin, mis annab tootele p\u00e4rast kuumt\u00f6\u00f6tlemist roosakaspunase v\u00e4rvi.<br \/>\nNitriidi koguse suurendamine viib intensiivsema v\u00e4rvuse moodustumise reaktsioonini ja pikendab valmistoote s\u00e4ilivusaega. V\u00e4rvuse tekkimise reaktsioon aktiveerub toote kuumutamisel \u00fcle 30 \u00b0C; temperatuuri edasise t\u00f5usu korral 60\u201370 \u00b0C-ni kaotavad nitrosom\u00fcoglobiin ja nitrosohemoglobiin denatureerimise t\u00f5ttu oma valguosa ning muunduvad nitrosohemokromageeniks ja nitrosomikromageeniks, mis annavad lihatootele punase v\u00e4rvi. Naatriumnitriidi puudumisel kulgeb v\u00e4rvuse moodustumise reaktsioon metm\u00fcoglobiini moodustumiseni ja valmistoode muutub p\u00e4rast kuumt\u00f6\u00f6tlust halliks, mis on enamiku lihatoodete ja vorstide puhul vastuv\u00f5etamatu.<\/p>\n<p><u>\u00a0<\/u><\/p>\n<p><u>Maitse.<\/u> Lauasool annab lihatoodetele teatud maitse, ning samas on kindlaks tehtud, et soola ja naatriumnitriidi kooskasutamine parandab oluliselt maitse v\u00e4ljendumist. Naatriumnitriit avaldab lipiididele antioks\u00fcdatiivset toimet, parandades lihatoodete organoleptilisi omadusi ja pikendades nende s\u00e4ilivusaega. Naatriumnitriit puhtal kujul on toksiin, seet\u00f5ttu on soovitatav kasutada nitriitsoola, et v\u00e4listada naatriumnitriidi \u00fcleannustamise v\u00f5imalust valmistootes, tagades sellega oma toodangu ohutuse.<\/p>\n<hr \/>\n<p><strong>Kasutamine:<\/strong><\/p>\n<p>Nitriitsoola kasutatakse suitsutatud liha, vorsti- ja singitoodete ning muude lihatoodete tootmiseks naatriumnitriidi, lauasoola ja l\u00e4mmastikhappelise naatriumi asemel. See on ette n\u00e4htud roosakaspunase v\u00e4rvuse moodustamiseks ja stabiliseerimiseks, soolase maitse andmiseks, s\u00e4ilivusaja pikendamiseks ja vorstitoodete maitse parandamiseks. Samuti kasutatakse seda m\u00f5nede kalatoodete tootmisel.<\/p>\n<p>Nitriitsoola segu kasutamine on ohutum, tehniliselt mugavam ja tehnoloogiliselt t\u00f5husam meetod, mis v\u00f5imaldab teil kujundada valmis lihatoodete v\u00e4limust ja maitset, mis on tarbija jaoks atraktiivne.<\/p>\n<hr \/>\n<p style=\"text-align: left;\"><strong>Pakend: \u00a0\u00a0\u00a0\u00a0\u00a0\u00a0\u00a0\u00a0\u00a0\u00a0\u00a0\u00a0\u00a0\u00a0\u00a0 <\/strong><\/p>\n<p>&#8211; kilest kotid, 25 kg<\/p>\n<p>&#8211; pol\u00fcprop\u00fcleenist kotid, 1000 kg (big bag)<\/p>\n<hr \/>\n<p>&nbsp;<\/p>\n<p>&nbsp;<\/p>\n<table style=\"width: 840px; height: 365px;\">\n<tbody>\n<tr>\n<th>\n<p style=\"text-align: left;\"><strong>Peamised keemilised n\u00e4itajad:<\/strong><\/p>\n<\/th>\n<th style=\"text-align: left;\"><strong>Norm<\/strong><\/th>\n<\/tr>\n<tr>\n<td>Naatriumkloriid (NaCl)<\/td>\n<td>99,4%<\/td>\n<\/tr>\n<tr>\n<td>Naatriumnitriit (NaNO<sub>2<\/sub>)<\/td>\n<td>0,55%<\/td>\n<\/tr>\n<tr>\n<td>Niiskusesisaldus (H<sub>2<\/sub>O)<\/td>\n<td>0,005%<\/td>\n<\/tr>\n<tr>\n<td>Paakumisvastane lisand (E-535)<\/td>\n<td>10 mg\/kg<\/td>\n<\/tr>\n<\/tbody>\n<\/table>\n<p>&nbsp;<\/p>\n","protected":false},"excerpt":{"rendered":"<p>Nitriitsoola kasutatakse suitsutatud liha, vorsti- ja singitoodete ning muude lihatoodete tootmiseks naatriumnitriidi, lauasoola ja l\u00e4mmastikhappelise naatriumi asemel. See on ette n\u00e4htud roosakaspunase v\u00e4rvuse moodustamiseks ja stabiliseerimiseks, soolase maitse andmiseks, s\u00e4ilivusaja pikendamiseks ja vorstitoodete maitse parandamiseks. Samuti kasutatakse seda m\u00f5nede kalatoodete tootmisel.<\/p>\n","protected":false},"featured_media":21299,"template":"","meta":{"om_disable_all_campaigns":false,"_monsterinsights_skip_tracking":false,"_monsterinsights_sitenote_active":false,"_monsterinsights_sitenote_note":"","_monsterinsights_sitenote_category":0},"product_brand":[],"product_cat":[501,510],"product_tag":[],"class_list":{"0":"post-21181","1":"product","2":"type-product","3":"status-publish","4":"has-post-thumbnail","6":"product_cat-salt","7":"product_cat-food-salt","9":"first","10":"instock","11":"featured","12":"taxable","13":"shipping-taxable","14":"product-type-simple"},"yoast_head":"<!-- This site is optimized with the Yoast SEO plugin v24.6 - https:\/\/yoast.com\/wordpress\/plugins\/seo\/ -->\n<title>Nitrile salt &#8211; Andrese Soolaladu<\/title>\n<meta name=\"robots\" content=\"index, follow, max-snippet:-1, max-image-preview:large, max-video-preview:-1\" \/>\n<link rel=\"canonical\" href=\"https:\/\/soolaladu.ee\/toode\/nitrisool\/\" \/>\n<meta property=\"og:locale\" content=\"en_US\" \/>\n<meta property=\"og:type\" content=\"article\" \/>\n<meta property=\"og:title\" content=\"Nitrile salt &#8211; Andrese Soolaladu\" \/>\n<meta property=\"og:description\" content=\"Nitriitsoola kasutatakse suitsutatud liha, vorsti- ja singitoodete ning muude lihatoodete tootmiseks naatriumnitriidi, lauasoola ja l\u00e4mmastikhappelise naatriumi asemel. See on ette n\u00e4htud roosakaspunase v\u00e4rvuse moodustamiseks ja stabiliseerimiseks, soolase maitse andmiseks, s\u00e4ilivusaja pikendamiseks ja vorstitoodete maitse parandamiseks. Samuti kasutatakse seda m\u00f5nede kalatoodete tootmisel.\" \/>\n<meta property=\"og:url\" content=\"https:\/\/soolaladu.ee\/toode\/nitrisool\/\" \/>\n<meta property=\"og:site_name\" content=\"Andrese Soolaladu\" \/>\n<meta property=\"article:modified_time\" content=\"2020-12-14T10:32:22+00:00\" \/>\n<meta property=\"og:image\" content=\"https:\/\/soolaladu.ee\/wp-content\/uploads\/2020\/05\/Nitritsool.jpg\" \/>\n\t<meta property=\"og:image:width\" content=\"1200\" \/>\n\t<meta property=\"og:image:height\" content=\"1200\" \/>\n\t<meta property=\"og:image:type\" content=\"image\/jpeg\" \/>\n<meta name=\"twitter:card\" content=\"summary_large_image\" \/>\n<meta name=\"twitter:label1\" content=\"Est. reading time\" \/>\n\t<meta name=\"twitter:data1\" content=\"2 minutes\" \/>\n<script type=\"application\/ld+json\" class=\"yoast-schema-graph\">{\"@context\":\"https:\/\/schema.org\",\"@graph\":[{\"@type\":\"WebPage\",\"@id\":\"https:\/\/soolaladu.ee\/toode\/nitrisool\/\",\"url\":\"https:\/\/soolaladu.ee\/toode\/nitrisool\/\",\"name\":\"Nitrile salt &#8211; Andrese Soolaladu\",\"isPartOf\":{\"@id\":\"https:\/\/soolaladu.ee\/#website\"},\"primaryImageOfPage\":{\"@id\":\"https:\/\/soolaladu.ee\/toode\/nitrisool\/#primaryimage\"},\"image\":{\"@id\":\"https:\/\/soolaladu.ee\/toode\/nitrisool\/#primaryimage\"},\"thumbnailUrl\":\"https:\/\/soolaladu.ee\/wp-content\/uploads\/2020\/05\/Nitritsool.jpg\",\"datePublished\":\"2020-05-15T07:55:22+00:00\",\"dateModified\":\"2020-12-14T10:32:22+00:00\",\"breadcrumb\":{\"@id\":\"https:\/\/soolaladu.ee\/toode\/nitrisool\/#breadcrumb\"},\"inLanguage\":\"en-US\",\"potentialAction\":[{\"@type\":\"ReadAction\",\"target\":[\"https:\/\/soolaladu.ee\/toode\/nitrisool\/\"]}]},{\"@type\":\"ImageObject\",\"inLanguage\":\"en-US\",\"@id\":\"https:\/\/soolaladu.ee\/toode\/nitrisool\/#primaryimage\",\"url\":\"https:\/\/soolaladu.ee\/wp-content\/uploads\/2020\/05\/Nitritsool.jpg\",\"contentUrl\":\"https:\/\/soolaladu.ee\/wp-content\/uploads\/2020\/05\/Nitritsool.jpg\",\"width\":1200,\"height\":1200},{\"@type\":\"BreadcrumbList\",\"@id\":\"https:\/\/soolaladu.ee\/toode\/nitrisool\/#breadcrumb\",\"itemListElement\":[{\"@type\":\"ListItem\",\"position\":1,\"name\":\"Home\",\"item\":\"https:\/\/soolaladu.ee\/en\/\"},{\"@type\":\"ListItem\",\"position\":2,\"name\":\"Tooted\",\"item\":\"https:\/\/soolaladu.ee\/tooted\/\"},{\"@type\":\"ListItem\",\"position\":3,\"name\":\"Nitrile salt\"}]},{\"@type\":\"WebSite\",\"@id\":\"https:\/\/soolaladu.ee\/#website\",\"url\":\"https:\/\/soolaladu.ee\/\",\"name\":\"Andrese Soolaladu\",\"description\":\"Suurim soola tarnija Eestis ja Baltimaades\",\"publisher\":{\"@id\":\"https:\/\/soolaladu.ee\/#organization\"},\"potentialAction\":[{\"@type\":\"SearchAction\",\"target\":{\"@type\":\"EntryPoint\",\"urlTemplate\":\"https:\/\/soolaladu.ee\/?s={search_term_string}\"},\"query-input\":{\"@type\":\"PropertyValueSpecification\",\"valueRequired\":true,\"valueName\":\"search_term_string\"}}],\"inLanguage\":\"en-US\"},{\"@type\":\"Organization\",\"@id\":\"https:\/\/soolaladu.ee\/#organization\",\"name\":\"Andrese Soolaladu O\u00dc\",\"url\":\"https:\/\/soolaladu.ee\/\",\"logo\":{\"@type\":\"ImageObject\",\"inLanguage\":\"en-US\",\"@id\":\"https:\/\/soolaladu.ee\/#\/schema\/logo\/image\/\",\"url\":\"\",\"contentUrl\":\"\",\"caption\":\"Andrese Soolaladu O\u00dc\"},\"image\":{\"@id\":\"https:\/\/soolaladu.ee\/#\/schema\/logo\/image\/\"},\"sameAs\":[\"https:\/\/www.linkedin.com\/in\/andrei-kirejenkov-414930117\/?originalSubdomain=ee\",\"https:\/\/www.youtube.com\/watch?time_continue=68&amp;amp;v=XC3sMbgpKbk&amp;amp;feature=emb_title\"]}]}<\/script>\n<!-- \/ Yoast SEO plugin. -->","yoast_head_json":{"title":"Nitrile salt &#8211; Andrese Soolaladu","robots":{"index":"index","follow":"follow","max-snippet":"max-snippet:-1","max-image-preview":"max-image-preview:large","max-video-preview":"max-video-preview:-1"},"canonical":"https:\/\/soolaladu.ee\/toode\/nitrisool\/","og_locale":"en_US","og_type":"article","og_title":"Nitrile salt &#8211; Andrese Soolaladu","og_description":"Nitriitsoola kasutatakse suitsutatud liha, vorsti- ja singitoodete ning muude lihatoodete tootmiseks naatriumnitriidi, lauasoola ja l\u00e4mmastikhappelise naatriumi asemel. See on ette n\u00e4htud roosakaspunase v\u00e4rvuse moodustamiseks ja stabiliseerimiseks, soolase maitse andmiseks, s\u00e4ilivusaja pikendamiseks ja vorstitoodete maitse parandamiseks. Samuti kasutatakse seda m\u00f5nede kalatoodete tootmisel.","og_url":"https:\/\/soolaladu.ee\/toode\/nitrisool\/","og_site_name":"Andrese Soolaladu","article_modified_time":"2020-12-14T10:32:22+00:00","og_image":[{"width":1200,"height":1200,"url":"https:\/\/soolaladu.ee\/wp-content\/uploads\/2020\/05\/Nitritsool.jpg","type":"image\/jpeg"}],"twitter_card":"summary_large_image","twitter_misc":{"Est. reading time":"2 minutes"},"schema":{"@context":"https:\/\/schema.org","@graph":[{"@type":"WebPage","@id":"https:\/\/soolaladu.ee\/toode\/nitrisool\/","url":"https:\/\/soolaladu.ee\/toode\/nitrisool\/","name":"Nitrile salt &#8211; Andrese Soolaladu","isPartOf":{"@id":"https:\/\/soolaladu.ee\/#website"},"primaryImageOfPage":{"@id":"https:\/\/soolaladu.ee\/toode\/nitrisool\/#primaryimage"},"image":{"@id":"https:\/\/soolaladu.ee\/toode\/nitrisool\/#primaryimage"},"thumbnailUrl":"https:\/\/soolaladu.ee\/wp-content\/uploads\/2020\/05\/Nitritsool.jpg","datePublished":"2020-05-15T07:55:22+00:00","dateModified":"2020-12-14T10:32:22+00:00","breadcrumb":{"@id":"https:\/\/soolaladu.ee\/toode\/nitrisool\/#breadcrumb"},"inLanguage":"en-US","potentialAction":[{"@type":"ReadAction","target":["https:\/\/soolaladu.ee\/toode\/nitrisool\/"]}]},{"@type":"ImageObject","inLanguage":"en-US","@id":"https:\/\/soolaladu.ee\/toode\/nitrisool\/#primaryimage","url":"https:\/\/soolaladu.ee\/wp-content\/uploads\/2020\/05\/Nitritsool.jpg","contentUrl":"https:\/\/soolaladu.ee\/wp-content\/uploads\/2020\/05\/Nitritsool.jpg","width":1200,"height":1200},{"@type":"BreadcrumbList","@id":"https:\/\/soolaladu.ee\/toode\/nitrisool\/#breadcrumb","itemListElement":[{"@type":"ListItem","position":1,"name":"Home","item":"https:\/\/soolaladu.ee\/en\/"},{"@type":"ListItem","position":2,"name":"Tooted","item":"https:\/\/soolaladu.ee\/tooted\/"},{"@type":"ListItem","position":3,"name":"Nitrile salt"}]},{"@type":"WebSite","@id":"https:\/\/soolaladu.ee\/#website","url":"https:\/\/soolaladu.ee\/","name":"Andrese Soolaladu","description":"Suurim soola tarnija Eestis ja Baltimaades","publisher":{"@id":"https:\/\/soolaladu.ee\/#organization"},"potentialAction":[{"@type":"SearchAction","target":{"@type":"EntryPoint","urlTemplate":"https:\/\/soolaladu.ee\/?s={search_term_string}"},"query-input":{"@type":"PropertyValueSpecification","valueRequired":true,"valueName":"search_term_string"}}],"inLanguage":"en-US"},{"@type":"Organization","@id":"https:\/\/soolaladu.ee\/#organization","name":"Andrese Soolaladu O\u00dc","url":"https:\/\/soolaladu.ee\/","logo":{"@type":"ImageObject","inLanguage":"en-US","@id":"https:\/\/soolaladu.ee\/#\/schema\/logo\/image\/","url":"","contentUrl":"","caption":"Andrese Soolaladu O\u00dc"},"image":{"@id":"https:\/\/soolaladu.ee\/#\/schema\/logo\/image\/"},"sameAs":["https:\/\/www.linkedin.com\/in\/andrei-kirejenkov-414930117\/?originalSubdomain=ee","https:\/\/www.youtube.com\/watch?time_continue=68&amp;amp;v=XC3sMbgpKbk&amp;amp;feature=emb_title"]}]}},"_links":{"self":[{"href":"https:\/\/soolaladu.ee\/en\/wp-json\/wp\/v2\/product\/21181","targetHints":{"allow":["GET"]}}],"collection":[{"href":"https:\/\/soolaladu.ee\/en\/wp-json\/wp\/v2\/product"}],"about":[{"href":"https:\/\/soolaladu.ee\/en\/wp-json\/wp\/v2\/types\/product"}],"wp:featuredmedia":[{"embeddable":true,"href":"https:\/\/soolaladu.ee\/en\/wp-json\/wp\/v2\/media\/21299"}],"wp:attachment":[{"href":"https:\/\/soolaladu.ee\/en\/wp-json\/wp\/v2\/media?parent=21181"}],"wp:term":[{"taxonomy":"product_brand","embeddable":true,"href":"https:\/\/soolaladu.ee\/en\/wp-json\/wp\/v2\/product_brand?post=21181"},{"taxonomy":"product_cat","embeddable":true,"href":"https:\/\/soolaladu.ee\/en\/wp-json\/wp\/v2\/product_cat?post=21181"},{"taxonomy":"product_tag","embeddable":true,"href":"https:\/\/soolaladu.ee\/en\/wp-json\/wp\/v2\/product_tag?post=21181"}],"curies":[{"name":"wp","href":"https:\/\/api.w.org\/{rel}","templated":true}]}}