{"id":21177,"date":"2020-05-15T11:30:33","date_gmt":"2020-05-15T08:30:33","guid":{"rendered":"https:\/\/soolaladu.ee\/toode\/salt-lick-wildlife\/"},"modified":"2020-12-14T12:31:51","modified_gmt":"2020-12-14T10:31:51","slug":"lakukivi-metsloomadele","status":"publish","type":"product","link":"https:\/\/soolaladu.ee\/en\/toode\/lakukivi-metsloomadele\/","title":{"rendered":"Lick block, for wild animals"},"content":{"rendered":"<p><strong>Mineraaliderikas lakusoola plokk metsloomadele SOLSEL Wild, K+S<\/strong><\/p>\n<p><strong>Kirjeldus: <\/strong><\/p>\n<p>Mineraaliderikas lakusool aitab rahuldada metsloomade, eriti taimetoiduliste, vajadusi mineraalainete j\u00e4rele. Nad saavad pikka aega hakkama ilma muud t\u00fc\u00fcpi toiduta, kuid mineraalidepuudus paneb neid m\u00f5nikord l\u00e4bima pikemaid teekondi. Taimetoiduliste vajadus naatriumkloriidi j\u00e4rele on seletatav asjaoluga, et taimses toidus on rohkesti kaaliumi, kuid samal ajal v\u00e4he naatriumi. Ja see mineraal on vajalik keha kasvu ja normaalse ainevahetuse ning p\u00f5hiliste f\u00fcsioloogiliste protsesside toimimiseks. Lauasool hoiab vereplasmas ja koevedelikes r\u00f5hku ning reguleerib ka soola ja vee tasakaalu. Selle kasutamine stimuleerib s\u00f6\u00f6giisu ja hoiab \u00e4ra mitut t\u00fc\u00fcpi haigusi. Selle aine puudus m\u00f5jutab n\u00e4rvis\u00fcsteemi. Lisaks eritub higistamise ajal organismist ulatuslikult naatriumkloriidi.<\/p>\n<p>SOLSEL metsloomadele m\u00f5eldud loodusliku mineraalsoola plokk sisaldab vaakumsoola, kaltsiumi ja magneesiumi. Selline plokk v\u00f5imaldab teil t\u00e4ita looma igap\u00e4evast vajadust nende ainete j\u00e4rele, suurendab t\u00f6\u00f6v\u00f5imet ja hoiab \u00e4ra mineraalide puudusest tingitud haigusi. P\u00f5der, hirv, metskits, maral, punahirv ja j\u00e4nes harjuvad soolaplokiga kiiresti. Tuleb m\u00e4rkida, et hirved lakuvad soola m\u00f5nuga igal aastaajal. Seet\u00f5ttu saab neid soolaploki abil isegi mingil m\u00e4\u00e4ral kodustada. Hirved ka kraabivad plokki kabjaga, p\u00fc\u00fcdes seda \u00e4ra m\u00e4rgistada, mis omakorda meelitab ligi veelgi rohkem loomi.<\/p>\n<p>SOLSEL Wild ploki suur tihedus teeb selle temperatuuri k\u00f5ikumisele ja sademetele vastupidavaks. Lihtne ja mugav kasutada.<\/p>\n<hr \/>\n<p><strong>Kasutamine:<\/strong><\/p>\n<p>Metsloomade mineraalsoolaplokk on efektiivne mineraals\u00f6\u00f6t igat liiki loomadele ja seda kasutatakse jahimajandites. Suuruse ja kaalu poolest sobivad soolaplokid eriti h\u00e4sti veiste, hobuste, lammaste, kitsede, sigade, aga ka suuremate metsloomade s\u00f6\u00f6tmiseks.<\/p>\n<p>Plokk tuleks asetada s\u00f6\u00f6turisse v\u00f5i riputada \u00fcles umbes inimese \u00f5la k\u00f5rgusele, ning loomad saavad ise tarbida vajaliku koguse soola.<\/p>\n<hr \/>\n<p style=\"text-align: left;\"><strong>Pakend: \u00a0\u00a0\u00a0\u00a0\u00a0\u00a0\u00a0\u00a0\u00a0\u00a0\u00a0\u00a0\u00a0\u00a0\u00a0 <\/strong><\/p>\n<p>\u00a0&#8211; 10 kg soolaplokid, m\u00f5\u00f5tmed 185x185x155 mm, ava l\u00e4bim\u00f5\u00f5t 30 mm, 96 tk EURO kaubaalusel<\/p>\n<hr \/>\n<p>&nbsp;<\/p>\n<table style=\"width: 840px; height: 365px;\">\n<tbody>\n<tr>\n<th>\n<p style=\"text-align: left;\"><strong>Peamised keemilised n\u00e4itajad:<\/strong><\/p>\n<\/th>\n<th style=\"text-align: left;\"><strong>Norm<\/strong><\/th>\n<\/tr>\n<tr>\n<td>Naatriumkloriid (NaCl)<\/td>\n<td>97%<\/td>\n<\/tr>\n<tr>\n<td>Kaltsiumkarbonaat<\/td>\n<td>4,1%<\/td>\n<\/tr>\n<tr>\n<td>Naatrium (Na)<\/td>\n<td>38%<\/td>\n<\/tr>\n<tr>\n<td>Kaltsium<\/td>\n<td>0,8%<\/td>\n<\/tr>\n<tr>\n<td>Magneesium<\/td>\n<td>0,1%<\/td>\n<\/tr>\n<tr>\n<td>Fosfor<\/td>\n<td>0,0%<\/td>\n<\/tr>\n<tr>\n<td>S\u00f6\u00f6da toidulisandid:<\/td>\n<td><\/td>\n<\/tr>\n<tr>\n<td>Tsink (tsinkoksiid)<\/td>\n<td>1071 mg\/kg<\/td>\n<\/tr>\n<tr>\n<td>Mangaan (mangaan (II) oksiid)<\/td>\n<td>1000 mg\/kg<\/td>\n<\/tr>\n<tr>\n<td>Vask (vaskoksiid)<\/td>\n<td>1158 mg\/kg<\/td>\n<\/tr>\n<tr>\n<td>Raud (raud (III) oksiid)<\/td>\n<td>503 mg\/kg<\/td>\n<\/tr>\n<tr>\n<td>Jood (kaltsiumjodaat)<\/td>\n<td>102 mg\/kg<\/td>\n<\/tr>\n<tr>\n<td>Seleen (naatriumseleniit)<\/td>\n<td>25 mg\/kg<\/td>\n<\/tr>\n<\/tbody>\n<\/table>\n<p>&nbsp;<\/p>\n<p>Rohkem informatsiooni leiate tootja kodulehelt: <a href=\"https:\/\/www.solsel.de\/en\/products\/wild\/\">https:\/\/www.solsel.de\/en\/products\/wild\/<\/a><\/p>\n<p>&nbsp;<\/p>\n","protected":false},"excerpt":{"rendered":"<p>Mineraalidega soola lakukivi aitab rahuldada metsloomade, eriti taimtoiduliste vajadusi mineraalide toitumises. Nad v\u00f5ivad olla pikka aega ilma muud liiki s\u00f6\u00f6tadeta, kuid mineraalainete puudus sunnib neid sageli l\u00e4bima pikki vahemaid. Taimtoiduliste naatriumkloriidi vajadus on p\u00f5hjendatud sellega, et rohelus on kaaliumi t\u00e4is, kuid samas madala naatriumisisaldusega. Just see mineraal on vajalik organismi arenguks, normaalseks ainevahetuseks ja p\u00f5hilisteks f\u00fcsioloogilisteks protsessideks.<\/p>\n","protected":false},"featured_media":21281,"template":"","meta":{"om_disable_all_campaigns":false,"_monsterinsights_skip_tracking":false,"_monsterinsights_sitenote_active":false,"_monsterinsights_sitenote_note":"","_monsterinsights_sitenote_category":0},"product_brand":[],"product_cat":[501,505,506],"product_tag":[],"class_list":{"0":"post-21177","1":"product","2":"type-product","3":"status-publish","4":"has-post-thumbnail","6":"product_cat-salt","7":"product_cat-feed-salt","8":"product_cat-salt-lick","10":"first","11":"instock","12":"taxable","13":"shipping-taxable","14":"product-type-simple"},"yoast_head":"<!-- This site is optimized with the Yoast SEO plugin v24.6 - https:\/\/yoast.com\/wordpress\/plugins\/seo\/ -->\n<title>Lick block, for wild animals &#8211; Andrese Soolaladu<\/title>\n<meta name=\"robots\" content=\"index, follow, max-snippet:-1, max-image-preview:large, max-video-preview:-1\" \/>\n<link rel=\"canonical\" href=\"https:\/\/soolaladu.ee\/toode\/lakukivi-metsloomadele\/\" \/>\n<meta property=\"og:locale\" content=\"en_US\" \/>\n<meta property=\"og:type\" content=\"article\" \/>\n<meta property=\"og:title\" content=\"Lick block, for wild animals &#8211; Andrese Soolaladu\" \/>\n<meta property=\"og:description\" content=\"Mineraalidega soola lakukivi aitab rahuldada metsloomade, eriti taimtoiduliste vajadusi mineraalide toitumises. Nad v\u00f5ivad olla pikka aega ilma muud liiki s\u00f6\u00f6tadeta, kuid mineraalainete puudus sunnib neid sageli l\u00e4bima pikki vahemaid. Taimtoiduliste naatriumkloriidi vajadus on p\u00f5hjendatud sellega, et rohelus on kaaliumi t\u00e4is, kuid samas madala naatriumisisaldusega. Just see mineraal on vajalik organismi arenguks, normaalseks ainevahetuseks ja p\u00f5hilisteks f\u00fcsioloogilisteks protsessideks.\" \/>\n<meta property=\"og:url\" content=\"https:\/\/soolaladu.ee\/toode\/lakukivi-metsloomadele\/\" \/>\n<meta property=\"og:site_name\" content=\"Andrese Soolaladu\" \/>\n<meta property=\"article:modified_time\" content=\"2020-12-14T10:31:51+00:00\" \/>\n<meta property=\"og:image\" content=\"https:\/\/soolaladu.ee\/wp-content\/uploads\/2020\/05\/Lakukivi-metsloomadele.jpg\" \/>\n\t<meta property=\"og:image:width\" content=\"1250\" \/>\n\t<meta property=\"og:image:height\" content=\"1250\" \/>\n\t<meta property=\"og:image:type\" content=\"image\/jpeg\" \/>\n<meta name=\"twitter:card\" content=\"summary_large_image\" \/>\n<meta name=\"twitter:label1\" content=\"Est. reading time\" \/>\n\t<meta name=\"twitter:data1\" content=\"2 minutes\" \/>\n<script type=\"application\/ld+json\" class=\"yoast-schema-graph\">{\"@context\":\"https:\/\/schema.org\",\"@graph\":[{\"@type\":\"WebPage\",\"@id\":\"https:\/\/soolaladu.ee\/toode\/lakukivi-metsloomadele\/\",\"url\":\"https:\/\/soolaladu.ee\/toode\/lakukivi-metsloomadele\/\",\"name\":\"Lick block, for wild animals &#8211; Andrese Soolaladu\",\"isPartOf\":{\"@id\":\"https:\/\/soolaladu.ee\/#website\"},\"primaryImageOfPage\":{\"@id\":\"https:\/\/soolaladu.ee\/toode\/lakukivi-metsloomadele\/#primaryimage\"},\"image\":{\"@id\":\"https:\/\/soolaladu.ee\/toode\/lakukivi-metsloomadele\/#primaryimage\"},\"thumbnailUrl\":\"https:\/\/soolaladu.ee\/wp-content\/uploads\/2020\/05\/Lakukivi-metsloomadele.jpg\",\"datePublished\":\"2020-05-15T08:30:33+00:00\",\"dateModified\":\"2020-12-14T10:31:51+00:00\",\"breadcrumb\":{\"@id\":\"https:\/\/soolaladu.ee\/toode\/lakukivi-metsloomadele\/#breadcrumb\"},\"inLanguage\":\"en-US\",\"potentialAction\":[{\"@type\":\"ReadAction\",\"target\":[\"https:\/\/soolaladu.ee\/toode\/lakukivi-metsloomadele\/\"]}]},{\"@type\":\"ImageObject\",\"inLanguage\":\"en-US\",\"@id\":\"https:\/\/soolaladu.ee\/toode\/lakukivi-metsloomadele\/#primaryimage\",\"url\":\"https:\/\/soolaladu.ee\/wp-content\/uploads\/2020\/05\/Lakukivi-metsloomadele.jpg\",\"contentUrl\":\"https:\/\/soolaladu.ee\/wp-content\/uploads\/2020\/05\/Lakukivi-metsloomadele.jpg\",\"width\":1250,\"height\":1250},{\"@type\":\"BreadcrumbList\",\"@id\":\"https:\/\/soolaladu.ee\/toode\/lakukivi-metsloomadele\/#breadcrumb\",\"itemListElement\":[{\"@type\":\"ListItem\",\"position\":1,\"name\":\"Home\",\"item\":\"https:\/\/soolaladu.ee\/en\/\"},{\"@type\":\"ListItem\",\"position\":2,\"name\":\"Tooted\",\"item\":\"https:\/\/soolaladu.ee\/tooted\/\"},{\"@type\":\"ListItem\",\"position\":3,\"name\":\"Lick block, for wild animals\"}]},{\"@type\":\"WebSite\",\"@id\":\"https:\/\/soolaladu.ee\/#website\",\"url\":\"https:\/\/soolaladu.ee\/\",\"name\":\"Andrese Soolaladu\",\"description\":\"Suurim soola tarnija Eestis ja Baltimaades\",\"publisher\":{\"@id\":\"https:\/\/soolaladu.ee\/#organization\"},\"potentialAction\":[{\"@type\":\"SearchAction\",\"target\":{\"@type\":\"EntryPoint\",\"urlTemplate\":\"https:\/\/soolaladu.ee\/?s={search_term_string}\"},\"query-input\":{\"@type\":\"PropertyValueSpecification\",\"valueRequired\":true,\"valueName\":\"search_term_string\"}}],\"inLanguage\":\"en-US\"},{\"@type\":\"Organization\",\"@id\":\"https:\/\/soolaladu.ee\/#organization\",\"name\":\"Andrese Soolaladu O\u00dc\",\"url\":\"https:\/\/soolaladu.ee\/\",\"logo\":{\"@type\":\"ImageObject\",\"inLanguage\":\"en-US\",\"@id\":\"https:\/\/soolaladu.ee\/#\/schema\/logo\/image\/\",\"url\":\"\",\"contentUrl\":\"\",\"caption\":\"Andrese Soolaladu O\u00dc\"},\"image\":{\"@id\":\"https:\/\/soolaladu.ee\/#\/schema\/logo\/image\/\"},\"sameAs\":[\"https:\/\/www.linkedin.com\/in\/andrei-kirejenkov-414930117\/?originalSubdomain=ee\",\"https:\/\/www.youtube.com\/watch?time_continue=68&amp;amp;v=XC3sMbgpKbk&amp;amp;feature=emb_title\"]}]}<\/script>\n<!-- \/ Yoast SEO plugin. -->","yoast_head_json":{"title":"Lick block, for wild animals &#8211; Andrese Soolaladu","robots":{"index":"index","follow":"follow","max-snippet":"max-snippet:-1","max-image-preview":"max-image-preview:large","max-video-preview":"max-video-preview:-1"},"canonical":"https:\/\/soolaladu.ee\/toode\/lakukivi-metsloomadele\/","og_locale":"en_US","og_type":"article","og_title":"Lick block, for wild animals &#8211; Andrese Soolaladu","og_description":"Mineraalidega soola lakukivi aitab rahuldada metsloomade, eriti taimtoiduliste vajadusi mineraalide toitumises. Nad v\u00f5ivad olla pikka aega ilma muud liiki s\u00f6\u00f6tadeta, kuid mineraalainete puudus sunnib neid sageli l\u00e4bima pikki vahemaid. Taimtoiduliste naatriumkloriidi vajadus on p\u00f5hjendatud sellega, et rohelus on kaaliumi t\u00e4is, kuid samas madala naatriumisisaldusega. Just see mineraal on vajalik organismi arenguks, normaalseks ainevahetuseks ja p\u00f5hilisteks f\u00fcsioloogilisteks protsessideks.","og_url":"https:\/\/soolaladu.ee\/toode\/lakukivi-metsloomadele\/","og_site_name":"Andrese Soolaladu","article_modified_time":"2020-12-14T10:31:51+00:00","og_image":[{"width":1250,"height":1250,"url":"https:\/\/soolaladu.ee\/wp-content\/uploads\/2020\/05\/Lakukivi-metsloomadele.jpg","type":"image\/jpeg"}],"twitter_card":"summary_large_image","twitter_misc":{"Est. reading time":"2 minutes"},"schema":{"@context":"https:\/\/schema.org","@graph":[{"@type":"WebPage","@id":"https:\/\/soolaladu.ee\/toode\/lakukivi-metsloomadele\/","url":"https:\/\/soolaladu.ee\/toode\/lakukivi-metsloomadele\/","name":"Lick block, for wild animals &#8211; Andrese Soolaladu","isPartOf":{"@id":"https:\/\/soolaladu.ee\/#website"},"primaryImageOfPage":{"@id":"https:\/\/soolaladu.ee\/toode\/lakukivi-metsloomadele\/#primaryimage"},"image":{"@id":"https:\/\/soolaladu.ee\/toode\/lakukivi-metsloomadele\/#primaryimage"},"thumbnailUrl":"https:\/\/soolaladu.ee\/wp-content\/uploads\/2020\/05\/Lakukivi-metsloomadele.jpg","datePublished":"2020-05-15T08:30:33+00:00","dateModified":"2020-12-14T10:31:51+00:00","breadcrumb":{"@id":"https:\/\/soolaladu.ee\/toode\/lakukivi-metsloomadele\/#breadcrumb"},"inLanguage":"en-US","potentialAction":[{"@type":"ReadAction","target":["https:\/\/soolaladu.ee\/toode\/lakukivi-metsloomadele\/"]}]},{"@type":"ImageObject","inLanguage":"en-US","@id":"https:\/\/soolaladu.ee\/toode\/lakukivi-metsloomadele\/#primaryimage","url":"https:\/\/soolaladu.ee\/wp-content\/uploads\/2020\/05\/Lakukivi-metsloomadele.jpg","contentUrl":"https:\/\/soolaladu.ee\/wp-content\/uploads\/2020\/05\/Lakukivi-metsloomadele.jpg","width":1250,"height":1250},{"@type":"BreadcrumbList","@id":"https:\/\/soolaladu.ee\/toode\/lakukivi-metsloomadele\/#breadcrumb","itemListElement":[{"@type":"ListItem","position":1,"name":"Home","item":"https:\/\/soolaladu.ee\/en\/"},{"@type":"ListItem","position":2,"name":"Tooted","item":"https:\/\/soolaladu.ee\/tooted\/"},{"@type":"ListItem","position":3,"name":"Lick block, for wild animals"}]},{"@type":"WebSite","@id":"https:\/\/soolaladu.ee\/#website","url":"https:\/\/soolaladu.ee\/","name":"Andrese Soolaladu","description":"Suurim soola tarnija Eestis ja Baltimaades","publisher":{"@id":"https:\/\/soolaladu.ee\/#organization"},"potentialAction":[{"@type":"SearchAction","target":{"@type":"EntryPoint","urlTemplate":"https:\/\/soolaladu.ee\/?s={search_term_string}"},"query-input":{"@type":"PropertyValueSpecification","valueRequired":true,"valueName":"search_term_string"}}],"inLanguage":"en-US"},{"@type":"Organization","@id":"https:\/\/soolaladu.ee\/#organization","name":"Andrese Soolaladu O\u00dc","url":"https:\/\/soolaladu.ee\/","logo":{"@type":"ImageObject","inLanguage":"en-US","@id":"https:\/\/soolaladu.ee\/#\/schema\/logo\/image\/","url":"","contentUrl":"","caption":"Andrese Soolaladu O\u00dc"},"image":{"@id":"https:\/\/soolaladu.ee\/#\/schema\/logo\/image\/"},"sameAs":["https:\/\/www.linkedin.com\/in\/andrei-kirejenkov-414930117\/?originalSubdomain=ee","https:\/\/www.youtube.com\/watch?time_continue=68&amp;amp;v=XC3sMbgpKbk&amp;amp;feature=emb_title"]}]}},"_links":{"self":[{"href":"https:\/\/soolaladu.ee\/en\/wp-json\/wp\/v2\/product\/21177","targetHints":{"allow":["GET"]}}],"collection":[{"href":"https:\/\/soolaladu.ee\/en\/wp-json\/wp\/v2\/product"}],"about":[{"href":"https:\/\/soolaladu.ee\/en\/wp-json\/wp\/v2\/types\/product"}],"wp:featuredmedia":[{"embeddable":true,"href":"https:\/\/soolaladu.ee\/en\/wp-json\/wp\/v2\/media\/21281"}],"wp:attachment":[{"href":"https:\/\/soolaladu.ee\/en\/wp-json\/wp\/v2\/media?parent=21177"}],"wp:term":[{"taxonomy":"product_brand","embeddable":true,"href":"https:\/\/soolaladu.ee\/en\/wp-json\/wp\/v2\/product_brand?post=21177"},{"taxonomy":"product_cat","embeddable":true,"href":"https:\/\/soolaladu.ee\/en\/wp-json\/wp\/v2\/product_cat?post=21177"},{"taxonomy":"product_tag","embeddable":true,"href":"https:\/\/soolaladu.ee\/en\/wp-json\/wp\/v2\/product_tag?post=21177"}],"curies":[{"name":"wp","href":"https:\/\/api.w.org\/{rel}","templated":true}]}}