{"id":21176,"date":"2020-05-15T11:37:51","date_gmt":"2020-05-15T08:37:51","guid":{"rendered":"https:\/\/soolaladu.ee\/toode\/21176\/"},"modified":"2020-12-14T12:31:44","modified_gmt":"2020-12-14T10:31:44","slug":"kivisool-tiikide-ja-akvaariumite-jaoks","status":"publish","type":"product","link":"https:\/\/soolaladu.ee\/en\/toode\/kivisool-tiikide-ja-akvaariumite-jaoks\/","title":{"rendered":"Rock salt for ponds and aquariums"},"content":{"rendered":"<p>Tiikide ja akvaariumide kivisool on kvaliteetne, \u00fclipuhas kivisool, mille suurus sobib ideaalselt kasutamiseks \u00a0mageveekogudes ja dekoratiivkalade akvaariumides.<br \/>\nToode t\u00f6\u00f6tati v\u00e4lja koost\u00f6\u00f6s ekspertidega.<\/p>\n<p>See sool ekstraheeritakse lademetest, mis tekkisid umbes 200 miljonit aastat tagasi Zechsteini merel ja mida eristab k\u00f5rge naatriumkloriidisisaldus \u00a0(99%) ning erkvalge v\u00e4rvus, mis tagab toote k\u00f5rge kvaliteedi.<\/p>\n<p>Erinevates kontsentratsioonides vees lahustuvat tiikide ja akvaariumide K + S kivisoola kasutatakse j\u00e4rgmiste \u00fclesannete t\u00e4itmiseks:<\/p>\n<p>&#8211; kindlaks m\u00e4\u00e4ratud soolasus aitab v\u00e4hendada kaladel stressi, n\u00e4iteks p\u00e4rast pikka transportimist v\u00f5i p\u00e4rast uude tiiki \u00fcleviimist;<\/p>\n<p>&#8211; kindlaks m\u00e4\u00e4ratud soolasust kasutatakse ka n\u00f5rgemate kalade liikuvuse ja aktiivsuse suurendamiseks;<\/p>\n<p>&#8211; kalade ujumine soolavannis soodustab neil limamembraani tekkimist, aitab v\u00f5idelda parasiitidega ja hoiab \u00e4ra haigusi;<\/p>\n<p>Teatud soolasusega vesi aitab muuhulgas v\u00f5idelda ka vetikate kasvuga.<\/p>\n<hr \/>\n<p><strong>Kasutamine:<\/strong><\/p>\n<p>Seda kasutatakse mageveekogudes ja dekoratiivkalade, n\u00e4iteks Koi karpkala, akvaariumides.<\/p>\n<p>Eelnevalt valmistatud kontsentreeritud lahus soovitatakse lisada j\u00e4rk-j\u00e4rgult ja v\u00e4ikestes kogustes tiigi- v\u00f5i akvaariumivette, jaotades seda \u00fchtlaselt. Vastasel juhul v\u00f5ib erinev soolakontsentratsioon vees p\u00f5hjustada kaladele t\u00e4iendavat stressi ja kahjustada nende tervist.<\/p>\n<p>Alati tasub p\u00f6\u00f6rduda spetsialistide poole.<\/p>\n<p>Kontsentratsioon: 2-5 kg 1000 liitri kohta.<\/p>\n<hr \/>\n<p style=\"text-align: left;\"><strong>Pakend: \u00a0\u00a0\u00a0\u00a0\u00a0\u00a0\u00a0\u00a0\u00a0\u00a0\u00a0\u00a0\u00a0\u00a0\u00a0 <\/strong><\/p>\n<p>&#8211; kilest kotid, 10 kg<\/p>\n<hr \/>\n<p>&nbsp;<\/p>\n<table style=\"width: 840px; height: 365px;\">\n<tbody>\n<tr>\n<th>\n<p style=\"text-align: left;\"><strong>Peamised keemilised n\u00e4itajad:<\/strong><\/p>\n<\/th>\n<th style=\"text-align: left;\"><strong>Norm<\/strong><\/th>\n<\/tr>\n<tr>\n<td>Naatriumkloriid (NaCl)<\/td>\n<td>99,9%<\/td>\n<\/tr>\n<tr>\n<td>Vees lahustamatute ainete sisaldus<\/td>\n<td>0,15%<\/td>\n<\/tr>\n<tr>\n<td>Kaltsium + magneesium (Ca+Mg)<\/td>\n<td>0,3%<\/td>\n<\/tr>\n<tr>\n<td>Sulfaat (SO<sub>4<\/sub>)<\/td>\n<td>0,7%<\/td>\n<\/tr>\n<tr>\n<td><\/td>\n<td><\/td>\n<\/tr>\n<tr>\n<td>Granulomeetria:<\/td>\n<td>&gt; 4,0 mm<\/td>\n<td>78%<\/td>\n<\/tr>\n<tr>\n<td><\/td>\n<td>1,25 \u2013 4,00 mm<\/td>\n<td>78%<\/td>\n<\/tr>\n<tr>\n<td><\/td>\n<td>&lt; 1,25 mm<\/td>\n<td>7%<\/td>\n<\/tr>\n<\/tbody>\n<\/table>\n<p>&nbsp;<\/p>\n<p>Lisainformatsiooni leiab tootja kodulehelt: <a href=\"https:\/\/www.kpluss.com\/en-us\/our-business-products\/industry\/water-treatment\/\">https:\/\/www.kpluss.com\/en-us\/our-business-products\/industry\/water-treatment\/<\/a><\/p>\n","protected":false},"excerpt":{"rendered":"<div>Tiikide ja akvaariumide kivisool on kvaliteetne, \u00fclipuhas kivisool, mille suurus sobib ideaalselt kasutamiseks \u00a0mageveekogudes ja dekoratiivkalade akvaariumides.<br \/>\nToode t\u00f6\u00f6tati v\u00e4lja koost\u00f6\u00f6s ekspertidega.<\/div>\n","protected":false},"featured_media":20645,"template":"","meta":{"om_disable_all_campaigns":false,"_monsterinsights_skip_tracking":false,"_monsterinsights_sitenote_active":false,"_monsterinsights_sitenote_note":"","_monsterinsights_sitenote_category":0},"product_brand":[],"product_cat":[501,509],"product_tag":[],"class_list":{"0":"post-21176","1":"product","2":"type-product","3":"status-publish","4":"has-post-thumbnail","6":"product_cat-salt","7":"product_cat-salt-tablets-for-disinfecting-and-purifying-drinking-water","9":"first","10":"instock","11":"taxable","12":"shipping-taxable","13":"product-type-simple"},"yoast_head":"<!-- This site is optimized with the Yoast SEO plugin v24.6 - https:\/\/yoast.com\/wordpress\/plugins\/seo\/ -->\n<title>Rock salt for ponds and aquariums &#8211; Andrese Soolaladu<\/title>\n<meta name=\"robots\" content=\"index, follow, max-snippet:-1, max-image-preview:large, max-video-preview:-1\" \/>\n<link rel=\"canonical\" href=\"https:\/\/soolaladu.ee\/toode\/kivisool-tiikide-ja-akvaariumite-jaoks\/\" \/>\n<meta property=\"og:locale\" content=\"en_US\" \/>\n<meta property=\"og:type\" content=\"article\" \/>\n<meta property=\"og:title\" content=\"Rock salt for ponds and aquariums &#8211; Andrese Soolaladu\" \/>\n<meta property=\"og:description\" content=\"Tiikide ja akvaariumide kivisool on kvaliteetne, \u00fclipuhas kivisool, mille suurus sobib ideaalselt kasutamiseks \u00a0mageveekogudes ja dekoratiivkalade akvaariumides. Toode t\u00f6\u00f6tati v\u00e4lja koost\u00f6\u00f6s ekspertidega.\" \/>\n<meta property=\"og:url\" content=\"https:\/\/soolaladu.ee\/toode\/kivisool-tiikide-ja-akvaariumite-jaoks\/\" \/>\n<meta property=\"og:site_name\" content=\"Andrese Soolaladu\" \/>\n<meta property=\"article:modified_time\" content=\"2020-12-14T10:31:44+00:00\" \/>\n<meta property=\"og:image\" content=\"https:\/\/soolaladu.ee\/wp-content\/uploads\/2020\/05\/32739761_2157642364467702_1783141537920581632_o.png\" \/>\n\t<meta property=\"og:image:width\" content=\"1246\" \/>\n\t<meta property=\"og:image:height\" content=\"1291\" \/>\n\t<meta property=\"og:image:type\" content=\"image\/png\" \/>\n<meta name=\"twitter:card\" content=\"summary_large_image\" \/>\n<meta name=\"twitter:label1\" content=\"Est. reading time\" \/>\n\t<meta name=\"twitter:data1\" content=\"1 minute\" \/>\n<script type=\"application\/ld+json\" class=\"yoast-schema-graph\">{\"@context\":\"https:\/\/schema.org\",\"@graph\":[{\"@type\":\"WebPage\",\"@id\":\"https:\/\/soolaladu.ee\/toode\/kivisool-tiikide-ja-akvaariumite-jaoks\/\",\"url\":\"https:\/\/soolaladu.ee\/toode\/kivisool-tiikide-ja-akvaariumite-jaoks\/\",\"name\":\"Rock salt for ponds and aquariums &#8211; Andrese Soolaladu\",\"isPartOf\":{\"@id\":\"https:\/\/soolaladu.ee\/#website\"},\"primaryImageOfPage\":{\"@id\":\"https:\/\/soolaladu.ee\/toode\/kivisool-tiikide-ja-akvaariumite-jaoks\/#primaryimage\"},\"image\":{\"@id\":\"https:\/\/soolaladu.ee\/toode\/kivisool-tiikide-ja-akvaariumite-jaoks\/#primaryimage\"},\"thumbnailUrl\":\"https:\/\/soolaladu.ee\/wp-content\/uploads\/2020\/05\/32739761_2157642364467702_1783141537920581632_o.png\",\"datePublished\":\"2020-05-15T08:37:51+00:00\",\"dateModified\":\"2020-12-14T10:31:44+00:00\",\"breadcrumb\":{\"@id\":\"https:\/\/soolaladu.ee\/toode\/kivisool-tiikide-ja-akvaariumite-jaoks\/#breadcrumb\"},\"inLanguage\":\"en-US\",\"potentialAction\":[{\"@type\":\"ReadAction\",\"target\":[\"https:\/\/soolaladu.ee\/toode\/kivisool-tiikide-ja-akvaariumite-jaoks\/\"]}]},{\"@type\":\"ImageObject\",\"inLanguage\":\"en-US\",\"@id\":\"https:\/\/soolaladu.ee\/toode\/kivisool-tiikide-ja-akvaariumite-jaoks\/#primaryimage\",\"url\":\"https:\/\/soolaladu.ee\/wp-content\/uploads\/2020\/05\/32739761_2157642364467702_1783141537920581632_o.png\",\"contentUrl\":\"https:\/\/soolaladu.ee\/wp-content\/uploads\/2020\/05\/32739761_2157642364467702_1783141537920581632_o.png\",\"width\":1246,\"height\":1291,\"caption\":\"J\u00e4me Sool Tiikide ja Avaarimutele\"},{\"@type\":\"BreadcrumbList\",\"@id\":\"https:\/\/soolaladu.ee\/toode\/kivisool-tiikide-ja-akvaariumite-jaoks\/#breadcrumb\",\"itemListElement\":[{\"@type\":\"ListItem\",\"position\":1,\"name\":\"Home\",\"item\":\"https:\/\/soolaladu.ee\/en\/\"},{\"@type\":\"ListItem\",\"position\":2,\"name\":\"Tooted\",\"item\":\"https:\/\/soolaladu.ee\/tooted\/\"},{\"@type\":\"ListItem\",\"position\":3,\"name\":\"Rock salt for ponds and aquariums\"}]},{\"@type\":\"WebSite\",\"@id\":\"https:\/\/soolaladu.ee\/#website\",\"url\":\"https:\/\/soolaladu.ee\/\",\"name\":\"Andrese Soolaladu\",\"description\":\"Suurim soola tarnija Eestis ja Baltimaades\",\"publisher\":{\"@id\":\"https:\/\/soolaladu.ee\/#organization\"},\"potentialAction\":[{\"@type\":\"SearchAction\",\"target\":{\"@type\":\"EntryPoint\",\"urlTemplate\":\"https:\/\/soolaladu.ee\/?s={search_term_string}\"},\"query-input\":{\"@type\":\"PropertyValueSpecification\",\"valueRequired\":true,\"valueName\":\"search_term_string\"}}],\"inLanguage\":\"en-US\"},{\"@type\":\"Organization\",\"@id\":\"https:\/\/soolaladu.ee\/#organization\",\"name\":\"Andrese Soolaladu O\u00dc\",\"url\":\"https:\/\/soolaladu.ee\/\",\"logo\":{\"@type\":\"ImageObject\",\"inLanguage\":\"en-US\",\"@id\":\"https:\/\/soolaladu.ee\/#\/schema\/logo\/image\/\",\"url\":\"\",\"contentUrl\":\"\",\"caption\":\"Andrese Soolaladu O\u00dc\"},\"image\":{\"@id\":\"https:\/\/soolaladu.ee\/#\/schema\/logo\/image\/\"},\"sameAs\":[\"https:\/\/www.linkedin.com\/in\/andrei-kirejenkov-414930117\/?originalSubdomain=ee\",\"https:\/\/www.youtube.com\/watch?time_continue=68&amp;amp;v=XC3sMbgpKbk&amp;amp;feature=emb_title\"]}]}<\/script>\n<!-- \/ Yoast SEO plugin. -->","yoast_head_json":{"title":"Rock salt for ponds and aquariums &#8211; Andrese Soolaladu","robots":{"index":"index","follow":"follow","max-snippet":"max-snippet:-1","max-image-preview":"max-image-preview:large","max-video-preview":"max-video-preview:-1"},"canonical":"https:\/\/soolaladu.ee\/toode\/kivisool-tiikide-ja-akvaariumite-jaoks\/","og_locale":"en_US","og_type":"article","og_title":"Rock salt for ponds and aquariums &#8211; Andrese Soolaladu","og_description":"Tiikide ja akvaariumide kivisool on kvaliteetne, \u00fclipuhas kivisool, mille suurus sobib ideaalselt kasutamiseks \u00a0mageveekogudes ja dekoratiivkalade akvaariumides. Toode t\u00f6\u00f6tati v\u00e4lja koost\u00f6\u00f6s ekspertidega.","og_url":"https:\/\/soolaladu.ee\/toode\/kivisool-tiikide-ja-akvaariumite-jaoks\/","og_site_name":"Andrese Soolaladu","article_modified_time":"2020-12-14T10:31:44+00:00","og_image":[{"width":1246,"height":1291,"url":"https:\/\/soolaladu.ee\/wp-content\/uploads\/2020\/05\/32739761_2157642364467702_1783141537920581632_o.png","type":"image\/png"}],"twitter_card":"summary_large_image","twitter_misc":{"Est. reading time":"1 minute"},"schema":{"@context":"https:\/\/schema.org","@graph":[{"@type":"WebPage","@id":"https:\/\/soolaladu.ee\/toode\/kivisool-tiikide-ja-akvaariumite-jaoks\/","url":"https:\/\/soolaladu.ee\/toode\/kivisool-tiikide-ja-akvaariumite-jaoks\/","name":"Rock salt for ponds and aquariums &#8211; Andrese Soolaladu","isPartOf":{"@id":"https:\/\/soolaladu.ee\/#website"},"primaryImageOfPage":{"@id":"https:\/\/soolaladu.ee\/toode\/kivisool-tiikide-ja-akvaariumite-jaoks\/#primaryimage"},"image":{"@id":"https:\/\/soolaladu.ee\/toode\/kivisool-tiikide-ja-akvaariumite-jaoks\/#primaryimage"},"thumbnailUrl":"https:\/\/soolaladu.ee\/wp-content\/uploads\/2020\/05\/32739761_2157642364467702_1783141537920581632_o.png","datePublished":"2020-05-15T08:37:51+00:00","dateModified":"2020-12-14T10:31:44+00:00","breadcrumb":{"@id":"https:\/\/soolaladu.ee\/toode\/kivisool-tiikide-ja-akvaariumite-jaoks\/#breadcrumb"},"inLanguage":"en-US","potentialAction":[{"@type":"ReadAction","target":["https:\/\/soolaladu.ee\/toode\/kivisool-tiikide-ja-akvaariumite-jaoks\/"]}]},{"@type":"ImageObject","inLanguage":"en-US","@id":"https:\/\/soolaladu.ee\/toode\/kivisool-tiikide-ja-akvaariumite-jaoks\/#primaryimage","url":"https:\/\/soolaladu.ee\/wp-content\/uploads\/2020\/05\/32739761_2157642364467702_1783141537920581632_o.png","contentUrl":"https:\/\/soolaladu.ee\/wp-content\/uploads\/2020\/05\/32739761_2157642364467702_1783141537920581632_o.png","width":1246,"height":1291,"caption":"J\u00e4me Sool Tiikide ja Avaarimutele"},{"@type":"BreadcrumbList","@id":"https:\/\/soolaladu.ee\/toode\/kivisool-tiikide-ja-akvaariumite-jaoks\/#breadcrumb","itemListElement":[{"@type":"ListItem","position":1,"name":"Home","item":"https:\/\/soolaladu.ee\/en\/"},{"@type":"ListItem","position":2,"name":"Tooted","item":"https:\/\/soolaladu.ee\/tooted\/"},{"@type":"ListItem","position":3,"name":"Rock salt for ponds and aquariums"}]},{"@type":"WebSite","@id":"https:\/\/soolaladu.ee\/#website","url":"https:\/\/soolaladu.ee\/","name":"Andrese Soolaladu","description":"Suurim soola tarnija Eestis ja Baltimaades","publisher":{"@id":"https:\/\/soolaladu.ee\/#organization"},"potentialAction":[{"@type":"SearchAction","target":{"@type":"EntryPoint","urlTemplate":"https:\/\/soolaladu.ee\/?s={search_term_string}"},"query-input":{"@type":"PropertyValueSpecification","valueRequired":true,"valueName":"search_term_string"}}],"inLanguage":"en-US"},{"@type":"Organization","@id":"https:\/\/soolaladu.ee\/#organization","name":"Andrese Soolaladu O\u00dc","url":"https:\/\/soolaladu.ee\/","logo":{"@type":"ImageObject","inLanguage":"en-US","@id":"https:\/\/soolaladu.ee\/#\/schema\/logo\/image\/","url":"","contentUrl":"","caption":"Andrese Soolaladu O\u00dc"},"image":{"@id":"https:\/\/soolaladu.ee\/#\/schema\/logo\/image\/"},"sameAs":["https:\/\/www.linkedin.com\/in\/andrei-kirejenkov-414930117\/?originalSubdomain=ee","https:\/\/www.youtube.com\/watch?time_continue=68&amp;amp;v=XC3sMbgpKbk&amp;amp;feature=emb_title"]}]}},"_links":{"self":[{"href":"https:\/\/soolaladu.ee\/en\/wp-json\/wp\/v2\/product\/21176","targetHints":{"allow":["GET"]}}],"collection":[{"href":"https:\/\/soolaladu.ee\/en\/wp-json\/wp\/v2\/product"}],"about":[{"href":"https:\/\/soolaladu.ee\/en\/wp-json\/wp\/v2\/types\/product"}],"wp:featuredmedia":[{"embeddable":true,"href":"https:\/\/soolaladu.ee\/en\/wp-json\/wp\/v2\/media\/20645"}],"wp:attachment":[{"href":"https:\/\/soolaladu.ee\/en\/wp-json\/wp\/v2\/media?parent=21176"}],"wp:term":[{"taxonomy":"product_brand","embeddable":true,"href":"https:\/\/soolaladu.ee\/en\/wp-json\/wp\/v2\/product_brand?post=21176"},{"taxonomy":"product_cat","embeddable":true,"href":"https:\/\/soolaladu.ee\/en\/wp-json\/wp\/v2\/product_cat?post=21176"},{"taxonomy":"product_tag","embeddable":true,"href":"https:\/\/soolaladu.ee\/en\/wp-json\/wp\/v2\/product_tag?post=21176"}],"curies":[{"name":"wp","href":"https:\/\/api.w.org\/{rel}","templated":true}]}}