{"id":21175,"date":"2020-05-15T11:47:30","date_gmt":"2020-05-15T08:47:30","guid":{"rendered":"https:\/\/soolaladu.ee\/toode\/tablet-salt-for-water-softeners\/"},"modified":"2020-12-14T12:31:37","modified_gmt":"2020-12-14T10:31:37","slug":"veepehmendustabletid-regenit","status":"publish","type":"product","link":"https:\/\/soolaladu.ee\/en\/toode\/veepehmendustabletid-regenit\/","title":{"rendered":"Salt tablets for water softening REGENIT"},"content":{"rendered":"<p>Saksa ettev\u00f5tte K+S poolt toodetud REGENIT veepehmendussool on puhas vaakumaurustatud valget v\u00e4rvi tablettideks pressitud sool, mis ei sisalda kahjulikke lisaaineid. Soolatablettide servad on kumerad, et v\u00e4ltida pakendi kahjustumist transpordi ja\/v\u00f5i ladustamise ajal. Tablettsoolal pole spetsiifilist l\u00f5hna, see on tuleohutu ja mittetoksiline.<\/p>\n<p>Seda kasutatakse veepuhastuss\u00fcsteemides, puhastusseadmete filtrites ja k\u00f5va vee pehmendamiseks ioonivahetusvaikude regenereerimisprotsessi kaudu, mis toimub spetsiaalsetes seadmetes.<\/p>\n<p>On mitmeid eeliseid, mis kinnitavad asjaolu, et tablettsool on parim valik vee pehmendamisega seotud \u00fclesannete lahendamiseks. Tablettsoolaga ei ole vajalik t\u00e4iendav segamine, kuna see lahustub \u00fchtlaselt, viies regenereeriva lahuse soovitud k\u00fcllastusastmeni. Soolatabletil on suurem pind kui jahvatatud soola kristallidel, seet\u00f5ttu j\u00e4\u00e4b v\u00e4iksema mahuga tablettsoola toime v\u00f5rreldavaks lauasoola kogusega, mis kaalub kolmk\u00fcmmend protsenti rohkem. Samuti ei teki tablettsoola lahustumisel, erinevalt tavalisest lauasoolast, lahustumatut sadet, mis m\u00f5jutab ebasoodsalt vee kareduse k\u00f5rvaldamiseks m\u00f5eldud seadmete t\u00f6\u00f6d.<\/p>\n<hr \/>\n<p><strong>Kasutamine:<\/strong><\/p>\n<p>Vesi sisaldab erinevaid lisandeid, mille olemasolu m\u00f5jutab otseselt vee karedust. Vee kvaliteedist ei s\u00f5ltu otseselt mitte ainult meie heaolu, vaid ka kallite seadmete kasutusiga.<\/p>\n<p>Rooste ja katlakivi tekke peamiseks p\u00f5hjuseks on vee karedus. Tablettsoola abil saate v\u00e4ltida katlakivi ja rooste teket. Tablettsoola kulub 2,5 korda v\u00e4hem kui puistesoola.<\/p>\n<p>Tablettsoola peamine kasutusala on vee pehmendamine selle t\u00f6\u00f6tlemise k\u00e4igus.<\/p>\n<p>Tablettsool on universaalne toode tehnilistele veepuhastuss\u00fcsteemidele, mida kasutatakse toidu-, farmaatsia- ja keemiat\u00f6\u00f6stuses. Veepehmendusseadmed t\u00f6\u00f6tavad edukalt farmaatsiatehastes, jooke tootvates tehastes, katlamajades ja muudes t\u00f6\u00f6stusharudes. Seda kasutatakse ka haiglates, pesumajades, eramajades ja korterites, veepuhastuss\u00fcsteemides.<\/p>\n<p>REGENIT tablettsoola kasutamine on seadmete vastupidavuse garantii!<\/p>\n<hr \/>\n<p style=\"text-align: left;\"><strong>Pakend: \u00a0\u00a0\u00a0\u00a0\u00a0\u00a0\u00a0\u00a0\u00a0\u00a0\u00a0\u00a0\u00a0\u00a0\u00a0 <\/strong><\/p>\n<p>&#8211; kilest kotid, 25 kg<\/p>\n<p>&#8211; pol\u00fcprop\u00fcleenist kotid, 1000 kg (big bag)<\/p>\n<hr \/>\n<p>&nbsp;<\/p>\n<table style=\"width: 840px; height: 365px;\">\n<tbody>\n<tr>\n<th>\n<p style=\"text-align: left;\"><strong>Peamised keemilised n\u00e4itajad:<\/strong><\/p>\n<\/th>\n<th style=\"text-align: left;\"><strong>Norm<\/strong><\/th>\n<\/tr>\n<tr>\n<td>Naatriumkloriid (NaCl)<\/td>\n<td>99,9%<\/td>\n<\/tr>\n<tr>\n<td>Niiskusesisaldus (H<sub>2<\/sub>O)<\/td>\n<td>0,15%<\/td>\n<\/tr>\n<tr>\n<td>Vees lahustamatute ainete sisaldus<\/td>\n<td>0,3%<\/td>\n<\/tr>\n<tr>\n<td>Kaltsium + magneesium (Ca+Mg)<\/td>\n<td>0,7%<\/td>\n<\/tr>\n<tr>\n<td>Sulfaat (SO<sub>4<\/sub>)<\/td>\n<td>0,1%<\/td>\n<\/tr>\n<tr>\n<td>Elavh\u00f5be (Hg)<\/td>\n<td>&lt; 0,02 mg\/kg<\/td>\n<\/tr>\n<tr>\n<td>Plii (Pb<\/td>\n<td>&lt; 0,5 mg\/kg<\/td>\n<\/tr>\n<tr>\n<td>Vask (Cu)<\/td>\n<td>&lt; 0,1 mg\/kg<\/td>\n<\/tr>\n<\/tbody>\n<\/table>\n<p>&nbsp;<\/p>\n<p>\u00dche tableti m\u00f5\u00f5dud:<\/p>\n<ul>\n<li>Diameeter: 25 mm<\/li>\n<li>K\u00f5rgus (ligikaudu): 16 mm<\/li>\n<li>Kaal (ligikaudu): 15 grammi<\/li>\n<\/ul>\n<p>Lisainformatsiooni leiab tootja kodulehelt: <a href=\"https:\/\/www.kpluss.com\/en-us\/our-business-products\/industry\/water-treatment\/\">https:\/\/www.kpluss.com\/en-us\/our-business-products\/industry\/water-treatment\/<\/a><\/p>\n","protected":false},"excerpt":{"rendered":"<div>Tablettsool on universaalne toode tehnilistele veepuhastuss\u00fcsteemidele, mida kasutatakse toidu-, farmaatsia- ja keemiat\u00f6\u00f6stuses. Veepehmendusseadmed t\u00f6\u00f6tavad edukalt farmaatsiatehastes, jooke tootvates tehastes, katlamajades ja muudes t\u00f6\u00f6stusharudes. Seda kasutatakse ka haiglates, pesumajades, eramajades ja korterites, veepuhastuss\u00fcsteemides.<\/div>\n<div><\/div>\n","protected":false},"featured_media":21605,"template":"","meta":{"om_disable_all_campaigns":false,"_monsterinsights_skip_tracking":false,"_monsterinsights_sitenote_active":false,"_monsterinsights_sitenote_note":"","_monsterinsights_sitenote_category":0},"product_brand":[],"product_cat":[501,509],"product_tag":[],"class_list":{"0":"post-21175","1":"product","2":"type-product","3":"status-publish","4":"has-post-thumbnail","6":"product_cat-salt","7":"product_cat-salt-tablets-for-disinfecting-and-purifying-drinking-water","9":"first","10":"instock","11":"taxable","12":"shipping-taxable","13":"product-type-simple"},"yoast_head":"<!-- This site is optimized with the Yoast SEO plugin v24.6 - https:\/\/yoast.com\/wordpress\/plugins\/seo\/ -->\n<title>Salt tablets for water softening REGENIT &#8211; Andrese Soolaladu<\/title>\n<meta name=\"robots\" content=\"index, follow, max-snippet:-1, max-image-preview:large, max-video-preview:-1\" \/>\n<link rel=\"canonical\" href=\"https:\/\/soolaladu.ee\/toode\/veepehmendustabletid-regenit\/\" \/>\n<meta property=\"og:locale\" content=\"en_US\" \/>\n<meta property=\"og:type\" content=\"article\" \/>\n<meta property=\"og:title\" content=\"Salt tablets for water softening REGENIT &#8211; Andrese Soolaladu\" \/>\n<meta property=\"og:description\" content=\"Tablettsool on universaalne toode tehnilistele veepuhastuss\u00fcsteemidele, mida kasutatakse toidu-, farmaatsia- ja keemiat\u00f6\u00f6stuses. Veepehmendusseadmed t\u00f6\u00f6tavad edukalt farmaatsiatehastes, jooke tootvates tehastes, katlamajades ja muudes t\u00f6\u00f6stusharudes. Seda kasutatakse ka haiglates, pesumajades, eramajades ja korterites, veepuhastuss\u00fcsteemides.\" \/>\n<meta property=\"og:url\" content=\"https:\/\/soolaladu.ee\/toode\/veepehmendustabletid-regenit\/\" \/>\n<meta property=\"og:site_name\" content=\"Andrese Soolaladu\" \/>\n<meta property=\"article:modified_time\" content=\"2020-12-14T10:31:37+00:00\" \/>\n<meta property=\"og:image\" content=\"https:\/\/soolaladu.ee\/wp-content\/uploads\/2020\/05\/regenit-tabletid.jpg\" \/>\n\t<meta property=\"og:image:width\" content=\"1400\" \/>\n\t<meta property=\"og:image:height\" content=\"1400\" \/>\n\t<meta property=\"og:image:type\" content=\"image\/jpeg\" \/>\n<meta name=\"twitter:card\" content=\"summary_large_image\" \/>\n<meta name=\"twitter:label1\" content=\"Est. reading time\" \/>\n\t<meta name=\"twitter:data1\" content=\"2 minutes\" \/>\n<script type=\"application\/ld+json\" class=\"yoast-schema-graph\">{\"@context\":\"https:\/\/schema.org\",\"@graph\":[{\"@type\":\"WebPage\",\"@id\":\"https:\/\/soolaladu.ee\/toode\/veepehmendustabletid-regenit\/\",\"url\":\"https:\/\/soolaladu.ee\/toode\/veepehmendustabletid-regenit\/\",\"name\":\"Salt tablets for water softening REGENIT &#8211; Andrese Soolaladu\",\"isPartOf\":{\"@id\":\"https:\/\/soolaladu.ee\/#website\"},\"primaryImageOfPage\":{\"@id\":\"https:\/\/soolaladu.ee\/toode\/veepehmendustabletid-regenit\/#primaryimage\"},\"image\":{\"@id\":\"https:\/\/soolaladu.ee\/toode\/veepehmendustabletid-regenit\/#primaryimage\"},\"thumbnailUrl\":\"https:\/\/soolaladu.ee\/wp-content\/uploads\/2020\/05\/regenit-tabletid.jpg\",\"datePublished\":\"2020-05-15T08:47:30+00:00\",\"dateModified\":\"2020-12-14T10:31:37+00:00\",\"breadcrumb\":{\"@id\":\"https:\/\/soolaladu.ee\/toode\/veepehmendustabletid-regenit\/#breadcrumb\"},\"inLanguage\":\"en-US\",\"potentialAction\":[{\"@type\":\"ReadAction\",\"target\":[\"https:\/\/soolaladu.ee\/toode\/veepehmendustabletid-regenit\/\"]}]},{\"@type\":\"ImageObject\",\"inLanguage\":\"en-US\",\"@id\":\"https:\/\/soolaladu.ee\/toode\/veepehmendustabletid-regenit\/#primaryimage\",\"url\":\"https:\/\/soolaladu.ee\/wp-content\/uploads\/2020\/05\/regenit-tabletid.jpg\",\"contentUrl\":\"https:\/\/soolaladu.ee\/wp-content\/uploads\/2020\/05\/regenit-tabletid.jpg\",\"width\":1400,\"height\":1400},{\"@type\":\"BreadcrumbList\",\"@id\":\"https:\/\/soolaladu.ee\/toode\/veepehmendustabletid-regenit\/#breadcrumb\",\"itemListElement\":[{\"@type\":\"ListItem\",\"position\":1,\"name\":\"Home\",\"item\":\"https:\/\/soolaladu.ee\/en\/\"},{\"@type\":\"ListItem\",\"position\":2,\"name\":\"Tooted\",\"item\":\"https:\/\/soolaladu.ee\/tooted\/\"},{\"@type\":\"ListItem\",\"position\":3,\"name\":\"Salt tablets for water softening REGENIT\"}]},{\"@type\":\"WebSite\",\"@id\":\"https:\/\/soolaladu.ee\/#website\",\"url\":\"https:\/\/soolaladu.ee\/\",\"name\":\"Andrese Soolaladu\",\"description\":\"Suurim soola tarnija Eestis ja Baltimaades\",\"publisher\":{\"@id\":\"https:\/\/soolaladu.ee\/#organization\"},\"potentialAction\":[{\"@type\":\"SearchAction\",\"target\":{\"@type\":\"EntryPoint\",\"urlTemplate\":\"https:\/\/soolaladu.ee\/?s={search_term_string}\"},\"query-input\":{\"@type\":\"PropertyValueSpecification\",\"valueRequired\":true,\"valueName\":\"search_term_string\"}}],\"inLanguage\":\"en-US\"},{\"@type\":\"Organization\",\"@id\":\"https:\/\/soolaladu.ee\/#organization\",\"name\":\"Andrese Soolaladu O\u00dc\",\"url\":\"https:\/\/soolaladu.ee\/\",\"logo\":{\"@type\":\"ImageObject\",\"inLanguage\":\"en-US\",\"@id\":\"https:\/\/soolaladu.ee\/#\/schema\/logo\/image\/\",\"url\":\"\",\"contentUrl\":\"\",\"caption\":\"Andrese Soolaladu O\u00dc\"},\"image\":{\"@id\":\"https:\/\/soolaladu.ee\/#\/schema\/logo\/image\/\"},\"sameAs\":[\"https:\/\/www.linkedin.com\/in\/andrei-kirejenkov-414930117\/?originalSubdomain=ee\",\"https:\/\/www.youtube.com\/watch?time_continue=68&amp;amp;v=XC3sMbgpKbk&amp;amp;feature=emb_title\"]}]}<\/script>\n<!-- \/ Yoast SEO plugin. -->","yoast_head_json":{"title":"Salt tablets for water softening REGENIT &#8211; Andrese Soolaladu","robots":{"index":"index","follow":"follow","max-snippet":"max-snippet:-1","max-image-preview":"max-image-preview:large","max-video-preview":"max-video-preview:-1"},"canonical":"https:\/\/soolaladu.ee\/toode\/veepehmendustabletid-regenit\/","og_locale":"en_US","og_type":"article","og_title":"Salt tablets for water softening REGENIT &#8211; Andrese Soolaladu","og_description":"Tablettsool on universaalne toode tehnilistele veepuhastuss\u00fcsteemidele, mida kasutatakse toidu-, farmaatsia- ja keemiat\u00f6\u00f6stuses. Veepehmendusseadmed t\u00f6\u00f6tavad edukalt farmaatsiatehastes, jooke tootvates tehastes, katlamajades ja muudes t\u00f6\u00f6stusharudes. Seda kasutatakse ka haiglates, pesumajades, eramajades ja korterites, veepuhastuss\u00fcsteemides.","og_url":"https:\/\/soolaladu.ee\/toode\/veepehmendustabletid-regenit\/","og_site_name":"Andrese Soolaladu","article_modified_time":"2020-12-14T10:31:37+00:00","og_image":[{"width":1400,"height":1400,"url":"https:\/\/soolaladu.ee\/wp-content\/uploads\/2020\/05\/regenit-tabletid.jpg","type":"image\/jpeg"}],"twitter_card":"summary_large_image","twitter_misc":{"Est. reading time":"2 minutes"},"schema":{"@context":"https:\/\/schema.org","@graph":[{"@type":"WebPage","@id":"https:\/\/soolaladu.ee\/toode\/veepehmendustabletid-regenit\/","url":"https:\/\/soolaladu.ee\/toode\/veepehmendustabletid-regenit\/","name":"Salt tablets for water softening REGENIT &#8211; Andrese Soolaladu","isPartOf":{"@id":"https:\/\/soolaladu.ee\/#website"},"primaryImageOfPage":{"@id":"https:\/\/soolaladu.ee\/toode\/veepehmendustabletid-regenit\/#primaryimage"},"image":{"@id":"https:\/\/soolaladu.ee\/toode\/veepehmendustabletid-regenit\/#primaryimage"},"thumbnailUrl":"https:\/\/soolaladu.ee\/wp-content\/uploads\/2020\/05\/regenit-tabletid.jpg","datePublished":"2020-05-15T08:47:30+00:00","dateModified":"2020-12-14T10:31:37+00:00","breadcrumb":{"@id":"https:\/\/soolaladu.ee\/toode\/veepehmendustabletid-regenit\/#breadcrumb"},"inLanguage":"en-US","potentialAction":[{"@type":"ReadAction","target":["https:\/\/soolaladu.ee\/toode\/veepehmendustabletid-regenit\/"]}]},{"@type":"ImageObject","inLanguage":"en-US","@id":"https:\/\/soolaladu.ee\/toode\/veepehmendustabletid-regenit\/#primaryimage","url":"https:\/\/soolaladu.ee\/wp-content\/uploads\/2020\/05\/regenit-tabletid.jpg","contentUrl":"https:\/\/soolaladu.ee\/wp-content\/uploads\/2020\/05\/regenit-tabletid.jpg","width":1400,"height":1400},{"@type":"BreadcrumbList","@id":"https:\/\/soolaladu.ee\/toode\/veepehmendustabletid-regenit\/#breadcrumb","itemListElement":[{"@type":"ListItem","position":1,"name":"Home","item":"https:\/\/soolaladu.ee\/en\/"},{"@type":"ListItem","position":2,"name":"Tooted","item":"https:\/\/soolaladu.ee\/tooted\/"},{"@type":"ListItem","position":3,"name":"Salt tablets for water softening REGENIT"}]},{"@type":"WebSite","@id":"https:\/\/soolaladu.ee\/#website","url":"https:\/\/soolaladu.ee\/","name":"Andrese Soolaladu","description":"Suurim soola tarnija Eestis ja Baltimaades","publisher":{"@id":"https:\/\/soolaladu.ee\/#organization"},"potentialAction":[{"@type":"SearchAction","target":{"@type":"EntryPoint","urlTemplate":"https:\/\/soolaladu.ee\/?s={search_term_string}"},"query-input":{"@type":"PropertyValueSpecification","valueRequired":true,"valueName":"search_term_string"}}],"inLanguage":"en-US"},{"@type":"Organization","@id":"https:\/\/soolaladu.ee\/#organization","name":"Andrese Soolaladu O\u00dc","url":"https:\/\/soolaladu.ee\/","logo":{"@type":"ImageObject","inLanguage":"en-US","@id":"https:\/\/soolaladu.ee\/#\/schema\/logo\/image\/","url":"","contentUrl":"","caption":"Andrese Soolaladu O\u00dc"},"image":{"@id":"https:\/\/soolaladu.ee\/#\/schema\/logo\/image\/"},"sameAs":["https:\/\/www.linkedin.com\/in\/andrei-kirejenkov-414930117\/?originalSubdomain=ee","https:\/\/www.youtube.com\/watch?time_continue=68&amp;amp;v=XC3sMbgpKbk&amp;amp;feature=emb_title"]}]}},"_links":{"self":[{"href":"https:\/\/soolaladu.ee\/en\/wp-json\/wp\/v2\/product\/21175","targetHints":{"allow":["GET"]}}],"collection":[{"href":"https:\/\/soolaladu.ee\/en\/wp-json\/wp\/v2\/product"}],"about":[{"href":"https:\/\/soolaladu.ee\/en\/wp-json\/wp\/v2\/types\/product"}],"wp:featuredmedia":[{"embeddable":true,"href":"https:\/\/soolaladu.ee\/en\/wp-json\/wp\/v2\/media\/21605"}],"wp:attachment":[{"href":"https:\/\/soolaladu.ee\/en\/wp-json\/wp\/v2\/media?parent=21175"}],"wp:term":[{"taxonomy":"product_brand","embeddable":true,"href":"https:\/\/soolaladu.ee\/en\/wp-json\/wp\/v2\/product_brand?post=21175"},{"taxonomy":"product_cat","embeddable":true,"href":"https:\/\/soolaladu.ee\/en\/wp-json\/wp\/v2\/product_cat?post=21175"},{"taxonomy":"product_tag","embeddable":true,"href":"https:\/\/soolaladu.ee\/en\/wp-json\/wp\/v2\/product_tag?post=21175"}],"curies":[{"name":"wp","href":"https:\/\/api.w.org\/{rel}","templated":true}]}}