{"id":21174,"date":"2020-05-15T11:49:53","date_gmt":"2020-05-15T08:49:53","guid":{"rendered":"https:\/\/soolaladu.ee\/toode\/salt-for-dishwashers\/"},"modified":"2020-12-14T12:31:28","modified_gmt":"2020-12-14T10:31:28","slug":"noudepesumasina-sool","status":"publish","type":"product","link":"https:\/\/soolaladu.ee\/en\/toode\/noudepesumasina-sool\/","title":{"rendered":"Dishwasher salt"},"content":{"rendered":"<p>K+S&#8217;i toodetud t\u00f6\u00f6stuslik n\u00f5udepesumasina sool on kvaliteetne ja puhas toode, mis p\u00f5hineb vaakumsoolal. Lahustub vees t\u00e4ielikult ja kiiresti.<\/p>\n<p>Milleks on sool n\u00f5udepesumasinas vajalik? Soola kasutatakse k\u00f5va vee pehmendamiseks, masina sisemiste osade katlakivi eest kaitsmiseks ning laikude tekkimise v\u00e4ltimiseks n\u00f5udel. Kuid sool t\u00e4idab seda funktsiooni kaudselt, kuna vee pehmendamisega tegeleb n\u00f5udepesumasina spetsiaalne osa &#8211; ioonivaheti. Ioonivaheti on reservuaar, mis sisaldab vaiku graanulite (pallide) kujul, mis eemaldab ioonivahetuse kaudu voolavast k\u00f5vast veest magneesiumi- ja kaltsiumi ioonid. Vaigul on negatiivne aatomlaeng ning magneesiumi ja kaltsiumi ioonid on positiivsed, selle toimel vaigu graanulitest l\u00e4bi voolav vesi pehmeneb ning kaltsiumi ja magneesiumi ioonid t\u00f5mbuvad ligi ja ladestuvad vaigu pinnale. Seda protsessi nimetatakse ioonivahetuseks ja see t\u00f6\u00f6tab seni, kuni vaigus on naatriumi ioone. Naatriumi ioonide kadude t\u00e4iendamiseks kasutatakse soola, kuna see uuendab vaigu v\u00f5imet kaltsiumi ja magneesiumi ioonide ligimeelitamiseks. Soolalahus siseneb ioonivahetisse, regenereerib vaiku, mis seej\u00e4rel j\u00e4lle pehmendab t\u00f5husalt vett. Tavaliselt s\u00f6\u00f6dab n\u00f5udepesumasin soolalahust veepehmendisse automaatselt p\u00e4rast seda, kui teatud kogus vett on voolanud l\u00e4bi ioonivaheti. See ongi spetsiaalse soola eesm\u00e4rk ja t\u00f6\u00f6 n\u00f5udepesumasinas.<\/p>\n<hr \/>\n<p><strong>Kasutamine:<\/strong><\/p>\n<p>N\u00f5udepesumasinas katlakivi kogunemise v\u00e4ltimiseks ning pesuaine (pulbri, tableti v\u00f5i geeli) optimaalse toimimise tagamiseks peab vesi olema pehme, see t\u00e4hendab, et selles on v\u00e4he magneesiumi ja kaltsiumi osakesi, mille \u00fchendid p\u00f5hjustavad katlakivi teket ja v\u00e4hendavad pesuvahendi efektiivsust. Sool pehmendab t\u00f5husalt vett ja parandab n\u00f5udepesumasina t\u00f6\u00f6d, suurendades pesuvahendi toimet ning eemaldades n\u00f5udelt valge katte ja plekid.<\/p>\n<p>Tarbijad hindavad K+S n\u00f5udepesumasina soola selle optimaalsete omaduste ja kasutusmugavuse t\u00f5ttu.<\/p>\n<hr \/>\n<p style=\"text-align: left;\"><strong>Pakend: \u00a0\u00a0\u00a0\u00a0\u00a0\u00a0\u00a0\u00a0\u00a0\u00a0\u00a0\u00a0\u00a0\u00a0\u00a0 <\/strong><\/p>\n<p>&#8211; pappkarp, 2 kg<\/p>\n<hr \/>\n<p>&nbsp;<\/p>\n<table style=\"width: 840px; height: 365px;\">\n<tbody>\n<tr>\n<th>\n<p style=\"text-align: left;\"><strong>Peamised keemilised n\u00e4itajad:<\/strong><\/p>\n<\/th>\n<th style=\"text-align: left;\"><strong>Norm<\/strong><\/th>\n<\/tr>\n<tr>\n<td>Naatriumkloriid (NaCl)<\/td>\n<td>99,9%<\/td>\n<\/tr>\n<tr>\n<td>Niiskusesisaldus (H<sub>2<\/sub>O)<\/td>\n<td>0,02%<\/td>\n<\/tr>\n<tr>\n<td>Vees lahustamatute ainete sisaldus<\/td>\n<td>0,005%<\/td>\n<\/tr>\n<tr>\n<td>Kaltsium (Ca)<\/td>\n<td>30 mg\/kg<\/td>\n<\/tr>\n<tr>\n<td>Magneesium (Mg)<\/td>\n<td>10 mg\/kg<\/td>\n<\/tr>\n<tr>\n<td>Sulfaat (SO<sub>4<\/sub>)<\/td>\n<td>400 mg\/kg<\/td>\n<\/tr>\n<tr>\n<td>Granulomeetria:<\/td>\n<td>&gt; 6,3 mm<\/td>\n<td>20%<\/td>\n<\/tr>\n<tr>\n<td><\/td>\n<td>1,0 \u2013 6,3 mm<\/td>\n<td>75%<\/td>\n<\/tr>\n<tr>\n<td><\/td>\n<td>1,0 \u2013 6,3 mm<\/td>\n<td>5%<\/td>\n<\/tr>\n<\/tbody>\n<\/table>\n<p>&nbsp;<\/p>\n<p>Lisainformatsiooni leiab tootja kodulehelt: <a href=\"https:\/\/www.kpluss.com\/en-us\/our-business-products\/industry\/water-treatment\/\">https:\/\/www.kpluss.com\/en-us\/our-business-products\/industry\/water-treatment\/<\/a><\/p>\n","protected":false},"excerpt":{"rendered":"<p>N\u00f5udepesumasinas katlakivi kogunemise v\u00e4ltimiseks ning pesuaine (pulbri, tableti v\u00f5i geeli) optimaalse toimimise tagamiseks peab vesi olema pehme, see t\u00e4hendab, et selles on v\u00e4he magneesiumi ja kaltsiumi osakesi, mille \u00fchendid p\u00f5hjustavad katlakivi teket ja v\u00e4hendavad pesuvahendi efektiivsust. Sool pehmendab t\u00f5husalt vett ja parandab n\u00f5udepesumasina t\u00f6\u00f6d, suurendades pesuvahendi toimet ning eemaldades n\u00f5udelt valge katte ja plekid.<\/p>\n","protected":false},"featured_media":21492,"template":"","meta":{"om_disable_all_campaigns":false,"_monsterinsights_skip_tracking":false,"_monsterinsights_sitenote_active":false,"_monsterinsights_sitenote_note":"","_monsterinsights_sitenote_category":0},"product_brand":[],"product_cat":[501,509],"product_tag":[],"class_list":{"0":"post-21174","1":"product","2":"type-product","3":"status-publish","4":"has-post-thumbnail","6":"product_cat-salt","7":"product_cat-salt-tablets-for-disinfecting-and-purifying-drinking-water","9":"first","10":"instock","11":"taxable","12":"shipping-taxable","13":"product-type-simple"},"yoast_head":"<!-- This site is optimized with the Yoast SEO plugin v24.6 - https:\/\/yoast.com\/wordpress\/plugins\/seo\/ -->\n<title>Dishwasher salt &#8211; Andrese Soolaladu<\/title>\n<meta name=\"robots\" content=\"index, follow, max-snippet:-1, max-image-preview:large, max-video-preview:-1\" \/>\n<link rel=\"canonical\" href=\"https:\/\/soolaladu.ee\/toode\/noudepesumasina-sool\/\" \/>\n<meta property=\"og:locale\" content=\"en_US\" \/>\n<meta property=\"og:type\" content=\"article\" \/>\n<meta property=\"og:title\" content=\"Dishwasher salt &#8211; Andrese Soolaladu\" \/>\n<meta property=\"og:description\" content=\"N\u00f5udepesumasinas katlakivi kogunemise v\u00e4ltimiseks ning pesuaine (pulbri, tableti v\u00f5i geeli) optimaalse toimimise tagamiseks peab vesi olema pehme, see t\u00e4hendab, et selles on v\u00e4he magneesiumi ja kaltsiumi osakesi, mille \u00fchendid p\u00f5hjustavad katlakivi teket ja v\u00e4hendavad pesuvahendi efektiivsust. Sool pehmendab t\u00f5husalt vett ja parandab n\u00f5udepesumasina t\u00f6\u00f6d, suurendades pesuvahendi toimet ning eemaldades n\u00f5udelt valge katte ja plekid.\" \/>\n<meta property=\"og:url\" content=\"https:\/\/soolaladu.ee\/toode\/noudepesumasina-sool\/\" \/>\n<meta property=\"og:site_name\" content=\"Andrese Soolaladu\" \/>\n<meta property=\"article:modified_time\" content=\"2020-12-14T10:31:28+00:00\" \/>\n<meta property=\"og:image\" content=\"https:\/\/soolaladu.ee\/wp-content\/uploads\/2020\/05\/Ster_2kg-Pack_300-dpi.jpg\" \/>\n\t<meta property=\"og:image:width\" content=\"1654\" \/>\n\t<meta property=\"og:image:height\" content=\"1654\" \/>\n\t<meta property=\"og:image:type\" content=\"image\/jpeg\" \/>\n<meta name=\"twitter:card\" content=\"summary_large_image\" \/>\n<meta name=\"twitter:label1\" content=\"Est. reading time\" \/>\n\t<meta name=\"twitter:data1\" content=\"2 minutes\" \/>\n<script type=\"application\/ld+json\" class=\"yoast-schema-graph\">{\"@context\":\"https:\/\/schema.org\",\"@graph\":[{\"@type\":\"WebPage\",\"@id\":\"https:\/\/soolaladu.ee\/toode\/noudepesumasina-sool\/\",\"url\":\"https:\/\/soolaladu.ee\/toode\/noudepesumasina-sool\/\",\"name\":\"Dishwasher salt &#8211; Andrese Soolaladu\",\"isPartOf\":{\"@id\":\"https:\/\/soolaladu.ee\/#website\"},\"primaryImageOfPage\":{\"@id\":\"https:\/\/soolaladu.ee\/toode\/noudepesumasina-sool\/#primaryimage\"},\"image\":{\"@id\":\"https:\/\/soolaladu.ee\/toode\/noudepesumasina-sool\/#primaryimage\"},\"thumbnailUrl\":\"https:\/\/soolaladu.ee\/wp-content\/uploads\/2020\/05\/Ster_2kg-Pack_300-dpi.jpg\",\"datePublished\":\"2020-05-15T08:49:53+00:00\",\"dateModified\":\"2020-12-14T10:31:28+00:00\",\"breadcrumb\":{\"@id\":\"https:\/\/soolaladu.ee\/toode\/noudepesumasina-sool\/#breadcrumb\"},\"inLanguage\":\"en-US\",\"potentialAction\":[{\"@type\":\"ReadAction\",\"target\":[\"https:\/\/soolaladu.ee\/toode\/noudepesumasina-sool\/\"]}]},{\"@type\":\"ImageObject\",\"inLanguage\":\"en-US\",\"@id\":\"https:\/\/soolaladu.ee\/toode\/noudepesumasina-sool\/#primaryimage\",\"url\":\"https:\/\/soolaladu.ee\/wp-content\/uploads\/2020\/05\/Ster_2kg-Pack_300-dpi.jpg\",\"contentUrl\":\"https:\/\/soolaladu.ee\/wp-content\/uploads\/2020\/05\/Ster_2kg-Pack_300-dpi.jpg\",\"width\":1654,\"height\":1654},{\"@type\":\"BreadcrumbList\",\"@id\":\"https:\/\/soolaladu.ee\/toode\/noudepesumasina-sool\/#breadcrumb\",\"itemListElement\":[{\"@type\":\"ListItem\",\"position\":1,\"name\":\"Home\",\"item\":\"https:\/\/soolaladu.ee\/en\/\"},{\"@type\":\"ListItem\",\"position\":2,\"name\":\"Tooted\",\"item\":\"https:\/\/soolaladu.ee\/tooted\/\"},{\"@type\":\"ListItem\",\"position\":3,\"name\":\"Dishwasher salt\"}]},{\"@type\":\"WebSite\",\"@id\":\"https:\/\/soolaladu.ee\/#website\",\"url\":\"https:\/\/soolaladu.ee\/\",\"name\":\"Andrese Soolaladu\",\"description\":\"Suurim soola tarnija Eestis ja Baltimaades\",\"publisher\":{\"@id\":\"https:\/\/soolaladu.ee\/#organization\"},\"potentialAction\":[{\"@type\":\"SearchAction\",\"target\":{\"@type\":\"EntryPoint\",\"urlTemplate\":\"https:\/\/soolaladu.ee\/?s={search_term_string}\"},\"query-input\":{\"@type\":\"PropertyValueSpecification\",\"valueRequired\":true,\"valueName\":\"search_term_string\"}}],\"inLanguage\":\"en-US\"},{\"@type\":\"Organization\",\"@id\":\"https:\/\/soolaladu.ee\/#organization\",\"name\":\"Andrese Soolaladu O\u00dc\",\"url\":\"https:\/\/soolaladu.ee\/\",\"logo\":{\"@type\":\"ImageObject\",\"inLanguage\":\"en-US\",\"@id\":\"https:\/\/soolaladu.ee\/#\/schema\/logo\/image\/\",\"url\":\"\",\"contentUrl\":\"\",\"caption\":\"Andrese Soolaladu O\u00dc\"},\"image\":{\"@id\":\"https:\/\/soolaladu.ee\/#\/schema\/logo\/image\/\"},\"sameAs\":[\"https:\/\/www.linkedin.com\/in\/andrei-kirejenkov-414930117\/?originalSubdomain=ee\",\"https:\/\/www.youtube.com\/watch?time_continue=68&amp;amp;v=XC3sMbgpKbk&amp;amp;feature=emb_title\"]}]}<\/script>\n<!-- \/ Yoast SEO plugin. -->","yoast_head_json":{"title":"Dishwasher salt &#8211; Andrese Soolaladu","robots":{"index":"index","follow":"follow","max-snippet":"max-snippet:-1","max-image-preview":"max-image-preview:large","max-video-preview":"max-video-preview:-1"},"canonical":"https:\/\/soolaladu.ee\/toode\/noudepesumasina-sool\/","og_locale":"en_US","og_type":"article","og_title":"Dishwasher salt &#8211; Andrese Soolaladu","og_description":"N\u00f5udepesumasinas katlakivi kogunemise v\u00e4ltimiseks ning pesuaine (pulbri, tableti v\u00f5i geeli) optimaalse toimimise tagamiseks peab vesi olema pehme, see t\u00e4hendab, et selles on v\u00e4he magneesiumi ja kaltsiumi osakesi, mille \u00fchendid p\u00f5hjustavad katlakivi teket ja v\u00e4hendavad pesuvahendi efektiivsust. Sool pehmendab t\u00f5husalt vett ja parandab n\u00f5udepesumasina t\u00f6\u00f6d, suurendades pesuvahendi toimet ning eemaldades n\u00f5udelt valge katte ja plekid.","og_url":"https:\/\/soolaladu.ee\/toode\/noudepesumasina-sool\/","og_site_name":"Andrese Soolaladu","article_modified_time":"2020-12-14T10:31:28+00:00","og_image":[{"width":1654,"height":1654,"url":"https:\/\/soolaladu.ee\/wp-content\/uploads\/2020\/05\/Ster_2kg-Pack_300-dpi.jpg","type":"image\/jpeg"}],"twitter_card":"summary_large_image","twitter_misc":{"Est. reading time":"2 minutes"},"schema":{"@context":"https:\/\/schema.org","@graph":[{"@type":"WebPage","@id":"https:\/\/soolaladu.ee\/toode\/noudepesumasina-sool\/","url":"https:\/\/soolaladu.ee\/toode\/noudepesumasina-sool\/","name":"Dishwasher salt &#8211; Andrese Soolaladu","isPartOf":{"@id":"https:\/\/soolaladu.ee\/#website"},"primaryImageOfPage":{"@id":"https:\/\/soolaladu.ee\/toode\/noudepesumasina-sool\/#primaryimage"},"image":{"@id":"https:\/\/soolaladu.ee\/toode\/noudepesumasina-sool\/#primaryimage"},"thumbnailUrl":"https:\/\/soolaladu.ee\/wp-content\/uploads\/2020\/05\/Ster_2kg-Pack_300-dpi.jpg","datePublished":"2020-05-15T08:49:53+00:00","dateModified":"2020-12-14T10:31:28+00:00","breadcrumb":{"@id":"https:\/\/soolaladu.ee\/toode\/noudepesumasina-sool\/#breadcrumb"},"inLanguage":"en-US","potentialAction":[{"@type":"ReadAction","target":["https:\/\/soolaladu.ee\/toode\/noudepesumasina-sool\/"]}]},{"@type":"ImageObject","inLanguage":"en-US","@id":"https:\/\/soolaladu.ee\/toode\/noudepesumasina-sool\/#primaryimage","url":"https:\/\/soolaladu.ee\/wp-content\/uploads\/2020\/05\/Ster_2kg-Pack_300-dpi.jpg","contentUrl":"https:\/\/soolaladu.ee\/wp-content\/uploads\/2020\/05\/Ster_2kg-Pack_300-dpi.jpg","width":1654,"height":1654},{"@type":"BreadcrumbList","@id":"https:\/\/soolaladu.ee\/toode\/noudepesumasina-sool\/#breadcrumb","itemListElement":[{"@type":"ListItem","position":1,"name":"Home","item":"https:\/\/soolaladu.ee\/en\/"},{"@type":"ListItem","position":2,"name":"Tooted","item":"https:\/\/soolaladu.ee\/tooted\/"},{"@type":"ListItem","position":3,"name":"Dishwasher salt"}]},{"@type":"WebSite","@id":"https:\/\/soolaladu.ee\/#website","url":"https:\/\/soolaladu.ee\/","name":"Andrese Soolaladu","description":"Suurim soola tarnija Eestis ja Baltimaades","publisher":{"@id":"https:\/\/soolaladu.ee\/#organization"},"potentialAction":[{"@type":"SearchAction","target":{"@type":"EntryPoint","urlTemplate":"https:\/\/soolaladu.ee\/?s={search_term_string}"},"query-input":{"@type":"PropertyValueSpecification","valueRequired":true,"valueName":"search_term_string"}}],"inLanguage":"en-US"},{"@type":"Organization","@id":"https:\/\/soolaladu.ee\/#organization","name":"Andrese Soolaladu O\u00dc","url":"https:\/\/soolaladu.ee\/","logo":{"@type":"ImageObject","inLanguage":"en-US","@id":"https:\/\/soolaladu.ee\/#\/schema\/logo\/image\/","url":"","contentUrl":"","caption":"Andrese Soolaladu O\u00dc"},"image":{"@id":"https:\/\/soolaladu.ee\/#\/schema\/logo\/image\/"},"sameAs":["https:\/\/www.linkedin.com\/in\/andrei-kirejenkov-414930117\/?originalSubdomain=ee","https:\/\/www.youtube.com\/watch?time_continue=68&amp;amp;v=XC3sMbgpKbk&amp;amp;feature=emb_title"]}]}},"_links":{"self":[{"href":"https:\/\/soolaladu.ee\/en\/wp-json\/wp\/v2\/product\/21174","targetHints":{"allow":["GET"]}}],"collection":[{"href":"https:\/\/soolaladu.ee\/en\/wp-json\/wp\/v2\/product"}],"about":[{"href":"https:\/\/soolaladu.ee\/en\/wp-json\/wp\/v2\/types\/product"}],"wp:featuredmedia":[{"embeddable":true,"href":"https:\/\/soolaladu.ee\/en\/wp-json\/wp\/v2\/media\/21492"}],"wp:attachment":[{"href":"https:\/\/soolaladu.ee\/en\/wp-json\/wp\/v2\/media?parent=21174"}],"wp:term":[{"taxonomy":"product_brand","embeddable":true,"href":"https:\/\/soolaladu.ee\/en\/wp-json\/wp\/v2\/product_brand?post=21174"},{"taxonomy":"product_cat","embeddable":true,"href":"https:\/\/soolaladu.ee\/en\/wp-json\/wp\/v2\/product_cat?post=21174"},{"taxonomy":"product_tag","embeddable":true,"href":"https:\/\/soolaladu.ee\/en\/wp-json\/wp\/v2\/product_tag?post=21174"}],"curies":[{"name":"wp","href":"https:\/\/api.w.org\/{rel}","templated":true}]}}