{"id":21173,"date":"2020-05-15T11:52:15","date_gmt":"2020-05-15T08:52:15","guid":{"rendered":"https:\/\/soolaladu.ee\/toode\/salt-for-pools\/"},"modified":"2020-12-14T12:31:21","modified_gmt":"2020-12-14T10:31:21","slug":"tableteeritud-sool-basseinidele-marina","status":"publish","type":"product","link":"https:\/\/soolaladu.ee\/en\/toode\/tableteeritud-sool-basseinidele-marina\/","title":{"rendered":"Salt for pools MARINA"},"content":{"rendered":"<p>K+S&#8217;i ujumisbasseinide soolatabletid Marina on tablettideks pressitud vaakumsool. Valget v\u00e4rvi soolatabletid, l\u00f5hnavabad. Vees t\u00e4ielikult lahustuvad. Tableti servad on kumerad, et v\u00e4ltida pakendi kahjustamist transportimise ja ladustamise ajal.<\/p>\n<p>Tablettsoola kasutatakse elektrol\u00fc\u00fcsi (kloorimise) protsessides avalikes basseinides \u00a0ja tervisekeskustes ning samuti vee \u00a0desinfitseerimiseks ja ettevalmistamiseks erabasseinides. M\u00f5eldud vee puhastamise, vee pehmendamise ja vee filtreerimise s\u00fcsteemidele.<\/p>\n<p>Vee pehmendamine on oluline tehnoloogiline protsess. Tablettsool puhastab vett karedussoolast, taastab veepehmendusseadmete ioonivahetites olevate ioonivahetusvaikude toimimisomadusi, kaitseb lubjaladestuste eest.\u00a0 See tagab kvaliteetse, patogeensetest mikroorganismidest vaba basseinivee.<\/p>\n<p>Tablettsoola kasutamisel on tavalise lauasoolaga v\u00f5rreldes mitmeid olulisi eeliseid; tablettsoola pindala on palju suurem kui sama suurel kogusel tavalisel lauasoolal. Seet\u00f5ttu on tablettsoola tarbimine veet\u00f6\u00f6tluse k\u00e4igus v\u00f5rreldes tavalise soolaga umbes 30% v\u00e4iksem.<\/p>\n<hr \/>\n<p><strong>Kasutamine:<\/strong><\/p>\n<p>K+S&#8217;i ujumisbasseinide tablettsool Marina on m\u00f5eldud vee t\u00f6\u00f6tlemiseks, ioonivahetusvaikude regenereerimiseks ja raua eemaldamiseks veepehmendites.<\/p>\n<p>Seda kasutatakse \u00a0basseinivee desinfitseerimiseks ja puhastamiseks avalikes kohtades, n\u00e4iteks hotellides, tervisekeskustes, spaades.<\/p>\n<hr \/>\n<p style=\"text-align: left;\"><strong>Pakend: \u00a0\u00a0\u00a0\u00a0\u00a0\u00a0\u00a0\u00a0\u00a0\u00a0\u00a0\u00a0\u00a0\u00a0\u00a0 <\/strong><\/p>\n<p>&#8211; kilest kotid, 25 kg<\/p>\n<p>&#8211; pol\u00fcprop\u00fcleenist kotid, 1000 kg (big bag)<\/p>\n<hr \/>\n<p>&nbsp;<\/p>\n<table style=\"width: 840px; height: 365px;\">\n<tbody>\n<tr>\n<th>\n<p style=\"text-align: left;\"><strong>Peamised keemilised n\u00e4itajad:<\/strong><\/p>\n<\/th>\n<th style=\"text-align: left;\"><strong>Norm<\/strong><\/th>\n<\/tr>\n<tr>\n<td>Naatriumkloriid (NaCl)<\/td>\n<td>99,8%<\/td>\n<\/tr>\n<tr>\n<td>Niiskusesisaldus (H<sub>2<\/sub>O)<\/td>\n<td>0,1%<\/td>\n<\/tr>\n<tr>\n<td>Vees lahustamatute ainete sisaldus<\/td>\n<td>0,01%<\/td>\n<\/tr>\n<tr>\n<td>Kaltsium + magneesium (Ca+Mg)<\/td>\n<td>0,06%<\/td>\n<\/tr>\n<tr>\n<td>Sulfaat (SO<sub>4<\/sub>)<\/td>\n<td>0,15%<\/td>\n<\/tr>\n<tr>\n<td>Raud (Fe)<\/td>\n<td>2 mg\/kg<\/td>\n<\/tr>\n<tr>\n<td>Mangaan (Mn)<\/td>\n<td>1 mg\/kg<\/td>\n<\/tr>\n<\/tbody>\n<\/table>\n<p>&nbsp;<\/p>\n<p>\u00dche tableti m\u00f5\u00f5tmed:<\/p>\n<ul>\n<li>L\u00e4bim\u00f5\u00f5t: 25 mm<\/li>\n<li>K\u00f5rgus (ligikaudu): 16 mm<\/li>\n<li>Kaal (ligikaudu): 15 grammi<\/li>\n<\/ul>\n<p>Lisainformatsiooni leiab tootja kodulehelt: <a href=\"https:\/\/www.kpluss.com\/en-us\/our-business-products\/industry\/water-treatment\/\">https:\/\/www.kpluss.com\/en-us\/our-business-products\/industry\/water-treatment\/<\/a><\/p>\n","protected":false},"excerpt":{"rendered":"<p>Tablettsool Marina on m\u00f5eldud vee t\u00f6\u00f6tlemiseks, ioonivahetusvaikude regenereerimiseks ja raua eemaldamiseks veepehmendites. Seda kasutatakse \u00a0basseinivee desinfitseerimiseks ja puhastamiseks avalikes kohtades, n\u00e4iteks hotellides, tervisekeskustes, spaades.<\/p>\n","protected":false},"featured_media":21495,"template":"","meta":{"om_disable_all_campaigns":false,"_monsterinsights_skip_tracking":false,"_monsterinsights_sitenote_active":false,"_monsterinsights_sitenote_note":"","_monsterinsights_sitenote_category":0},"product_brand":[],"product_cat":[501,509],"product_tag":[],"class_list":{"0":"post-21173","1":"product","2":"type-product","3":"status-publish","4":"has-post-thumbnail","6":"product_cat-salt","7":"product_cat-salt-tablets-for-disinfecting-and-purifying-drinking-water","9":"first","10":"instock","11":"taxable","12":"shipping-taxable","13":"product-type-simple"},"yoast_head":"<!-- This site is optimized with the Yoast SEO plugin v24.6 - https:\/\/yoast.com\/wordpress\/plugins\/seo\/ -->\n<title>Salt for pools MARINA &#8211; Andrese Soolaladu<\/title>\n<meta name=\"robots\" content=\"index, follow, max-snippet:-1, max-image-preview:large, max-video-preview:-1\" \/>\n<link rel=\"canonical\" href=\"https:\/\/soolaladu.ee\/toode\/tableteeritud-sool-basseinidele-marina\/\" \/>\n<meta property=\"og:locale\" content=\"en_US\" \/>\n<meta property=\"og:type\" content=\"article\" \/>\n<meta property=\"og:title\" content=\"Salt for pools MARINA &#8211; Andrese Soolaladu\" \/>\n<meta property=\"og:description\" content=\"Tablettsool Marina on m\u00f5eldud vee t\u00f6\u00f6tlemiseks, ioonivahetusvaikude regenereerimiseks ja raua eemaldamiseks veepehmendites. Seda kasutatakse \u00a0basseinivee desinfitseerimiseks ja puhastamiseks avalikes kohtades, n\u00e4iteks hotellides, tervisekeskustes, spaades.\" \/>\n<meta property=\"og:url\" content=\"https:\/\/soolaladu.ee\/toode\/tableteeritud-sool-basseinidele-marina\/\" \/>\n<meta property=\"og:site_name\" content=\"Andrese Soolaladu\" \/>\n<meta property=\"article:modified_time\" content=\"2020-12-14T10:31:21+00:00\" \/>\n<meta property=\"og:image\" content=\"https:\/\/soolaladu.ee\/wp-content\/uploads\/2020\/05\/Marina-salt-tablets-for-sweeming-pools.jpg\" \/>\n\t<meta property=\"og:image:width\" content=\"864\" \/>\n\t<meta property=\"og:image:height\" content=\"864\" \/>\n\t<meta property=\"og:image:type\" content=\"image\/jpeg\" \/>\n<meta name=\"twitter:card\" content=\"summary_large_image\" \/>\n<meta name=\"twitter:label1\" content=\"Est. reading time\" \/>\n\t<meta name=\"twitter:data1\" content=\"1 minute\" \/>\n<script type=\"application\/ld+json\" class=\"yoast-schema-graph\">{\"@context\":\"https:\/\/schema.org\",\"@graph\":[{\"@type\":\"WebPage\",\"@id\":\"https:\/\/soolaladu.ee\/toode\/tableteeritud-sool-basseinidele-marina\/\",\"url\":\"https:\/\/soolaladu.ee\/toode\/tableteeritud-sool-basseinidele-marina\/\",\"name\":\"Salt for pools MARINA &#8211; Andrese Soolaladu\",\"isPartOf\":{\"@id\":\"https:\/\/soolaladu.ee\/#website\"},\"primaryImageOfPage\":{\"@id\":\"https:\/\/soolaladu.ee\/toode\/tableteeritud-sool-basseinidele-marina\/#primaryimage\"},\"image\":{\"@id\":\"https:\/\/soolaladu.ee\/toode\/tableteeritud-sool-basseinidele-marina\/#primaryimage\"},\"thumbnailUrl\":\"https:\/\/soolaladu.ee\/wp-content\/uploads\/2020\/05\/Marina-salt-tablets-for-sweeming-pools.jpg\",\"datePublished\":\"2020-05-15T08:52:15+00:00\",\"dateModified\":\"2020-12-14T10:31:21+00:00\",\"breadcrumb\":{\"@id\":\"https:\/\/soolaladu.ee\/toode\/tableteeritud-sool-basseinidele-marina\/#breadcrumb\"},\"inLanguage\":\"en-US\",\"potentialAction\":[{\"@type\":\"ReadAction\",\"target\":[\"https:\/\/soolaladu.ee\/toode\/tableteeritud-sool-basseinidele-marina\/\"]}]},{\"@type\":\"ImageObject\",\"inLanguage\":\"en-US\",\"@id\":\"https:\/\/soolaladu.ee\/toode\/tableteeritud-sool-basseinidele-marina\/#primaryimage\",\"url\":\"https:\/\/soolaladu.ee\/wp-content\/uploads\/2020\/05\/Marina-salt-tablets-for-sweeming-pools.jpg\",\"contentUrl\":\"https:\/\/soolaladu.ee\/wp-content\/uploads\/2020\/05\/Marina-salt-tablets-for-sweeming-pools.jpg\",\"width\":864,\"height\":864},{\"@type\":\"BreadcrumbList\",\"@id\":\"https:\/\/soolaladu.ee\/toode\/tableteeritud-sool-basseinidele-marina\/#breadcrumb\",\"itemListElement\":[{\"@type\":\"ListItem\",\"position\":1,\"name\":\"Home\",\"item\":\"https:\/\/soolaladu.ee\/en\/\"},{\"@type\":\"ListItem\",\"position\":2,\"name\":\"Tooted\",\"item\":\"https:\/\/soolaladu.ee\/tooted\/\"},{\"@type\":\"ListItem\",\"position\":3,\"name\":\"Salt for pools MARINA\"}]},{\"@type\":\"WebSite\",\"@id\":\"https:\/\/soolaladu.ee\/#website\",\"url\":\"https:\/\/soolaladu.ee\/\",\"name\":\"Andrese Soolaladu\",\"description\":\"Suurim soola tarnija Eestis ja Baltimaades\",\"publisher\":{\"@id\":\"https:\/\/soolaladu.ee\/#organization\"},\"potentialAction\":[{\"@type\":\"SearchAction\",\"target\":{\"@type\":\"EntryPoint\",\"urlTemplate\":\"https:\/\/soolaladu.ee\/?s={search_term_string}\"},\"query-input\":{\"@type\":\"PropertyValueSpecification\",\"valueRequired\":true,\"valueName\":\"search_term_string\"}}],\"inLanguage\":\"en-US\"},{\"@type\":\"Organization\",\"@id\":\"https:\/\/soolaladu.ee\/#organization\",\"name\":\"Andrese Soolaladu O\u00dc\",\"url\":\"https:\/\/soolaladu.ee\/\",\"logo\":{\"@type\":\"ImageObject\",\"inLanguage\":\"en-US\",\"@id\":\"https:\/\/soolaladu.ee\/#\/schema\/logo\/image\/\",\"url\":\"\",\"contentUrl\":\"\",\"caption\":\"Andrese Soolaladu O\u00dc\"},\"image\":{\"@id\":\"https:\/\/soolaladu.ee\/#\/schema\/logo\/image\/\"},\"sameAs\":[\"https:\/\/www.linkedin.com\/in\/andrei-kirejenkov-414930117\/?originalSubdomain=ee\",\"https:\/\/www.youtube.com\/watch?time_continue=68&amp;amp;v=XC3sMbgpKbk&amp;amp;feature=emb_title\"]}]}<\/script>\n<!-- \/ Yoast SEO plugin. -->","yoast_head_json":{"title":"Salt for pools MARINA &#8211; Andrese Soolaladu","robots":{"index":"index","follow":"follow","max-snippet":"max-snippet:-1","max-image-preview":"max-image-preview:large","max-video-preview":"max-video-preview:-1"},"canonical":"https:\/\/soolaladu.ee\/toode\/tableteeritud-sool-basseinidele-marina\/","og_locale":"en_US","og_type":"article","og_title":"Salt for pools MARINA &#8211; Andrese Soolaladu","og_description":"Tablettsool Marina on m\u00f5eldud vee t\u00f6\u00f6tlemiseks, ioonivahetusvaikude regenereerimiseks ja raua eemaldamiseks veepehmendites. Seda kasutatakse \u00a0basseinivee desinfitseerimiseks ja puhastamiseks avalikes kohtades, n\u00e4iteks hotellides, tervisekeskustes, spaades.","og_url":"https:\/\/soolaladu.ee\/toode\/tableteeritud-sool-basseinidele-marina\/","og_site_name":"Andrese Soolaladu","article_modified_time":"2020-12-14T10:31:21+00:00","og_image":[{"width":864,"height":864,"url":"https:\/\/soolaladu.ee\/wp-content\/uploads\/2020\/05\/Marina-salt-tablets-for-sweeming-pools.jpg","type":"image\/jpeg"}],"twitter_card":"summary_large_image","twitter_misc":{"Est. reading time":"1 minute"},"schema":{"@context":"https:\/\/schema.org","@graph":[{"@type":"WebPage","@id":"https:\/\/soolaladu.ee\/toode\/tableteeritud-sool-basseinidele-marina\/","url":"https:\/\/soolaladu.ee\/toode\/tableteeritud-sool-basseinidele-marina\/","name":"Salt for pools MARINA &#8211; Andrese Soolaladu","isPartOf":{"@id":"https:\/\/soolaladu.ee\/#website"},"primaryImageOfPage":{"@id":"https:\/\/soolaladu.ee\/toode\/tableteeritud-sool-basseinidele-marina\/#primaryimage"},"image":{"@id":"https:\/\/soolaladu.ee\/toode\/tableteeritud-sool-basseinidele-marina\/#primaryimage"},"thumbnailUrl":"https:\/\/soolaladu.ee\/wp-content\/uploads\/2020\/05\/Marina-salt-tablets-for-sweeming-pools.jpg","datePublished":"2020-05-15T08:52:15+00:00","dateModified":"2020-12-14T10:31:21+00:00","breadcrumb":{"@id":"https:\/\/soolaladu.ee\/toode\/tableteeritud-sool-basseinidele-marina\/#breadcrumb"},"inLanguage":"en-US","potentialAction":[{"@type":"ReadAction","target":["https:\/\/soolaladu.ee\/toode\/tableteeritud-sool-basseinidele-marina\/"]}]},{"@type":"ImageObject","inLanguage":"en-US","@id":"https:\/\/soolaladu.ee\/toode\/tableteeritud-sool-basseinidele-marina\/#primaryimage","url":"https:\/\/soolaladu.ee\/wp-content\/uploads\/2020\/05\/Marina-salt-tablets-for-sweeming-pools.jpg","contentUrl":"https:\/\/soolaladu.ee\/wp-content\/uploads\/2020\/05\/Marina-salt-tablets-for-sweeming-pools.jpg","width":864,"height":864},{"@type":"BreadcrumbList","@id":"https:\/\/soolaladu.ee\/toode\/tableteeritud-sool-basseinidele-marina\/#breadcrumb","itemListElement":[{"@type":"ListItem","position":1,"name":"Home","item":"https:\/\/soolaladu.ee\/en\/"},{"@type":"ListItem","position":2,"name":"Tooted","item":"https:\/\/soolaladu.ee\/tooted\/"},{"@type":"ListItem","position":3,"name":"Salt for pools MARINA"}]},{"@type":"WebSite","@id":"https:\/\/soolaladu.ee\/#website","url":"https:\/\/soolaladu.ee\/","name":"Andrese Soolaladu","description":"Suurim soola tarnija Eestis ja Baltimaades","publisher":{"@id":"https:\/\/soolaladu.ee\/#organization"},"potentialAction":[{"@type":"SearchAction","target":{"@type":"EntryPoint","urlTemplate":"https:\/\/soolaladu.ee\/?s={search_term_string}"},"query-input":{"@type":"PropertyValueSpecification","valueRequired":true,"valueName":"search_term_string"}}],"inLanguage":"en-US"},{"@type":"Organization","@id":"https:\/\/soolaladu.ee\/#organization","name":"Andrese Soolaladu O\u00dc","url":"https:\/\/soolaladu.ee\/","logo":{"@type":"ImageObject","inLanguage":"en-US","@id":"https:\/\/soolaladu.ee\/#\/schema\/logo\/image\/","url":"","contentUrl":"","caption":"Andrese Soolaladu O\u00dc"},"image":{"@id":"https:\/\/soolaladu.ee\/#\/schema\/logo\/image\/"},"sameAs":["https:\/\/www.linkedin.com\/in\/andrei-kirejenkov-414930117\/?originalSubdomain=ee","https:\/\/www.youtube.com\/watch?time_continue=68&amp;amp;v=XC3sMbgpKbk&amp;amp;feature=emb_title"]}]}},"_links":{"self":[{"href":"https:\/\/soolaladu.ee\/en\/wp-json\/wp\/v2\/product\/21173","targetHints":{"allow":["GET"]}}],"collection":[{"href":"https:\/\/soolaladu.ee\/en\/wp-json\/wp\/v2\/product"}],"about":[{"href":"https:\/\/soolaladu.ee\/en\/wp-json\/wp\/v2\/types\/product"}],"wp:featuredmedia":[{"embeddable":true,"href":"https:\/\/soolaladu.ee\/en\/wp-json\/wp\/v2\/media\/21495"}],"wp:attachment":[{"href":"https:\/\/soolaladu.ee\/en\/wp-json\/wp\/v2\/media?parent=21173"}],"wp:term":[{"taxonomy":"product_brand","embeddable":true,"href":"https:\/\/soolaladu.ee\/en\/wp-json\/wp\/v2\/product_brand?post=21173"},{"taxonomy":"product_cat","embeddable":true,"href":"https:\/\/soolaladu.ee\/en\/wp-json\/wp\/v2\/product_cat?post=21173"},{"taxonomy":"product_tag","embeddable":true,"href":"https:\/\/soolaladu.ee\/en\/wp-json\/wp\/v2\/product_tag?post=21173"}],"curies":[{"name":"wp","href":"https:\/\/api.w.org\/{rel}","templated":true}]}}