{"id":21171,"date":"2020-05-15T11:55:30","date_gmt":"2020-05-15T08:55:30","guid":{"rendered":"https:\/\/soolaladu.ee\/toode\/api-nacl\/"},"modified":"2023-09-01T16:44:08","modified_gmt":"2023-09-01T13:44:08","slug":"farmatseutiline-sool-api-nacl","status":"publish","type":"product","link":"https:\/\/soolaladu.ee\/en\/toode\/farmatseutiline-sool-api-nacl\/","title":{"rendered":"Pharma salt, API NaCl"},"content":{"rendered":"<p>K+S API-NaCl \u2013 see on v\u00e4ga puhas looduslik vaakumsool, ilma lisaaineteta. Seda toodetakse, pakendatakse ja s\u00e4ilitatakse eraldi teistest toodetest. On p\u00fcrogeenide ja bakteriaalsete endotoksiinide vaba. Vastab v\u00e4ga k\u00f5rgetele standartidele meditsiini valdkonnas. Vastab Euroopa, Ameerika ja Jaapani farmakop\u00f6a normidele.<\/p>\n<p>K+S API-NaCl \u2013 aktiivne farmaatsia ingredient, on ideaalne kasutamiseks enteraalse ja parenteraalse infusiooni, peritoneaaldial\u00fc\u00fcsi lahendustel ja teistel farmaatsia eesm\u00e4rkidel.<\/p>\n<p>Ravimite manustamist l\u00e4bi seedekulgla nimetatakse enteraalseks infusiooniks. \u00dcldjuhul enteraalne t\u00e4hendab suukaudset ravimi manustamist.<br \/>\nParenteraalne infusioon &#8211; ravimite manustamisviis organismi, millal manustamine k\u00e4ib seedetraktist m\u00f6\u00f6da.<\/p>\n<p>Peritoneaaldial\u00fc\u00fcs &#8211; vere puhastusmeetod \u00e4geda ja kroonilise neerupuudulikkuse korral.<\/p>\n<hr \/>\n<p><strong>Kasutusala:<\/strong><\/p>\n<p>Farmaatsiat\u00f6\u00f6stuses on sool oluline tooraine &#8211; ingredient. Seda kasutatakse n\u00e4iteks infusioonilahustes.\u00a0 Seda soola kasutatakse ka toiduainete,\u00a0 kosmeetika- ja tervisetoodete tootmisel.<\/p>\n<hr \/>\n<p style=\"text-align: left;\"><strong>Pakend: \u00a0\u00a0\u00a0\u00a0\u00a0\u00a0\u00a0\u00a0\u00a0\u00a0\u00a0\u00a0\u00a0\u00a0\u00a0 <\/strong><\/p>\n<p>&#8211; farma-kotid, 25 kg, 50 kg<\/p>\n<p>&#8211; pol\u00fcprop\u00fcleen kotid, 900 kg;1000 kg<\/p>\n<hr \/>\n<p>&nbsp;<\/p>\n<table style=\"width: 775px; height: 115px;\">\n<tbody>\n<tr>\n<th>\n<p style=\"text-align: left;\"><strong>Peamised keemilised n\u00e4itajad:<\/strong><\/p>\n<\/th>\n<th style=\"text-align: left;\"><strong>Norm<\/strong><\/th>\n<\/tr>\n<tr>\n<td>Naatriumkloriid (NaCl)<\/td>\n<td>99,9%<\/td>\n<\/tr>\n<tr>\n<td>Niiskus<\/td>\n<td>0,05%<\/td>\n<\/tr>\n<\/tbody>\n<\/table>\n<p style=\"text-align: left;\">\n","protected":false},"excerpt":{"rendered":"<p>K+S API-NaCl \u2013 see on v\u00e4ga puhas looduslik vaakumsool, ilma lisaaineteta. Seda toodetakse, pakendatakse ja s\u00e4ilitatakse eraldi teistest toodetest. On p\u00fcrogeenide ja bakteriaalsete endotoksiinide vaba. Vastab v\u00e4ga k\u00f5rgetele standartidele meditsiini valdkonnas. Vastab Euroopa, Ameerika ja Jaapani farmakop\u00f6a normidele.<\/p>\n","protected":false},"featured_media":21630,"template":"","meta":{"om_disable_all_campaigns":false,"_monsterinsights_skip_tracking":false,"_monsterinsights_sitenote_active":false,"_monsterinsights_sitenote_note":"","_monsterinsights_sitenote_category":0},"product_brand":[],"product_cat":[501,502],"product_tag":[],"class_list":{"0":"post-21171","1":"product","2":"type-product","3":"status-publish","4":"has-post-thumbnail","6":"product_cat-salt","7":"product_cat-pharma-salt","9":"first","10":"onbackorder","11":"taxable","12":"shipping-taxable","13":"product-type-simple"},"yoast_head":"<!-- This site is optimized with the Yoast SEO plugin v24.6 - https:\/\/yoast.com\/wordpress\/plugins\/seo\/ -->\n<title>Pharma salt, API NaCl &#8211; Andrese Soolaladu<\/title>\n<meta name=\"robots\" content=\"index, follow, max-snippet:-1, max-image-preview:large, max-video-preview:-1\" \/>\n<link rel=\"canonical\" href=\"https:\/\/soolaladu.ee\/en\/toode\/farmatseutiline-sool-api-nacl\/\" \/>\n<meta property=\"og:locale\" content=\"en_US\" \/>\n<meta property=\"og:type\" content=\"article\" \/>\n<meta property=\"og:title\" content=\"Pharma salt, API NaCl &#8211; Andrese Soolaladu\" \/>\n<meta property=\"og:description\" content=\"K+S API-NaCl \u2013 see on v\u00e4ga puhas looduslik vaakumsool, ilma lisaaineteta. Seda toodetakse, pakendatakse ja s\u00e4ilitatakse eraldi teistest toodetest. On p\u00fcrogeenide ja bakteriaalsete endotoksiinide vaba. Vastab v\u00e4ga k\u00f5rgetele standartidele meditsiini valdkonnas. Vastab Euroopa, Ameerika ja Jaapani farmakop\u00f6a normidele.\" \/>\n<meta property=\"og:url\" content=\"https:\/\/soolaladu.ee\/en\/toode\/farmatseutiline-sool-api-nacl\/\" \/>\n<meta property=\"og:site_name\" content=\"Andrese Soolaladu\" \/>\n<meta property=\"article:modified_time\" content=\"2023-09-01T13:44:08+00:00\" \/>\n<meta property=\"og:image\" content=\"https:\/\/soolaladu.ee\/wp-content\/uploads\/2020\/05\/API-NaCl-sool-1.jpg\" \/>\n\t<meta property=\"og:image:width\" content=\"251\" \/>\n\t<meta property=\"og:image:height\" content=\"251\" \/>\n\t<meta property=\"og:image:type\" content=\"image\/jpeg\" \/>\n<meta name=\"twitter:card\" content=\"summary_large_image\" \/>\n<meta name=\"twitter:label1\" content=\"Est. reading time\" \/>\n\t<meta name=\"twitter:data1\" content=\"1 minute\" \/>\n<script type=\"application\/ld+json\" class=\"yoast-schema-graph\">{\"@context\":\"https:\/\/schema.org\",\"@graph\":[{\"@type\":\"WebPage\",\"@id\":\"https:\/\/soolaladu.ee\/en\/toode\/farmatseutiline-sool-api-nacl\/\",\"url\":\"https:\/\/soolaladu.ee\/en\/toode\/farmatseutiline-sool-api-nacl\/\",\"name\":\"Pharma salt, API NaCl &#8211; Andrese Soolaladu\",\"isPartOf\":{\"@id\":\"https:\/\/soolaladu.ee\/#website\"},\"primaryImageOfPage\":{\"@id\":\"https:\/\/soolaladu.ee\/en\/toode\/farmatseutiline-sool-api-nacl\/#primaryimage\"},\"image\":{\"@id\":\"https:\/\/soolaladu.ee\/en\/toode\/farmatseutiline-sool-api-nacl\/#primaryimage\"},\"thumbnailUrl\":\"https:\/\/soolaladu.ee\/wp-content\/uploads\/2020\/05\/API-NaCl-sool-1.jpg\",\"datePublished\":\"2020-05-15T08:55:30+00:00\",\"dateModified\":\"2023-09-01T13:44:08+00:00\",\"breadcrumb\":{\"@id\":\"https:\/\/soolaladu.ee\/en\/toode\/farmatseutiline-sool-api-nacl\/#breadcrumb\"},\"inLanguage\":\"en-US\",\"potentialAction\":[{\"@type\":\"ReadAction\",\"target\":[\"https:\/\/soolaladu.ee\/en\/toode\/farmatseutiline-sool-api-nacl\/\"]}]},{\"@type\":\"ImageObject\",\"inLanguage\":\"en-US\",\"@id\":\"https:\/\/soolaladu.ee\/en\/toode\/farmatseutiline-sool-api-nacl\/#primaryimage\",\"url\":\"https:\/\/soolaladu.ee\/wp-content\/uploads\/2020\/05\/API-NaCl-sool-1.jpg\",\"contentUrl\":\"https:\/\/soolaladu.ee\/wp-content\/uploads\/2020\/05\/API-NaCl-sool-1.jpg\",\"width\":251,\"height\":251},{\"@type\":\"BreadcrumbList\",\"@id\":\"https:\/\/soolaladu.ee\/en\/toode\/farmatseutiline-sool-api-nacl\/#breadcrumb\",\"itemListElement\":[{\"@type\":\"ListItem\",\"position\":1,\"name\":\"Home\",\"item\":\"https:\/\/soolaladu.ee\/en\/\"},{\"@type\":\"ListItem\",\"position\":2,\"name\":\"Tooted\",\"item\":\"https:\/\/soolaladu.ee\/tooted\/\"},{\"@type\":\"ListItem\",\"position\":3,\"name\":\"Pharma salt, API NaCl\"}]},{\"@type\":\"WebSite\",\"@id\":\"https:\/\/soolaladu.ee\/#website\",\"url\":\"https:\/\/soolaladu.ee\/\",\"name\":\"Andrese Soolaladu\",\"description\":\"Suurim soola tarnija Eestis ja Baltimaades\",\"publisher\":{\"@id\":\"https:\/\/soolaladu.ee\/#organization\"},\"potentialAction\":[{\"@type\":\"SearchAction\",\"target\":{\"@type\":\"EntryPoint\",\"urlTemplate\":\"https:\/\/soolaladu.ee\/?s={search_term_string}\"},\"query-input\":{\"@type\":\"PropertyValueSpecification\",\"valueRequired\":true,\"valueName\":\"search_term_string\"}}],\"inLanguage\":\"en-US\"},{\"@type\":\"Organization\",\"@id\":\"https:\/\/soolaladu.ee\/#organization\",\"name\":\"Andrese Soolaladu O\u00dc\",\"url\":\"https:\/\/soolaladu.ee\/\",\"logo\":{\"@type\":\"ImageObject\",\"inLanguage\":\"en-US\",\"@id\":\"https:\/\/soolaladu.ee\/#\/schema\/logo\/image\/\",\"url\":\"\",\"contentUrl\":\"\",\"caption\":\"Andrese Soolaladu O\u00dc\"},\"image\":{\"@id\":\"https:\/\/soolaladu.ee\/#\/schema\/logo\/image\/\"},\"sameAs\":[\"https:\/\/www.linkedin.com\/in\/andrei-kirejenkov-414930117\/?originalSubdomain=ee\",\"https:\/\/www.youtube.com\/watch?time_continue=68&amp;amp;v=XC3sMbgpKbk&amp;amp;feature=emb_title\"]}]}<\/script>\n<!-- \/ Yoast SEO plugin. -->","yoast_head_json":{"title":"Pharma salt, API NaCl &#8211; Andrese Soolaladu","robots":{"index":"index","follow":"follow","max-snippet":"max-snippet:-1","max-image-preview":"max-image-preview:large","max-video-preview":"max-video-preview:-1"},"canonical":"https:\/\/soolaladu.ee\/en\/toode\/farmatseutiline-sool-api-nacl\/","og_locale":"en_US","og_type":"article","og_title":"Pharma salt, API NaCl &#8211; Andrese Soolaladu","og_description":"K+S API-NaCl \u2013 see on v\u00e4ga puhas looduslik vaakumsool, ilma lisaaineteta. Seda toodetakse, pakendatakse ja s\u00e4ilitatakse eraldi teistest toodetest. On p\u00fcrogeenide ja bakteriaalsete endotoksiinide vaba. Vastab v\u00e4ga k\u00f5rgetele standartidele meditsiini valdkonnas. Vastab Euroopa, Ameerika ja Jaapani farmakop\u00f6a normidele.","og_url":"https:\/\/soolaladu.ee\/en\/toode\/farmatseutiline-sool-api-nacl\/","og_site_name":"Andrese Soolaladu","article_modified_time":"2023-09-01T13:44:08+00:00","og_image":[{"width":251,"height":251,"url":"https:\/\/soolaladu.ee\/wp-content\/uploads\/2020\/05\/API-NaCl-sool-1.jpg","type":"image\/jpeg"}],"twitter_card":"summary_large_image","twitter_misc":{"Est. reading time":"1 minute"},"schema":{"@context":"https:\/\/schema.org","@graph":[{"@type":"WebPage","@id":"https:\/\/soolaladu.ee\/en\/toode\/farmatseutiline-sool-api-nacl\/","url":"https:\/\/soolaladu.ee\/en\/toode\/farmatseutiline-sool-api-nacl\/","name":"Pharma salt, API NaCl &#8211; Andrese Soolaladu","isPartOf":{"@id":"https:\/\/soolaladu.ee\/#website"},"primaryImageOfPage":{"@id":"https:\/\/soolaladu.ee\/en\/toode\/farmatseutiline-sool-api-nacl\/#primaryimage"},"image":{"@id":"https:\/\/soolaladu.ee\/en\/toode\/farmatseutiline-sool-api-nacl\/#primaryimage"},"thumbnailUrl":"https:\/\/soolaladu.ee\/wp-content\/uploads\/2020\/05\/API-NaCl-sool-1.jpg","datePublished":"2020-05-15T08:55:30+00:00","dateModified":"2023-09-01T13:44:08+00:00","breadcrumb":{"@id":"https:\/\/soolaladu.ee\/en\/toode\/farmatseutiline-sool-api-nacl\/#breadcrumb"},"inLanguage":"en-US","potentialAction":[{"@type":"ReadAction","target":["https:\/\/soolaladu.ee\/en\/toode\/farmatseutiline-sool-api-nacl\/"]}]},{"@type":"ImageObject","inLanguage":"en-US","@id":"https:\/\/soolaladu.ee\/en\/toode\/farmatseutiline-sool-api-nacl\/#primaryimage","url":"https:\/\/soolaladu.ee\/wp-content\/uploads\/2020\/05\/API-NaCl-sool-1.jpg","contentUrl":"https:\/\/soolaladu.ee\/wp-content\/uploads\/2020\/05\/API-NaCl-sool-1.jpg","width":251,"height":251},{"@type":"BreadcrumbList","@id":"https:\/\/soolaladu.ee\/en\/toode\/farmatseutiline-sool-api-nacl\/#breadcrumb","itemListElement":[{"@type":"ListItem","position":1,"name":"Home","item":"https:\/\/soolaladu.ee\/en\/"},{"@type":"ListItem","position":2,"name":"Tooted","item":"https:\/\/soolaladu.ee\/tooted\/"},{"@type":"ListItem","position":3,"name":"Pharma salt, API NaCl"}]},{"@type":"WebSite","@id":"https:\/\/soolaladu.ee\/#website","url":"https:\/\/soolaladu.ee\/","name":"Andrese Soolaladu","description":"Suurim soola tarnija Eestis ja Baltimaades","publisher":{"@id":"https:\/\/soolaladu.ee\/#organization"},"potentialAction":[{"@type":"SearchAction","target":{"@type":"EntryPoint","urlTemplate":"https:\/\/soolaladu.ee\/?s={search_term_string}"},"query-input":{"@type":"PropertyValueSpecification","valueRequired":true,"valueName":"search_term_string"}}],"inLanguage":"en-US"},{"@type":"Organization","@id":"https:\/\/soolaladu.ee\/#organization","name":"Andrese Soolaladu O\u00dc","url":"https:\/\/soolaladu.ee\/","logo":{"@type":"ImageObject","inLanguage":"en-US","@id":"https:\/\/soolaladu.ee\/#\/schema\/logo\/image\/","url":"","contentUrl":"","caption":"Andrese Soolaladu O\u00dc"},"image":{"@id":"https:\/\/soolaladu.ee\/#\/schema\/logo\/image\/"},"sameAs":["https:\/\/www.linkedin.com\/in\/andrei-kirejenkov-414930117\/?originalSubdomain=ee","https:\/\/www.youtube.com\/watch?time_continue=68&amp;amp;v=XC3sMbgpKbk&amp;amp;feature=emb_title"]}]}},"_links":{"self":[{"href":"https:\/\/soolaladu.ee\/en\/wp-json\/wp\/v2\/product\/21171","targetHints":{"allow":["GET"]}}],"collection":[{"href":"https:\/\/soolaladu.ee\/en\/wp-json\/wp\/v2\/product"}],"about":[{"href":"https:\/\/soolaladu.ee\/en\/wp-json\/wp\/v2\/types\/product"}],"wp:featuredmedia":[{"embeddable":true,"href":"https:\/\/soolaladu.ee\/en\/wp-json\/wp\/v2\/media\/21630"}],"wp:attachment":[{"href":"https:\/\/soolaladu.ee\/en\/wp-json\/wp\/v2\/media?parent=21171"}],"wp:term":[{"taxonomy":"product_brand","embeddable":true,"href":"https:\/\/soolaladu.ee\/en\/wp-json\/wp\/v2\/product_brand?post=21171"},{"taxonomy":"product_cat","embeddable":true,"href":"https:\/\/soolaladu.ee\/en\/wp-json\/wp\/v2\/product_cat?post=21171"},{"taxonomy":"product_tag","embeddable":true,"href":"https:\/\/soolaladu.ee\/en\/wp-json\/wp\/v2\/product_tag?post=21171"}],"curies":[{"name":"wp","href":"https:\/\/api.w.org\/{rel}","templated":true}]}}