{"id":21170,"date":"2020-07-01T10:07:27","date_gmt":"2020-07-01T07:07:27","guid":{"rendered":"https:\/\/soolaladu.ee\/toode\/himalayan-salt\/"},"modified":"2020-12-14T12:30:58","modified_gmt":"2020-12-14T10:30:58","slug":"himaalaja-sool","status":"publish","type":"product","link":"https:\/\/soolaladu.ee\/en\/toode\/himaalaja-sool\/","title":{"rendered":"Himalaya salt"},"content":{"rendered":"<p>Himaalaja roosa sool on meresool, mis tekkis \u00fcle 250 miljoni aasta tagasi Permi v\u00e4ljasuremise aegadel, mis viis iidse ookeani v\u00e4ljakeemiseni.\u00a0J\u00e4rgnevatel perioodidel maakoort korduvalt tabanud geoloogilised m\u00f5jutused viisid kontinentide tekkeni. India on olnud kunagi eraldi kontinent, mis liikus aeglaselt Euraasia poole, kuni \u00fchines sellega, sulgedes seel\u00e4bi Tethyse (iidse ookeani).<\/p>\n<p>Triiase perioodil (248 kuni 213 mln aastat tagasi) hakkas Pangaea superkontinent l\u00f5henema hiiglaslikuks Gondwanaks ja Lauraasiaks. Neid eraldas pikk Tethyse ookean.<\/p>\n<p>Nende \u00fchinemise paika tekkis Himaalaja m\u00e4estik. Kunagi kontinente eraldanud ookeani sool suruti v\u00e4lja 3000 meetri k\u00f5rgusel asuvale platoole. Vulkaanilised protsessid j\u00e4tkusid, ning sool sulas, segunedes magmaga, mis tingiski soola roosa v\u00e4rvuse ja vaid sellele iseloomuliku koostise.<\/p>\n<p>Maitse poolest erineb Himaalaja sool teistest soolaliikidest oluliselt. Selle aroom ja maitse t\u00e4iendavad suurel m\u00e4\u00e4ral toor- ja valmistoiduainete maitset.<\/p>\n<p>Seda t\u00e4iesti puhast, ilma lisaaineteta soola kaevandatakse Himaalaja m\u00e4gedes k\u00e4sitsi, kasutamata l\u00f5hkeaineid ning j\u00e4rgides esivanemate iidseid traditsioone. Roosa Himaalaja sool sisaldab 84 elementi ja 200 keemilist \u00fchendit.<\/p>\n<p>Granulomeetria j\u00e4rgi on v\u00f5imalik j\u00e4rgmiste roosa Himaalaja soola liikide tootmine:<\/p>\n<p>&#8211; mikropeen (graanulite suurus ei \u00fcleta 0,1 mm)<\/p>\n<p>&#8211; ultrapeen (graanulite suurus ei \u00fcleta 0,5 mm)<\/p>\n<p>&#8211; peen (graanulite suurus ei \u00fcleta 1,0 mm)<\/p>\n<p>&#8211; keskmine (graanulite suurus ei \u00fcleta 3,0 mm)<\/p>\n<p>&#8211; j\u00e4me (graanulite suurus ei \u00fcleta 5,0 mm)<\/p>\n<p>Peale standardse Himaalaja roosa soola kuuluvad meie sortimenti ka Himaalaja roosast soolast valmistatud soolaplaadid ja t\u00fckksool.<\/p>\n<p>Meie ettev\u00f5tte poolt pakutav Himaalaja roosa sool on l\u00e4binud ISO 9001 sertifitseerimise ning vastab HACCP sertifikaadile.<\/p>\n<hr \/>\n<p><strong>Kasutamine:<\/strong><\/p>\n<p>Himaalaja roosa soola kasutatakse laialdaselt toiduvalmistamises lauasoola asemel, sealhulgas ka roogade kaunistamiseks. Soolaplaate kasutatakse ka serveerimisn\u00f5udena, aga ka toidu valmistamiseks. Himaalaja soola plaatidel v\u00f5ib liha ja kala m\u00f5ne aja jooksul s\u00e4ilitada, ning seej\u00e4rel soojendatakse plaate aeglaselt kuni 200 \u00b0\u0421 ning kasutatakse tavalise pliidiplaadina. Himaalaja roosa sool ei ole kasulik mitte ainult toiduks kasutamiseks, vaid ka ravitoimet omava vannisoolana. Samuti kasutatakse Himaalaja roosat soola aktiivselt saunade ehituses dekoorelemendina ja t\u00fckksoola kasutatakse saunas sissehingatava teraapilise vahendina.<\/p>\n<hr \/>\n<p style=\"text-align: left;\"><strong>Pakend: \u00a0\u00a0\u00a0\u00a0\u00a0\u00a0\u00a0\u00a0\u00a0\u00a0\u00a0\u00a0\u00a0\u00a0\u00a0 <\/strong><\/p>\n<p>&#8211; m\u00f5lemalt poolt lihvitud plaadid, 200 x 100 mm, paksus 25 mm<\/p>\n<p>&#8211; \u00fchelt poolt lihvitud plaadid, 200 x 100 mm, paksus 25 mm<\/p>\n<p>&#8211; m\u00f5lemalt poolt lihvitud plaadid, 200 x 100 mm, paksus 50 mm<\/p>\n<p>&#8211; \u00fchelt poolt lihvitud plaadid, 200 x 100 mm, paksus 50 mm<\/p>\n<p>&#8211; kilest kotid, 1,0 kg<\/p>\n<p>&#8211; pol\u00fcprop\u00fcleenist kotid, 25 kg<\/p>\n<hr \/>\n<p>&nbsp;<\/p>\n<table style=\"width: 840px; height: 365px;\">\n<tbody>\n<tr>\n<th>\n<p style=\"text-align: left;\"><strong>Peamised keemilised n\u00e4itajad:<\/strong><\/p>\n<\/th>\n<th style=\"text-align: left;\"><strong>Norm<\/strong><\/th>\n<\/tr>\n<tr>\n<td>Naatriumkloriid (NaCl)<\/td>\n<td>98,5%<\/td>\n<\/tr>\n<tr>\n<td>Niiskusesisaldus (H<sub>2<\/sub>O)<\/td>\n<td>0,07%<\/td>\n<\/tr>\n<tr>\n<td>Vees lahustamatute ainete sisaldus<\/td>\n<td>0,01%<\/td>\n<\/tr>\n<tr>\n<td>Kaltsium (Ca)<\/td>\n<td>50 mg\/kg<\/td>\n<\/tr>\n<tr>\n<td>Magneesium (Mg)<\/td>\n<td>30 mg\/kg<\/td>\n<\/tr>\n<tr>\n<td>Sulfaat (SO<sub>4<\/sub>)<\/td>\n<td>300 mg\/kg<\/td>\n<\/tr>\n<\/tbody>\n<\/table>\n<p>&nbsp;<\/p>\n","protected":false},"excerpt":{"rendered":"<p>Himaalaja roosa sool on meresool, mis tekkis \u00fcle 250 miljoni aasta tagasi Permi v\u00e4ljasuremise aegadel, mis viis iidse ookeani v\u00e4ljakeemiseni. Himaalaja roosa soola kasutatakse laialdaselt toiduvalmistamises lauasoola asemel, sealhulgas ka roogade kaunistamiseks.<\/p>\n","protected":false},"featured_media":21465,"template":"","meta":{"om_disable_all_campaigns":false,"_monsterinsights_skip_tracking":false,"_monsterinsights_sitenote_active":false,"_monsterinsights_sitenote_note":"","_monsterinsights_sitenote_category":0},"product_brand":[],"product_cat":[501,510],"product_tag":[],"class_list":{"0":"post-21170","1":"product","2":"type-product","3":"status-publish","4":"has-post-thumbnail","6":"product_cat-salt","7":"product_cat-food-salt","9":"first","10":"instock","11":"taxable","12":"shipping-taxable","13":"product-type-simple"},"yoast_head":"<!-- This site is optimized with the Yoast SEO plugin v24.6 - https:\/\/yoast.com\/wordpress\/plugins\/seo\/ -->\n<title>Himalaya salt &#8211; Andrese Soolaladu<\/title>\n<meta name=\"robots\" content=\"index, follow, max-snippet:-1, max-image-preview:large, max-video-preview:-1\" \/>\n<link rel=\"canonical\" href=\"https:\/\/soolaladu.ee\/toode\/himaalaja-sool\/\" \/>\n<meta property=\"og:locale\" content=\"en_US\" \/>\n<meta property=\"og:type\" content=\"article\" \/>\n<meta property=\"og:title\" content=\"Himalaya salt &#8211; Andrese Soolaladu\" \/>\n<meta property=\"og:description\" content=\"Himaalaja roosa sool on meresool, mis tekkis \u00fcle 250 miljoni aasta tagasi Permi v\u00e4ljasuremise aegadel, mis viis iidse ookeani v\u00e4ljakeemiseni. Himaalaja roosa soola kasutatakse laialdaselt toiduvalmistamises lauasoola asemel, sealhulgas ka roogade kaunistamiseks.\" \/>\n<meta property=\"og:url\" content=\"https:\/\/soolaladu.ee\/toode\/himaalaja-sool\/\" \/>\n<meta property=\"og:site_name\" content=\"Andrese Soolaladu\" \/>\n<meta property=\"article:modified_time\" content=\"2020-12-14T10:30:58+00:00\" \/>\n<meta property=\"og:image\" content=\"https:\/\/soolaladu.ee\/wp-content\/uploads\/2020\/07\/Himalaja-sool.jpg\" \/>\n\t<meta property=\"og:image:width\" content=\"720\" \/>\n\t<meta property=\"og:image:height\" content=\"480\" \/>\n\t<meta property=\"og:image:type\" content=\"image\/jpeg\" \/>\n<meta name=\"twitter:card\" content=\"summary_large_image\" \/>\n<meta name=\"twitter:label1\" content=\"Est. reading time\" \/>\n\t<meta name=\"twitter:data1\" content=\"2 minutes\" \/>\n<script type=\"application\/ld+json\" class=\"yoast-schema-graph\">{\"@context\":\"https:\/\/schema.org\",\"@graph\":[{\"@type\":\"WebPage\",\"@id\":\"https:\/\/soolaladu.ee\/toode\/himaalaja-sool\/\",\"url\":\"https:\/\/soolaladu.ee\/toode\/himaalaja-sool\/\",\"name\":\"Himalaya salt &#8211; Andrese Soolaladu\",\"isPartOf\":{\"@id\":\"https:\/\/soolaladu.ee\/#website\"},\"primaryImageOfPage\":{\"@id\":\"https:\/\/soolaladu.ee\/toode\/himaalaja-sool\/#primaryimage\"},\"image\":{\"@id\":\"https:\/\/soolaladu.ee\/toode\/himaalaja-sool\/#primaryimage\"},\"thumbnailUrl\":\"https:\/\/soolaladu.ee\/wp-content\/uploads\/2020\/07\/Himalaja-sool.jpg\",\"datePublished\":\"2020-07-01T07:07:27+00:00\",\"dateModified\":\"2020-12-14T10:30:58+00:00\",\"breadcrumb\":{\"@id\":\"https:\/\/soolaladu.ee\/toode\/himaalaja-sool\/#breadcrumb\"},\"inLanguage\":\"en-US\",\"potentialAction\":[{\"@type\":\"ReadAction\",\"target\":[\"https:\/\/soolaladu.ee\/toode\/himaalaja-sool\/\"]}]},{\"@type\":\"ImageObject\",\"inLanguage\":\"en-US\",\"@id\":\"https:\/\/soolaladu.ee\/toode\/himaalaja-sool\/#primaryimage\",\"url\":\"https:\/\/soolaladu.ee\/wp-content\/uploads\/2020\/07\/Himalaja-sool.jpg\",\"contentUrl\":\"https:\/\/soolaladu.ee\/wp-content\/uploads\/2020\/07\/Himalaja-sool.jpg\",\"width\":720,\"height\":480},{\"@type\":\"BreadcrumbList\",\"@id\":\"https:\/\/soolaladu.ee\/toode\/himaalaja-sool\/#breadcrumb\",\"itemListElement\":[{\"@type\":\"ListItem\",\"position\":1,\"name\":\"Home\",\"item\":\"https:\/\/soolaladu.ee\/en\/\"},{\"@type\":\"ListItem\",\"position\":2,\"name\":\"Tooted\",\"item\":\"https:\/\/soolaladu.ee\/tooted\/\"},{\"@type\":\"ListItem\",\"position\":3,\"name\":\"Himalaya salt\"}]},{\"@type\":\"WebSite\",\"@id\":\"https:\/\/soolaladu.ee\/#website\",\"url\":\"https:\/\/soolaladu.ee\/\",\"name\":\"Andrese Soolaladu\",\"description\":\"Suurim soola tarnija Eestis ja Baltimaades\",\"publisher\":{\"@id\":\"https:\/\/soolaladu.ee\/#organization\"},\"potentialAction\":[{\"@type\":\"SearchAction\",\"target\":{\"@type\":\"EntryPoint\",\"urlTemplate\":\"https:\/\/soolaladu.ee\/?s={search_term_string}\"},\"query-input\":{\"@type\":\"PropertyValueSpecification\",\"valueRequired\":true,\"valueName\":\"search_term_string\"}}],\"inLanguage\":\"en-US\"},{\"@type\":\"Organization\",\"@id\":\"https:\/\/soolaladu.ee\/#organization\",\"name\":\"Andrese Soolaladu O\u00dc\",\"url\":\"https:\/\/soolaladu.ee\/\",\"logo\":{\"@type\":\"ImageObject\",\"inLanguage\":\"en-US\",\"@id\":\"https:\/\/soolaladu.ee\/#\/schema\/logo\/image\/\",\"url\":\"\",\"contentUrl\":\"\",\"caption\":\"Andrese Soolaladu O\u00dc\"},\"image\":{\"@id\":\"https:\/\/soolaladu.ee\/#\/schema\/logo\/image\/\"},\"sameAs\":[\"https:\/\/www.linkedin.com\/in\/andrei-kirejenkov-414930117\/?originalSubdomain=ee\",\"https:\/\/www.youtube.com\/watch?time_continue=68&amp;amp;v=XC3sMbgpKbk&amp;amp;feature=emb_title\"]}]}<\/script>\n<!-- \/ Yoast SEO plugin. -->","yoast_head_json":{"title":"Himalaya salt &#8211; Andrese Soolaladu","robots":{"index":"index","follow":"follow","max-snippet":"max-snippet:-1","max-image-preview":"max-image-preview:large","max-video-preview":"max-video-preview:-1"},"canonical":"https:\/\/soolaladu.ee\/toode\/himaalaja-sool\/","og_locale":"en_US","og_type":"article","og_title":"Himalaya salt &#8211; Andrese Soolaladu","og_description":"Himaalaja roosa sool on meresool, mis tekkis \u00fcle 250 miljoni aasta tagasi Permi v\u00e4ljasuremise aegadel, mis viis iidse ookeani v\u00e4ljakeemiseni. Himaalaja roosa soola kasutatakse laialdaselt toiduvalmistamises lauasoola asemel, sealhulgas ka roogade kaunistamiseks.","og_url":"https:\/\/soolaladu.ee\/toode\/himaalaja-sool\/","og_site_name":"Andrese Soolaladu","article_modified_time":"2020-12-14T10:30:58+00:00","og_image":[{"width":720,"height":480,"url":"https:\/\/soolaladu.ee\/wp-content\/uploads\/2020\/07\/Himalaja-sool.jpg","type":"image\/jpeg"}],"twitter_card":"summary_large_image","twitter_misc":{"Est. reading time":"2 minutes"},"schema":{"@context":"https:\/\/schema.org","@graph":[{"@type":"WebPage","@id":"https:\/\/soolaladu.ee\/toode\/himaalaja-sool\/","url":"https:\/\/soolaladu.ee\/toode\/himaalaja-sool\/","name":"Himalaya salt &#8211; Andrese Soolaladu","isPartOf":{"@id":"https:\/\/soolaladu.ee\/#website"},"primaryImageOfPage":{"@id":"https:\/\/soolaladu.ee\/toode\/himaalaja-sool\/#primaryimage"},"image":{"@id":"https:\/\/soolaladu.ee\/toode\/himaalaja-sool\/#primaryimage"},"thumbnailUrl":"https:\/\/soolaladu.ee\/wp-content\/uploads\/2020\/07\/Himalaja-sool.jpg","datePublished":"2020-07-01T07:07:27+00:00","dateModified":"2020-12-14T10:30:58+00:00","breadcrumb":{"@id":"https:\/\/soolaladu.ee\/toode\/himaalaja-sool\/#breadcrumb"},"inLanguage":"en-US","potentialAction":[{"@type":"ReadAction","target":["https:\/\/soolaladu.ee\/toode\/himaalaja-sool\/"]}]},{"@type":"ImageObject","inLanguage":"en-US","@id":"https:\/\/soolaladu.ee\/toode\/himaalaja-sool\/#primaryimage","url":"https:\/\/soolaladu.ee\/wp-content\/uploads\/2020\/07\/Himalaja-sool.jpg","contentUrl":"https:\/\/soolaladu.ee\/wp-content\/uploads\/2020\/07\/Himalaja-sool.jpg","width":720,"height":480},{"@type":"BreadcrumbList","@id":"https:\/\/soolaladu.ee\/toode\/himaalaja-sool\/#breadcrumb","itemListElement":[{"@type":"ListItem","position":1,"name":"Home","item":"https:\/\/soolaladu.ee\/en\/"},{"@type":"ListItem","position":2,"name":"Tooted","item":"https:\/\/soolaladu.ee\/tooted\/"},{"@type":"ListItem","position":3,"name":"Himalaya salt"}]},{"@type":"WebSite","@id":"https:\/\/soolaladu.ee\/#website","url":"https:\/\/soolaladu.ee\/","name":"Andrese Soolaladu","description":"Suurim soola tarnija Eestis ja Baltimaades","publisher":{"@id":"https:\/\/soolaladu.ee\/#organization"},"potentialAction":[{"@type":"SearchAction","target":{"@type":"EntryPoint","urlTemplate":"https:\/\/soolaladu.ee\/?s={search_term_string}"},"query-input":{"@type":"PropertyValueSpecification","valueRequired":true,"valueName":"search_term_string"}}],"inLanguage":"en-US"},{"@type":"Organization","@id":"https:\/\/soolaladu.ee\/#organization","name":"Andrese Soolaladu O\u00dc","url":"https:\/\/soolaladu.ee\/","logo":{"@type":"ImageObject","inLanguage":"en-US","@id":"https:\/\/soolaladu.ee\/#\/schema\/logo\/image\/","url":"","contentUrl":"","caption":"Andrese Soolaladu O\u00dc"},"image":{"@id":"https:\/\/soolaladu.ee\/#\/schema\/logo\/image\/"},"sameAs":["https:\/\/www.linkedin.com\/in\/andrei-kirejenkov-414930117\/?originalSubdomain=ee","https:\/\/www.youtube.com\/watch?time_continue=68&amp;amp;v=XC3sMbgpKbk&amp;amp;feature=emb_title"]}]}},"_links":{"self":[{"href":"https:\/\/soolaladu.ee\/en\/wp-json\/wp\/v2\/product\/21170","targetHints":{"allow":["GET"]}}],"collection":[{"href":"https:\/\/soolaladu.ee\/en\/wp-json\/wp\/v2\/product"}],"about":[{"href":"https:\/\/soolaladu.ee\/en\/wp-json\/wp\/v2\/types\/product"}],"wp:featuredmedia":[{"embeddable":true,"href":"https:\/\/soolaladu.ee\/en\/wp-json\/wp\/v2\/media\/21465"}],"wp:attachment":[{"href":"https:\/\/soolaladu.ee\/en\/wp-json\/wp\/v2\/media?parent=21170"}],"wp:term":[{"taxonomy":"product_brand","embeddable":true,"href":"https:\/\/soolaladu.ee\/en\/wp-json\/wp\/v2\/product_brand?post=21170"},{"taxonomy":"product_cat","embeddable":true,"href":"https:\/\/soolaladu.ee\/en\/wp-json\/wp\/v2\/product_cat?post=21170"},{"taxonomy":"product_tag","embeddable":true,"href":"https:\/\/soolaladu.ee\/en\/wp-json\/wp\/v2\/product_tag?post=21170"}],"curies":[{"name":"wp","href":"https:\/\/api.w.org\/{rel}","templated":true}]}}