{"id":21169,"date":"2020-07-01T10:09:43","date_gmt":"2020-07-01T07:09:43","guid":{"rendered":"https:\/\/soolaladu.ee\/toode\/salt-flakes\/"},"modified":"2020-12-14T12:30:50","modified_gmt":"2020-12-14T10:30:50","slug":"soolahelbed","status":"publish","type":"product","link":"https:\/\/soolaladu.ee\/en\/toode\/soolahelbed\/","title":{"rendered":"Salt flakes"},"content":{"rendered":"<p>Falksalt ja Sailori soolahelbed gurmeep\u00fcramiidide kujul on kaubam\u00e4rgi Falksalt ja Sailor preemiumklassi sool.<\/p>\n<p>Falksalt ja Sailori soolahelbed on h\u00e4mmastav toode, mis on valmistatud K\u00fcprose Vabariigis esmaklassilisest meresoolast. Vahemere kaldal toimub tootmisprotsessi alguses spetsiaalselt ettevalmistatud basseinides p\u00e4ikeseenergia toimel merevee aurustamine, mille tulemusena tekib puhastamata meresool (toormaterjal). J\u00e4rgmise etapi k\u00e4igus pestakse rafineerimata meresool mitu korda veega l\u00e4bi, eemaldades seel\u00e4bi lahustumatud osakesed, mis paratamatult koos mereveega aiabasseinidesse satuvad. Tuleb m\u00e4rkida, et selle protsessi k\u00e4igus ei kasutata keemilisi reaktiive, s\u00e4ilitades sellega Vahemere vetes sisalduvad mineraalid.<\/p>\n<p>P\u00e4rast seda saadud sool lahustatakse ja spetsiaalsete vormide abil teostatakse selle korduv rekristalliseerimine. Nende vormide kasutamine v\u00f5imaldab teil saada soola kas helveste v\u00f5i p\u00fcramiidide kujul.<\/p>\n<p>Tootmistehnoloogia t\u00f6\u00f6tas v\u00e4lja Rootsi ettev\u00f5te <a href=\"http:\/\/www.falksalt.com\/\">AB Hanson &amp; M\u00f6hring<\/a>. Sama ettev\u00f5te on K\u00fcprosel ka tootmise ja Falksalti kaubam\u00e4rgi omanik.<\/p>\n<p>Falksalti sortimendis on nii naturaalseid p\u00fcramiidhelbeid &#8211; looduslikke, jodeeritud, musti, suitsutatud ning erinevate maitsete ja lisanditega, nagu sidrun, seened, rosmariin, metsk\u00fc\u00fcslauk ja punane pipar<\/p>\n<hr \/>\n<p><strong>Kasutamine:<\/strong><\/p>\n<p>Toidule lisamiseks.<\/p>\n<p>Iga turusegmendi jaoks on ettev\u00f5te loonud mugava pakendi, mis v\u00f5imaldab toote maitset ja aroomi l\u00f5pptarbijale edasi anda. L\u00e4bipaistvad 125-grammised plastpurgid v\u00f5imaldavad igal koduperenaisel hinnata p\u00fcramiidikujuliste soolahelveste ainulaadset maitset omatehtud roogades. T\u00f6\u00f6stusele on k\u00f5ige mugavam p\u00fcramiidikujulisi soolahelbeid pakkida \u200b\u200bl\u00e4bipaistvatesse plastikust \u00e4mbritesse, mille kaal on kas 600 g v\u00f5i 1,5 kg. Restoranid on k\u00f5ige enam huvitatud mustast soolast. See suudab anda mistahes roale serveerimisel ainulaadse originaalse v\u00e4rvitooni.<\/p>\n<p>Enne roale lisamist proovige Falksalti p\u00fcramiidikujulisi soolahelbeid k\u00e4es hoida ning s\u00f5rmede vahel h\u00f5\u00f5ruda. Kindlasti hindate selle h\u00e4mmastava toote ainulaadset tekstuuri, aroomi ja maitset.<\/p>\n<hr \/>\n<p style=\"text-align: left;\"><strong>Pakend: \u00a0\u00a0\u00a0\u00a0\u00a0\u00a0\u00a0\u00a0\u00a0\u00a0\u00a0\u00a0\u00a0\u00a0\u00a0 <\/strong><\/p>\n<p>&#8211; plastpurgid &#8211; 125 g<\/p>\n<p>&#8211; veski &#8211; 190 g<\/p>\n<p>&#8211; plast\u00e4mbrid &#8211; 600 g; 1,5 kg; 10 kg<\/p>\n<p>&#8211; pappkarbid, 500 g<\/p>\n<hr \/>\n<p>&nbsp;<\/p>\n<table style=\"width: 840px; height: 365px;\">\n<tbody>\n<tr>\n<th>\n<p style=\"text-align: left;\"><strong>Peamised keemilised n\u00e4itajad:<\/strong><\/p>\n<\/th>\n<th style=\"text-align: left;\"><strong>Norm<\/strong><\/th>\n<\/tr>\n<tr>\n<td>Naatriumkloriid (NaCl)<\/td>\n<td>99,5%<\/td>\n<\/tr>\n<tr>\n<td>Niiskusesisaldus (H<sub>2<\/sub>O)<\/td>\n<td>0,1<\/td>\n<\/tr>\n<tr>\n<td>Vees lahustamatute ainete sisaldus<\/td>\n<td>0,01%<\/td>\n<\/tr>\n<tr>\n<td>Kaltsium (Ca)<\/td>\n<td>0,04%<\/td>\n<\/tr>\n<tr>\n<td>Magneesium (Mg)<\/td>\n<td>0,03%<\/td>\n<\/tr>\n<tr>\n<td>Sulfaat (SO<sub>4<\/sub>)<\/td>\n<td>0,00%<\/td>\n<\/tr>\n<\/tbody>\n<\/table>\n<p>&nbsp;<\/p>\n<p>Rohkem informatsiooni leiab tootja kodulehelt: <a href=\"http:\/\/www.theodorousalt.com\/en\/industry\/food\/\">http:\/\/www.theodorousalt.com\/en\/industry\/food\/<\/a><\/p>\n","protected":false},"excerpt":{"rendered":"<p>Falksalt ja Sailori soolahelbed on h\u00e4mmastav toode, mis on valmistatud K\u00fcprose Vabariigis esmaklassilisest meresoolast. M\u00f5eldud toidule lisamiseks.<\/p>\n","protected":false},"featured_media":21462,"template":"","meta":{"om_disable_all_campaigns":false,"_monsterinsights_skip_tracking":false,"_monsterinsights_sitenote_active":false,"_monsterinsights_sitenote_note":"","_monsterinsights_sitenote_category":0},"product_brand":[],"product_cat":[501,510],"product_tag":[],"class_list":{"0":"post-21169","1":"product","2":"type-product","3":"status-publish","4":"has-post-thumbnail","6":"product_cat-salt","7":"product_cat-food-salt","9":"first","10":"instock","11":"taxable","12":"shipping-taxable","13":"product-type-simple"},"yoast_head":"<!-- This site is optimized with the Yoast SEO plugin v24.6 - https:\/\/yoast.com\/wordpress\/plugins\/seo\/ -->\n<title>Salt flakes &#8211; Andrese Soolaladu<\/title>\n<meta name=\"robots\" content=\"index, follow, max-snippet:-1, max-image-preview:large, max-video-preview:-1\" \/>\n<link rel=\"canonical\" href=\"https:\/\/soolaladu.ee\/toode\/soolahelbed\/\" \/>\n<meta property=\"og:locale\" content=\"en_US\" \/>\n<meta property=\"og:type\" content=\"article\" \/>\n<meta property=\"og:title\" content=\"Salt flakes &#8211; Andrese Soolaladu\" \/>\n<meta property=\"og:description\" content=\"Falksalt ja Sailori soolahelbed on h\u00e4mmastav toode, mis on valmistatud K\u00fcprose Vabariigis esmaklassilisest meresoolast. M\u00f5eldud toidule lisamiseks.\" \/>\n<meta property=\"og:url\" content=\"https:\/\/soolaladu.ee\/toode\/soolahelbed\/\" \/>\n<meta property=\"og:site_name\" content=\"Andrese Soolaladu\" \/>\n<meta property=\"article:modified_time\" content=\"2020-12-14T10:30:50+00:00\" \/>\n<meta property=\"og:image\" content=\"https:\/\/soolaladu.ee\/wp-content\/uploads\/2020\/07\/493_640.jpg\" \/>\n\t<meta property=\"og:image:width\" content=\"626\" \/>\n\t<meta property=\"og:image:height\" content=\"640\" \/>\n\t<meta property=\"og:image:type\" content=\"image\/jpeg\" \/>\n<meta name=\"twitter:card\" content=\"summary_large_image\" \/>\n<meta name=\"twitter:label1\" content=\"Est. reading time\" \/>\n\t<meta name=\"twitter:data1\" content=\"2 minutes\" \/>\n<script type=\"application\/ld+json\" class=\"yoast-schema-graph\">{\"@context\":\"https:\/\/schema.org\",\"@graph\":[{\"@type\":\"WebPage\",\"@id\":\"https:\/\/soolaladu.ee\/toode\/soolahelbed\/\",\"url\":\"https:\/\/soolaladu.ee\/toode\/soolahelbed\/\",\"name\":\"Salt flakes &#8211; Andrese Soolaladu\",\"isPartOf\":{\"@id\":\"https:\/\/soolaladu.ee\/#website\"},\"primaryImageOfPage\":{\"@id\":\"https:\/\/soolaladu.ee\/toode\/soolahelbed\/#primaryimage\"},\"image\":{\"@id\":\"https:\/\/soolaladu.ee\/toode\/soolahelbed\/#primaryimage\"},\"thumbnailUrl\":\"https:\/\/soolaladu.ee\/wp-content\/uploads\/2020\/07\/493_640.jpg\",\"datePublished\":\"2020-07-01T07:09:43+00:00\",\"dateModified\":\"2020-12-14T10:30:50+00:00\",\"breadcrumb\":{\"@id\":\"https:\/\/soolaladu.ee\/toode\/soolahelbed\/#breadcrumb\"},\"inLanguage\":\"en-US\",\"potentialAction\":[{\"@type\":\"ReadAction\",\"target\":[\"https:\/\/soolaladu.ee\/toode\/soolahelbed\/\"]}]},{\"@type\":\"ImageObject\",\"inLanguage\":\"en-US\",\"@id\":\"https:\/\/soolaladu.ee\/toode\/soolahelbed\/#primaryimage\",\"url\":\"https:\/\/soolaladu.ee\/wp-content\/uploads\/2020\/07\/493_640.jpg\",\"contentUrl\":\"https:\/\/soolaladu.ee\/wp-content\/uploads\/2020\/07\/493_640.jpg\",\"width\":626,\"height\":640},{\"@type\":\"BreadcrumbList\",\"@id\":\"https:\/\/soolaladu.ee\/toode\/soolahelbed\/#breadcrumb\",\"itemListElement\":[{\"@type\":\"ListItem\",\"position\":1,\"name\":\"Home\",\"item\":\"https:\/\/soolaladu.ee\/en\/\"},{\"@type\":\"ListItem\",\"position\":2,\"name\":\"Tooted\",\"item\":\"https:\/\/soolaladu.ee\/tooted\/\"},{\"@type\":\"ListItem\",\"position\":3,\"name\":\"Salt flakes\"}]},{\"@type\":\"WebSite\",\"@id\":\"https:\/\/soolaladu.ee\/#website\",\"url\":\"https:\/\/soolaladu.ee\/\",\"name\":\"Andrese Soolaladu\",\"description\":\"Suurim soola tarnija Eestis ja Baltimaades\",\"publisher\":{\"@id\":\"https:\/\/soolaladu.ee\/#organization\"},\"potentialAction\":[{\"@type\":\"SearchAction\",\"target\":{\"@type\":\"EntryPoint\",\"urlTemplate\":\"https:\/\/soolaladu.ee\/?s={search_term_string}\"},\"query-input\":{\"@type\":\"PropertyValueSpecification\",\"valueRequired\":true,\"valueName\":\"search_term_string\"}}],\"inLanguage\":\"en-US\"},{\"@type\":\"Organization\",\"@id\":\"https:\/\/soolaladu.ee\/#organization\",\"name\":\"Andrese Soolaladu O\u00dc\",\"url\":\"https:\/\/soolaladu.ee\/\",\"logo\":{\"@type\":\"ImageObject\",\"inLanguage\":\"en-US\",\"@id\":\"https:\/\/soolaladu.ee\/#\/schema\/logo\/image\/\",\"url\":\"\",\"contentUrl\":\"\",\"caption\":\"Andrese Soolaladu O\u00dc\"},\"image\":{\"@id\":\"https:\/\/soolaladu.ee\/#\/schema\/logo\/image\/\"},\"sameAs\":[\"https:\/\/www.linkedin.com\/in\/andrei-kirejenkov-414930117\/?originalSubdomain=ee\",\"https:\/\/www.youtube.com\/watch?time_continue=68&amp;amp;v=XC3sMbgpKbk&amp;amp;feature=emb_title\"]}]}<\/script>\n<!-- \/ Yoast SEO plugin. -->","yoast_head_json":{"title":"Salt flakes &#8211; Andrese Soolaladu","robots":{"index":"index","follow":"follow","max-snippet":"max-snippet:-1","max-image-preview":"max-image-preview:large","max-video-preview":"max-video-preview:-1"},"canonical":"https:\/\/soolaladu.ee\/toode\/soolahelbed\/","og_locale":"en_US","og_type":"article","og_title":"Salt flakes &#8211; Andrese Soolaladu","og_description":"Falksalt ja Sailori soolahelbed on h\u00e4mmastav toode, mis on valmistatud K\u00fcprose Vabariigis esmaklassilisest meresoolast. M\u00f5eldud toidule lisamiseks.","og_url":"https:\/\/soolaladu.ee\/toode\/soolahelbed\/","og_site_name":"Andrese Soolaladu","article_modified_time":"2020-12-14T10:30:50+00:00","og_image":[{"width":626,"height":640,"url":"https:\/\/soolaladu.ee\/wp-content\/uploads\/2020\/07\/493_640.jpg","type":"image\/jpeg"}],"twitter_card":"summary_large_image","twitter_misc":{"Est. reading time":"2 minutes"},"schema":{"@context":"https:\/\/schema.org","@graph":[{"@type":"WebPage","@id":"https:\/\/soolaladu.ee\/toode\/soolahelbed\/","url":"https:\/\/soolaladu.ee\/toode\/soolahelbed\/","name":"Salt flakes &#8211; Andrese Soolaladu","isPartOf":{"@id":"https:\/\/soolaladu.ee\/#website"},"primaryImageOfPage":{"@id":"https:\/\/soolaladu.ee\/toode\/soolahelbed\/#primaryimage"},"image":{"@id":"https:\/\/soolaladu.ee\/toode\/soolahelbed\/#primaryimage"},"thumbnailUrl":"https:\/\/soolaladu.ee\/wp-content\/uploads\/2020\/07\/493_640.jpg","datePublished":"2020-07-01T07:09:43+00:00","dateModified":"2020-12-14T10:30:50+00:00","breadcrumb":{"@id":"https:\/\/soolaladu.ee\/toode\/soolahelbed\/#breadcrumb"},"inLanguage":"en-US","potentialAction":[{"@type":"ReadAction","target":["https:\/\/soolaladu.ee\/toode\/soolahelbed\/"]}]},{"@type":"ImageObject","inLanguage":"en-US","@id":"https:\/\/soolaladu.ee\/toode\/soolahelbed\/#primaryimage","url":"https:\/\/soolaladu.ee\/wp-content\/uploads\/2020\/07\/493_640.jpg","contentUrl":"https:\/\/soolaladu.ee\/wp-content\/uploads\/2020\/07\/493_640.jpg","width":626,"height":640},{"@type":"BreadcrumbList","@id":"https:\/\/soolaladu.ee\/toode\/soolahelbed\/#breadcrumb","itemListElement":[{"@type":"ListItem","position":1,"name":"Home","item":"https:\/\/soolaladu.ee\/en\/"},{"@type":"ListItem","position":2,"name":"Tooted","item":"https:\/\/soolaladu.ee\/tooted\/"},{"@type":"ListItem","position":3,"name":"Salt flakes"}]},{"@type":"WebSite","@id":"https:\/\/soolaladu.ee\/#website","url":"https:\/\/soolaladu.ee\/","name":"Andrese Soolaladu","description":"Suurim soola tarnija Eestis ja Baltimaades","publisher":{"@id":"https:\/\/soolaladu.ee\/#organization"},"potentialAction":[{"@type":"SearchAction","target":{"@type":"EntryPoint","urlTemplate":"https:\/\/soolaladu.ee\/?s={search_term_string}"},"query-input":{"@type":"PropertyValueSpecification","valueRequired":true,"valueName":"search_term_string"}}],"inLanguage":"en-US"},{"@type":"Organization","@id":"https:\/\/soolaladu.ee\/#organization","name":"Andrese Soolaladu O\u00dc","url":"https:\/\/soolaladu.ee\/","logo":{"@type":"ImageObject","inLanguage":"en-US","@id":"https:\/\/soolaladu.ee\/#\/schema\/logo\/image\/","url":"","contentUrl":"","caption":"Andrese Soolaladu O\u00dc"},"image":{"@id":"https:\/\/soolaladu.ee\/#\/schema\/logo\/image\/"},"sameAs":["https:\/\/www.linkedin.com\/in\/andrei-kirejenkov-414930117\/?originalSubdomain=ee","https:\/\/www.youtube.com\/watch?time_continue=68&amp;amp;v=XC3sMbgpKbk&amp;amp;feature=emb_title"]}]}},"_links":{"self":[{"href":"https:\/\/soolaladu.ee\/en\/wp-json\/wp\/v2\/product\/21169","targetHints":{"allow":["GET"]}}],"collection":[{"href":"https:\/\/soolaladu.ee\/en\/wp-json\/wp\/v2\/product"}],"about":[{"href":"https:\/\/soolaladu.ee\/en\/wp-json\/wp\/v2\/types\/product"}],"wp:featuredmedia":[{"embeddable":true,"href":"https:\/\/soolaladu.ee\/en\/wp-json\/wp\/v2\/media\/21462"}],"wp:attachment":[{"href":"https:\/\/soolaladu.ee\/en\/wp-json\/wp\/v2\/media?parent=21169"}],"wp:term":[{"taxonomy":"product_brand","embeddable":true,"href":"https:\/\/soolaladu.ee\/en\/wp-json\/wp\/v2\/product_brand?post=21169"},{"taxonomy":"product_cat","embeddable":true,"href":"https:\/\/soolaladu.ee\/en\/wp-json\/wp\/v2\/product_cat?post=21169"},{"taxonomy":"product_tag","embeddable":true,"href":"https:\/\/soolaladu.ee\/en\/wp-json\/wp\/v2\/product_tag?post=21169"}],"curies":[{"name":"wp","href":"https:\/\/api.w.org\/{rel}","templated":true}]}}