{"id":21167,"date":"2020-07-01T10:13:30","date_gmt":"2020-07-01T07:13:30","guid":{"rendered":"https:\/\/soolaladu.ee\/toode\/granulated-salt-for-water-softeners\/"},"modified":"2020-12-14T12:30:39","modified_gmt":"2020-12-14T10:30:39","slug":"veepehmendusgraanulid-regesal","status":"publish","type":"product","link":"https:\/\/soolaladu.ee\/en\/toode\/veepehmendusgraanulid-regesal\/","title":{"rendered":"Salt granules for water softening REGESAL"},"content":{"rendered":"<p>Saksa ettev\u00f5tte K+S poolt toodetud REGESAL granuleeritud sool on puhas vaakumaurustatud valget v\u00e4rvi granuleeritud sool, mis ei sisalda kahjulikke lahustamatuid v\u00f5i mikrobioloogilisi lisaaineid. Iseloomulikult k\u00f5rge NaCl sisaldus 99,7%. Soola \u00fchtlane lahustumine ilma sademe ning j\u00e4\u00e4kideta lubab veepuhastuss\u00fcsteemi optimaalselt kasutada, t\u00f5stes selle j\u00f5udlust ning samuti ioonivahetusvaigu ja seadmete t\u00f6\u00f6iga.<\/p>\n<p>Kare vesi sisaldab liiga palju kaltsiumit ja magneesiumit. Kareda vee kasutamisel tekib sete, mida nimetatakse katlakiviks, ning mis v\u00f5ib l\u00fchendada torustikus\u00fcsteemi eluiga ja v\u00e4hendada sinna kuuluvate seadmete efektiivsust. Samuti v\u00e4hendab kare vesi pesuainete efektiivsust. Lisaks v\u00f5ivad tarbijad m\u00e4rgata n\u00e4iteks kraanikausil v\u00f5i toidun\u00f5udel ebameeldivat kattu, v\u00f5i hoopis tunda, et nende juuksed on muutunud tuhmiks ja elutuks.<\/p>\n<p>\u00d5nneks on vett v\u00f5imalik pehmendada. Tavaliselt eemaldavad veepehmenduss\u00fcsteemid, nn ioonivahetid, ioonivahetuse protsessi abil soovimatuid kaltsiumi- ja magneesiumiioone. Ioonivaheti koosneb \u00fchest v\u00f5i mitmest reservuaarist, mis on t\u00e4idetud miljonite s\u00fcnteetilise vaigu tilgakestega. Need tilgakesed kannavad esialgselt vaigu abil n\u00f5rgalt seotud naatriumiioone. Kui pehmendatud vesi tilgakesi l\u00e4bib, t\u00f5mbuvad kaltsiumi- ja magneesiumiioonid vaigu poole ning l\u00fckkavad v\u00e4lja naatriumiioone, mis hiljem asendavad vee koostises sisalduvaid kaltsiumi- ja magneesiumiioone.<\/p>\n<p>Aja m\u00f6\u00f6dudes vaigutilkade sees sisalduv naatrium ammendub t\u00e4ielikult. Seet\u00f5ttu on tilgakesi aeg-ajalt vaja taastada ehk t\u00e4ita need naatriumiioonidega ja vabastada kaltsiumi- ja magneesiumiioonidest. Selleks viiakse kontsentreeritud naatriumkloriidi lahus tilkadest l\u00e4bi. Vajalik soolalahus valmistatakse automaatselt eraldi anumas, kus kontsentreeritud taastussool naatriumkloriidi graanulite n\u00e4ol sujuvalt lahustub.<\/p>\n<hr \/>\n<p><strong>Kasutamine:<\/strong><\/p>\n<p>Granuleeritud soola kasutatakse katioonifiltrite ioonivahetusvaikude taastamiseks tehnoloogiliseks, tehniliseks otstarbeks ja majapidamises vaja minevates vajaduseks vee pehmendus- ja puhastuss\u00fcsteemides\u00a0 ning t\u00f6\u00f6stus- ja erasektori k\u00fctte- ja soojaveevarustuss\u00fcsteemides, ja samuti kodumajapidamises kasutatavates veesoojendites.<\/p>\n<p>Granuleeritud soola kogus ja sisseviimise viis &#8211; vastavalt seadme kasutusjuhendile.<\/p>\n<p>Kaubam\u00e4rgi REGESAL K+S granuleeritud soola kasutamine on seadmete vastupidavuse garantii!<\/p>\n<hr \/>\n<p style=\"text-align: left;\"><strong>Pakend: \u00a0\u00a0\u00a0\u00a0\u00a0\u00a0\u00a0\u00a0\u00a0\u00a0\u00a0\u00a0\u00a0\u00a0\u00a0 <\/strong><\/p>\n<p>&#8211; kilest kotid, 25 kg<\/p>\n<p>&#8211; pol\u00fcprop\u00fcleenist kotid, 1000 kg (big bag)<\/p>\n<hr \/>\n<p>&nbsp;<\/p>\n<table style=\"width: 840px; height: 365px;\">\n<tbody>\n<tr>\n<th>\n<p style=\"text-align: left;\"><strong>Peamised keemilised n\u00e4itajad:<\/strong><\/p>\n<\/th>\n<th style=\"text-align: left;\"><strong>Norm<\/strong><\/th>\n<\/tr>\n<tr>\n<td>Naatriumkloriid (NaCl)<\/td>\n<td>99,9%<\/td>\n<\/tr>\n<tr>\n<td>Niiskusesisaldus (H<sub>2<\/sub>O)<\/td>\n<td>0,02%<\/td>\n<\/tr>\n<tr>\n<td>Vees lahustamatute ainete sisaldus<\/td>\n<td>0,008%<\/td>\n<\/tr>\n<tr>\n<td>Kaltsium + magneesium (Ca+Mg)<\/td>\n<td>0,04 %<\/td>\n<\/tr>\n<tr>\n<td>Sulfaat (SO<sub>4<\/sub>)<\/td>\n<td>0,1 %<\/td>\n<\/tr>\n<tr>\n<td>Granulomeetria:<\/td>\n<td>&gt; 20 mm<\/td>\n<td>0%<\/td>\n<\/tr>\n<tr>\n<td><\/td>\n<td>6,3 \u2013 20,0 mm<\/td>\n<td>95%<\/td>\n<\/tr>\n<tr>\n<td><\/td>\n<td>&gt; 6,3 mm<\/td>\n<td>5%<\/td>\n<\/tr>\n<\/tbody>\n<\/table>\n<p>&nbsp;<\/p>\n<p>Lisainformatsiooni leiab tootja kodulehelt: <a href=\"https:\/\/www.kpluss.com\/en-us\/our-business-products\/industry\/water-treatment\/\">https:\/\/www.kpluss.com\/en-us\/our-business-products\/industry\/water-treatment\/<\/a><\/p>\n","protected":false},"excerpt":{"rendered":"<p>Granuleeritud soola kasutatakse katioonifiltrite ioonivahetusvaikude taastamiseks tehnoloogiliseks, tehniliseks otstarbeks ja majapidamises vaja minevates vajaduseks vee pehmendus- ja puhastuss\u00fcsteemides\u00a0 ning t\u00f6\u00f6stus- ja erasektori k\u00fctte- ja soojaveevarustuss\u00fcsteemides, ja samuti kodumajapidamises kasutatavates veesoojendites.<\/p>\n","protected":false},"featured_media":21499,"template":"","meta":{"om_disable_all_campaigns":false,"_monsterinsights_skip_tracking":false,"_monsterinsights_sitenote_active":false,"_monsterinsights_sitenote_note":"","_monsterinsights_sitenote_category":0},"product_brand":[],"product_cat":[501,509],"product_tag":[],"class_list":{"0":"post-21167","1":"product","2":"type-product","3":"status-publish","4":"has-post-thumbnail","6":"product_cat-salt","7":"product_cat-salt-tablets-for-disinfecting-and-purifying-drinking-water","9":"first","10":"instock","11":"taxable","12":"shipping-taxable","13":"product-type-simple"},"yoast_head":"<!-- This site is optimized with the Yoast SEO plugin v24.6 - https:\/\/yoast.com\/wordpress\/plugins\/seo\/ -->\n<title>Salt granules for water softening REGESAL &#8211; Andrese Soolaladu<\/title>\n<meta name=\"robots\" content=\"index, follow, max-snippet:-1, max-image-preview:large, max-video-preview:-1\" \/>\n<link rel=\"canonical\" href=\"https:\/\/soolaladu.ee\/toode\/veepehmendusgraanulid-regesal\/\" \/>\n<meta property=\"og:locale\" content=\"en_US\" \/>\n<meta property=\"og:type\" content=\"article\" \/>\n<meta property=\"og:title\" content=\"Salt granules for water softening REGESAL &#8211; Andrese Soolaladu\" \/>\n<meta property=\"og:description\" content=\"Granuleeritud soola kasutatakse katioonifiltrite ioonivahetusvaikude taastamiseks tehnoloogiliseks, tehniliseks otstarbeks ja majapidamises vaja minevates vajaduseks vee pehmendus- ja puhastuss\u00fcsteemides\u00a0 ning t\u00f6\u00f6stus- ja erasektori k\u00fctte- ja soojaveevarustuss\u00fcsteemides, ja samuti kodumajapidamises kasutatavates veesoojendites.\" \/>\n<meta property=\"og:url\" content=\"https:\/\/soolaladu.ee\/toode\/veepehmendusgraanulid-regesal\/\" \/>\n<meta property=\"og:site_name\" content=\"Andrese Soolaladu\" \/>\n<meta property=\"article:modified_time\" content=\"2020-12-14T10:30:39+00:00\" \/>\n<meta property=\"og:image\" content=\"https:\/\/soolaladu.ee\/wp-content\/uploads\/2020\/07\/Regesal.png\" \/>\n\t<meta property=\"og:image:width\" content=\"650\" \/>\n\t<meta property=\"og:image:height\" content=\"650\" \/>\n\t<meta property=\"og:image:type\" content=\"image\/png\" \/>\n<meta name=\"twitter:card\" content=\"summary_large_image\" \/>\n<meta name=\"twitter:label1\" content=\"Est. reading time\" \/>\n\t<meta name=\"twitter:data1\" content=\"2 minutes\" \/>\n<script type=\"application\/ld+json\" class=\"yoast-schema-graph\">{\"@context\":\"https:\/\/schema.org\",\"@graph\":[{\"@type\":\"WebPage\",\"@id\":\"https:\/\/soolaladu.ee\/toode\/veepehmendusgraanulid-regesal\/\",\"url\":\"https:\/\/soolaladu.ee\/toode\/veepehmendusgraanulid-regesal\/\",\"name\":\"Salt granules for water softening REGESAL &#8211; Andrese Soolaladu\",\"isPartOf\":{\"@id\":\"https:\/\/soolaladu.ee\/#website\"},\"primaryImageOfPage\":{\"@id\":\"https:\/\/soolaladu.ee\/toode\/veepehmendusgraanulid-regesal\/#primaryimage\"},\"image\":{\"@id\":\"https:\/\/soolaladu.ee\/toode\/veepehmendusgraanulid-regesal\/#primaryimage\"},\"thumbnailUrl\":\"https:\/\/soolaladu.ee\/wp-content\/uploads\/2020\/07\/Regesal.png\",\"datePublished\":\"2020-07-01T07:13:30+00:00\",\"dateModified\":\"2020-12-14T10:30:39+00:00\",\"breadcrumb\":{\"@id\":\"https:\/\/soolaladu.ee\/toode\/veepehmendusgraanulid-regesal\/#breadcrumb\"},\"inLanguage\":\"en-US\",\"potentialAction\":[{\"@type\":\"ReadAction\",\"target\":[\"https:\/\/soolaladu.ee\/toode\/veepehmendusgraanulid-regesal\/\"]}]},{\"@type\":\"ImageObject\",\"inLanguage\":\"en-US\",\"@id\":\"https:\/\/soolaladu.ee\/toode\/veepehmendusgraanulid-regesal\/#primaryimage\",\"url\":\"https:\/\/soolaladu.ee\/wp-content\/uploads\/2020\/07\/Regesal.png\",\"contentUrl\":\"https:\/\/soolaladu.ee\/wp-content\/uploads\/2020\/07\/Regesal.png\",\"width\":650,\"height\":650},{\"@type\":\"BreadcrumbList\",\"@id\":\"https:\/\/soolaladu.ee\/toode\/veepehmendusgraanulid-regesal\/#breadcrumb\",\"itemListElement\":[{\"@type\":\"ListItem\",\"position\":1,\"name\":\"Home\",\"item\":\"https:\/\/soolaladu.ee\/en\/\"},{\"@type\":\"ListItem\",\"position\":2,\"name\":\"Tooted\",\"item\":\"https:\/\/soolaladu.ee\/tooted\/\"},{\"@type\":\"ListItem\",\"position\":3,\"name\":\"Salt granules for water softening REGESAL\"}]},{\"@type\":\"WebSite\",\"@id\":\"https:\/\/soolaladu.ee\/#website\",\"url\":\"https:\/\/soolaladu.ee\/\",\"name\":\"Andrese Soolaladu\",\"description\":\"Suurim soola tarnija Eestis ja Baltimaades\",\"publisher\":{\"@id\":\"https:\/\/soolaladu.ee\/#organization\"},\"potentialAction\":[{\"@type\":\"SearchAction\",\"target\":{\"@type\":\"EntryPoint\",\"urlTemplate\":\"https:\/\/soolaladu.ee\/?s={search_term_string}\"},\"query-input\":{\"@type\":\"PropertyValueSpecification\",\"valueRequired\":true,\"valueName\":\"search_term_string\"}}],\"inLanguage\":\"en-US\"},{\"@type\":\"Organization\",\"@id\":\"https:\/\/soolaladu.ee\/#organization\",\"name\":\"Andrese Soolaladu O\u00dc\",\"url\":\"https:\/\/soolaladu.ee\/\",\"logo\":{\"@type\":\"ImageObject\",\"inLanguage\":\"en-US\",\"@id\":\"https:\/\/soolaladu.ee\/#\/schema\/logo\/image\/\",\"url\":\"\",\"contentUrl\":\"\",\"caption\":\"Andrese Soolaladu O\u00dc\"},\"image\":{\"@id\":\"https:\/\/soolaladu.ee\/#\/schema\/logo\/image\/\"},\"sameAs\":[\"https:\/\/www.linkedin.com\/in\/andrei-kirejenkov-414930117\/?originalSubdomain=ee\",\"https:\/\/www.youtube.com\/watch?time_continue=68&amp;amp;v=XC3sMbgpKbk&amp;amp;feature=emb_title\"]}]}<\/script>\n<!-- \/ Yoast SEO plugin. -->","yoast_head_json":{"title":"Salt granules for water softening REGESAL &#8211; Andrese Soolaladu","robots":{"index":"index","follow":"follow","max-snippet":"max-snippet:-1","max-image-preview":"max-image-preview:large","max-video-preview":"max-video-preview:-1"},"canonical":"https:\/\/soolaladu.ee\/toode\/veepehmendusgraanulid-regesal\/","og_locale":"en_US","og_type":"article","og_title":"Salt granules for water softening REGESAL &#8211; Andrese Soolaladu","og_description":"Granuleeritud soola kasutatakse katioonifiltrite ioonivahetusvaikude taastamiseks tehnoloogiliseks, tehniliseks otstarbeks ja majapidamises vaja minevates vajaduseks vee pehmendus- ja puhastuss\u00fcsteemides\u00a0 ning t\u00f6\u00f6stus- ja erasektori k\u00fctte- ja soojaveevarustuss\u00fcsteemides, ja samuti kodumajapidamises kasutatavates veesoojendites.","og_url":"https:\/\/soolaladu.ee\/toode\/veepehmendusgraanulid-regesal\/","og_site_name":"Andrese Soolaladu","article_modified_time":"2020-12-14T10:30:39+00:00","og_image":[{"width":650,"height":650,"url":"https:\/\/soolaladu.ee\/wp-content\/uploads\/2020\/07\/Regesal.png","type":"image\/png"}],"twitter_card":"summary_large_image","twitter_misc":{"Est. reading time":"2 minutes"},"schema":{"@context":"https:\/\/schema.org","@graph":[{"@type":"WebPage","@id":"https:\/\/soolaladu.ee\/toode\/veepehmendusgraanulid-regesal\/","url":"https:\/\/soolaladu.ee\/toode\/veepehmendusgraanulid-regesal\/","name":"Salt granules for water softening REGESAL &#8211; Andrese Soolaladu","isPartOf":{"@id":"https:\/\/soolaladu.ee\/#website"},"primaryImageOfPage":{"@id":"https:\/\/soolaladu.ee\/toode\/veepehmendusgraanulid-regesal\/#primaryimage"},"image":{"@id":"https:\/\/soolaladu.ee\/toode\/veepehmendusgraanulid-regesal\/#primaryimage"},"thumbnailUrl":"https:\/\/soolaladu.ee\/wp-content\/uploads\/2020\/07\/Regesal.png","datePublished":"2020-07-01T07:13:30+00:00","dateModified":"2020-12-14T10:30:39+00:00","breadcrumb":{"@id":"https:\/\/soolaladu.ee\/toode\/veepehmendusgraanulid-regesal\/#breadcrumb"},"inLanguage":"en-US","potentialAction":[{"@type":"ReadAction","target":["https:\/\/soolaladu.ee\/toode\/veepehmendusgraanulid-regesal\/"]}]},{"@type":"ImageObject","inLanguage":"en-US","@id":"https:\/\/soolaladu.ee\/toode\/veepehmendusgraanulid-regesal\/#primaryimage","url":"https:\/\/soolaladu.ee\/wp-content\/uploads\/2020\/07\/Regesal.png","contentUrl":"https:\/\/soolaladu.ee\/wp-content\/uploads\/2020\/07\/Regesal.png","width":650,"height":650},{"@type":"BreadcrumbList","@id":"https:\/\/soolaladu.ee\/toode\/veepehmendusgraanulid-regesal\/#breadcrumb","itemListElement":[{"@type":"ListItem","position":1,"name":"Home","item":"https:\/\/soolaladu.ee\/en\/"},{"@type":"ListItem","position":2,"name":"Tooted","item":"https:\/\/soolaladu.ee\/tooted\/"},{"@type":"ListItem","position":3,"name":"Salt granules for water softening REGESAL"}]},{"@type":"WebSite","@id":"https:\/\/soolaladu.ee\/#website","url":"https:\/\/soolaladu.ee\/","name":"Andrese Soolaladu","description":"Suurim soola tarnija Eestis ja Baltimaades","publisher":{"@id":"https:\/\/soolaladu.ee\/#organization"},"potentialAction":[{"@type":"SearchAction","target":{"@type":"EntryPoint","urlTemplate":"https:\/\/soolaladu.ee\/?s={search_term_string}"},"query-input":{"@type":"PropertyValueSpecification","valueRequired":true,"valueName":"search_term_string"}}],"inLanguage":"en-US"},{"@type":"Organization","@id":"https:\/\/soolaladu.ee\/#organization","name":"Andrese Soolaladu O\u00dc","url":"https:\/\/soolaladu.ee\/","logo":{"@type":"ImageObject","inLanguage":"en-US","@id":"https:\/\/soolaladu.ee\/#\/schema\/logo\/image\/","url":"","contentUrl":"","caption":"Andrese Soolaladu O\u00dc"},"image":{"@id":"https:\/\/soolaladu.ee\/#\/schema\/logo\/image\/"},"sameAs":["https:\/\/www.linkedin.com\/in\/andrei-kirejenkov-414930117\/?originalSubdomain=ee","https:\/\/www.youtube.com\/watch?time_continue=68&amp;amp;v=XC3sMbgpKbk&amp;amp;feature=emb_title"]}]}},"_links":{"self":[{"href":"https:\/\/soolaladu.ee\/en\/wp-json\/wp\/v2\/product\/21167","targetHints":{"allow":["GET"]}}],"collection":[{"href":"https:\/\/soolaladu.ee\/en\/wp-json\/wp\/v2\/product"}],"about":[{"href":"https:\/\/soolaladu.ee\/en\/wp-json\/wp\/v2\/types\/product"}],"wp:featuredmedia":[{"embeddable":true,"href":"https:\/\/soolaladu.ee\/en\/wp-json\/wp\/v2\/media\/21499"}],"wp:attachment":[{"href":"https:\/\/soolaladu.ee\/en\/wp-json\/wp\/v2\/media?parent=21167"}],"wp:term":[{"taxonomy":"product_brand","embeddable":true,"href":"https:\/\/soolaladu.ee\/en\/wp-json\/wp\/v2\/product_brand?post=21167"},{"taxonomy":"product_cat","embeddable":true,"href":"https:\/\/soolaladu.ee\/en\/wp-json\/wp\/v2\/product_cat?post=21167"},{"taxonomy":"product_tag","embeddable":true,"href":"https:\/\/soolaladu.ee\/en\/wp-json\/wp\/v2\/product_tag?post=21167"}],"curies":[{"name":"wp","href":"https:\/\/api.w.org\/{rel}","templated":true}]}}