{"id":21152,"date":"2020-07-01T10:29:26","date_gmt":"2020-07-01T07:29:26","guid":{"rendered":"https:\/\/soolaladu.ee\/toode\/baking-soda\/"},"modified":"2023-09-01T16:21:10","modified_gmt":"2023-09-01T13:21:10","slug":"soogisooda","status":"publish","type":"product","link":"https:\/\/soolaladu.ee\/en\/toode\/soogisooda\/","title":{"rendered":"Baking soda"},"content":{"rendered":"<p style=\"text-align: left;\">Tavalisel kujul s\u00f6\u00f6gisooda on hapukalt seebise maitsega peenkristalne valge pulber, mis reageerib hapetega.<\/p>\n<p style=\"text-align: left;\">Sooda on naatriumvesinikkarbonaat (<a href=\"https:\/\/ru.wikipedia.org\/wiki\/%D0%9B%D0%B0%D1%82%D0%B8%D0%BD%D1%81%D0%BA%D0%B8%D0%B9_%D1%8F%D0%B7%D1%8B%D0%BA\">lad.<\/a>\u00a0Natrii hydrocarbonas), s\u00fcsihappe ja naatriumi happeline sool. Teised nimetused: naatriumvesinikkarbonaat, teesooda, joogisooda, naatriumvesinikkarbonaat.<\/p>\n<p style=\"text-align: left;\">S\u00f6\u00f6gisooda keemiline valem: <a href=\"https:\/\/ru.wikipedia.org\/wiki\/%D0%9D%D0%B0%D1%82%D1%80%D0%B8%D0%B9\">Na<\/a><a href=\"https:\/\/ru.wikipedia.org\/wiki\/%D0%92%D0%BE%D0%B4%D0%BE%D1%80%D0%BE%D0%B4\">H<\/a><a href=\"https:\/\/ru.wikipedia.org\/wiki\/%D0%A3%D0%B3%D0%BB%D0%B5%D1%80%D0%BE%D0%B4\">C<\/a><a href=\"https:\/\/ru.wikipedia.org\/wiki\/%D0%9A%D0%B8%D1%81%D0%BB%D0%BE%D1%80%D0%BE%D0%B4\">O<\/a><sub>3<\/sub>.<\/p>\n<p style=\"text-align: left;\">Meie ettev\u00f5tte poolt pakutav s\u00f6\u00f6gisooda on l\u00e4binud ISO 9001:2008 sertifitseerimise ning vastab HACCP sertifikaadile.<\/p>\n<hr \/>\n<p style=\"text-align: left;\"><strong>Kasutamine:<\/strong><\/p>\n<p style=\"text-align: left;\">Naatriumvesinikkarbonaati (vesinikkarbonaati) kasutatakse keemia-, toidu-, kerge-, meditsiini- ja farmaatsiat\u00f6\u00f6stuses, v\u00e4rvilises metallurgias ja igap\u00e4evaelus. See on registreeritud <a href=\"https:\/\/ru.wikipedia.org\/wiki\/%D0%9F%D0%B8%D1%89%D0%B5%D0%B2%D1%8B%D0%B5_%D0%B4%D0%BE%D0%B1%D0%B0%D0%B2%D0%BA%D0%B8\">toidulisandina<\/a> <a href=\"https:\/\/ru.wikipedia.org\/wiki\/%D0%A1%D0%BF%D0%B8%D1%81%D0%BE%D0%BA_%D0%BF%D0%B8%D1%89%D0%B5%D0%B2%D1%8B%D1%85_%D0%B4%D0%BE%D0%B1%D0%B0%D0%B2%D0%BE%D0%BA_E500_%E2%80%94_E599\">E500 (ii)<\/a>, sisaldub toidulisandis <a href=\"https:\/\/ru.wikipedia.org\/wiki\/%D0%A1%D0%BF%D0%B8%D1%81%D0%BE%D0%BA_%D0%BF%D0%B8%D1%89%D0%B5%D0%B2%D1%8B%D1%85_%D0%B4%D0%BE%D0%B1%D0%B0%D0%B2%D0%BE%D0%BA_E500_%E2%80%94_E599\">E500<\/a>.<\/p>\n<p style=\"text-align: left;\">Keemiat\u00f6\u00f6stuses &#8211; v\u00e4rvainete, vahtude ja muude orgaaniliste toodete, fluoriorgaaniliste \u00fchendite, kodukeemia ning tulekustutite t\u00e4iteainete tootmiseks.<\/p>\n<p style=\"text-align: left;\">Kerget\u00f6\u00f6stuses &#8211; kingataldade kummi tootmisel ja <a href=\"https:\/\/ru.wikipedia.org\/wiki\/%D0%98%D1%81%D0%BA%D1%83%D1%81%D1%81%D1%82%D0%B2%D0%B5%D0%BD%D0%BD%D0%B0%D1%8F_%D0%BA%D0%BE%D0%B6%D0%B0\">kunstnaha<\/a> tootmisel, naha <a href=\"https:\/\/ru.wikipedia.org\/wiki\/%D0%94%D1%83%D0%B1%D0%BB%D0%B5%D0%BD%D0%B8%D0%B5\">parkimisel<\/a> ja neutraliseerimisel p\u00e4rast happeparkimist.<\/p>\n<p style=\"text-align: left;\">Tekstiilit\u00f6\u00f6stuses &#8211; siidi- ja puuvillakangaste viimistlemiseks.<\/p>\n<p style=\"text-align: left;\">Toiduainet\u00f6\u00f6stuses &#8211; pagari\u00e4ris, kondiitritoodete ja gaseeritud jookide valmistamisel.<\/p>\n<p style=\"text-align: left;\">Meditsiinis &#8211; kontsentreeritud hapete poolt p\u00f5hjustatud naha ja limaskestade keemiliste p\u00f5letuste neutraliseerimiseks ja maomahla happesuse v\u00e4hendamiseks.<\/p>\n<p style=\"text-align: left;\">Traditsiooniliselt kasutatakse s\u00f6\u00f6gisooda lahust hammaste ja igemete desinfitseerimiseks hambavalu korral ning samuti abistava vahendina tugeva k\u00f6ha, kurguvalu ja <a href=\"https:\/\/ru.wikipedia.org\/wiki\/%D0%A4%D0%B0%D1%80%D0%B8%D0%BD%D0%B3%D0%B8%D1%82\">neelup\u00f5letiku<\/a>korral.<\/p>\n<hr \/>\n<p style=\"text-align: left;\"><strong>Pakend: \u00a0\u00a0\u00a0\u00a0\u00a0\u00a0\u00a0\u00a0\u00a0\u00a0\u00a0\u00a0\u00a0\u00a0\u00a0 <\/strong><\/p>\n<p style=\"text-align: left;\">&#8211; pappkarbid, 0,5 kg<\/p>\n<p style=\"text-align: left;\">&#8211; kilest kotid, 25 kg<\/p>\n<p style=\"text-align: left;\">&#8211; pol\u00fcprop\u00fcleenist kotid, 1000 kg (big bag)<\/p>\n<hr \/>\n<p>&nbsp;<\/p>\n<table style=\"width: 775px; height: 115px;\">\n<tbody>\n<tr>\n<th>\n<p style=\"text-align: left;\"><strong>Peamised keemilised n\u00e4itajad:<\/strong><\/p>\n<\/th>\n<th style=\"text-align: left;\"><strong>Norm<\/strong><\/th>\n<\/tr>\n<tr>\n<td>Naatriumvesinikkarbonaadi massiosa, v\u00e4hemalt<\/td>\n<td>99,3%<\/td>\n<\/tr>\n<tr>\n<td>Naatriumkarbonaadi massiosa, mitte \u00fcle<\/td>\n<td>0,7%<\/td>\n<\/tr>\n<tr>\n<td>Kloriidide massiosa NaCl-na, mitte \u00fcle<\/td>\n<td>0,04%<\/td>\n<\/tr>\n<tr>\n<td>Raud (Fe), mitte \u00fcle<\/td>\n<td>0,005%<\/td>\n<\/tr>\n<tr>\n<td>Kaltsium (Ca), mitte \u00fcle<\/td>\n<td>0.05%<\/td>\n<\/tr>\n<tr>\n<td>Sulfaat (SO4), mitte \u00fcle<\/td>\n<td>0,02%<\/td>\n<\/tr>\n<\/tbody>\n<\/table>\n<p>&nbsp;<\/p>\n<p style=\"text-align: left;\">Lisainformatsiooni leiab tootja kodulehel:<br \/>\n<u>https:\/\/www.soda.ru\/en\/pages\/detail\/products_manufactured_by_soda\/<\/u><\/p>\n","protected":false},"excerpt":{"rendered":"<p style=\"text-align: left;\">Tavalisel kujul s\u00f6\u00f6gisooda on hapukalt seebise maitsega peenkristalne valge pulber, mis reageerib hapetega.<\/p>\n<p style=\"text-align: left;\">Meie ettev\u00f5tte poolt pakutav s\u00f6\u00f6gisooda on l\u00e4binud ISO 9001:2008 sertifitseerimise ning vastab HACCP sertifikaadile.<\/p>\n","protected":false},"featured_media":22455,"template":"","meta":{"om_disable_all_campaigns":false,"_monsterinsights_skip_tracking":false,"_monsterinsights_sitenote_active":false,"_monsterinsights_sitenote_note":"","_monsterinsights_sitenote_category":0},"product_brand":[],"product_cat":[497,500],"product_tag":[],"class_list":{"0":"post-21152","1":"product","2":"type-product","3":"status-publish","4":"has-post-thumbnail","6":"product_cat-soda","7":"product_cat-baking-soda","9":"first","10":"instock","11":"taxable","12":"shipping-taxable","13":"product-type-simple"},"yoast_head":"<!-- This site is optimized with the Yoast SEO plugin v24.6 - https:\/\/yoast.com\/wordpress\/plugins\/seo\/ -->\n<title>Baking soda &#8211; Andrese Soolaladu<\/title>\n<meta name=\"robots\" content=\"index, follow, max-snippet:-1, max-image-preview:large, max-video-preview:-1\" \/>\n<link rel=\"canonical\" href=\"https:\/\/soolaladu.ee\/en\/toode\/soogisooda\/\" \/>\n<meta property=\"og:locale\" content=\"en_US\" \/>\n<meta property=\"og:type\" content=\"article\" \/>\n<meta property=\"og:title\" content=\"Baking soda &#8211; Andrese Soolaladu\" \/>\n<meta property=\"og:description\" content=\"Tavalisel kujul s\u00f6\u00f6gisooda on hapukalt seebise maitsega peenkristalne valge pulber, mis reageerib hapetega. Meie ettev\u00f5tte poolt pakutav s\u00f6\u00f6gisooda on l\u00e4binud ISO 9001:2008 sertifitseerimise ning vastab HACCP sertifikaadile.\" \/>\n<meta property=\"og:url\" content=\"https:\/\/soolaladu.ee\/en\/toode\/soogisooda\/\" \/>\n<meta property=\"og:site_name\" content=\"Andrese Soolaladu\" \/>\n<meta property=\"article:modified_time\" content=\"2023-09-01T13:21:10+00:00\" \/>\n<meta property=\"og:image\" content=\"https:\/\/soolaladu.ee\/wp-content\/uploads\/2020\/07\/soda-lombardi-pishhevaya.jpg\" \/>\n\t<meta property=\"og:image:width\" content=\"1500\" \/>\n\t<meta property=\"og:image:height\" content=\"1500\" \/>\n\t<meta property=\"og:image:type\" content=\"image\/jpeg\" \/>\n<meta name=\"twitter:card\" content=\"summary_large_image\" \/>\n<meta name=\"twitter:label1\" content=\"Est. reading time\" \/>\n\t<meta name=\"twitter:data1\" content=\"2 minutes\" \/>\n<script type=\"application\/ld+json\" class=\"yoast-schema-graph\">{\"@context\":\"https:\/\/schema.org\",\"@graph\":[{\"@type\":\"WebPage\",\"@id\":\"https:\/\/soolaladu.ee\/en\/toode\/soogisooda\/\",\"url\":\"https:\/\/soolaladu.ee\/en\/toode\/soogisooda\/\",\"name\":\"Baking soda &#8211; Andrese Soolaladu\",\"isPartOf\":{\"@id\":\"https:\/\/soolaladu.ee\/#website\"},\"primaryImageOfPage\":{\"@id\":\"https:\/\/soolaladu.ee\/en\/toode\/soogisooda\/#primaryimage\"},\"image\":{\"@id\":\"https:\/\/soolaladu.ee\/en\/toode\/soogisooda\/#primaryimage\"},\"thumbnailUrl\":\"https:\/\/soolaladu.ee\/wp-content\/uploads\/2020\/07\/soda-lombardi-pishhevaya.jpg\",\"datePublished\":\"2020-07-01T07:29:26+00:00\",\"dateModified\":\"2023-09-01T13:21:10+00:00\",\"breadcrumb\":{\"@id\":\"https:\/\/soolaladu.ee\/en\/toode\/soogisooda\/#breadcrumb\"},\"inLanguage\":\"en-US\",\"potentialAction\":[{\"@type\":\"ReadAction\",\"target\":[\"https:\/\/soolaladu.ee\/en\/toode\/soogisooda\/\"]}]},{\"@type\":\"ImageObject\",\"inLanguage\":\"en-US\",\"@id\":\"https:\/\/soolaladu.ee\/en\/toode\/soogisooda\/#primaryimage\",\"url\":\"https:\/\/soolaladu.ee\/wp-content\/uploads\/2020\/07\/soda-lombardi-pishhevaya.jpg\",\"contentUrl\":\"https:\/\/soolaladu.ee\/wp-content\/uploads\/2020\/07\/soda-lombardi-pishhevaya.jpg\",\"width\":1500,\"height\":1500},{\"@type\":\"BreadcrumbList\",\"@id\":\"https:\/\/soolaladu.ee\/en\/toode\/soogisooda\/#breadcrumb\",\"itemListElement\":[{\"@type\":\"ListItem\",\"position\":1,\"name\":\"Home\",\"item\":\"https:\/\/soolaladu.ee\/en\/\"},{\"@type\":\"ListItem\",\"position\":2,\"name\":\"Tooted\",\"item\":\"https:\/\/soolaladu.ee\/tooted\/\"},{\"@type\":\"ListItem\",\"position\":3,\"name\":\"Baking soda\"}]},{\"@type\":\"WebSite\",\"@id\":\"https:\/\/soolaladu.ee\/#website\",\"url\":\"https:\/\/soolaladu.ee\/\",\"name\":\"Andrese Soolaladu\",\"description\":\"Suurim soola tarnija Eestis ja Baltimaades\",\"publisher\":{\"@id\":\"https:\/\/soolaladu.ee\/#organization\"},\"potentialAction\":[{\"@type\":\"SearchAction\",\"target\":{\"@type\":\"EntryPoint\",\"urlTemplate\":\"https:\/\/soolaladu.ee\/?s={search_term_string}\"},\"query-input\":{\"@type\":\"PropertyValueSpecification\",\"valueRequired\":true,\"valueName\":\"search_term_string\"}}],\"inLanguage\":\"en-US\"},{\"@type\":\"Organization\",\"@id\":\"https:\/\/soolaladu.ee\/#organization\",\"name\":\"Andrese Soolaladu O\u00dc\",\"url\":\"https:\/\/soolaladu.ee\/\",\"logo\":{\"@type\":\"ImageObject\",\"inLanguage\":\"en-US\",\"@id\":\"https:\/\/soolaladu.ee\/#\/schema\/logo\/image\/\",\"url\":\"\",\"contentUrl\":\"\",\"caption\":\"Andrese Soolaladu O\u00dc\"},\"image\":{\"@id\":\"https:\/\/soolaladu.ee\/#\/schema\/logo\/image\/\"},\"sameAs\":[\"https:\/\/www.linkedin.com\/in\/andrei-kirejenkov-414930117\/?originalSubdomain=ee\",\"https:\/\/www.youtube.com\/watch?time_continue=68&amp;amp;v=XC3sMbgpKbk&amp;amp;feature=emb_title\"]}]}<\/script>\n<!-- \/ Yoast SEO plugin. -->","yoast_head_json":{"title":"Baking soda &#8211; Andrese Soolaladu","robots":{"index":"index","follow":"follow","max-snippet":"max-snippet:-1","max-image-preview":"max-image-preview:large","max-video-preview":"max-video-preview:-1"},"canonical":"https:\/\/soolaladu.ee\/en\/toode\/soogisooda\/","og_locale":"en_US","og_type":"article","og_title":"Baking soda &#8211; Andrese Soolaladu","og_description":"Tavalisel kujul s\u00f6\u00f6gisooda on hapukalt seebise maitsega peenkristalne valge pulber, mis reageerib hapetega. Meie ettev\u00f5tte poolt pakutav s\u00f6\u00f6gisooda on l\u00e4binud ISO 9001:2008 sertifitseerimise ning vastab HACCP sertifikaadile.","og_url":"https:\/\/soolaladu.ee\/en\/toode\/soogisooda\/","og_site_name":"Andrese Soolaladu","article_modified_time":"2023-09-01T13:21:10+00:00","og_image":[{"width":1500,"height":1500,"url":"https:\/\/soolaladu.ee\/wp-content\/uploads\/2020\/07\/soda-lombardi-pishhevaya.jpg","type":"image\/jpeg"}],"twitter_card":"summary_large_image","twitter_misc":{"Est. reading time":"2 minutes"},"schema":{"@context":"https:\/\/schema.org","@graph":[{"@type":"WebPage","@id":"https:\/\/soolaladu.ee\/en\/toode\/soogisooda\/","url":"https:\/\/soolaladu.ee\/en\/toode\/soogisooda\/","name":"Baking soda &#8211; Andrese Soolaladu","isPartOf":{"@id":"https:\/\/soolaladu.ee\/#website"},"primaryImageOfPage":{"@id":"https:\/\/soolaladu.ee\/en\/toode\/soogisooda\/#primaryimage"},"image":{"@id":"https:\/\/soolaladu.ee\/en\/toode\/soogisooda\/#primaryimage"},"thumbnailUrl":"https:\/\/soolaladu.ee\/wp-content\/uploads\/2020\/07\/soda-lombardi-pishhevaya.jpg","datePublished":"2020-07-01T07:29:26+00:00","dateModified":"2023-09-01T13:21:10+00:00","breadcrumb":{"@id":"https:\/\/soolaladu.ee\/en\/toode\/soogisooda\/#breadcrumb"},"inLanguage":"en-US","potentialAction":[{"@type":"ReadAction","target":["https:\/\/soolaladu.ee\/en\/toode\/soogisooda\/"]}]},{"@type":"ImageObject","inLanguage":"en-US","@id":"https:\/\/soolaladu.ee\/en\/toode\/soogisooda\/#primaryimage","url":"https:\/\/soolaladu.ee\/wp-content\/uploads\/2020\/07\/soda-lombardi-pishhevaya.jpg","contentUrl":"https:\/\/soolaladu.ee\/wp-content\/uploads\/2020\/07\/soda-lombardi-pishhevaya.jpg","width":1500,"height":1500},{"@type":"BreadcrumbList","@id":"https:\/\/soolaladu.ee\/en\/toode\/soogisooda\/#breadcrumb","itemListElement":[{"@type":"ListItem","position":1,"name":"Home","item":"https:\/\/soolaladu.ee\/en\/"},{"@type":"ListItem","position":2,"name":"Tooted","item":"https:\/\/soolaladu.ee\/tooted\/"},{"@type":"ListItem","position":3,"name":"Baking soda"}]},{"@type":"WebSite","@id":"https:\/\/soolaladu.ee\/#website","url":"https:\/\/soolaladu.ee\/","name":"Andrese Soolaladu","description":"Suurim soola tarnija Eestis ja Baltimaades","publisher":{"@id":"https:\/\/soolaladu.ee\/#organization"},"potentialAction":[{"@type":"SearchAction","target":{"@type":"EntryPoint","urlTemplate":"https:\/\/soolaladu.ee\/?s={search_term_string}"},"query-input":{"@type":"PropertyValueSpecification","valueRequired":true,"valueName":"search_term_string"}}],"inLanguage":"en-US"},{"@type":"Organization","@id":"https:\/\/soolaladu.ee\/#organization","name":"Andrese Soolaladu O\u00dc","url":"https:\/\/soolaladu.ee\/","logo":{"@type":"ImageObject","inLanguage":"en-US","@id":"https:\/\/soolaladu.ee\/#\/schema\/logo\/image\/","url":"","contentUrl":"","caption":"Andrese Soolaladu O\u00dc"},"image":{"@id":"https:\/\/soolaladu.ee\/#\/schema\/logo\/image\/"},"sameAs":["https:\/\/www.linkedin.com\/in\/andrei-kirejenkov-414930117\/?originalSubdomain=ee","https:\/\/www.youtube.com\/watch?time_continue=68&amp;amp;v=XC3sMbgpKbk&amp;amp;feature=emb_title"]}]}},"_links":{"self":[{"href":"https:\/\/soolaladu.ee\/en\/wp-json\/wp\/v2\/product\/21152","targetHints":{"allow":["GET"]}}],"collection":[{"href":"https:\/\/soolaladu.ee\/en\/wp-json\/wp\/v2\/product"}],"about":[{"href":"https:\/\/soolaladu.ee\/en\/wp-json\/wp\/v2\/types\/product"}],"wp:featuredmedia":[{"embeddable":true,"href":"https:\/\/soolaladu.ee\/en\/wp-json\/wp\/v2\/media\/22455"}],"wp:attachment":[{"href":"https:\/\/soolaladu.ee\/en\/wp-json\/wp\/v2\/media?parent=21152"}],"wp:term":[{"taxonomy":"product_brand","embeddable":true,"href":"https:\/\/soolaladu.ee\/en\/wp-json\/wp\/v2\/product_brand?post=21152"},{"taxonomy":"product_cat","embeddable":true,"href":"https:\/\/soolaladu.ee\/en\/wp-json\/wp\/v2\/product_cat?post=21152"},{"taxonomy":"product_tag","embeddable":true,"href":"https:\/\/soolaladu.ee\/en\/wp-json\/wp\/v2\/product_tag?post=21152"}],"curies":[{"name":"wp","href":"https:\/\/api.w.org\/{rel}","templated":true}]}}