{"id":20939,"date":"2020-06-16T08:08:51","date_gmt":"2020-06-16T05:08:51","guid":{"rendered":"https:\/\/soolaladu.ee\/?page_id=20939"},"modified":"2021-03-22T10:16:25","modified_gmt":"2021-03-22T08:16:25","slug":"soola-liigid-tootmine","status":"publish","type":"page","link":"https:\/\/soolaladu.ee\/en\/soola-liigid-tootmine\/","title":{"rendered":"Salt types, production"},"content":{"rendered":"<div class=\"fusion-fullwidth fullwidth-box fusion-builder-row-1 nonhundred-percent-fullwidth non-hundred-percent-height-scrolling\" style=\"--awb-border-radius-top-left:0px;--awb-border-radius-top-right:0px;--awb-border-radius-bottom-right:0px;--awb-border-radius-bottom-left:0px;--awb-flex-wrap:wrap;\" ><div class=\"fusion-builder-row fusion-row\"><div class=\"fusion-layout-column fusion_builder_column fusion-builder-column-0 fusion_builder_column_1_1 1_1 fusion-one-full fusion-column-first fusion-column-last\" style=\"--awb-bg-size:cover;\"><div class=\"fusion-column-wrapper fusion-column-has-shadow fusion-flex-column-wrapper-legacy\"><div class=\"fusion-text fusion-text-1\"><h2 class=\"fusion-responsive-typography-calculated\" style=\"--fontsize: 26; line-height: 1.5;\" data-fontsize=\"26\" data-lineheight=\"39px\">Soolat\u00fc\u00fcp<\/h2>\n<p><u>Kivisool<\/u><\/p>\n<p>Mille leiukohad paiknevad m\u00e4gedes, s.t. k\u00f5rgel \u00fcle merepinna, tekkis paleosoikumi ehk vana aegkonna \u00fclem-permi ajastul maailmaookeani soolase vee loomuliku kristalliseerumise tulemusena kuiva ja kuuma kliima tingimustes. T\u00e4nap\u00e4eval toodetakse kivisoola s\u00fcgavates kaevanduses nii kaevandus- kui ka karj\u00e4\u00e4rimeetodil. Spetsiaalsed kombainid raiuvad maa all soola lahti ja siis toimetatakse see transport\u00f6\u00f6ride abil maapinnale. Seej\u00e4rel j\u00f5uab sool spetsiaalsetesse veskitesse, kus ta peenestatakse kuni erineva suurusega osakeste ehk kristallideni. J\u00e4medamat soola kasutatakse valdavalt t\u00f6\u00f6stuslikul otstarbel, peenema jahvatusega sool pakendatakse hulgikaubanduse tarvis ning seda kasutatakse toiduainetet\u00f6\u00f6stuses. Lisaks k\u00f5igele v\u00e4\u00e4rib mainimist, et kivisool on \u00fcks k\u00f5ige odavamatest soolaliikidest.<\/p>\n<p><u>Settesool<\/u><\/p>\n<p>Tekib veekogudes, n\u00e4it. soolaj\u00e4rvedes asetleidva loomuliku aurustumise teel. Settesoola k\u00e4ttesaamiseks kasutatakse spetsiaalseid kombaine, mille abil eemaldatakse \u00e4rakuivanud j\u00e4rvede olemasolev soolakiht, mis saadetakse seej\u00e4rel jahvatamisele, l\u00e4bipesemisele ja kuivatamisele. P\u00e4rast seda toimub soola peenestamine j\u00e4medaks ja peeneks pulbriks. Settesool sisaldab rohkem lisandeid ning naatriumkloriidi massiosa v\u00f5ib ulatuda kuni 95-96%-ni (seep\u00e4rast on ta ka hallika tooniga).<\/p>\n<p>Ka on settesoola tootmine suhteliselt odav.<\/p>\n<p><u>Vaakum &#8211; aurutussool<\/u><\/p>\n<p>Kohtades, kus soolalademed paiknevad v\u00e4ga s\u00fcgaval, toodetakse teda lahustamise meetodil. Soolakihti paigaldatakse toru ning suure survega pumbatakse sinna mage vesi, mis lahustab soola, moodustades lademes t\u00fchimikud. Seej\u00e4rel transporditakse kontsentreeritud soolalahus torujuhtmestiku kaudu maapinnale, kus toimub tema t\u00f6\u00f6tlemine ja v\u00e4ljaaurutamine t\u00fcnnides oleva vaakumi tingimustes kuni puhastatud toote valmimiseni. Aeg-ajalt teostatakse maapinnale toimetatud soolalahuse v\u00e4ljaaurutust ka p\u00e4ikese k\u00e4es lahtistes mahutites. Soolalademetes olev sool on sageli v\u00e4ga puhas ning vajab vaid v\u00e4ga m\u00f5\u00f5dukat t\u00e4iendavat puhastamist. Selle soolaliigi tootmine ei m\u00f5juta praktiliselt \u00fcldse looduskeskkonna terviklikkust. V\u00e4ljaaurutatud sool on k\u00f5ige kallim ning seega ka keemiliselt k\u00f5ige puhtam ja kvaliteetsem.<\/p>\n<p>.<\/p>\n<\/div><div class=\"fusion-clearfix\"><\/div><\/div><\/div><\/div><\/div>\n","protected":false},"excerpt":{"rendered":"","protected":false},"author":4,"featured_media":0,"parent":0,"menu_order":0,"comment_status":"closed","ping_status":"closed","template":"","meta":{"om_disable_all_campaigns":false,"_monsterinsights_skip_tracking":false,"_monsterinsights_sitenote_active":false,"_monsterinsights_sitenote_note":"","_monsterinsights_sitenote_category":0,"footnotes":""},"class_list":["post-20939","page","type-page","status-publish","hentry"],"yoast_head":"<!-- This site is optimized with the Yoast SEO plugin v24.6 - https:\/\/yoast.com\/wordpress\/plugins\/seo\/ -->\n<title>Salt types, production &#8211; Andrese Soolaladu<\/title>\n<meta name=\"robots\" content=\"index, follow, max-snippet:-1, max-image-preview:large, max-video-preview:-1\" \/>\n<link rel=\"canonical\" href=\"https:\/\/soolaladu.ee\/soola-liigid-tootmine\/\" \/>\n<meta property=\"og:locale\" content=\"en_US\" \/>\n<meta property=\"og:type\" content=\"article\" \/>\n<meta property=\"og:title\" content=\"Salt types, production &#8211; Andrese Soolaladu\" \/>\n<meta property=\"og:url\" content=\"https:\/\/soolaladu.ee\/soola-liigid-tootmine\/\" \/>\n<meta property=\"og:site_name\" content=\"Andrese Soolaladu\" \/>\n<meta property=\"article:modified_time\" content=\"2021-03-22T08:16:25+00:00\" \/>\n<meta name=\"twitter:card\" content=\"summary_large_image\" \/>\n<meta name=\"twitter:label1\" content=\"Est. reading time\" \/>\n\t<meta name=\"twitter:data1\" content=\"3 minutes\" \/>\n<script type=\"application\/ld+json\" class=\"yoast-schema-graph\">{\"@context\":\"https:\/\/schema.org\",\"@graph\":[{\"@type\":\"WebPage\",\"@id\":\"https:\/\/soolaladu.ee\/soola-liigid-tootmine\/\",\"url\":\"https:\/\/soolaladu.ee\/soola-liigid-tootmine\/\",\"name\":\"Salt types, production &#8211; Andrese Soolaladu\",\"isPartOf\":{\"@id\":\"https:\/\/soolaladu.ee\/#website\"},\"datePublished\":\"2020-06-16T05:08:51+00:00\",\"dateModified\":\"2021-03-22T08:16:25+00:00\",\"breadcrumb\":{\"@id\":\"https:\/\/soolaladu.ee\/soola-liigid-tootmine\/#breadcrumb\"},\"inLanguage\":\"en-US\",\"potentialAction\":[{\"@type\":\"ReadAction\",\"target\":[\"https:\/\/soolaladu.ee\/soola-liigid-tootmine\/\"]}]},{\"@type\":\"BreadcrumbList\",\"@id\":\"https:\/\/soolaladu.ee\/soola-liigid-tootmine\/#breadcrumb\",\"itemListElement\":[{\"@type\":\"ListItem\",\"position\":1,\"name\":\"Home\",\"item\":\"https:\/\/soolaladu.ee\/en\/\"},{\"@type\":\"ListItem\",\"position\":2,\"name\":\"Salt types, production\"}]},{\"@type\":\"WebSite\",\"@id\":\"https:\/\/soolaladu.ee\/#website\",\"url\":\"https:\/\/soolaladu.ee\/\",\"name\":\"Andrese Soolaladu\",\"description\":\"Suurim soola tarnija Eestis ja Baltimaades\",\"publisher\":{\"@id\":\"https:\/\/soolaladu.ee\/#organization\"},\"potentialAction\":[{\"@type\":\"SearchAction\",\"target\":{\"@type\":\"EntryPoint\",\"urlTemplate\":\"https:\/\/soolaladu.ee\/?s={search_term_string}\"},\"query-input\":{\"@type\":\"PropertyValueSpecification\",\"valueRequired\":true,\"valueName\":\"search_term_string\"}}],\"inLanguage\":\"en-US\"},{\"@type\":\"Organization\",\"@id\":\"https:\/\/soolaladu.ee\/#organization\",\"name\":\"Andrese Soolaladu O\u00dc\",\"url\":\"https:\/\/soolaladu.ee\/\",\"logo\":{\"@type\":\"ImageObject\",\"inLanguage\":\"en-US\",\"@id\":\"https:\/\/soolaladu.ee\/#\/schema\/logo\/image\/\",\"url\":\"\",\"contentUrl\":\"\",\"caption\":\"Andrese Soolaladu O\u00dc\"},\"image\":{\"@id\":\"https:\/\/soolaladu.ee\/#\/schema\/logo\/image\/\"},\"sameAs\":[\"https:\/\/www.linkedin.com\/in\/andrei-kirejenkov-414930117\/?originalSubdomain=ee\",\"https:\/\/www.youtube.com\/watch?time_continue=68&amp;amp;v=XC3sMbgpKbk&amp;amp;feature=emb_title\"]}]}<\/script>\n<!-- \/ Yoast SEO plugin. -->","yoast_head_json":{"title":"Salt types, production &#8211; Andrese Soolaladu","robots":{"index":"index","follow":"follow","max-snippet":"max-snippet:-1","max-image-preview":"max-image-preview:large","max-video-preview":"max-video-preview:-1"},"canonical":"https:\/\/soolaladu.ee\/soola-liigid-tootmine\/","og_locale":"en_US","og_type":"article","og_title":"Salt types, production &#8211; Andrese Soolaladu","og_url":"https:\/\/soolaladu.ee\/soola-liigid-tootmine\/","og_site_name":"Andrese Soolaladu","article_modified_time":"2021-03-22T08:16:25+00:00","twitter_card":"summary_large_image","twitter_misc":{"Est. reading time":"3 minutes"},"schema":{"@context":"https:\/\/schema.org","@graph":[{"@type":"WebPage","@id":"https:\/\/soolaladu.ee\/soola-liigid-tootmine\/","url":"https:\/\/soolaladu.ee\/soola-liigid-tootmine\/","name":"Salt types, production &#8211; Andrese Soolaladu","isPartOf":{"@id":"https:\/\/soolaladu.ee\/#website"},"datePublished":"2020-06-16T05:08:51+00:00","dateModified":"2021-03-22T08:16:25+00:00","breadcrumb":{"@id":"https:\/\/soolaladu.ee\/soola-liigid-tootmine\/#breadcrumb"},"inLanguage":"en-US","potentialAction":[{"@type":"ReadAction","target":["https:\/\/soolaladu.ee\/soola-liigid-tootmine\/"]}]},{"@type":"BreadcrumbList","@id":"https:\/\/soolaladu.ee\/soola-liigid-tootmine\/#breadcrumb","itemListElement":[{"@type":"ListItem","position":1,"name":"Home","item":"https:\/\/soolaladu.ee\/en\/"},{"@type":"ListItem","position":2,"name":"Salt types, production"}]},{"@type":"WebSite","@id":"https:\/\/soolaladu.ee\/#website","url":"https:\/\/soolaladu.ee\/","name":"Andrese Soolaladu","description":"Suurim soola tarnija Eestis ja Baltimaades","publisher":{"@id":"https:\/\/soolaladu.ee\/#organization"},"potentialAction":[{"@type":"SearchAction","target":{"@type":"EntryPoint","urlTemplate":"https:\/\/soolaladu.ee\/?s={search_term_string}"},"query-input":{"@type":"PropertyValueSpecification","valueRequired":true,"valueName":"search_term_string"}}],"inLanguage":"en-US"},{"@type":"Organization","@id":"https:\/\/soolaladu.ee\/#organization","name":"Andrese Soolaladu O\u00dc","url":"https:\/\/soolaladu.ee\/","logo":{"@type":"ImageObject","inLanguage":"en-US","@id":"https:\/\/soolaladu.ee\/#\/schema\/logo\/image\/","url":"","contentUrl":"","caption":"Andrese Soolaladu O\u00dc"},"image":{"@id":"https:\/\/soolaladu.ee\/#\/schema\/logo\/image\/"},"sameAs":["https:\/\/www.linkedin.com\/in\/andrei-kirejenkov-414930117\/?originalSubdomain=ee","https:\/\/www.youtube.com\/watch?time_continue=68&amp;amp;v=XC3sMbgpKbk&amp;amp;feature=emb_title"]}]}},"_links":{"self":[{"href":"https:\/\/soolaladu.ee\/en\/wp-json\/wp\/v2\/pages\/20939","targetHints":{"allow":["GET"]}}],"collection":[{"href":"https:\/\/soolaladu.ee\/en\/wp-json\/wp\/v2\/pages"}],"about":[{"href":"https:\/\/soolaladu.ee\/en\/wp-json\/wp\/v2\/types\/page"}],"author":[{"embeddable":true,"href":"https:\/\/soolaladu.ee\/en\/wp-json\/wp\/v2\/users\/4"}],"replies":[{"embeddable":true,"href":"https:\/\/soolaladu.ee\/en\/wp-json\/wp\/v2\/comments?post=20939"}],"version-history":[{"count":4,"href":"https:\/\/soolaladu.ee\/en\/wp-json\/wp\/v2\/pages\/20939\/revisions"}],"predecessor-version":[{"id":22063,"href":"https:\/\/soolaladu.ee\/en\/wp-json\/wp\/v2\/pages\/20939\/revisions\/22063"}],"wp:attachment":[{"href":"https:\/\/soolaladu.ee\/en\/wp-json\/wp\/v2\/media?parent=20939"}],"curies":[{"name":"wp","href":"https:\/\/api.w.org\/{rel}","templated":true}]}}