{"id":20937,"date":"2020-06-16T08:08:40","date_gmt":"2020-06-16T05:08:40","guid":{"rendered":"https:\/\/soolaladu.ee\/?page_id=20937"},"modified":"2021-03-22T10:16:48","modified_gmt":"2021-03-22T08:16:48","slug":"soola-kaevandamine-meetodid","status":"publish","type":"page","link":"https:\/\/soolaladu.ee\/en\/soola-kaevandamine-meetodid\/","title":{"rendered":"Salt mining, methods"},"content":{"rendered":"<div class=\"fusion-fullwidth fullwidth-box fusion-builder-row-1 nonhundred-percent-fullwidth non-hundred-percent-height-scrolling\" style=\"--awb-border-radius-top-left:0px;--awb-border-radius-top-right:0px;--awb-border-radius-bottom-right:0px;--awb-border-radius-bottom-left:0px;--awb-flex-wrap:wrap;\" ><div class=\"fusion-builder-row fusion-row\"><div class=\"fusion-layout-column fusion_builder_column fusion-builder-column-0 fusion_builder_column_1_1 1_1 fusion-one-full fusion-column-first fusion-column-last\" style=\"--awb-bg-size:cover;\"><div class=\"fusion-column-wrapper fusion-column-has-shadow fusion-flex-column-wrapper-legacy\"><div class=\"fusion-text fusion-text-1\"><h2 class=\"fusion-responsive-typography-calculated\" style=\"--fontsize: 26; line-height: 1.5;\" data-fontsize=\"26\" data-lineheight=\"39px\">Soola tootmise meetodid<\/h2>\n<p>Soola tootmine on \u00fcks iidsematest ja laialt levinumatest tootmistegevustest maailmas. Soola kaevandatakse kas maa-alustest lademetest v\u00f5i merede, j\u00e4rvede ja maa-aluste allikate vetest aurutamise teel.<\/p>\n<p>Soola liike on erinevaid. Sool jaguneb:<\/p>\n<p><strong>P\u00e4ritolu j\u00e4rgi:<\/strong><\/p>\n<ul>\n<li>kivisool<\/li>\n<li>vaakum-aurutussool<\/li>\n<li>settesool<\/li>\n<\/ul>\n<p><strong>Kasutuseesm\u00e4rgi alusel:<\/strong><\/p>\n<ul>\n<li>s\u00f6\u00f6gisool<\/li>\n<li>mitte s\u00f6\u00f6gisool (tehniline sool)<\/li>\n<\/ul>\n<p>Tegemist on \u00fcksnes erinevusega pakendamise osas: toiduainena kasutamiseks ja hulgikaubanduse jaoks m\u00f5eldud sool pakitakse alati kuni 1 kilogrammistesse pol\u00fcet\u00fcleen- \/ papist pakenditesse, harvem on tegemist ka 25-kiloste pakkidega. T\u00f6\u00f6stuslikult kasutatav sool pakendatakse pol\u00fcprop\u00fcleenist v\u00f5i pol\u00fcet\u00fcleenist kottidesse kaaluga 50 v\u00f5i 1000 kg.<\/p>\n<p>Jahvatuse alusel: vahemikus 0 kuni 3.<\/p>\n<p><strong>Keemilise puhtuse (s.t kvaliteedi):<\/strong><\/p>\n<ul>\n<li>Ekstra<\/li>\n<li>K\u00f5rgem sort<\/li>\n<li>Esimene sort<\/li>\n<li>Teine sort<\/li>\n<\/ul>\n<p>Erinevatest leiukohtadest saadava soola f\u00fc\u00fcsikaline ja keemiline koostis on v\u00e4ga erinev ning see s\u00f5ltub tootmisviisist, klimaatilistest tingimustest ja t\u00f6\u00f6tlemise viisist ning iseloomust. Nii n\u00e4iteks erinevad soolad \u00fcksteisest ka soolsuse m\u00f5ttes. K\u00f5ige soolasem on \u201cekstra\u201d sool, kuna temas on v\u00e4hem lisandeid ning ta sisaldab rohkem naatriumkloriidi. Mida madalam on soola sort (ekstra, esimene ja teine sort), seda madalamatoimeline on ka sool ise. Esialgu m\u00f5jutas soolsust just nimelt soola saamisviis.<\/p>\n<\/div><div class=\"fusion-clearfix\"><\/div><\/div><\/div><\/div><\/div>\n","protected":false},"excerpt":{"rendered":"","protected":false},"author":4,"featured_media":0,"parent":0,"menu_order":0,"comment_status":"closed","ping_status":"closed","template":"","meta":{"om_disable_all_campaigns":false,"_monsterinsights_skip_tracking":false,"_monsterinsights_sitenote_active":false,"_monsterinsights_sitenote_note":"","_monsterinsights_sitenote_category":0,"footnotes":""},"class_list":["post-20937","page","type-page","status-publish","hentry"],"yoast_head":"<!-- This site is optimized with the Yoast SEO plugin v24.6 - https:\/\/yoast.com\/wordpress\/plugins\/seo\/ -->\n<title>Salt mining, methods &#8211; Andrese Soolaladu<\/title>\n<meta name=\"robots\" content=\"index, follow, max-snippet:-1, max-image-preview:large, max-video-preview:-1\" \/>\n<link rel=\"canonical\" href=\"https:\/\/soolaladu.ee\/soola-kaevandamine-meetodid\/\" \/>\n<meta property=\"og:locale\" content=\"en_US\" \/>\n<meta property=\"og:type\" content=\"article\" \/>\n<meta property=\"og:title\" content=\"Salt mining, methods &#8211; Andrese Soolaladu\" \/>\n<meta property=\"og:url\" content=\"https:\/\/soolaladu.ee\/soola-kaevandamine-meetodid\/\" \/>\n<meta property=\"og:site_name\" content=\"Andrese Soolaladu\" \/>\n<meta property=\"article:modified_time\" content=\"2021-03-22T08:16:48+00:00\" \/>\n<meta name=\"twitter:card\" content=\"summary_large_image\" \/>\n<meta name=\"twitter:label1\" content=\"Est. reading time\" \/>\n\t<meta name=\"twitter:data1\" content=\"3 minutes\" \/>\n<script type=\"application\/ld+json\" class=\"yoast-schema-graph\">{\"@context\":\"https:\/\/schema.org\",\"@graph\":[{\"@type\":\"WebPage\",\"@id\":\"https:\/\/soolaladu.ee\/soola-kaevandamine-meetodid\/\",\"url\":\"https:\/\/soolaladu.ee\/soola-kaevandamine-meetodid\/\",\"name\":\"Salt mining, methods &#8211; Andrese Soolaladu\",\"isPartOf\":{\"@id\":\"https:\/\/soolaladu.ee\/#website\"},\"datePublished\":\"2020-06-16T05:08:40+00:00\",\"dateModified\":\"2021-03-22T08:16:48+00:00\",\"breadcrumb\":{\"@id\":\"https:\/\/soolaladu.ee\/soola-kaevandamine-meetodid\/#breadcrumb\"},\"inLanguage\":\"en-US\",\"potentialAction\":[{\"@type\":\"ReadAction\",\"target\":[\"https:\/\/soolaladu.ee\/soola-kaevandamine-meetodid\/\"]}]},{\"@type\":\"BreadcrumbList\",\"@id\":\"https:\/\/soolaladu.ee\/soola-kaevandamine-meetodid\/#breadcrumb\",\"itemListElement\":[{\"@type\":\"ListItem\",\"position\":1,\"name\":\"Home\",\"item\":\"https:\/\/soolaladu.ee\/en\/\"},{\"@type\":\"ListItem\",\"position\":2,\"name\":\"Salt mining, methods\"}]},{\"@type\":\"WebSite\",\"@id\":\"https:\/\/soolaladu.ee\/#website\",\"url\":\"https:\/\/soolaladu.ee\/\",\"name\":\"Andrese Soolaladu\",\"description\":\"Suurim soola tarnija Eestis ja Baltimaades\",\"publisher\":{\"@id\":\"https:\/\/soolaladu.ee\/#organization\"},\"potentialAction\":[{\"@type\":\"SearchAction\",\"target\":{\"@type\":\"EntryPoint\",\"urlTemplate\":\"https:\/\/soolaladu.ee\/?s={search_term_string}\"},\"query-input\":{\"@type\":\"PropertyValueSpecification\",\"valueRequired\":true,\"valueName\":\"search_term_string\"}}],\"inLanguage\":\"en-US\"},{\"@type\":\"Organization\",\"@id\":\"https:\/\/soolaladu.ee\/#organization\",\"name\":\"Andrese Soolaladu O\u00dc\",\"url\":\"https:\/\/soolaladu.ee\/\",\"logo\":{\"@type\":\"ImageObject\",\"inLanguage\":\"en-US\",\"@id\":\"https:\/\/soolaladu.ee\/#\/schema\/logo\/image\/\",\"url\":\"\",\"contentUrl\":\"\",\"caption\":\"Andrese Soolaladu O\u00dc\"},\"image\":{\"@id\":\"https:\/\/soolaladu.ee\/#\/schema\/logo\/image\/\"},\"sameAs\":[\"https:\/\/www.linkedin.com\/in\/andrei-kirejenkov-414930117\/?originalSubdomain=ee\",\"https:\/\/www.youtube.com\/watch?time_continue=68&amp;amp;v=XC3sMbgpKbk&amp;amp;feature=emb_title\"]}]}<\/script>\n<!-- \/ Yoast SEO plugin. -->","yoast_head_json":{"title":"Salt mining, methods &#8211; Andrese Soolaladu","robots":{"index":"index","follow":"follow","max-snippet":"max-snippet:-1","max-image-preview":"max-image-preview:large","max-video-preview":"max-video-preview:-1"},"canonical":"https:\/\/soolaladu.ee\/soola-kaevandamine-meetodid\/","og_locale":"en_US","og_type":"article","og_title":"Salt mining, methods &#8211; Andrese Soolaladu","og_url":"https:\/\/soolaladu.ee\/soola-kaevandamine-meetodid\/","og_site_name":"Andrese Soolaladu","article_modified_time":"2021-03-22T08:16:48+00:00","twitter_card":"summary_large_image","twitter_misc":{"Est. reading time":"3 minutes"},"schema":{"@context":"https:\/\/schema.org","@graph":[{"@type":"WebPage","@id":"https:\/\/soolaladu.ee\/soola-kaevandamine-meetodid\/","url":"https:\/\/soolaladu.ee\/soola-kaevandamine-meetodid\/","name":"Salt mining, methods &#8211; Andrese Soolaladu","isPartOf":{"@id":"https:\/\/soolaladu.ee\/#website"},"datePublished":"2020-06-16T05:08:40+00:00","dateModified":"2021-03-22T08:16:48+00:00","breadcrumb":{"@id":"https:\/\/soolaladu.ee\/soola-kaevandamine-meetodid\/#breadcrumb"},"inLanguage":"en-US","potentialAction":[{"@type":"ReadAction","target":["https:\/\/soolaladu.ee\/soola-kaevandamine-meetodid\/"]}]},{"@type":"BreadcrumbList","@id":"https:\/\/soolaladu.ee\/soola-kaevandamine-meetodid\/#breadcrumb","itemListElement":[{"@type":"ListItem","position":1,"name":"Home","item":"https:\/\/soolaladu.ee\/en\/"},{"@type":"ListItem","position":2,"name":"Salt mining, methods"}]},{"@type":"WebSite","@id":"https:\/\/soolaladu.ee\/#website","url":"https:\/\/soolaladu.ee\/","name":"Andrese Soolaladu","description":"Suurim soola tarnija Eestis ja Baltimaades","publisher":{"@id":"https:\/\/soolaladu.ee\/#organization"},"potentialAction":[{"@type":"SearchAction","target":{"@type":"EntryPoint","urlTemplate":"https:\/\/soolaladu.ee\/?s={search_term_string}"},"query-input":{"@type":"PropertyValueSpecification","valueRequired":true,"valueName":"search_term_string"}}],"inLanguage":"en-US"},{"@type":"Organization","@id":"https:\/\/soolaladu.ee\/#organization","name":"Andrese Soolaladu O\u00dc","url":"https:\/\/soolaladu.ee\/","logo":{"@type":"ImageObject","inLanguage":"en-US","@id":"https:\/\/soolaladu.ee\/#\/schema\/logo\/image\/","url":"","contentUrl":"","caption":"Andrese Soolaladu O\u00dc"},"image":{"@id":"https:\/\/soolaladu.ee\/#\/schema\/logo\/image\/"},"sameAs":["https:\/\/www.linkedin.com\/in\/andrei-kirejenkov-414930117\/?originalSubdomain=ee","https:\/\/www.youtube.com\/watch?time_continue=68&amp;amp;v=XC3sMbgpKbk&amp;amp;feature=emb_title"]}]}},"_links":{"self":[{"href":"https:\/\/soolaladu.ee\/en\/wp-json\/wp\/v2\/pages\/20937","targetHints":{"allow":["GET"]}}],"collection":[{"href":"https:\/\/soolaladu.ee\/en\/wp-json\/wp\/v2\/pages"}],"about":[{"href":"https:\/\/soolaladu.ee\/en\/wp-json\/wp\/v2\/types\/page"}],"author":[{"embeddable":true,"href":"https:\/\/soolaladu.ee\/en\/wp-json\/wp\/v2\/users\/4"}],"replies":[{"embeddable":true,"href":"https:\/\/soolaladu.ee\/en\/wp-json\/wp\/v2\/comments?post=20937"}],"version-history":[{"count":5,"href":"https:\/\/soolaladu.ee\/en\/wp-json\/wp\/v2\/pages\/20937\/revisions"}],"predecessor-version":[{"id":22064,"href":"https:\/\/soolaladu.ee\/en\/wp-json\/wp\/v2\/pages\/20937\/revisions\/22064"}],"wp:attachment":[{"href":"https:\/\/soolaladu.ee\/en\/wp-json\/wp\/v2\/media?parent=20937"}],"curies":[{"name":"wp","href":"https:\/\/api.w.org\/{rel}","templated":true}]}}