{"id":20933,"date":"2020-06-16T08:07:45","date_gmt":"2020-06-16T05:07:45","guid":{"rendered":"https:\/\/soolaladu.ee\/?page_id=20933"},"modified":"2021-03-22T10:14:36","modified_gmt":"2021-03-22T08:14:36","slug":"soola-ajalugu","status":"publish","type":"page","link":"https:\/\/soolaladu.ee\/en\/soola-ajalugu\/","title":{"rendered":"History of salt"},"content":{"rendered":"<div class=\"fusion-fullwidth fullwidth-box fusion-builder-row-1 nonhundred-percent-fullwidth non-hundred-percent-height-scrolling\" style=\"--awb-border-radius-top-left:0px;--awb-border-radius-top-right:0px;--awb-border-radius-bottom-right:0px;--awb-border-radius-bottom-left:0px;--awb-flex-wrap:wrap;\" ><div class=\"fusion-builder-row fusion-row\"><div class=\"fusion-layout-column fusion_builder_column fusion-builder-column-0 fusion_builder_column_1_1 1_1 fusion-one-full fusion-column-first fusion-column-last\" style=\"--awb-bg-size:cover;\"><div class=\"fusion-column-wrapper fusion-column-has-shadow fusion-flex-column-wrapper-legacy\"><div class=\"fusion-text fusion-text-1\"><h1 class=\"fusion-responsive-typography-calculated\" style=\"--fontsize: 28; line-height: 1.4;\" data-fontsize=\"28\" data-lineheight=\"39.2px\"><\/h1>\n<h1 class=\"fusion-responsive-typography-calculated\" style=\"--fontsize: 28; line-height: 1.4;\" data-fontsize=\"28\" data-lineheight=\"39.2px\">Soola ajalugu<\/h1>\n<p>Sool ehk naatriumkloriid kujutab endast kristalset mineraali, mida esineb looduses ja mis lahustub vees. Sool on \u00fcks v\u00e4hestest mineraalidest, mida inimene tarvitab s\u00f6\u00f6giks. Sool on k\u00f5ige vanem maitseaine. Juba iidsetest aegadest peale on sool olnud v\u00e4\u00e4rtuslikuks kaubaks. N\u00e4iteks t\u00fcrgi keeles k\u00f5lab sool umbes nagu \u201e\u00c4ss\u201c ning ka tegelikkuses omas ta teiste kaupade ja toodete hulgas \u00e4ssa positsiooni. Naturaalmajanduse tingimustes oli sool ainus asi, mida osteti ja m\u00fc\u00fcdi. Mitte asjata ei asunud meie esivanemad elama soola leiukohtade l\u00e4hedusse.<\/p>\n<p>R\u00f5hutades soola eluliselt t\u00e4htsat funktsiooni, andsid paljus rahvad soolale k\u00f5ige erinevamaid nimetusi nagu n\u00e4iteks &#8220;valge kuld&#8221;, &#8220;ravikristallid&#8221;, &#8220;elu ja surma valitseja&#8221;. Soola kohta on olemas palju vanas\u00f5nu ja k\u00f5nek\u00e4\u00e4nde: &#8220;Ilma soola ja leivata on toit maitsetu, soolata on laud k\u00f5ver&#8221;, &#8220;Leiva soola ja hea s\u00f5naga&#8221;, &#8220;Ilma soola, ilma leivata jutt ei edene&#8221;. Lisaks sellele oli olemas terve rida tavasid ja kombeid, kus sool ei olnud mitte viimasel kohal. Vanasti peeti soola peaaegu et varanduseks ja kohati hinnati teda isegi kullast kallimaks.<\/p>\n<p>L\u00e4his-Idas oli sool vanasti eriti hinnatud ja oluline kaup \u2013 see oli k\u00fclalislahkuse ja s\u00f5pruse s\u00fcmboliks. Kuna soola kasutati konserveerimiseks ja maitseainena, t\u00e4hendas &#8220;leiva ja soola jagamine&#8221; pikaajaliste suhete kestvust.<\/p>\n<p>Vanad kreeklased ja roomlased omistasid soolale kaitseomadusi. Siit on p\u00e4rit ka eelarvamus, et soola mahaajamine toob eba\u00f5nne ning et \u00f5nnetuse ennetamiseks tuleb visata n\u00e4put\u00e4is soola \u00fcle vasaku \u00f5la.<\/p>\n<p>Ka soola kui mineraali raviomadused olid teada juba iidsetel aegadel. Soola kasutati peavalude, vesit\u00f5ve ja nahal\u00f6\u00f6be raviks ning toksilisust v\u00e4hendava vahendina m\u00fcrgituste puhul. Vanad roomlased kasutasid mineraalallikatest saadud soola ainevahetuse normaliseerimiseks ja immuuns\u00fcsteemi tugevdamiseks. Uuemal ajal on soola kasulikke omadusi hakatud arvestama ka kosmeetika tootmisel.<\/p>\n<\/div><div class=\"fusion-clearfix\"><\/div><\/div><\/div><\/div><\/div>\n","protected":false},"excerpt":{"rendered":"","protected":false},"author":4,"featured_media":0,"parent":0,"menu_order":0,"comment_status":"closed","ping_status":"closed","template":"","meta":{"om_disable_all_campaigns":false,"_monsterinsights_skip_tracking":false,"_monsterinsights_sitenote_active":false,"_monsterinsights_sitenote_note":"","_monsterinsights_sitenote_category":0,"footnotes":""},"class_list":["post-20933","page","type-page","status-publish","hentry"],"yoast_head":"<!-- This site is optimized with the Yoast SEO plugin v24.6 - https:\/\/yoast.com\/wordpress\/plugins\/seo\/ -->\n<title>History of salt &#8211; Andrese Soolaladu<\/title>\n<meta name=\"robots\" content=\"index, follow, max-snippet:-1, max-image-preview:large, max-video-preview:-1\" \/>\n<link rel=\"canonical\" href=\"https:\/\/soolaladu.ee\/soola-ajalugu\/\" \/>\n<meta property=\"og:locale\" content=\"en_US\" \/>\n<meta property=\"og:type\" content=\"article\" \/>\n<meta property=\"og:title\" content=\"History of salt &#8211; Andrese Soolaladu\" \/>\n<meta property=\"og:url\" content=\"https:\/\/soolaladu.ee\/soola-ajalugu\/\" \/>\n<meta property=\"og:site_name\" content=\"Andrese Soolaladu\" \/>\n<meta property=\"article:modified_time\" content=\"2021-03-22T08:14:36+00:00\" \/>\n<meta name=\"twitter:card\" content=\"summary_large_image\" \/>\n<meta name=\"twitter:label1\" content=\"Est. reading time\" \/>\n\t<meta name=\"twitter:data1\" content=\"3 minutes\" \/>\n<script type=\"application\/ld+json\" class=\"yoast-schema-graph\">{\"@context\":\"https:\/\/schema.org\",\"@graph\":[{\"@type\":\"WebPage\",\"@id\":\"https:\/\/soolaladu.ee\/soola-ajalugu\/\",\"url\":\"https:\/\/soolaladu.ee\/soola-ajalugu\/\",\"name\":\"History of salt &#8211; Andrese Soolaladu\",\"isPartOf\":{\"@id\":\"https:\/\/soolaladu.ee\/#website\"},\"datePublished\":\"2020-06-16T05:07:45+00:00\",\"dateModified\":\"2021-03-22T08:14:36+00:00\",\"breadcrumb\":{\"@id\":\"https:\/\/soolaladu.ee\/soola-ajalugu\/#breadcrumb\"},\"inLanguage\":\"en-US\",\"potentialAction\":[{\"@type\":\"ReadAction\",\"target\":[\"https:\/\/soolaladu.ee\/soola-ajalugu\/\"]}]},{\"@type\":\"BreadcrumbList\",\"@id\":\"https:\/\/soolaladu.ee\/soola-ajalugu\/#breadcrumb\",\"itemListElement\":[{\"@type\":\"ListItem\",\"position\":1,\"name\":\"Home\",\"item\":\"https:\/\/soolaladu.ee\/en\/\"},{\"@type\":\"ListItem\",\"position\":2,\"name\":\"History of salt\"}]},{\"@type\":\"WebSite\",\"@id\":\"https:\/\/soolaladu.ee\/#website\",\"url\":\"https:\/\/soolaladu.ee\/\",\"name\":\"Andrese Soolaladu\",\"description\":\"Suurim soola tarnija Eestis ja Baltimaades\",\"publisher\":{\"@id\":\"https:\/\/soolaladu.ee\/#organization\"},\"potentialAction\":[{\"@type\":\"SearchAction\",\"target\":{\"@type\":\"EntryPoint\",\"urlTemplate\":\"https:\/\/soolaladu.ee\/?s={search_term_string}\"},\"query-input\":{\"@type\":\"PropertyValueSpecification\",\"valueRequired\":true,\"valueName\":\"search_term_string\"}}],\"inLanguage\":\"en-US\"},{\"@type\":\"Organization\",\"@id\":\"https:\/\/soolaladu.ee\/#organization\",\"name\":\"Andrese Soolaladu O\u00dc\",\"url\":\"https:\/\/soolaladu.ee\/\",\"logo\":{\"@type\":\"ImageObject\",\"inLanguage\":\"en-US\",\"@id\":\"https:\/\/soolaladu.ee\/#\/schema\/logo\/image\/\",\"url\":\"\",\"contentUrl\":\"\",\"caption\":\"Andrese Soolaladu O\u00dc\"},\"image\":{\"@id\":\"https:\/\/soolaladu.ee\/#\/schema\/logo\/image\/\"},\"sameAs\":[\"https:\/\/www.linkedin.com\/in\/andrei-kirejenkov-414930117\/?originalSubdomain=ee\",\"https:\/\/www.youtube.com\/watch?time_continue=68&amp;amp;v=XC3sMbgpKbk&amp;amp;feature=emb_title\"]}]}<\/script>\n<!-- \/ Yoast SEO plugin. -->","yoast_head_json":{"title":"History of salt &#8211; Andrese Soolaladu","robots":{"index":"index","follow":"follow","max-snippet":"max-snippet:-1","max-image-preview":"max-image-preview:large","max-video-preview":"max-video-preview:-1"},"canonical":"https:\/\/soolaladu.ee\/soola-ajalugu\/","og_locale":"en_US","og_type":"article","og_title":"History of salt &#8211; Andrese Soolaladu","og_url":"https:\/\/soolaladu.ee\/soola-ajalugu\/","og_site_name":"Andrese Soolaladu","article_modified_time":"2021-03-22T08:14:36+00:00","twitter_card":"summary_large_image","twitter_misc":{"Est. reading time":"3 minutes"},"schema":{"@context":"https:\/\/schema.org","@graph":[{"@type":"WebPage","@id":"https:\/\/soolaladu.ee\/soola-ajalugu\/","url":"https:\/\/soolaladu.ee\/soola-ajalugu\/","name":"History of salt &#8211; Andrese Soolaladu","isPartOf":{"@id":"https:\/\/soolaladu.ee\/#website"},"datePublished":"2020-06-16T05:07:45+00:00","dateModified":"2021-03-22T08:14:36+00:00","breadcrumb":{"@id":"https:\/\/soolaladu.ee\/soola-ajalugu\/#breadcrumb"},"inLanguage":"en-US","potentialAction":[{"@type":"ReadAction","target":["https:\/\/soolaladu.ee\/soola-ajalugu\/"]}]},{"@type":"BreadcrumbList","@id":"https:\/\/soolaladu.ee\/soola-ajalugu\/#breadcrumb","itemListElement":[{"@type":"ListItem","position":1,"name":"Home","item":"https:\/\/soolaladu.ee\/en\/"},{"@type":"ListItem","position":2,"name":"History of salt"}]},{"@type":"WebSite","@id":"https:\/\/soolaladu.ee\/#website","url":"https:\/\/soolaladu.ee\/","name":"Andrese Soolaladu","description":"Suurim soola tarnija Eestis ja Baltimaades","publisher":{"@id":"https:\/\/soolaladu.ee\/#organization"},"potentialAction":[{"@type":"SearchAction","target":{"@type":"EntryPoint","urlTemplate":"https:\/\/soolaladu.ee\/?s={search_term_string}"},"query-input":{"@type":"PropertyValueSpecification","valueRequired":true,"valueName":"search_term_string"}}],"inLanguage":"en-US"},{"@type":"Organization","@id":"https:\/\/soolaladu.ee\/#organization","name":"Andrese Soolaladu O\u00dc","url":"https:\/\/soolaladu.ee\/","logo":{"@type":"ImageObject","inLanguage":"en-US","@id":"https:\/\/soolaladu.ee\/#\/schema\/logo\/image\/","url":"","contentUrl":"","caption":"Andrese Soolaladu O\u00dc"},"image":{"@id":"https:\/\/soolaladu.ee\/#\/schema\/logo\/image\/"},"sameAs":["https:\/\/www.linkedin.com\/in\/andrei-kirejenkov-414930117\/?originalSubdomain=ee","https:\/\/www.youtube.com\/watch?time_continue=68&amp;amp;v=XC3sMbgpKbk&amp;amp;feature=emb_title"]}]}},"_links":{"self":[{"href":"https:\/\/soolaladu.ee\/en\/wp-json\/wp\/v2\/pages\/20933","targetHints":{"allow":["GET"]}}],"collection":[{"href":"https:\/\/soolaladu.ee\/en\/wp-json\/wp\/v2\/pages"}],"about":[{"href":"https:\/\/soolaladu.ee\/en\/wp-json\/wp\/v2\/types\/page"}],"author":[{"embeddable":true,"href":"https:\/\/soolaladu.ee\/en\/wp-json\/wp\/v2\/users\/4"}],"replies":[{"embeddable":true,"href":"https:\/\/soolaladu.ee\/en\/wp-json\/wp\/v2\/comments?post=20933"}],"version-history":[{"count":4,"href":"https:\/\/soolaladu.ee\/en\/wp-json\/wp\/v2\/pages\/20933\/revisions"}],"predecessor-version":[{"id":22056,"href":"https:\/\/soolaladu.ee\/en\/wp-json\/wp\/v2\/pages\/20933\/revisions\/22056"}],"wp:attachment":[{"href":"https:\/\/soolaladu.ee\/en\/wp-json\/wp\/v2\/media?parent=20933"}],"curies":[{"name":"wp","href":"https:\/\/api.w.org\/{rel}","templated":true}]}}