{"id":20848,"date":"2020-06-12T13:03:26","date_gmt":"2020-06-12T10:03:26","guid":{"rendered":"https:\/\/soolaladu.ee\/leiunurk\/"},"modified":"2020-07-01T09:36:52","modified_gmt":"2020-07-01T06:36:52","slug":"leiunurk","status":"publish","type":"page","link":"https:\/\/soolaladu.ee\/en\/leiunurk\/","title":{"rendered":"Outlet"},"content":{"rendered":"<div class=\"fusion-fullwidth fullwidth-box fusion-builder-row-1 nonhundred-percent-fullwidth non-hundred-percent-height-scrolling\" style=\"--awb-border-radius-top-left:0px;--awb-border-radius-top-right:0px;--awb-border-radius-bottom-right:0px;--awb-border-radius-bottom-left:0px;--awb-flex-wrap:wrap;\" ><div class=\"fusion-builder-row fusion-row\"><div class=\"fusion-layout-column fusion_builder_column fusion-builder-column-0 fusion_builder_column_1_1 1_1 fusion-one-full fusion-column-first fusion-column-last\" style=\"--awb-bg-size:cover;\"><div class=\"fusion-column-wrapper fusion-column-has-shadow fusion-flex-column-wrapper-legacy\"><div class=\"fusion-text fusion-text-1\"><h1 class=\"fusion-responsive-typography-calculated\" data-fontsize=\"28\" data-lineheight=\"39.2px\">Outlet<\/h1>\n<p>Lorem ipsum dolor sit amet, consectetur adipiscing elit. Nam vitae varius ligula, eu consequat elit. Suspendisse sit amet enim auctor nibh consectetur viverra. Sed ultricies fermentum mi, nec vestibulum dolor consectetur vitae. Aenean non sapien commodo, tincidunt nunc in, pharetra nisi. Curabitur porta, nisl vitae placerat mattis, magna lacus placerat ligula, quis lacinia ipsum ex sed velit. Nam ut lorem sed libero aliquam accumsan. Proin molestie posuere lorem, sit amet aliquet diam tincidunt eu. Nullam malesuada finibus orci et bibendum. Sed imperdiet diam vel arcu suscipit, at tempus ipsum congue. Fusce fringilla purus tellus. Nullam convallis volutpat turpis, ut accumsan nibh laoreet eget.<\/p>\n<\/div><div class=\"woocommerce columns-4 \"><ul class=\"products clearfix products-4\">\n<li class=\"product type-product post-21181 status-publish first instock product_cat-food-salt product_cat-salt has-post-thumbnail featured taxable shipping-taxable product-type-simple product-grid-view\">\n\t<div class=\"fusion-product-wrapper\">\n\n<div class=\"fusion-clean-product-image-wrapper \">\n\t<div  class=\"fusion-image-wrapper fusion-image-size-fixed\" aria-haspopup=\"true\">\n\t\t\t\t<img decoding=\"async\" width=\"300\" height=\"300\" src=\"https:\/\/soolaladu.ee\/wp-content\/uploads\/2020\/05\/Nitritsool-300x300.jpg\" class=\"attachment-woocommerce_thumbnail size-woocommerce_thumbnail wp-post-image\" alt=\"\" srcset=\"https:\/\/soolaladu.ee\/wp-content\/uploads\/2020\/05\/Nitritsool-66x66.jpg 66w, https:\/\/soolaladu.ee\/wp-content\/uploads\/2020\/05\/Nitritsool-100x100.jpg 100w, https:\/\/soolaladu.ee\/wp-content\/uploads\/2020\/05\/Nitritsool-150x150.jpg 150w, https:\/\/soolaladu.ee\/wp-content\/uploads\/2020\/05\/Nitritsool-200x200.jpg 200w, https:\/\/soolaladu.ee\/wp-content\/uploads\/2020\/05\/Nitritsool-300x300.jpg 300w, https:\/\/soolaladu.ee\/wp-content\/uploads\/2020\/05\/Nitritsool-400x400.jpg 400w, https:\/\/soolaladu.ee\/wp-content\/uploads\/2020\/05\/Nitritsool-500x500.jpg 500w, https:\/\/soolaladu.ee\/wp-content\/uploads\/2020\/05\/Nitritsool-600x600.jpg 600w, https:\/\/soolaladu.ee\/wp-content\/uploads\/2020\/05\/Nitritsool-768x768.jpg 768w, https:\/\/soolaladu.ee\/wp-content\/uploads\/2020\/05\/Nitritsool-800x800.jpg 800w, https:\/\/soolaladu.ee\/wp-content\/uploads\/2020\/05\/Nitritsool-1024x1024.jpg 1024w, https:\/\/soolaladu.ee\/wp-content\/uploads\/2020\/05\/Nitritsool.jpg 1200w\" sizes=\"(max-width: 300px) 100vw, 300px\" \/><div class=\"fusion-rollover\">\n\t<div class=\"fusion-rollover-content\">\n\n\t\t\t\t\n\t\t\n\t\t\t\t\t\t\t\t\n\t\t\t\t\t\t\t\t\n\t\t\n\t\t\t\t\t\t\t\t\t\t\t\t\t\t\t\n\t\t\t\t\t\t\n\t\t\t\t\t\t\t\t\t\t<div class=\"fusion-product-buttons\">\n\t\t\t\t\t\n<a href=\"https:\/\/soolaladu.ee\/en\/toode\/nitrisool\/\" class=\"show_details_button\" style=\"float:none;max-width:none;text-align:center;\">\n\tDetails<\/a>\n\n\t\t\t\t<\/div>\n\t\t\t\t\t\t\t\t\t<a class=\"fusion-link-wrapper\" href=\"https:\/\/soolaladu.ee\/en\/toode\/nitrisool\/\" aria-label=\"Nitrile salt\"><\/a>\n\t<\/div>\n<\/div>\n<\/div>\n<\/div>\n<div class=\"fusion-product-content\">\n\t<div class=\"product-details\">\n\t\t<div class=\"product-details-container\">\n<h3 class=\"product-title\">\n\t<a href=\"https:\/\/soolaladu.ee\/en\/toode\/nitrisool\/\">\n\t\tNitrile salt\t<\/a>\n<\/h3>\n<div class=\"fusion-price-rating\">\n\n\t\t<\/div>\n\t<\/div>\n<\/div>\n\n\t<\/div> \n\t\t<style type=\"text\/css\">\n\t\t\t\t\t<\/style>\n\t\t\n\n<\/div>\n<\/li>\n<li class=\"product type-product post-21183 status-publish instock product_cat-food-salt product_cat-salt has-post-thumbnail featured taxable shipping-taxable product-type-simple product-grid-view\">\n\t<div class=\"fusion-product-wrapper\">\n\n<div class=\"fusion-clean-product-image-wrapper \">\n\t<div  class=\"fusion-image-wrapper fusion-image-size-fixed\" aria-haspopup=\"true\">\n\t\t\t\t<img decoding=\"async\" width=\"300\" height=\"300\" src=\"https:\/\/soolaladu.ee\/wp-content\/uploads\/2020\/05\/J\u00e4me-s\u00f6\u00f6gisool-300x300.jpg\" class=\"attachment-woocommerce_thumbnail size-woocommerce_thumbnail wp-post-image\" alt=\"\" srcset=\"https:\/\/soolaladu.ee\/wp-content\/uploads\/2020\/05\/J\u00e4me-s\u00f6\u00f6gisool-66x66.jpg 66w, https:\/\/soolaladu.ee\/wp-content\/uploads\/2020\/05\/J\u00e4me-s\u00f6\u00f6gisool-100x100.jpg 100w, https:\/\/soolaladu.ee\/wp-content\/uploads\/2020\/05\/J\u00e4me-s\u00f6\u00f6gisool-150x150.jpg 150w, https:\/\/soolaladu.ee\/wp-content\/uploads\/2020\/05\/J\u00e4me-s\u00f6\u00f6gisool-200x200.jpg 200w, https:\/\/soolaladu.ee\/wp-content\/uploads\/2020\/05\/J\u00e4me-s\u00f6\u00f6gisool-300x300.jpg 300w, https:\/\/soolaladu.ee\/wp-content\/uploads\/2020\/05\/J\u00e4me-s\u00f6\u00f6gisool-400x400.jpg 400w, https:\/\/soolaladu.ee\/wp-content\/uploads\/2020\/05\/J\u00e4me-s\u00f6\u00f6gisool-500x500.jpg 500w, https:\/\/soolaladu.ee\/wp-content\/uploads\/2020\/05\/J\u00e4me-s\u00f6\u00f6gisool-600x600.jpg 600w, https:\/\/soolaladu.ee\/wp-content\/uploads\/2020\/05\/J\u00e4me-s\u00f6\u00f6gisool-768x768.jpg 768w, https:\/\/soolaladu.ee\/wp-content\/uploads\/2020\/05\/J\u00e4me-s\u00f6\u00f6gisool-800x800.jpg 800w, https:\/\/soolaladu.ee\/wp-content\/uploads\/2020\/05\/J\u00e4me-s\u00f6\u00f6gisool-1024x1024.jpg 1024w, https:\/\/soolaladu.ee\/wp-content\/uploads\/2020\/05\/J\u00e4me-s\u00f6\u00f6gisool.jpg 1200w\" sizes=\"(max-width: 300px) 100vw, 300px\" \/><div class=\"fusion-rollover\">\n\t<div class=\"fusion-rollover-content\">\n\n\t\t\t\t\n\t\t\n\t\t\t\t\t\t\t\t\n\t\t\t\t\t\t\t\t\n\t\t\n\t\t\t\t\t\t\t\t\t\t\t\t\t\t\t\n\t\t\t\t\t\t\n\t\t\t\t\t\t\t\t\t\t<div class=\"fusion-product-buttons\">\n\t\t\t\t\t\n<a href=\"https:\/\/soolaladu.ee\/en\/toode\/jame-soogisool\/\" class=\"show_details_button\" style=\"float:none;max-width:none;text-align:center;\">\n\tDetails<\/a>\n\n\t\t\t\t<\/div>\n\t\t\t\t\t\t\t\t\t<a class=\"fusion-link-wrapper\" href=\"https:\/\/soolaladu.ee\/en\/toode\/jame-soogisool\/\" aria-label=\"Rock salt\"><\/a>\n\t<\/div>\n<\/div>\n<\/div>\n<\/div>\n<div class=\"fusion-product-content\">\n\t<div class=\"product-details\">\n\t\t<div class=\"product-details-container\">\n<h3 class=\"product-title\">\n\t<a href=\"https:\/\/soolaladu.ee\/en\/toode\/jame-soogisool\/\">\n\t\tRock salt\t<\/a>\n<\/h3>\n<div class=\"fusion-price-rating\">\n\n\t\t<\/div>\n\t<\/div>\n<\/div>\n\n\t<\/div> \n\t\t<style type=\"text\/css\">\n\t\t\t\t\t<\/style>\n\t\t\n\n<\/div>\n<\/li>\n<li class=\"product type-product post-21184 status-publish instock product_cat-food-salt product_cat-salt has-post-thumbnail featured taxable shipping-taxable product-type-simple product-grid-view\">\n\t<div class=\"fusion-product-wrapper\">\n\n<div class=\"fusion-clean-product-image-wrapper \">\n\t<div  class=\"fusion-image-wrapper fusion-image-size-fixed\" aria-haspopup=\"true\">\n\t\t\t\t<img decoding=\"async\" width=\"300\" height=\"300\" src=\"https:\/\/soolaladu.ee\/wp-content\/uploads\/2020\/05\/Vaakum-meetodil-peen-s\u00f6\u00f6gisool-300x300.jpg\" class=\"attachment-woocommerce_thumbnail size-woocommerce_thumbnail wp-post-image\" alt=\"\" srcset=\"https:\/\/soolaladu.ee\/wp-content\/uploads\/2020\/05\/Vaakum-meetodil-peen-s\u00f6\u00f6gisool-66x66.jpg 66w, https:\/\/soolaladu.ee\/wp-content\/uploads\/2020\/05\/Vaakum-meetodil-peen-s\u00f6\u00f6gisool-100x100.jpg 100w, https:\/\/soolaladu.ee\/wp-content\/uploads\/2020\/05\/Vaakum-meetodil-peen-s\u00f6\u00f6gisool-150x150.jpg 150w, https:\/\/soolaladu.ee\/wp-content\/uploads\/2020\/05\/Vaakum-meetodil-peen-s\u00f6\u00f6gisool-200x200.jpg 200w, https:\/\/soolaladu.ee\/wp-content\/uploads\/2020\/05\/Vaakum-meetodil-peen-s\u00f6\u00f6gisool-300x300.jpg 300w, https:\/\/soolaladu.ee\/wp-content\/uploads\/2020\/05\/Vaakum-meetodil-peen-s\u00f6\u00f6gisool-400x400.jpg 400w, https:\/\/soolaladu.ee\/wp-content\/uploads\/2020\/05\/Vaakum-meetodil-peen-s\u00f6\u00f6gisool-500x500.jpg 500w, https:\/\/soolaladu.ee\/wp-content\/uploads\/2020\/05\/Vaakum-meetodil-peen-s\u00f6\u00f6gisool-600x600.jpg 600w, https:\/\/soolaladu.ee\/wp-content\/uploads\/2020\/05\/Vaakum-meetodil-peen-s\u00f6\u00f6gisool-768x768.jpg 768w, https:\/\/soolaladu.ee\/wp-content\/uploads\/2020\/05\/Vaakum-meetodil-peen-s\u00f6\u00f6gisool-800x800.jpg 800w, https:\/\/soolaladu.ee\/wp-content\/uploads\/2020\/05\/Vaakum-meetodil-peen-s\u00f6\u00f6gisool-1024x1024.jpg 1024w, https:\/\/soolaladu.ee\/wp-content\/uploads\/2020\/05\/Vaakum-meetodil-peen-s\u00f6\u00f6gisool.jpg 1200w\" sizes=\"(max-width: 300px) 100vw, 300px\" \/><div class=\"fusion-rollover\">\n\t<div class=\"fusion-rollover-content\">\n\n\t\t\t\t\n\t\t\n\t\t\t\t\t\t\t\t\n\t\t\t\t\t\t\t\t\n\t\t\n\t\t\t\t\t\t\t\t\t\t\t\t\t\t\t\n\t\t\t\t\t\t\n\t\t\t\t\t\t\t\t\t\t<div class=\"fusion-product-buttons\">\n\t\t\t\t\t\n<a href=\"https:\/\/soolaladu.ee\/en\/toode\/vaakummeetodil-soogisool\/\" class=\"show_details_button\" style=\"float:none;max-width:none;text-align:center;\">\n\tDetails<\/a>\n\n\t\t\t\t<\/div>\n\t\t\t\t\t\t\t\t\t<a class=\"fusion-link-wrapper\" href=\"https:\/\/soolaladu.ee\/en\/toode\/vaakummeetodil-soogisool\/\" aria-label=\"Pure dried vacuum salt\"><\/a>\n\t<\/div>\n<\/div>\n<\/div>\n<\/div>\n<div class=\"fusion-product-content\">\n\t<div class=\"product-details\">\n\t\t<div class=\"product-details-container\">\n<h3 class=\"product-title\">\n\t<a href=\"https:\/\/soolaladu.ee\/en\/toode\/vaakummeetodil-soogisool\/\">\n\t\tPure dried vacuum salt\t<\/a>\n<\/h3>\n<div class=\"fusion-price-rating\">\n\n\t\t<\/div>\n\t<\/div>\n<\/div>\n\n\t<\/div> \n\t\t<style type=\"text\/css\">\n\t\t\t\t\t<\/style>\n\t\t\n\n<\/div>\n<\/li>\n<\/ul>\n<\/div><div class=\"woocommerce columns-4 \"><ul class=\"products clearfix products-4\">\n<li class=\"product type-product post-21181 status-publish first instock product_cat-food-salt product_cat-salt has-post-thumbnail featured taxable shipping-taxable product-type-simple product-grid-view\">\n\t<div class=\"fusion-product-wrapper\">\n\n<div class=\"fusion-clean-product-image-wrapper \">\n\t<div  class=\"fusion-image-wrapper fusion-image-size-fixed\" aria-haspopup=\"true\">\n\t\t\t\t<img decoding=\"async\" width=\"300\" height=\"300\" src=\"https:\/\/soolaladu.ee\/wp-content\/uploads\/2020\/05\/Nitritsool-300x300.jpg\" class=\"attachment-woocommerce_thumbnail size-woocommerce_thumbnail wp-post-image\" alt=\"\" srcset=\"https:\/\/soolaladu.ee\/wp-content\/uploads\/2020\/05\/Nitritsool-66x66.jpg 66w, https:\/\/soolaladu.ee\/wp-content\/uploads\/2020\/05\/Nitritsool-100x100.jpg 100w, https:\/\/soolaladu.ee\/wp-content\/uploads\/2020\/05\/Nitritsool-150x150.jpg 150w, https:\/\/soolaladu.ee\/wp-content\/uploads\/2020\/05\/Nitritsool-200x200.jpg 200w, https:\/\/soolaladu.ee\/wp-content\/uploads\/2020\/05\/Nitritsool-300x300.jpg 300w, https:\/\/soolaladu.ee\/wp-content\/uploads\/2020\/05\/Nitritsool-400x400.jpg 400w, https:\/\/soolaladu.ee\/wp-content\/uploads\/2020\/05\/Nitritsool-500x500.jpg 500w, https:\/\/soolaladu.ee\/wp-content\/uploads\/2020\/05\/Nitritsool-600x600.jpg 600w, https:\/\/soolaladu.ee\/wp-content\/uploads\/2020\/05\/Nitritsool-768x768.jpg 768w, https:\/\/soolaladu.ee\/wp-content\/uploads\/2020\/05\/Nitritsool-800x800.jpg 800w, https:\/\/soolaladu.ee\/wp-content\/uploads\/2020\/05\/Nitritsool-1024x1024.jpg 1024w, https:\/\/soolaladu.ee\/wp-content\/uploads\/2020\/05\/Nitritsool.jpg 1200w\" sizes=\"(max-width: 300px) 100vw, 300px\" \/><div class=\"fusion-rollover\">\n\t<div class=\"fusion-rollover-content\">\n\n\t\t\t\t\n\t\t\n\t\t\t\t\t\t\t\t\n\t\t\t\t\t\t\t\t\n\t\t\n\t\t\t\t\t\t\t\t\t\t\t\t\t\t\t\n\t\t\t\t\t\t\n\t\t\t\t\t\t\t\t\t\t<div class=\"fusion-product-buttons\">\n\t\t\t\t\t\n<a href=\"https:\/\/soolaladu.ee\/en\/toode\/nitrisool\/\" class=\"show_details_button\" style=\"float:none;max-width:none;text-align:center;\">\n\tDetails<\/a>\n\n\t\t\t\t<\/div>\n\t\t\t\t\t\t\t\t\t<a class=\"fusion-link-wrapper\" href=\"https:\/\/soolaladu.ee\/en\/toode\/nitrisool\/\" aria-label=\"Nitrile salt\"><\/a>\n\t<\/div>\n<\/div>\n<\/div>\n<\/div>\n<div class=\"fusion-product-content\">\n\t<div class=\"product-details\">\n\t\t<div class=\"product-details-container\">\n<h3 class=\"product-title\">\n\t<a href=\"https:\/\/soolaladu.ee\/en\/toode\/nitrisool\/\">\n\t\tNitrile salt\t<\/a>\n<\/h3>\n<div class=\"fusion-price-rating\">\n\n\t\t<\/div>\n\t<\/div>\n<\/div>\n\n\t<\/div> \n\t\t<style type=\"text\/css\">\n\t\t\t\t\t<\/style>\n\t\t\n\n<\/div>\n<\/li>\n<li class=\"product type-product post-21183 status-publish instock product_cat-food-salt product_cat-salt has-post-thumbnail featured taxable shipping-taxable product-type-simple product-grid-view\">\n\t<div class=\"fusion-product-wrapper\">\n\n<div class=\"fusion-clean-product-image-wrapper \">\n\t<div  class=\"fusion-image-wrapper fusion-image-size-fixed\" aria-haspopup=\"true\">\n\t\t\t\t<img decoding=\"async\" width=\"300\" height=\"300\" src=\"https:\/\/soolaladu.ee\/wp-content\/uploads\/2020\/05\/J\u00e4me-s\u00f6\u00f6gisool-300x300.jpg\" class=\"attachment-woocommerce_thumbnail size-woocommerce_thumbnail wp-post-image\" alt=\"\" srcset=\"https:\/\/soolaladu.ee\/wp-content\/uploads\/2020\/05\/J\u00e4me-s\u00f6\u00f6gisool-66x66.jpg 66w, https:\/\/soolaladu.ee\/wp-content\/uploads\/2020\/05\/J\u00e4me-s\u00f6\u00f6gisool-100x100.jpg 100w, https:\/\/soolaladu.ee\/wp-content\/uploads\/2020\/05\/J\u00e4me-s\u00f6\u00f6gisool-150x150.jpg 150w, https:\/\/soolaladu.ee\/wp-content\/uploads\/2020\/05\/J\u00e4me-s\u00f6\u00f6gisool-200x200.jpg 200w, https:\/\/soolaladu.ee\/wp-content\/uploads\/2020\/05\/J\u00e4me-s\u00f6\u00f6gisool-300x300.jpg 300w, https:\/\/soolaladu.ee\/wp-content\/uploads\/2020\/05\/J\u00e4me-s\u00f6\u00f6gisool-400x400.jpg 400w, https:\/\/soolaladu.ee\/wp-content\/uploads\/2020\/05\/J\u00e4me-s\u00f6\u00f6gisool-500x500.jpg 500w, https:\/\/soolaladu.ee\/wp-content\/uploads\/2020\/05\/J\u00e4me-s\u00f6\u00f6gisool-600x600.jpg 600w, https:\/\/soolaladu.ee\/wp-content\/uploads\/2020\/05\/J\u00e4me-s\u00f6\u00f6gisool-768x768.jpg 768w, https:\/\/soolaladu.ee\/wp-content\/uploads\/2020\/05\/J\u00e4me-s\u00f6\u00f6gisool-800x800.jpg 800w, https:\/\/soolaladu.ee\/wp-content\/uploads\/2020\/05\/J\u00e4me-s\u00f6\u00f6gisool-1024x1024.jpg 1024w, https:\/\/soolaladu.ee\/wp-content\/uploads\/2020\/05\/J\u00e4me-s\u00f6\u00f6gisool.jpg 1200w\" sizes=\"(max-width: 300px) 100vw, 300px\" \/><div class=\"fusion-rollover\">\n\t<div class=\"fusion-rollover-content\">\n\n\t\t\t\t\n\t\t\n\t\t\t\t\t\t\t\t\n\t\t\t\t\t\t\t\t\n\t\t\n\t\t\t\t\t\t\t\t\t\t\t\t\t\t\t\n\t\t\t\t\t\t\n\t\t\t\t\t\t\t\t\t\t<div class=\"fusion-product-buttons\">\n\t\t\t\t\t\n<a href=\"https:\/\/soolaladu.ee\/en\/toode\/jame-soogisool\/\" class=\"show_details_button\" style=\"float:none;max-width:none;text-align:center;\">\n\tDetails<\/a>\n\n\t\t\t\t<\/div>\n\t\t\t\t\t\t\t\t\t<a class=\"fusion-link-wrapper\" href=\"https:\/\/soolaladu.ee\/en\/toode\/jame-soogisool\/\" aria-label=\"Rock salt\"><\/a>\n\t<\/div>\n<\/div>\n<\/div>\n<\/div>\n<div class=\"fusion-product-content\">\n\t<div class=\"product-details\">\n\t\t<div class=\"product-details-container\">\n<h3 class=\"product-title\">\n\t<a href=\"https:\/\/soolaladu.ee\/en\/toode\/jame-soogisool\/\">\n\t\tRock salt\t<\/a>\n<\/h3>\n<div class=\"fusion-price-rating\">\n\n\t\t<\/div>\n\t<\/div>\n<\/div>\n\n\t<\/div> \n\t\t<style type=\"text\/css\">\n\t\t\t\t\t<\/style>\n\t\t\n\n<\/div>\n<\/li>\n<li class=\"product type-product post-21184 status-publish instock product_cat-food-salt product_cat-salt has-post-thumbnail featured taxable shipping-taxable product-type-simple product-grid-view\">\n\t<div class=\"fusion-product-wrapper\">\n\n<div class=\"fusion-clean-product-image-wrapper \">\n\t<div  class=\"fusion-image-wrapper fusion-image-size-fixed\" aria-haspopup=\"true\">\n\t\t\t\t<img decoding=\"async\" width=\"300\" height=\"300\" src=\"https:\/\/soolaladu.ee\/wp-content\/uploads\/2020\/05\/Vaakum-meetodil-peen-s\u00f6\u00f6gisool-300x300.jpg\" class=\"attachment-woocommerce_thumbnail size-woocommerce_thumbnail wp-post-image\" alt=\"\" srcset=\"https:\/\/soolaladu.ee\/wp-content\/uploads\/2020\/05\/Vaakum-meetodil-peen-s\u00f6\u00f6gisool-66x66.jpg 66w, https:\/\/soolaladu.ee\/wp-content\/uploads\/2020\/05\/Vaakum-meetodil-peen-s\u00f6\u00f6gisool-100x100.jpg 100w, https:\/\/soolaladu.ee\/wp-content\/uploads\/2020\/05\/Vaakum-meetodil-peen-s\u00f6\u00f6gisool-150x150.jpg 150w, https:\/\/soolaladu.ee\/wp-content\/uploads\/2020\/05\/Vaakum-meetodil-peen-s\u00f6\u00f6gisool-200x200.jpg 200w, https:\/\/soolaladu.ee\/wp-content\/uploads\/2020\/05\/Vaakum-meetodil-peen-s\u00f6\u00f6gisool-300x300.jpg 300w, https:\/\/soolaladu.ee\/wp-content\/uploads\/2020\/05\/Vaakum-meetodil-peen-s\u00f6\u00f6gisool-400x400.jpg 400w, https:\/\/soolaladu.ee\/wp-content\/uploads\/2020\/05\/Vaakum-meetodil-peen-s\u00f6\u00f6gisool-500x500.jpg 500w, https:\/\/soolaladu.ee\/wp-content\/uploads\/2020\/05\/Vaakum-meetodil-peen-s\u00f6\u00f6gisool-600x600.jpg 600w, https:\/\/soolaladu.ee\/wp-content\/uploads\/2020\/05\/Vaakum-meetodil-peen-s\u00f6\u00f6gisool-768x768.jpg 768w, https:\/\/soolaladu.ee\/wp-content\/uploads\/2020\/05\/Vaakum-meetodil-peen-s\u00f6\u00f6gisool-800x800.jpg 800w, https:\/\/soolaladu.ee\/wp-content\/uploads\/2020\/05\/Vaakum-meetodil-peen-s\u00f6\u00f6gisool-1024x1024.jpg 1024w, https:\/\/soolaladu.ee\/wp-content\/uploads\/2020\/05\/Vaakum-meetodil-peen-s\u00f6\u00f6gisool.jpg 1200w\" sizes=\"(max-width: 300px) 100vw, 300px\" \/><div class=\"fusion-rollover\">\n\t<div class=\"fusion-rollover-content\">\n\n\t\t\t\t\n\t\t\n\t\t\t\t\t\t\t\t\n\t\t\t\t\t\t\t\t\n\t\t\n\t\t\t\t\t\t\t\t\t\t\t\t\t\t\t\n\t\t\t\t\t\t\n\t\t\t\t\t\t\t\t\t\t<div class=\"fusion-product-buttons\">\n\t\t\t\t\t\n<a href=\"https:\/\/soolaladu.ee\/en\/toode\/vaakummeetodil-soogisool\/\" class=\"show_details_button\" style=\"float:none;max-width:none;text-align:center;\">\n\tDetails<\/a>\n\n\t\t\t\t<\/div>\n\t\t\t\t\t\t\t\t\t<a class=\"fusion-link-wrapper\" href=\"https:\/\/soolaladu.ee\/en\/toode\/vaakummeetodil-soogisool\/\" aria-label=\"Pure dried vacuum salt\"><\/a>\n\t<\/div>\n<\/div>\n<\/div>\n<\/div>\n<div class=\"fusion-product-content\">\n\t<div class=\"product-details\">\n\t\t<div class=\"product-details-container\">\n<h3 class=\"product-title\">\n\t<a href=\"https:\/\/soolaladu.ee\/en\/toode\/vaakummeetodil-soogisool\/\">\n\t\tPure dried vacuum salt\t<\/a>\n<\/h3>\n<div class=\"fusion-price-rating\">\n\n\t\t<\/div>\n\t<\/div>\n<\/div>\n\n\t<\/div> \n\t\t<style type=\"text\/css\">\n\t\t\t\t\t<\/style>\n\t\t\n\n<\/div>\n<\/li>\n<\/ul>\n<\/div><div class=\"fusion-clearfix\"><\/div><\/div><\/div><\/div><\/div>\n","protected":false},"excerpt":{"rendered":"","protected":false},"author":4,"featured_media":0,"parent":0,"menu_order":0,"comment_status":"closed","ping_status":"closed","template":"","meta":{"om_disable_all_campaigns":false,"_monsterinsights_skip_tracking":false,"_monsterinsights_sitenote_active":false,"_monsterinsights_sitenote_note":"","_monsterinsights_sitenote_category":0,"footnotes":""},"class_list":["post-20848","page","type-page","status-publish","hentry"],"yoast_head":"<!-- This site is optimized with the Yoast SEO plugin v24.6 - https:\/\/yoast.com\/wordpress\/plugins\/seo\/ -->\n<title>Outlet &#8211; Andrese Soolaladu<\/title>\n<meta name=\"robots\" content=\"index, follow, max-snippet:-1, max-image-preview:large, max-video-preview:-1\" \/>\n<link rel=\"canonical\" href=\"https:\/\/soolaladu.ee\/leiunurk\/\" \/>\n<meta property=\"og:locale\" content=\"en_US\" \/>\n<meta property=\"og:type\" content=\"article\" \/>\n<meta property=\"og:title\" content=\"Outlet &#8211; Andrese Soolaladu\" \/>\n<meta property=\"og:url\" content=\"https:\/\/soolaladu.ee\/leiunurk\/\" \/>\n<meta property=\"og:site_name\" content=\"Andrese Soolaladu\" \/>\n<meta property=\"article:modified_time\" content=\"2020-07-01T06:36:52+00:00\" \/>\n<meta name=\"twitter:card\" content=\"summary_large_image\" \/>\n<meta name=\"twitter:label1\" content=\"Est. reading time\" \/>\n\t<meta name=\"twitter:data1\" content=\"2 minutes\" \/>\n<script type=\"application\/ld+json\" class=\"yoast-schema-graph\">{\"@context\":\"https:\/\/schema.org\",\"@graph\":[{\"@type\":\"WebPage\",\"@id\":\"https:\/\/soolaladu.ee\/leiunurk\/\",\"url\":\"https:\/\/soolaladu.ee\/leiunurk\/\",\"name\":\"Outlet &#8211; Andrese Soolaladu\",\"isPartOf\":{\"@id\":\"https:\/\/soolaladu.ee\/#website\"},\"datePublished\":\"2020-06-12T10:03:26+00:00\",\"dateModified\":\"2020-07-01T06:36:52+00:00\",\"breadcrumb\":{\"@id\":\"https:\/\/soolaladu.ee\/leiunurk\/#breadcrumb\"},\"inLanguage\":\"en-US\",\"potentialAction\":[{\"@type\":\"ReadAction\",\"target\":[\"https:\/\/soolaladu.ee\/leiunurk\/\"]}]},{\"@type\":\"BreadcrumbList\",\"@id\":\"https:\/\/soolaladu.ee\/leiunurk\/#breadcrumb\",\"itemListElement\":[{\"@type\":\"ListItem\",\"position\":1,\"name\":\"Home\",\"item\":\"https:\/\/soolaladu.ee\/en\/\"},{\"@type\":\"ListItem\",\"position\":2,\"name\":\"Outlet\"}]},{\"@type\":\"WebSite\",\"@id\":\"https:\/\/soolaladu.ee\/#website\",\"url\":\"https:\/\/soolaladu.ee\/\",\"name\":\"Andrese Soolaladu\",\"description\":\"Suurim soola tarnija Eestis ja Baltimaades\",\"publisher\":{\"@id\":\"https:\/\/soolaladu.ee\/#organization\"},\"potentialAction\":[{\"@type\":\"SearchAction\",\"target\":{\"@type\":\"EntryPoint\",\"urlTemplate\":\"https:\/\/soolaladu.ee\/?s={search_term_string}\"},\"query-input\":{\"@type\":\"PropertyValueSpecification\",\"valueRequired\":true,\"valueName\":\"search_term_string\"}}],\"inLanguage\":\"en-US\"},{\"@type\":\"Organization\",\"@id\":\"https:\/\/soolaladu.ee\/#organization\",\"name\":\"Andrese Soolaladu O\u00dc\",\"url\":\"https:\/\/soolaladu.ee\/\",\"logo\":{\"@type\":\"ImageObject\",\"inLanguage\":\"en-US\",\"@id\":\"https:\/\/soolaladu.ee\/#\/schema\/logo\/image\/\",\"url\":\"\",\"contentUrl\":\"\",\"caption\":\"Andrese Soolaladu O\u00dc\"},\"image\":{\"@id\":\"https:\/\/soolaladu.ee\/#\/schema\/logo\/image\/\"},\"sameAs\":[\"https:\/\/www.linkedin.com\/in\/andrei-kirejenkov-414930117\/?originalSubdomain=ee\",\"https:\/\/www.youtube.com\/watch?time_continue=68&amp;amp;v=XC3sMbgpKbk&amp;amp;feature=emb_title\"]}]}<\/script>\n<!-- \/ Yoast SEO plugin. -->","yoast_head_json":{"title":"Outlet &#8211; Andrese Soolaladu","robots":{"index":"index","follow":"follow","max-snippet":"max-snippet:-1","max-image-preview":"max-image-preview:large","max-video-preview":"max-video-preview:-1"},"canonical":"https:\/\/soolaladu.ee\/leiunurk\/","og_locale":"en_US","og_type":"article","og_title":"Outlet &#8211; Andrese Soolaladu","og_url":"https:\/\/soolaladu.ee\/leiunurk\/","og_site_name":"Andrese Soolaladu","article_modified_time":"2020-07-01T06:36:52+00:00","twitter_card":"summary_large_image","twitter_misc":{"Est. reading time":"2 minutes"},"schema":{"@context":"https:\/\/schema.org","@graph":[{"@type":"WebPage","@id":"https:\/\/soolaladu.ee\/leiunurk\/","url":"https:\/\/soolaladu.ee\/leiunurk\/","name":"Outlet &#8211; Andrese Soolaladu","isPartOf":{"@id":"https:\/\/soolaladu.ee\/#website"},"datePublished":"2020-06-12T10:03:26+00:00","dateModified":"2020-07-01T06:36:52+00:00","breadcrumb":{"@id":"https:\/\/soolaladu.ee\/leiunurk\/#breadcrumb"},"inLanguage":"en-US","potentialAction":[{"@type":"ReadAction","target":["https:\/\/soolaladu.ee\/leiunurk\/"]}]},{"@type":"BreadcrumbList","@id":"https:\/\/soolaladu.ee\/leiunurk\/#breadcrumb","itemListElement":[{"@type":"ListItem","position":1,"name":"Home","item":"https:\/\/soolaladu.ee\/en\/"},{"@type":"ListItem","position":2,"name":"Outlet"}]},{"@type":"WebSite","@id":"https:\/\/soolaladu.ee\/#website","url":"https:\/\/soolaladu.ee\/","name":"Andrese Soolaladu","description":"Suurim soola tarnija Eestis ja Baltimaades","publisher":{"@id":"https:\/\/soolaladu.ee\/#organization"},"potentialAction":[{"@type":"SearchAction","target":{"@type":"EntryPoint","urlTemplate":"https:\/\/soolaladu.ee\/?s={search_term_string}"},"query-input":{"@type":"PropertyValueSpecification","valueRequired":true,"valueName":"search_term_string"}}],"inLanguage":"en-US"},{"@type":"Organization","@id":"https:\/\/soolaladu.ee\/#organization","name":"Andrese Soolaladu O\u00dc","url":"https:\/\/soolaladu.ee\/","logo":{"@type":"ImageObject","inLanguage":"en-US","@id":"https:\/\/soolaladu.ee\/#\/schema\/logo\/image\/","url":"","contentUrl":"","caption":"Andrese Soolaladu O\u00dc"},"image":{"@id":"https:\/\/soolaladu.ee\/#\/schema\/logo\/image\/"},"sameAs":["https:\/\/www.linkedin.com\/in\/andrei-kirejenkov-414930117\/?originalSubdomain=ee","https:\/\/www.youtube.com\/watch?time_continue=68&amp;amp;v=XC3sMbgpKbk&amp;amp;feature=emb_title"]}]}},"_links":{"self":[{"href":"https:\/\/soolaladu.ee\/en\/wp-json\/wp\/v2\/pages\/20848","targetHints":{"allow":["GET"]}}],"collection":[{"href":"https:\/\/soolaladu.ee\/en\/wp-json\/wp\/v2\/pages"}],"about":[{"href":"https:\/\/soolaladu.ee\/en\/wp-json\/wp\/v2\/types\/page"}],"author":[{"embeddable":true,"href":"https:\/\/soolaladu.ee\/en\/wp-json\/wp\/v2\/users\/4"}],"replies":[{"embeddable":true,"href":"https:\/\/soolaladu.ee\/en\/wp-json\/wp\/v2\/comments?post=20848"}],"version-history":[{"count":5,"href":"https:\/\/soolaladu.ee\/en\/wp-json\/wp\/v2\/pages\/20848\/revisions"}],"predecessor-version":[{"id":21122,"href":"https:\/\/soolaladu.ee\/en\/wp-json\/wp\/v2\/pages\/20848\/revisions\/21122"}],"wp:attachment":[{"href":"https:\/\/soolaladu.ee\/en\/wp-json\/wp\/v2\/media?parent=20848"}],"curies":[{"name":"wp","href":"https:\/\/api.w.org\/{rel}","templated":true}]}}